{"id":85820,"date":"2025-10-28T16:28:39","date_gmt":"2025-10-28T16:28:39","guid":{"rendered":"https:\/\/mueble4you.com\/productos\/mueble-tv-160cm-marron-y-negro\/"},"modified":"2025-10-29T12:47:03","modified_gmt":"2025-10-29T12:47:03","slug":"mueble-tv-160cm-marron-y-negro","status":"publish","type":"product","link":"https:\/\/mueble4you.com\/fr\/productos\/mueble-tv-160cm-marron-y-negro\/","title":{"rendered":"MEUBLE TV 160CM MARRON ET NOIR."},"content":{"rendered":"<h4 id=\"tw-target-text\" class=\"tw-data-text tw-text-large tw-ta\" dir=\"ltr\" tabindex=\"-1\" role=\"text\" data-placeholder=\"Traducci\u00f3n\" aria-label=\"Texto traducido: MEUBLE TV 160CM MARRON ET NOIR. Ce meuble TV se d\u00e9marque par son design contemporain et son association harmonieuse de couleurs. Fabriqu\u00e9e en bois de manguier massif, sa structure pr\u00e9sente une finition de couleur naturelle qui met en valeur les grains et les textures du bois. Les trois portes d'entr\u00e9e, en noir, contrastent avec la structure, et chacune int\u00e8gre un d\u00e9tail de couleur naturelle qui s'harmonise avec l'ensemble. Ce design offre non seulement une solution fonctionnelle pour ranger des appareils et des accessoires multim\u00e9dias, mais ajoute \u00e9galement une touche de style et de personnalit\u00e9 \u00e0 la pi\u00e8ce. \u25cf Hauteur : 50 cm. \u25cf Longueur : 160 cm. \u25cf Largeur : 40 cm. \u25cf Mat\u00e9riau : Bois de manguier. \u25cf Couleur\u00a0:\u00a0Noir naturel.\" data-ved=\"2ahUKEwi1kICPtsmQAxWX2QIHHaW_CTcQ3ewLegQIFRAV\"><span class=\"Y2IQFc\" lang=\"fr\">Ce meuble TV se d\u00e9marque par son design contemporain et son association harmonieuse de couleurs. <\/span><\/h4>\n<h4 class=\"tw-data-text tw-text-large tw-ta\" dir=\"ltr\" tabindex=\"-1\" role=\"text\" data-placeholder=\"Traducci\u00f3n\" aria-label=\"Texto traducido: MEUBLE TV 160CM MARRON ET NOIR. Ce meuble TV se d\u00e9marque par son design contemporain et son association harmonieuse de couleurs. Fabriqu\u00e9e en bois de manguier massif, sa structure pr\u00e9sente une finition de couleur naturelle qui met en valeur les grains et les textures du bois. Les trois portes d'entr\u00e9e, en noir, contrastent avec la structure, et chacune int\u00e8gre un d\u00e9tail de couleur naturelle qui s'harmonise avec l'ensemble. Ce design offre non seulement une solution fonctionnelle pour ranger des appareils et des accessoires multim\u00e9dias, mais ajoute \u00e9galement une touche de style et de personnalit\u00e9 \u00e0 la pi\u00e8ce. \u25cf Hauteur : 50 cm. \u25cf Longueur : 160 cm. \u25cf Largeur : 40 cm. \u25cf Mat\u00e9riau : Bois de manguier. \u25cf Couleur\u00a0:\u00a0Noir naturel.\" data-ved=\"2ahUKEwi1kICPtsmQAxWX2QIHHaW_CTcQ3ewLegQIFRAV\"><span class=\"Y2IQFc\" lang=\"fr\">Fabriqu\u00e9e en bois de manguier massif, sa structure pr\u00e9sente une finition de couleur naturelle qui met en valeur les grains et les textures du bois. <\/span><\/h4>\n<h4 class=\"tw-data-text tw-text-large tw-ta\" dir=\"ltr\" tabindex=\"-1\" role=\"text\" data-placeholder=\"Traducci\u00f3n\" aria-label=\"Texto traducido: MEUBLE TV 160CM MARRON ET NOIR. Ce meuble TV se d\u00e9marque par son design contemporain et son association harmonieuse de couleurs. Fabriqu\u00e9e en bois de manguier massif, sa structure pr\u00e9sente une finition de couleur naturelle qui met en valeur les grains et les textures du bois. Les trois portes d'entr\u00e9e, en noir, contrastent avec la structure, et chacune int\u00e8gre un d\u00e9tail de couleur naturelle qui s'harmonise avec l'ensemble. Ce design offre non seulement une solution fonctionnelle pour ranger des appareils et des accessoires multim\u00e9dias, mais ajoute \u00e9galement une touche de style et de personnalit\u00e9 \u00e0 la pi\u00e8ce. \u25cf Hauteur : 50 cm. \u25cf Longueur : 160 cm. \u25cf Largeur : 40 cm. \u25cf Mat\u00e9riau : Bois de manguier. \u25cf Couleur\u00a0:\u00a0Noir naturel.\" data-ved=\"2ahUKEwi1kICPtsmQAxWX2QIHHaW_CTcQ3ewLegQIFRAV\"><span class=\"Y2IQFc\" lang=\"fr\">Les trois portes d&rsquo;entr\u00e9e, en noir, contrastent avec la structure, et chacune int\u00e8gre un d\u00e9tail de couleur naturelle qui s&rsquo;harmonise avec l&rsquo;ensemble.<\/span><\/h4>\n<h4 class=\"tw-data-text tw-text-large tw-ta\" dir=\"ltr\" tabindex=\"-1\" role=\"text\" data-placeholder=\"Traducci\u00f3n\" aria-label=\"Texto traducido: MEUBLE TV 160CM MARRON ET NOIR. Ce meuble TV se d\u00e9marque par son design contemporain et son association harmonieuse de couleurs. Fabriqu\u00e9e en bois de manguier massif, sa structure pr\u00e9sente une finition de couleur naturelle qui met en valeur les grains et les textures du bois. Les trois portes d'entr\u00e9e, en noir, contrastent avec la structure, et chacune int\u00e8gre un d\u00e9tail de couleur naturelle qui s'harmonise avec l'ensemble. Ce design offre non seulement une solution fonctionnelle pour ranger des appareils et des accessoires multim\u00e9dias, mais ajoute \u00e9galement une touche de style et de personnalit\u00e9 \u00e0 la pi\u00e8ce. \u25cf Hauteur : 50 cm. \u25cf Longueur : 160 cm. \u25cf Largeur : 40 cm. \u25cf Mat\u00e9riau : Bois de manguier. \u25cf Couleur\u00a0:\u00a0Noir naturel.\" data-ved=\"2ahUKEwi1kICPtsmQAxWX2QIHHaW_CTcQ3ewLegQIFRAV\"><span class=\"Y2IQFc\" lang=\"fr\"> Ce design offre non seulement une solution fonctionnelle pour ranger des appareils et des accessoires multim\u00e9dias, mais ajoute \u00e9galement une touche de style et de personnalit\u00e9 \u00e0 la pi\u00e8ce.<\/span><\/h4>\n<h4 class=\"tw-data-text tw-text-large tw-ta\" dir=\"ltr\" tabindex=\"-1\" role=\"text\" data-placeholder=\"Traducci\u00f3n\" aria-label=\"Texto traducido: MEUBLE TV 160CM MARRON ET NOIR. Ce meuble TV se d\u00e9marque par son design contemporain et son association harmonieuse de couleurs. Fabriqu\u00e9e en bois de manguier massif, sa structure pr\u00e9sente une finition de couleur naturelle qui met en valeur les grains et les textures du bois. Les trois portes d'entr\u00e9e, en noir, contrastent avec la structure, et chacune int\u00e8gre un d\u00e9tail de couleur naturelle qui s'harmonise avec l'ensemble. Ce design offre non seulement une solution fonctionnelle pour ranger des appareils et des accessoires multim\u00e9dias, mais ajoute \u00e9galement une touche de style et de personnalit\u00e9 \u00e0 la pi\u00e8ce. \u25cf Hauteur : 50 cm. \u25cf Longueur : 160 cm. \u25cf Largeur : 40 cm. \u25cf Mat\u00e9riau : Bois de manguier. \u25cf Couleur\u00a0:\u00a0Noir naturel.\" data-ved=\"2ahUKEwi1kICPtsmQAxWX2QIHHaW_CTcQ3ewLegQIFRAV\"><span class=\"Y2IQFc\" lang=\"fr\">\u25cf Hauteur : 50 cm. \u25cf Longueur : 160 cm. \u25cf Largeur : 40 cm. <\/span><\/h4>\n<h4 class=\"tw-data-text tw-text-large tw-ta\" dir=\"ltr\" tabindex=\"-1\" role=\"text\" data-placeholder=\"Traducci\u00f3n\" aria-label=\"Texto traducido: MEUBLE TV 160CM MARRON ET NOIR. Ce meuble TV se d\u00e9marque par son design contemporain et son association harmonieuse de couleurs. Fabriqu\u00e9e en bois de manguier massif, sa structure pr\u00e9sente une finition de couleur naturelle qui met en valeur les grains et les textures du bois. Les trois portes d'entr\u00e9e, en noir, contrastent avec la structure, et chacune int\u00e8gre un d\u00e9tail de couleur naturelle qui s'harmonise avec l'ensemble. Ce design offre non seulement une solution fonctionnelle pour ranger des appareils et des accessoires multim\u00e9dias, mais ajoute \u00e9galement une touche de style et de personnalit\u00e9 \u00e0 la pi\u00e8ce. \u25cf Hauteur : 50 cm. \u25cf Longueur : 160 cm. \u25cf Largeur : 40 cm. \u25cf Mat\u00e9riau : Bois de manguier. \u25cf Couleur\u00a0:\u00a0Noir naturel.\" data-ved=\"2ahUKEwi1kICPtsmQAxWX2QIHHaW_CTcQ3ewLegQIFRAV\"><span class=\"Y2IQFc\" lang=\"fr\">\u25cf Mat\u00e9riau : Bois de manguier.<\/span><\/h4>\n<h4 class=\"tw-data-text tw-text-large tw-ta\" dir=\"ltr\" tabindex=\"-1\" role=\"text\" data-placeholder=\"Traducci\u00f3n\" aria-label=\"Texto traducido: MEUBLE TV 160CM MARRON ET NOIR. Ce meuble TV se d\u00e9marque par son design contemporain et son association harmonieuse de couleurs. Fabriqu\u00e9e en bois de manguier massif, sa structure pr\u00e9sente une finition de couleur naturelle qui met en valeur les grains et les textures du bois. Les trois portes d'entr\u00e9e, en noir, contrastent avec la structure, et chacune int\u00e8gre un d\u00e9tail de couleur naturelle qui s'harmonise avec l'ensemble. Ce design offre non seulement une solution fonctionnelle pour ranger des appareils et des accessoires multim\u00e9dias, mais ajoute \u00e9galement une touche de style et de personnalit\u00e9 \u00e0 la pi\u00e8ce. \u25cf Hauteur : 50 cm. \u25cf Longueur : 160 cm. \u25cf Largeur : 40 cm. \u25cf Mat\u00e9riau : Bois de manguier. \u25cf Couleur\u00a0:\u00a0Noir naturel.\" data-ved=\"2ahUKEwi1kICPtsmQAxWX2QIHHaW_CTcQ3ewLegQIFRAV\"><span class=\"Y2IQFc\" lang=\"fr\">\u25cf Couleur : Noir naturel.<\/span><\/h4>\n","protected":false},"excerpt":{"rendered":"<p>Ce meuble TV se d\u00e9marque par son design contemporain et son association harmonieuse de couleurs. Fabriqu\u00e9e en bois de manguier massif, sa structure pr\u00e9sente une finition de couleur naturelle qui met en valeur les grains et les textures du bois. Les trois portes d&rsquo;entr\u00e9e, en noir, contrastent avec la structure, et chacune int\u00e8gre un d\u00e9tail [&#8230;]\n","protected":false},"featured_media":85796,"template":"","meta":[],"product_brand":[],"product_cat":[204,509],"product_tag":[],"class_list":{"0":"post-85820","1":"product","2":"type-product","3":"status-publish","4":"has-post-thumbnail","6":"product_cat-salon","7":"product_cat-meuble-tv","9":"first","10":"instock","11":"shipping-taxable","12":"product-type-simple"},"yoast_head":"<!-- This site is optimized with the Yoast SEO plugin v27.3 - https:\/\/yoast.com\/product\/yoast-seo-wordpress\/ -->\n<title>MEUBLE TV 160CM MARRON ET NOIR. | mueble4you<\/title>\n<meta name=\"robots\" content=\"index, follow, max-snippet:-1, max-image-preview:large, max-video-preview:-1\" \/>\n<link rel=\"canonical\" href=\"https:\/\/mueble4you.com\/fr\/productos\/mueble-tv-160cm-marron-y-negro\/\" \/>\n<meta property=\"og:locale\" content=\"fr_FR\" \/>\n<meta property=\"og:type\" content=\"article\" \/>\n<meta property=\"og:title\" content=\"MEUBLE TV 160CM MARRON ET NOIR. | mueble4you\" \/>\n<meta property=\"og:description\" content=\"Ce meuble TV se d\u00e9marque par son design contemporain et son association harmonieuse de couleurs. Fabriqu\u00e9e en bois de manguier massif, sa structure pr\u00e9sente une finition de couleur naturelle qui met en valeur les grains et les textures du bois. Les trois portes d&rsquo;entr\u00e9e, en noir, contrastent avec la structure, et chacune int\u00e8gre un d\u00e9tail [...]\" \/>\n<meta property=\"og:url\" content=\"https:\/\/mueble4you.com\/fr\/productos\/mueble-tv-160cm-marron-y-negro\/\" \/>\n<meta property=\"og:site_name\" content=\"mueble4you\" \/>\n<meta property=\"article:modified_time\" content=\"2025-10-29T12:47:03+00:00\" \/>\n<meta property=\"og:image\" content=\"https:\/\/mueble4you.com\/wp-content\/uploads\/2025\/10\/2208_2-Copy.jpg\" \/>\n\t<meta property=\"og:image:width\" content=\"1024\" \/>\n\t<meta property=\"og:image:height\" content=\"456\" \/>\n\t<meta property=\"og:image:type\" content=\"image\/jpeg\" \/>\n<meta name=\"twitter:card\" content=\"summary_large_image\" \/>\n<meta name=\"twitter:label1\" content=\"Dur\u00e9e de lecture estim\u00e9e\" \/>\n\t<meta name=\"twitter:data1\" content=\"1 minute\" \/>\n<script type=\"application\/ld+json\" class=\"yoast-schema-graph\">{\"@context\":\"https:\\\/\\\/schema.org\",\"@graph\":[{\"@type\":\"WebPage\",\"@id\":\"https:\\\/\\\/mueble4you.com\\\/fr\\\/productos\\\/mueble-tv-160cm-marron-y-negro\\\/\",\"url\":\"https:\\\/\\\/mueble4you.com\\\/fr\\\/productos\\\/mueble-tv-160cm-marron-y-negro\\\/\",\"name\":\"MEUBLE TV 160CM MARRON ET NOIR. | mueble4you\",\"isPartOf\":{\"@id\":\"https:\\\/\\\/mueble4you.com\\\/#website\"},\"primaryImageOfPage\":{\"@id\":\"https:\\\/\\\/mueble4you.com\\\/fr\\\/productos\\\/mueble-tv-160cm-marron-y-negro\\\/#primaryimage\"},\"image\":{\"@id\":\"https:\\\/\\\/mueble4you.com\\\/fr\\\/productos\\\/mueble-tv-160cm-marron-y-negro\\\/#primaryimage\"},\"thumbnailUrl\":\"https:\\\/\\\/mueble4you.com\\\/wp-content\\\/uploads\\\/2025\\\/10\\\/2208_2-Copy.jpg\",\"datePublished\":\"2025-10-28T16:28:39+00:00\",\"dateModified\":\"2025-10-29T12:47:03+00:00\",\"breadcrumb\":{\"@id\":\"https:\\\/\\\/mueble4you.com\\\/fr\\\/productos\\\/mueble-tv-160cm-marron-y-negro\\\/#breadcrumb\"},\"inLanguage\":\"fr-FR\",\"potentialAction\":[{\"@type\":\"ReadAction\",\"target\":[\"https:\\\/\\\/mueble4you.com\\\/fr\\\/productos\\\/mueble-tv-160cm-marron-y-negro\\\/\"]}]},{\"@type\":\"ImageObject\",\"inLanguage\":\"fr-FR\",\"@id\":\"https:\\\/\\\/mueble4you.com\\\/fr\\\/productos\\\/mueble-tv-160cm-marron-y-negro\\\/#primaryimage\",\"url\":\"https:\\\/\\\/mueble4you.com\\\/wp-content\\\/uploads\\\/2025\\\/10\\\/2208_2-Copy.jpg\",\"contentUrl\":\"https:\\\/\\\/mueble4you.com\\\/wp-content\\\/uploads\\\/2025\\\/10\\\/2208_2-Copy.jpg\",\"width\":1024,\"height\":456},{\"@type\":\"BreadcrumbList\",\"@id\":\"https:\\\/\\\/mueble4you.com\\\/fr\\\/productos\\\/mueble-tv-160cm-marron-y-negro\\\/#breadcrumb\",\"itemListElement\":[{\"@type\":\"ListItem\",\"position\":1,\"name\":\"Portada\",\"item\":\"https:\\\/\\\/mueble4you.com\\\/fr\\\/\"},{\"@type\":\"ListItem\",\"position\":2,\"name\":\"Productos\",\"item\":\"https:\\\/\\\/mueble4you.com\\\/productos\\\/\"},{\"@type\":\"ListItem\",\"position\":3,\"name\":\"MEUBLE TV 160CM MARRON ET NOIR.\"}]},{\"@type\":\"WebSite\",\"@id\":\"https:\\\/\\\/mueble4you.com\\\/#website\",\"url\":\"https:\\\/\\\/mueble4you.com\\\/\",\"name\":\"mueble4you\",\"description\":\"Meubles \u00e0 Tenerife\",\"potentialAction\":[{\"@type\":\"SearchAction\",\"target\":{\"@type\":\"EntryPoint\",\"urlTemplate\":\"https:\\\/\\\/mueble4you.com\\\/?s={search_term_string}\"},\"query-input\":{\"@type\":\"PropertyValueSpecification\",\"valueRequired\":true,\"valueName\":\"search_term_string\"}}],\"inLanguage\":\"fr-FR\"}]}<\/script>\n<!-- \/ Yoast SEO plugin. -->","yoast_head_json":{"title":"MEUBLE TV 160CM MARRON ET NOIR. | mueble4you","robots":{"index":"index","follow":"follow","max-snippet":"max-snippet:-1","max-image-preview":"max-image-preview:large","max-video-preview":"max-video-preview:-1"},"canonical":"https:\/\/mueble4you.com\/fr\/productos\/mueble-tv-160cm-marron-y-negro\/","og_locale":"fr_FR","og_type":"article","og_title":"MEUBLE TV 160CM MARRON ET NOIR. | mueble4you","og_description":"Ce meuble TV se d\u00e9marque par son design contemporain et son association harmonieuse de couleurs. Fabriqu\u00e9e en bois de manguier massif, sa structure pr\u00e9sente une finition de couleur naturelle qui met en valeur les grains et les textures du bois. Les trois portes d&rsquo;entr\u00e9e, en noir, contrastent avec la structure, et chacune int\u00e8gre un d\u00e9tail [...]","og_url":"https:\/\/mueble4you.com\/fr\/productos\/mueble-tv-160cm-marron-y-negro\/","og_site_name":"mueble4you","article_modified_time":"2025-10-29T12:47:03+00:00","og_image":[{"width":1024,"height":456,"url":"https:\/\/mueble4you.com\/wp-content\/uploads\/2025\/10\/2208_2-Copy.jpg","type":"image\/jpeg"}],"twitter_card":"summary_large_image","twitter_misc":{"Dur\u00e9e de lecture estim\u00e9e":"1 minute"},"schema":{"@context":"https:\/\/schema.org","@graph":[{"@type":"WebPage","@id":"https:\/\/mueble4you.com\/fr\/productos\/mueble-tv-160cm-marron-y-negro\/","url":"https:\/\/mueble4you.com\/fr\/productos\/mueble-tv-160cm-marron-y-negro\/","name":"MEUBLE TV 160CM MARRON ET NOIR. | mueble4you","isPartOf":{"@id":"https:\/\/mueble4you.com\/#website"},"primaryImageOfPage":{"@id":"https:\/\/mueble4you.com\/fr\/productos\/mueble-tv-160cm-marron-y-negro\/#primaryimage"},"image":{"@id":"https:\/\/mueble4you.com\/fr\/productos\/mueble-tv-160cm-marron-y-negro\/#primaryimage"},"thumbnailUrl":"https:\/\/mueble4you.com\/wp-content\/uploads\/2025\/10\/2208_2-Copy.jpg","datePublished":"2025-10-28T16:28:39+00:00","dateModified":"2025-10-29T12:47:03+00:00","breadcrumb":{"@id":"https:\/\/mueble4you.com\/fr\/productos\/mueble-tv-160cm-marron-y-negro\/#breadcrumb"},"inLanguage":"fr-FR","potentialAction":[{"@type":"ReadAction","target":["https:\/\/mueble4you.com\/fr\/productos\/mueble-tv-160cm-marron-y-negro\/"]}]},{"@type":"ImageObject","inLanguage":"fr-FR","@id":"https:\/\/mueble4you.com\/fr\/productos\/mueble-tv-160cm-marron-y-negro\/#primaryimage","url":"https:\/\/mueble4you.com\/wp-content\/uploads\/2025\/10\/2208_2-Copy.jpg","contentUrl":"https:\/\/mueble4you.com\/wp-content\/uploads\/2025\/10\/2208_2-Copy.jpg","width":1024,"height":456},{"@type":"BreadcrumbList","@id":"https:\/\/mueble4you.com\/fr\/productos\/mueble-tv-160cm-marron-y-negro\/#breadcrumb","itemListElement":[{"@type":"ListItem","position":1,"name":"Portada","item":"https:\/\/mueble4you.com\/fr\/"},{"@type":"ListItem","position":2,"name":"Productos","item":"https:\/\/mueble4you.com\/productos\/"},{"@type":"ListItem","position":3,"name":"MEUBLE TV 160CM MARRON ET NOIR."}]},{"@type":"WebSite","@id":"https:\/\/mueble4you.com\/#website","url":"https:\/\/mueble4you.com\/","name":"mueble4you","description":"Meubles \u00e0 Tenerife","potentialAction":[{"@type":"SearchAction","target":{"@type":"EntryPoint","urlTemplate":"https:\/\/mueble4you.com\/?s={search_term_string}"},"query-input":{"@type":"PropertyValueSpecification","valueRequired":true,"valueName":"search_term_string"}}],"inLanguage":"fr-FR"}]}},"_links":{"self":[{"href":"https:\/\/mueble4you.com\/fr\/wp-json\/wp\/v2\/product\/85820","targetHints":{"allow":["GET"]}}],"collection":[{"href":"https:\/\/mueble4you.com\/fr\/wp-json\/wp\/v2\/product"}],"about":[{"href":"https:\/\/mueble4you.com\/fr\/wp-json\/wp\/v2\/types\/product"}],"wp:featuredmedia":[{"embeddable":true,"href":"https:\/\/mueble4you.com\/fr\/wp-json\/wp\/v2\/media\/85796"}],"wp:attachment":[{"href":"https:\/\/mueble4you.com\/fr\/wp-json\/wp\/v2\/media?parent=85820"}],"wp:term":[{"taxonomy":"product_brand","embeddable":true,"href":"https:\/\/mueble4you.com\/fr\/wp-json\/wp\/v2\/product_brand?post=85820"},{"taxonomy":"product_cat","embeddable":true,"href":"https:\/\/mueble4you.com\/fr\/wp-json\/wp\/v2\/product_cat?post=85820"},{"taxonomy":"product_tag","embeddable":true,"href":"https:\/\/mueble4you.com\/fr\/wp-json\/wp\/v2\/product_tag?post=85820"}],"curies":[{"name":"wp","href":"https:\/\/api.w.org\/{rel}","templated":true}]}}