{"id":85759,"date":"2025-10-28T16:16:25","date_gmt":"2025-10-28T16:16:25","guid":{"rendered":"https:\/\/mueble4you.com\/productos\/libreria-90cm-detalles-varios-colores\/"},"modified":"2025-10-29T15:02:30","modified_gmt":"2025-10-29T15:02:30","slug":"libreria-90cm-detalles-varios-colores","status":"publish","type":"product","link":"https:\/\/mueble4you.com\/fr\/productos\/libreria-90cm-detalles-varios-colores\/","title":{"rendered":"BIBLIOTH\u00c8QUE 90CM D\u00c9TAILS DIVERSES COULEURS."},"content":{"rendered":"<p>Biblioth\u00e8que de style ethnique en bois de manguier. Fini dans une \u00e9l\u00e9gante couleur noisette. Une moulure sup\u00e9rieure encadre la structure, le cadre de la fa\u00e7ade, les deux tiroirs et les portes sont orn\u00e9s de petits carreaux de c\u00e9ramique peints \u00e0 la main dans une vari\u00e9t\u00e9 vibrante de couleurs, g\u00e9n\u00e9rant un jeu attrayant de profondeur et de texture, un socle ferme assure la stabilit\u00e9 du design et termine avec \u00e9quilibre cette pi\u00e8ce qui fusionne la fonctionnalit\u00e9 avec un style ethnique.<\/p>\n<p>\u25cf Hauteur : 180 cm.<\/p>\n<p>\u25cf Longueur : 90 cm<\/p>\n<p>\u25cf Largeur : 40 cm.<\/p>\n<p>\u25cf Mat\u00e9riau : Bois de manguier.<\/p>\n<p>\u25cf Couleur : Noisette<\/p>\n","protected":false},"excerpt":{"rendered":"<p>Biblioth\u00e8que de style ethnique en bois de manguier. Fini dans une \u00e9l\u00e9gante couleur noisette. Une moulure sup\u00e9rieure encadre la structure, le cadre de la fa\u00e7ade, les deux tiroirs et les portes sont orn\u00e9s de petits carreaux de c\u00e9ramique peints \u00e0 la main dans une vari\u00e9t\u00e9 vibrante de couleurs, g\u00e9n\u00e9rant un jeu attrayant de profondeur et [&#8230;]\n","protected":false},"featured_media":85735,"template":"","meta":[],"product_brand":[],"product_cat":[532,204],"product_tag":[],"class_list":{"0":"post-85759","1":"product","2":"type-product","3":"status-publish","4":"has-post-thumbnail","6":"product_cat-bibliotheques","7":"product_cat-salon","9":"first","10":"instock","11":"shipping-taxable","12":"product-type-simple"},"yoast_head":"<!-- This site is optimized with the Yoast SEO plugin v27.3 - https:\/\/yoast.com\/product\/yoast-seo-wordpress\/ -->\n<title>BIBLIOTH\u00c8QUE 90CM D\u00c9TAILS DIVERSES COULEURS. | mueble4you<\/title>\n<meta name=\"robots\" content=\"index, follow, max-snippet:-1, max-image-preview:large, max-video-preview:-1\" \/>\n<link rel=\"canonical\" href=\"https:\/\/mueble4you.com\/fr\/productos\/libreria-90cm-detalles-varios-colores\/\" \/>\n<meta property=\"og:locale\" content=\"fr_FR\" \/>\n<meta property=\"og:type\" content=\"article\" \/>\n<meta property=\"og:title\" content=\"BIBLIOTH\u00c8QUE 90CM D\u00c9TAILS DIVERSES COULEURS. | mueble4you\" \/>\n<meta property=\"og:description\" content=\"Biblioth\u00e8que de style ethnique en bois de manguier. Fini dans une \u00e9l\u00e9gante couleur noisette. Une moulure sup\u00e9rieure encadre la structure, le cadre de la fa\u00e7ade, les deux tiroirs et les portes sont orn\u00e9s de petits carreaux de c\u00e9ramique peints \u00e0 la main dans une vari\u00e9t\u00e9 vibrante de couleurs, g\u00e9n\u00e9rant un jeu attrayant de profondeur et [...]\" \/>\n<meta property=\"og:url\" content=\"https:\/\/mueble4you.com\/fr\/productos\/libreria-90cm-detalles-varios-colores\/\" \/>\n<meta property=\"og:site_name\" content=\"mueble4you\" \/>\n<meta property=\"article:modified_time\" content=\"2025-10-29T15:02:30+00:00\" \/>\n<meta property=\"og:image\" content=\"https:\/\/mueble4you.com\/wp-content\/uploads\/2025\/10\/2178_2-Copy.jpg\" \/>\n\t<meta property=\"og:image:width\" content=\"443\" \/>\n\t<meta property=\"og:image:height\" content=\"768\" \/>\n\t<meta property=\"og:image:type\" content=\"image\/jpeg\" \/>\n<meta name=\"twitter:card\" content=\"summary_large_image\" \/>\n<meta name=\"twitter:label1\" content=\"Dur\u00e9e de lecture estim\u00e9e\" \/>\n\t<meta name=\"twitter:data1\" content=\"1 minute\" \/>\n<script type=\"application\/ld+json\" class=\"yoast-schema-graph\">{\"@context\":\"https:\\\/\\\/schema.org\",\"@graph\":[{\"@type\":\"WebPage\",\"@id\":\"https:\\\/\\\/mueble4you.com\\\/fr\\\/productos\\\/libreria-90cm-detalles-varios-colores\\\/\",\"url\":\"https:\\\/\\\/mueble4you.com\\\/fr\\\/productos\\\/libreria-90cm-detalles-varios-colores\\\/\",\"name\":\"BIBLIOTH\u00c8QUE 90CM D\u00c9TAILS DIVERSES COULEURS. | mueble4you\",\"isPartOf\":{\"@id\":\"https:\\\/\\\/mueble4you.com\\\/#website\"},\"primaryImageOfPage\":{\"@id\":\"https:\\\/\\\/mueble4you.com\\\/fr\\\/productos\\\/libreria-90cm-detalles-varios-colores\\\/#primaryimage\"},\"image\":{\"@id\":\"https:\\\/\\\/mueble4you.com\\\/fr\\\/productos\\\/libreria-90cm-detalles-varios-colores\\\/#primaryimage\"},\"thumbnailUrl\":\"https:\\\/\\\/mueble4you.com\\\/wp-content\\\/uploads\\\/2025\\\/10\\\/2178_2-Copy.jpg\",\"datePublished\":\"2025-10-28T16:16:25+00:00\",\"dateModified\":\"2025-10-29T15:02:30+00:00\",\"breadcrumb\":{\"@id\":\"https:\\\/\\\/mueble4you.com\\\/fr\\\/productos\\\/libreria-90cm-detalles-varios-colores\\\/#breadcrumb\"},\"inLanguage\":\"fr-FR\",\"potentialAction\":[{\"@type\":\"ReadAction\",\"target\":[\"https:\\\/\\\/mueble4you.com\\\/fr\\\/productos\\\/libreria-90cm-detalles-varios-colores\\\/\"]}]},{\"@type\":\"ImageObject\",\"inLanguage\":\"fr-FR\",\"@id\":\"https:\\\/\\\/mueble4you.com\\\/fr\\\/productos\\\/libreria-90cm-detalles-varios-colores\\\/#primaryimage\",\"url\":\"https:\\\/\\\/mueble4you.com\\\/wp-content\\\/uploads\\\/2025\\\/10\\\/2178_2-Copy.jpg\",\"contentUrl\":\"https:\\\/\\\/mueble4you.com\\\/wp-content\\\/uploads\\\/2025\\\/10\\\/2178_2-Copy.jpg\",\"width\":443,\"height\":768},{\"@type\":\"BreadcrumbList\",\"@id\":\"https:\\\/\\\/mueble4you.com\\\/fr\\\/productos\\\/libreria-90cm-detalles-varios-colores\\\/#breadcrumb\",\"itemListElement\":[{\"@type\":\"ListItem\",\"position\":1,\"name\":\"Portada\",\"item\":\"https:\\\/\\\/mueble4you.com\\\/fr\\\/\"},{\"@type\":\"ListItem\",\"position\":2,\"name\":\"Productos\",\"item\":\"https:\\\/\\\/mueble4you.com\\\/productos\\\/\"},{\"@type\":\"ListItem\",\"position\":3,\"name\":\"BIBLIOTH\u00c8QUE 90CM D\u00c9TAILS DIVERSES COULEURS.\"}]},{\"@type\":\"WebSite\",\"@id\":\"https:\\\/\\\/mueble4you.com\\\/#website\",\"url\":\"https:\\\/\\\/mueble4you.com\\\/\",\"name\":\"mueble4you\",\"description\":\"Meubles \u00e0 Tenerife\",\"potentialAction\":[{\"@type\":\"SearchAction\",\"target\":{\"@type\":\"EntryPoint\",\"urlTemplate\":\"https:\\\/\\\/mueble4you.com\\\/?s={search_term_string}\"},\"query-input\":{\"@type\":\"PropertyValueSpecification\",\"valueRequired\":true,\"valueName\":\"search_term_string\"}}],\"inLanguage\":\"fr-FR\"}]}<\/script>\n<!-- \/ Yoast SEO plugin. -->","yoast_head_json":{"title":"BIBLIOTH\u00c8QUE 90CM D\u00c9TAILS DIVERSES COULEURS. | mueble4you","robots":{"index":"index","follow":"follow","max-snippet":"max-snippet:-1","max-image-preview":"max-image-preview:large","max-video-preview":"max-video-preview:-1"},"canonical":"https:\/\/mueble4you.com\/fr\/productos\/libreria-90cm-detalles-varios-colores\/","og_locale":"fr_FR","og_type":"article","og_title":"BIBLIOTH\u00c8QUE 90CM D\u00c9TAILS DIVERSES COULEURS. | mueble4you","og_description":"Biblioth\u00e8que de style ethnique en bois de manguier. Fini dans une \u00e9l\u00e9gante couleur noisette. Une moulure sup\u00e9rieure encadre la structure, le cadre de la fa\u00e7ade, les deux tiroirs et les portes sont orn\u00e9s de petits carreaux de c\u00e9ramique peints \u00e0 la main dans une vari\u00e9t\u00e9 vibrante de couleurs, g\u00e9n\u00e9rant un jeu attrayant de profondeur et [...]","og_url":"https:\/\/mueble4you.com\/fr\/productos\/libreria-90cm-detalles-varios-colores\/","og_site_name":"mueble4you","article_modified_time":"2025-10-29T15:02:30+00:00","og_image":[{"width":443,"height":768,"url":"https:\/\/mueble4you.com\/wp-content\/uploads\/2025\/10\/2178_2-Copy.jpg","type":"image\/jpeg"}],"twitter_card":"summary_large_image","twitter_misc":{"Dur\u00e9e de lecture estim\u00e9e":"1 minute"},"schema":{"@context":"https:\/\/schema.org","@graph":[{"@type":"WebPage","@id":"https:\/\/mueble4you.com\/fr\/productos\/libreria-90cm-detalles-varios-colores\/","url":"https:\/\/mueble4you.com\/fr\/productos\/libreria-90cm-detalles-varios-colores\/","name":"BIBLIOTH\u00c8QUE 90CM D\u00c9TAILS DIVERSES COULEURS. | mueble4you","isPartOf":{"@id":"https:\/\/mueble4you.com\/#website"},"primaryImageOfPage":{"@id":"https:\/\/mueble4you.com\/fr\/productos\/libreria-90cm-detalles-varios-colores\/#primaryimage"},"image":{"@id":"https:\/\/mueble4you.com\/fr\/productos\/libreria-90cm-detalles-varios-colores\/#primaryimage"},"thumbnailUrl":"https:\/\/mueble4you.com\/wp-content\/uploads\/2025\/10\/2178_2-Copy.jpg","datePublished":"2025-10-28T16:16:25+00:00","dateModified":"2025-10-29T15:02:30+00:00","breadcrumb":{"@id":"https:\/\/mueble4you.com\/fr\/productos\/libreria-90cm-detalles-varios-colores\/#breadcrumb"},"inLanguage":"fr-FR","potentialAction":[{"@type":"ReadAction","target":["https:\/\/mueble4you.com\/fr\/productos\/libreria-90cm-detalles-varios-colores\/"]}]},{"@type":"ImageObject","inLanguage":"fr-FR","@id":"https:\/\/mueble4you.com\/fr\/productos\/libreria-90cm-detalles-varios-colores\/#primaryimage","url":"https:\/\/mueble4you.com\/wp-content\/uploads\/2025\/10\/2178_2-Copy.jpg","contentUrl":"https:\/\/mueble4you.com\/wp-content\/uploads\/2025\/10\/2178_2-Copy.jpg","width":443,"height":768},{"@type":"BreadcrumbList","@id":"https:\/\/mueble4you.com\/fr\/productos\/libreria-90cm-detalles-varios-colores\/#breadcrumb","itemListElement":[{"@type":"ListItem","position":1,"name":"Portada","item":"https:\/\/mueble4you.com\/fr\/"},{"@type":"ListItem","position":2,"name":"Productos","item":"https:\/\/mueble4you.com\/productos\/"},{"@type":"ListItem","position":3,"name":"BIBLIOTH\u00c8QUE 90CM D\u00c9TAILS DIVERSES COULEURS."}]},{"@type":"WebSite","@id":"https:\/\/mueble4you.com\/#website","url":"https:\/\/mueble4you.com\/","name":"mueble4you","description":"Meubles \u00e0 Tenerife","potentialAction":[{"@type":"SearchAction","target":{"@type":"EntryPoint","urlTemplate":"https:\/\/mueble4you.com\/?s={search_term_string}"},"query-input":{"@type":"PropertyValueSpecification","valueRequired":true,"valueName":"search_term_string"}}],"inLanguage":"fr-FR"}]}},"_links":{"self":[{"href":"https:\/\/mueble4you.com\/fr\/wp-json\/wp\/v2\/product\/85759","targetHints":{"allow":["GET"]}}],"collection":[{"href":"https:\/\/mueble4you.com\/fr\/wp-json\/wp\/v2\/product"}],"about":[{"href":"https:\/\/mueble4you.com\/fr\/wp-json\/wp\/v2\/types\/product"}],"wp:featuredmedia":[{"embeddable":true,"href":"https:\/\/mueble4you.com\/fr\/wp-json\/wp\/v2\/media\/85735"}],"wp:attachment":[{"href":"https:\/\/mueble4you.com\/fr\/wp-json\/wp\/v2\/media?parent=85759"}],"wp:term":[{"taxonomy":"product_brand","embeddable":true,"href":"https:\/\/mueble4you.com\/fr\/wp-json\/wp\/v2\/product_brand?post=85759"},{"taxonomy":"product_cat","embeddable":true,"href":"https:\/\/mueble4you.com\/fr\/wp-json\/wp\/v2\/product_cat?post=85759"},{"taxonomy":"product_tag","embeddable":true,"href":"https:\/\/mueble4you.com\/fr\/wp-json\/wp\/v2\/product_tag?post=85759"}],"curies":[{"name":"wp","href":"https:\/\/api.w.org\/{rel}","templated":true}]}}