{"id":85729,"date":"2025-10-28T16:07:15","date_gmt":"2025-10-28T16:07:15","guid":{"rendered":"https:\/\/mueble4you.com\/productos\/vitrina-madera-2-p-labrada-90cm\/"},"modified":"2025-10-29T15:17:36","modified_gmt":"2025-10-29T15:17:36","slug":"vitrina-madera-2-p-labrada-90cm","status":"publish","type":"product","link":"https:\/\/mueble4you.com\/fr\/productos\/vitrina-madera-2-p-labrada-90cm\/","title":{"rendered":"VITRINE EN BOIS 2 P. SCULPT\u00c9 90CM."},"content":{"rendered":"<p>Buffet haut en bois de manguier, peint dans une \u00e9l\u00e9gante couleur noisette. Son design se distingue par ses imposantes portes en bois, orn\u00e9es de figures de mandala sculpt\u00e9es, qui cr\u00e9ent un beau contraste en noir, apportant un air artistique et sophistiqu\u00e9. \u00c0 l&rsquo;int\u00e9rieur, il dispose d&rsquo;\u00e9tag\u00e8res spacieuses qui permettent d&rsquo;organiser divers objets. Sa structure repose sur des pieds tourn\u00e9s, qui rehaussent son \u00e9l\u00e9gance, et se terminent par une subtile pi\u00e8ce m\u00e9tallique. Une pi\u00e8ce unique qui fusionne savoir-faire et design<\/p>\n<p>\u25cf Hauteur : 150 cm.<\/p>\n<p>\u25cf Longueur : 90 cm.<\/p>\n<p>\u25cf Largeur : 43 cm.<\/p>\n<p>\u25cf Mat\u00e9riau : Bois de manguier.<\/p>\n<p>\u25cf Couleur : Noisette.<\/p>\n","protected":false},"excerpt":{"rendered":"<p>Buffet haut en bois de manguier, peint dans une \u00e9l\u00e9gante couleur noisette. Son design se distingue par ses imposantes portes en bois, orn\u00e9es de figures de mandala sculpt\u00e9es, qui cr\u00e9ent un beau contraste en noir, apportant un air artistique et sophistiqu\u00e9. \u00c0 l&rsquo;int\u00e9rieur, il dispose d&rsquo;\u00e9tag\u00e8res spacieuses qui permettent d&rsquo;organiser divers objets. Sa structure repose [&#8230;]\n","protected":false},"featured_media":85705,"template":"","meta":[],"product_brand":[],"product_cat":[499,204,504],"product_tag":[],"class_list":{"0":"post-85729","1":"product","2":"type-product","3":"status-publish","4":"has-post-thumbnail","6":"product_cat-buffets","7":"product_cat-salon","8":"product_cat-vitrines","10":"first","11":"instock","12":"shipping-taxable","13":"product-type-simple"},"yoast_head":"<!-- This site is optimized with the Yoast SEO plugin v27.2 - https:\/\/yoast.com\/product\/yoast-seo-wordpress\/ -->\n<title>VITRINE EN BOIS 2 P. SCULPT\u00c9 90CM. | mueble4you<\/title>\n<meta name=\"robots\" content=\"index, follow, max-snippet:-1, max-image-preview:large, max-video-preview:-1\" \/>\n<link rel=\"canonical\" href=\"https:\/\/mueble4you.com\/fr\/productos\/vitrina-madera-2-p-labrada-90cm\/\" \/>\n<meta property=\"og:locale\" content=\"fr_FR\" \/>\n<meta property=\"og:type\" content=\"article\" \/>\n<meta property=\"og:title\" content=\"VITRINE EN BOIS 2 P. SCULPT\u00c9 90CM. | mueble4you\" \/>\n<meta property=\"og:description\" content=\"Buffet haut en bois de manguier, peint dans une \u00e9l\u00e9gante couleur noisette. Son design se distingue par ses imposantes portes en bois, orn\u00e9es de figures de mandala sculpt\u00e9es, qui cr\u00e9ent un beau contraste en noir, apportant un air artistique et sophistiqu\u00e9. \u00c0 l&rsquo;int\u00e9rieur, il dispose d&rsquo;\u00e9tag\u00e8res spacieuses qui permettent d&rsquo;organiser divers objets. Sa structure repose [...]\" \/>\n<meta property=\"og:url\" content=\"https:\/\/mueble4you.com\/fr\/productos\/vitrina-madera-2-p-labrada-90cm\/\" \/>\n<meta property=\"og:site_name\" content=\"mueble4you\" \/>\n<meta property=\"article:modified_time\" content=\"2025-10-29T15:17:36+00:00\" \/>\n<meta property=\"og:image\" content=\"https:\/\/mueble4you.com\/wp-content\/uploads\/2025\/10\/2133_2.jpg\" \/>\n\t<meta property=\"og:image:width\" content=\"545\" \/>\n\t<meta property=\"og:image:height\" content=\"768\" \/>\n\t<meta property=\"og:image:type\" content=\"image\/jpeg\" \/>\n<meta name=\"twitter:card\" content=\"summary_large_image\" \/>\n<meta name=\"twitter:label1\" content=\"Dur\u00e9e de lecture estim\u00e9e\" \/>\n\t<meta name=\"twitter:data1\" content=\"1 minute\" \/>\n<script type=\"application\/ld+json\" class=\"yoast-schema-graph\">{\"@context\":\"https:\/\/schema.org\",\"@graph\":[{\"@type\":\"WebPage\",\"@id\":\"https:\/\/mueble4you.com\/fr\/productos\/vitrina-madera-2-p-labrada-90cm\/\",\"url\":\"https:\/\/mueble4you.com\/fr\/productos\/vitrina-madera-2-p-labrada-90cm\/\",\"name\":\"VITRINE EN BOIS 2 P. SCULPT\u00c9 90CM. | mueble4you\",\"isPartOf\":{\"@id\":\"https:\/\/mueble4you.com\/#website\"},\"primaryImageOfPage\":{\"@id\":\"https:\/\/mueble4you.com\/fr\/productos\/vitrina-madera-2-p-labrada-90cm\/#primaryimage\"},\"image\":{\"@id\":\"https:\/\/mueble4you.com\/fr\/productos\/vitrina-madera-2-p-labrada-90cm\/#primaryimage\"},\"thumbnailUrl\":\"https:\/\/mueble4you.com\/wp-content\/uploads\/2025\/10\/2133_2.jpg\",\"datePublished\":\"2025-10-28T16:07:15+00:00\",\"dateModified\":\"2025-10-29T15:17:36+00:00\",\"breadcrumb\":{\"@id\":\"https:\/\/mueble4you.com\/fr\/productos\/vitrina-madera-2-p-labrada-90cm\/#breadcrumb\"},\"inLanguage\":\"fr-FR\",\"potentialAction\":[{\"@type\":\"ReadAction\",\"target\":[\"https:\/\/mueble4you.com\/fr\/productos\/vitrina-madera-2-p-labrada-90cm\/\"]}]},{\"@type\":\"ImageObject\",\"inLanguage\":\"fr-FR\",\"@id\":\"https:\/\/mueble4you.com\/fr\/productos\/vitrina-madera-2-p-labrada-90cm\/#primaryimage\",\"url\":\"https:\/\/mueble4you.com\/wp-content\/uploads\/2025\/10\/2133_2.jpg\",\"contentUrl\":\"https:\/\/mueble4you.com\/wp-content\/uploads\/2025\/10\/2133_2.jpg\",\"width\":545,\"height\":768},{\"@type\":\"BreadcrumbList\",\"@id\":\"https:\/\/mueble4you.com\/fr\/productos\/vitrina-madera-2-p-labrada-90cm\/#breadcrumb\",\"itemListElement\":[{\"@type\":\"ListItem\",\"position\":1,\"name\":\"Portada\",\"item\":\"https:\/\/mueble4you.com\/fr\/\"},{\"@type\":\"ListItem\",\"position\":2,\"name\":\"Productos\",\"item\":\"https:\/\/mueble4you.com\/productos\/\"},{\"@type\":\"ListItem\",\"position\":3,\"name\":\"VITRINE EN BOIS 2 P. SCULPT\u00c9 90CM.\"}]},{\"@type\":\"WebSite\",\"@id\":\"https:\/\/mueble4you.com\/#website\",\"url\":\"https:\/\/mueble4you.com\/\",\"name\":\"mueble4you\",\"description\":\"Meubles \u00e0 Tenerife\",\"potentialAction\":[{\"@type\":\"SearchAction\",\"target\":{\"@type\":\"EntryPoint\",\"urlTemplate\":\"https:\/\/mueble4you.com\/?s={search_term_string}\"},\"query-input\":{\"@type\":\"PropertyValueSpecification\",\"valueRequired\":true,\"valueName\":\"search_term_string\"}}],\"inLanguage\":\"fr-FR\"}]}<\/script>\n<!-- \/ Yoast SEO plugin. -->","yoast_head_json":{"title":"VITRINE EN BOIS 2 P. SCULPT\u00c9 90CM. | mueble4you","robots":{"index":"index","follow":"follow","max-snippet":"max-snippet:-1","max-image-preview":"max-image-preview:large","max-video-preview":"max-video-preview:-1"},"canonical":"https:\/\/mueble4you.com\/fr\/productos\/vitrina-madera-2-p-labrada-90cm\/","og_locale":"fr_FR","og_type":"article","og_title":"VITRINE EN BOIS 2 P. SCULPT\u00c9 90CM. | mueble4you","og_description":"Buffet haut en bois de manguier, peint dans une \u00e9l\u00e9gante couleur noisette. Son design se distingue par ses imposantes portes en bois, orn\u00e9es de figures de mandala sculpt\u00e9es, qui cr\u00e9ent un beau contraste en noir, apportant un air artistique et sophistiqu\u00e9. \u00c0 l&rsquo;int\u00e9rieur, il dispose d&rsquo;\u00e9tag\u00e8res spacieuses qui permettent d&rsquo;organiser divers objets. Sa structure repose [...]","og_url":"https:\/\/mueble4you.com\/fr\/productos\/vitrina-madera-2-p-labrada-90cm\/","og_site_name":"mueble4you","article_modified_time":"2025-10-29T15:17:36+00:00","og_image":[{"width":545,"height":768,"url":"https:\/\/mueble4you.com\/wp-content\/uploads\/2025\/10\/2133_2.jpg","type":"image\/jpeg"}],"twitter_card":"summary_large_image","twitter_misc":{"Dur\u00e9e de lecture estim\u00e9e":"1 minute"},"schema":{"@context":"https:\/\/schema.org","@graph":[{"@type":"WebPage","@id":"https:\/\/mueble4you.com\/fr\/productos\/vitrina-madera-2-p-labrada-90cm\/","url":"https:\/\/mueble4you.com\/fr\/productos\/vitrina-madera-2-p-labrada-90cm\/","name":"VITRINE EN BOIS 2 P. SCULPT\u00c9 90CM. | mueble4you","isPartOf":{"@id":"https:\/\/mueble4you.com\/#website"},"primaryImageOfPage":{"@id":"https:\/\/mueble4you.com\/fr\/productos\/vitrina-madera-2-p-labrada-90cm\/#primaryimage"},"image":{"@id":"https:\/\/mueble4you.com\/fr\/productos\/vitrina-madera-2-p-labrada-90cm\/#primaryimage"},"thumbnailUrl":"https:\/\/mueble4you.com\/wp-content\/uploads\/2025\/10\/2133_2.jpg","datePublished":"2025-10-28T16:07:15+00:00","dateModified":"2025-10-29T15:17:36+00:00","breadcrumb":{"@id":"https:\/\/mueble4you.com\/fr\/productos\/vitrina-madera-2-p-labrada-90cm\/#breadcrumb"},"inLanguage":"fr-FR","potentialAction":[{"@type":"ReadAction","target":["https:\/\/mueble4you.com\/fr\/productos\/vitrina-madera-2-p-labrada-90cm\/"]}]},{"@type":"ImageObject","inLanguage":"fr-FR","@id":"https:\/\/mueble4you.com\/fr\/productos\/vitrina-madera-2-p-labrada-90cm\/#primaryimage","url":"https:\/\/mueble4you.com\/wp-content\/uploads\/2025\/10\/2133_2.jpg","contentUrl":"https:\/\/mueble4you.com\/wp-content\/uploads\/2025\/10\/2133_2.jpg","width":545,"height":768},{"@type":"BreadcrumbList","@id":"https:\/\/mueble4you.com\/fr\/productos\/vitrina-madera-2-p-labrada-90cm\/#breadcrumb","itemListElement":[{"@type":"ListItem","position":1,"name":"Portada","item":"https:\/\/mueble4you.com\/fr\/"},{"@type":"ListItem","position":2,"name":"Productos","item":"https:\/\/mueble4you.com\/productos\/"},{"@type":"ListItem","position":3,"name":"VITRINE EN BOIS 2 P. SCULPT\u00c9 90CM."}]},{"@type":"WebSite","@id":"https:\/\/mueble4you.com\/#website","url":"https:\/\/mueble4you.com\/","name":"mueble4you","description":"Meubles \u00e0 Tenerife","potentialAction":[{"@type":"SearchAction","target":{"@type":"EntryPoint","urlTemplate":"https:\/\/mueble4you.com\/?s={search_term_string}"},"query-input":{"@type":"PropertyValueSpecification","valueRequired":true,"valueName":"search_term_string"}}],"inLanguage":"fr-FR"}]}},"_links":{"self":[{"href":"https:\/\/mueble4you.com\/fr\/wp-json\/wp\/v2\/product\/85729","targetHints":{"allow":["GET"]}}],"collection":[{"href":"https:\/\/mueble4you.com\/fr\/wp-json\/wp\/v2\/product"}],"about":[{"href":"https:\/\/mueble4you.com\/fr\/wp-json\/wp\/v2\/types\/product"}],"wp:featuredmedia":[{"embeddable":true,"href":"https:\/\/mueble4you.com\/fr\/wp-json\/wp\/v2\/media\/85705"}],"wp:attachment":[{"href":"https:\/\/mueble4you.com\/fr\/wp-json\/wp\/v2\/media?parent=85729"}],"wp:term":[{"taxonomy":"product_brand","embeddable":true,"href":"https:\/\/mueble4you.com\/fr\/wp-json\/wp\/v2\/product_brand?post=85729"},{"taxonomy":"product_cat","embeddable":true,"href":"https:\/\/mueble4you.com\/fr\/wp-json\/wp\/v2\/product_cat?post=85729"},{"taxonomy":"product_tag","embeddable":true,"href":"https:\/\/mueble4you.com\/fr\/wp-json\/wp\/v2\/product_tag?post=85729"}],"curies":[{"name":"wp","href":"https:\/\/api.w.org\/{rel}","templated":true}]}}