{"id":85699,"date":"2025-10-28T14:12:26","date_gmt":"2025-10-28T14:12:26","guid":{"rendered":"https:\/\/mueble4you.com\/productos\/mesa-comedor-220cm\/"},"modified":"2025-10-29T15:25:29","modified_gmt":"2025-10-29T15:25:29","slug":"mesa-comedor-220cm","status":"publish","type":"product","link":"https:\/\/mueble4you.com\/fr\/productos\/mesa-comedor-220cm\/","title":{"rendered":"TABLE \u00c0 MANGER 220CM."},"content":{"rendered":"<p>Avec un design sophistiqu\u00e9 et des mat\u00e9riaux de haute qualit\u00e9. Son plateau rectangulaire aux coins l\u00e9g\u00e8rement arrondis est en bois naturel avec un motif parquet \u00e0 chevrons, offrant une finition \u00e9l\u00e9gante et distinctive qui met en valeur le grain du bois. Le contour est encadr\u00e9 d\u2019un liser\u00e9 sombre qui ajoute du contraste visuel et affine l\u2019ensemble. La structure de support est en fer noir, avec un design en \u00ab X \u00bb stylis\u00e9 qui apporte une grande stabilit\u00e9 et une touche contemporaine et industrielle \u00e0 l&rsquo;espace.<\/p>\n<p>\u25cf Hauteur : 78 cm.<\/p>\n<p>\u25cf Longueur : 220 cm.<\/p>\n<p>\u25cf Largeur : 100 cm.<\/p>\n<p>\u25cf Mat\u00e9riel : Bois et fer.<\/p>\n<p>\u25cf Couleur : Naturel-noir.<\/p>\n<pre id=\"tw-target-text\" class=\"tw-data-text tw-text-large tw-ta\" dir=\"ltr\" tabindex=\"-1\" role=\"text\" data-placeholder=\"Traducci\u00f3n\" aria-label=\"Texto traducido: TABLE \u00c0 MANGER 220CM.\r\nAvec un design sophistiqu\u00e9 et des mat\u00e9riaux de haute qualit\u00e9. Son plateau rectangulaire aux coins l\u00e9g\u00e8rement arrondis est en bois naturel avec un motif parquet \u00e0 chevrons, offrant une finition \u00e9l\u00e9gante et distinctive qui met en valeur le grain du bois. Le contour est encadr\u00e9 d\u2019un liser\u00e9 sombre qui ajoute du contraste visuel et affine l\u2019ensemble. La structure de support est en fer noir, avec un design en \u00ab X \u00bb stylis\u00e9 qui apporte une grande stabilit\u00e9 et une touche contemporaine et industrielle \u00e0 l'espace.\r\n\r\n\u25cf Hauteur : 78 cm.\r\n\r\n\u25cf Longueur : 220 cm.\r\n\r\n\u25cf Largeur : 100 cm.\r\n\r\n\u25cf Mat\u00e9riel : Bois et fer.\r\n\r\n\u25cf Couleur\u00a0:\u00a0Naturel-noir.\" data-ved=\"2ahUKEwi1kICPtsmQAxWX2QIHHaW_CTcQ3ewLegQIFRAV\"><span class=\"Y2IQFc\" lang=\"fr\">\r\n\r\n<\/span><\/pre>\n","protected":false},"excerpt":{"rendered":"<p>Avec un design sophistiqu\u00e9 et des mat\u00e9riaux de haute qualit\u00e9. Son plateau rectangulaire aux coins l\u00e9g\u00e8rement arrondis est en bois naturel avec un motif parquet \u00e0 chevrons, offrant une finition \u00e9l\u00e9gante et distinctive qui met en valeur le grain du bois. Le contour est encadr\u00e9 d\u2019un liser\u00e9 sombre qui ajoute du contraste visuel et affine [&#8230;]\n","protected":false},"featured_media":85680,"template":"","meta":[],"product_brand":[],"product_cat":[199,348],"product_tag":[],"class_list":{"0":"post-85699","1":"product","2":"type-product","3":"status-publish","4":"has-post-thumbnail","6":"product_cat-eaters","7":"product_cat-tables","9":"first","10":"instock","11":"shipping-taxable","12":"product-type-simple"},"yoast_head":"<!-- This site is optimized with the Yoast SEO plugin v27.3 - https:\/\/yoast.com\/product\/yoast-seo-wordpress\/ -->\n<title>TABLE \u00c0 MANGER 220CM. | mueble4you<\/title>\n<meta name=\"robots\" content=\"index, follow, max-snippet:-1, max-image-preview:large, max-video-preview:-1\" \/>\n<link rel=\"canonical\" href=\"https:\/\/mueble4you.com\/fr\/productos\/mesa-comedor-220cm\/\" \/>\n<meta property=\"og:locale\" content=\"fr_FR\" \/>\n<meta property=\"og:type\" content=\"article\" \/>\n<meta property=\"og:title\" content=\"TABLE \u00c0 MANGER 220CM. | mueble4you\" \/>\n<meta property=\"og:description\" content=\"Avec un design sophistiqu\u00e9 et des mat\u00e9riaux de haute qualit\u00e9. Son plateau rectangulaire aux coins l\u00e9g\u00e8rement arrondis est en bois naturel avec un motif parquet \u00e0 chevrons, offrant une finition \u00e9l\u00e9gante et distinctive qui met en valeur le grain du bois. Le contour est encadr\u00e9 d\u2019un liser\u00e9 sombre qui ajoute du contraste visuel et affine [...]\" \/>\n<meta property=\"og:url\" content=\"https:\/\/mueble4you.com\/fr\/productos\/mesa-comedor-220cm\/\" \/>\n<meta property=\"og:site_name\" content=\"mueble4you\" \/>\n<meta property=\"article:modified_time\" content=\"2025-10-29T15:25:29+00:00\" \/>\n<meta property=\"og:image\" content=\"https:\/\/mueble4you.com\/wp-content\/uploads\/2025\/10\/2121_3-Copy.jpg\" \/>\n\t<meta property=\"og:image:width\" content=\"1024\" \/>\n\t<meta property=\"og:image:height\" content=\"639\" \/>\n\t<meta property=\"og:image:type\" content=\"image\/jpeg\" \/>\n<meta name=\"twitter:card\" content=\"summary_large_image\" \/>\n<meta name=\"twitter:label1\" content=\"Dur\u00e9e de lecture estim\u00e9e\" \/>\n\t<meta name=\"twitter:data1\" content=\"1 minute\" \/>\n<script type=\"application\/ld+json\" class=\"yoast-schema-graph\">{\"@context\":\"https:\\\/\\\/schema.org\",\"@graph\":[{\"@type\":\"WebPage\",\"@id\":\"https:\\\/\\\/mueble4you.com\\\/fr\\\/productos\\\/mesa-comedor-220cm\\\/\",\"url\":\"https:\\\/\\\/mueble4you.com\\\/fr\\\/productos\\\/mesa-comedor-220cm\\\/\",\"name\":\"TABLE \u00c0 MANGER 220CM. | mueble4you\",\"isPartOf\":{\"@id\":\"https:\\\/\\\/mueble4you.com\\\/#website\"},\"primaryImageOfPage\":{\"@id\":\"https:\\\/\\\/mueble4you.com\\\/fr\\\/productos\\\/mesa-comedor-220cm\\\/#primaryimage\"},\"image\":{\"@id\":\"https:\\\/\\\/mueble4you.com\\\/fr\\\/productos\\\/mesa-comedor-220cm\\\/#primaryimage\"},\"thumbnailUrl\":\"https:\\\/\\\/mueble4you.com\\\/wp-content\\\/uploads\\\/2025\\\/10\\\/2121_3-Copy.jpg\",\"datePublished\":\"2025-10-28T14:12:26+00:00\",\"dateModified\":\"2025-10-29T15:25:29+00:00\",\"breadcrumb\":{\"@id\":\"https:\\\/\\\/mueble4you.com\\\/fr\\\/productos\\\/mesa-comedor-220cm\\\/#breadcrumb\"},\"inLanguage\":\"fr-FR\",\"potentialAction\":[{\"@type\":\"ReadAction\",\"target\":[\"https:\\\/\\\/mueble4you.com\\\/fr\\\/productos\\\/mesa-comedor-220cm\\\/\"]}]},{\"@type\":\"ImageObject\",\"inLanguage\":\"fr-FR\",\"@id\":\"https:\\\/\\\/mueble4you.com\\\/fr\\\/productos\\\/mesa-comedor-220cm\\\/#primaryimage\",\"url\":\"https:\\\/\\\/mueble4you.com\\\/wp-content\\\/uploads\\\/2025\\\/10\\\/2121_3-Copy.jpg\",\"contentUrl\":\"https:\\\/\\\/mueble4you.com\\\/wp-content\\\/uploads\\\/2025\\\/10\\\/2121_3-Copy.jpg\",\"width\":1024,\"height\":639},{\"@type\":\"BreadcrumbList\",\"@id\":\"https:\\\/\\\/mueble4you.com\\\/fr\\\/productos\\\/mesa-comedor-220cm\\\/#breadcrumb\",\"itemListElement\":[{\"@type\":\"ListItem\",\"position\":1,\"name\":\"Portada\",\"item\":\"https:\\\/\\\/mueble4you.com\\\/fr\\\/\"},{\"@type\":\"ListItem\",\"position\":2,\"name\":\"Productos\",\"item\":\"https:\\\/\\\/mueble4you.com\\\/productos\\\/\"},{\"@type\":\"ListItem\",\"position\":3,\"name\":\"TABLE \u00c0 MANGER 220CM.\"}]},{\"@type\":\"WebSite\",\"@id\":\"https:\\\/\\\/mueble4you.com\\\/#website\",\"url\":\"https:\\\/\\\/mueble4you.com\\\/\",\"name\":\"mueble4you\",\"description\":\"Meubles \u00e0 Tenerife\",\"potentialAction\":[{\"@type\":\"SearchAction\",\"target\":{\"@type\":\"EntryPoint\",\"urlTemplate\":\"https:\\\/\\\/mueble4you.com\\\/?s={search_term_string}\"},\"query-input\":{\"@type\":\"PropertyValueSpecification\",\"valueRequired\":true,\"valueName\":\"search_term_string\"}}],\"inLanguage\":\"fr-FR\"}]}<\/script>\n<!-- \/ Yoast SEO plugin. -->","yoast_head_json":{"title":"TABLE \u00c0 MANGER 220CM. | mueble4you","robots":{"index":"index","follow":"follow","max-snippet":"max-snippet:-1","max-image-preview":"max-image-preview:large","max-video-preview":"max-video-preview:-1"},"canonical":"https:\/\/mueble4you.com\/fr\/productos\/mesa-comedor-220cm\/","og_locale":"fr_FR","og_type":"article","og_title":"TABLE \u00c0 MANGER 220CM. | mueble4you","og_description":"Avec un design sophistiqu\u00e9 et des mat\u00e9riaux de haute qualit\u00e9. Son plateau rectangulaire aux coins l\u00e9g\u00e8rement arrondis est en bois naturel avec un motif parquet \u00e0 chevrons, offrant une finition \u00e9l\u00e9gante et distinctive qui met en valeur le grain du bois. Le contour est encadr\u00e9 d\u2019un liser\u00e9 sombre qui ajoute du contraste visuel et affine [...]","og_url":"https:\/\/mueble4you.com\/fr\/productos\/mesa-comedor-220cm\/","og_site_name":"mueble4you","article_modified_time":"2025-10-29T15:25:29+00:00","og_image":[{"width":1024,"height":639,"url":"https:\/\/mueble4you.com\/wp-content\/uploads\/2025\/10\/2121_3-Copy.jpg","type":"image\/jpeg"}],"twitter_card":"summary_large_image","twitter_misc":{"Dur\u00e9e de lecture estim\u00e9e":"1 minute"},"schema":{"@context":"https:\/\/schema.org","@graph":[{"@type":"WebPage","@id":"https:\/\/mueble4you.com\/fr\/productos\/mesa-comedor-220cm\/","url":"https:\/\/mueble4you.com\/fr\/productos\/mesa-comedor-220cm\/","name":"TABLE \u00c0 MANGER 220CM. | mueble4you","isPartOf":{"@id":"https:\/\/mueble4you.com\/#website"},"primaryImageOfPage":{"@id":"https:\/\/mueble4you.com\/fr\/productos\/mesa-comedor-220cm\/#primaryimage"},"image":{"@id":"https:\/\/mueble4you.com\/fr\/productos\/mesa-comedor-220cm\/#primaryimage"},"thumbnailUrl":"https:\/\/mueble4you.com\/wp-content\/uploads\/2025\/10\/2121_3-Copy.jpg","datePublished":"2025-10-28T14:12:26+00:00","dateModified":"2025-10-29T15:25:29+00:00","breadcrumb":{"@id":"https:\/\/mueble4you.com\/fr\/productos\/mesa-comedor-220cm\/#breadcrumb"},"inLanguage":"fr-FR","potentialAction":[{"@type":"ReadAction","target":["https:\/\/mueble4you.com\/fr\/productos\/mesa-comedor-220cm\/"]}]},{"@type":"ImageObject","inLanguage":"fr-FR","@id":"https:\/\/mueble4you.com\/fr\/productos\/mesa-comedor-220cm\/#primaryimage","url":"https:\/\/mueble4you.com\/wp-content\/uploads\/2025\/10\/2121_3-Copy.jpg","contentUrl":"https:\/\/mueble4you.com\/wp-content\/uploads\/2025\/10\/2121_3-Copy.jpg","width":1024,"height":639},{"@type":"BreadcrumbList","@id":"https:\/\/mueble4you.com\/fr\/productos\/mesa-comedor-220cm\/#breadcrumb","itemListElement":[{"@type":"ListItem","position":1,"name":"Portada","item":"https:\/\/mueble4you.com\/fr\/"},{"@type":"ListItem","position":2,"name":"Productos","item":"https:\/\/mueble4you.com\/productos\/"},{"@type":"ListItem","position":3,"name":"TABLE \u00c0 MANGER 220CM."}]},{"@type":"WebSite","@id":"https:\/\/mueble4you.com\/#website","url":"https:\/\/mueble4you.com\/","name":"mueble4you","description":"Meubles \u00e0 Tenerife","potentialAction":[{"@type":"SearchAction","target":{"@type":"EntryPoint","urlTemplate":"https:\/\/mueble4you.com\/?s={search_term_string}"},"query-input":{"@type":"PropertyValueSpecification","valueRequired":true,"valueName":"search_term_string"}}],"inLanguage":"fr-FR"}]}},"_links":{"self":[{"href":"https:\/\/mueble4you.com\/fr\/wp-json\/wp\/v2\/product\/85699","targetHints":{"allow":["GET"]}}],"collection":[{"href":"https:\/\/mueble4you.com\/fr\/wp-json\/wp\/v2\/product"}],"about":[{"href":"https:\/\/mueble4you.com\/fr\/wp-json\/wp\/v2\/types\/product"}],"wp:featuredmedia":[{"embeddable":true,"href":"https:\/\/mueble4you.com\/fr\/wp-json\/wp\/v2\/media\/85680"}],"wp:attachment":[{"href":"https:\/\/mueble4you.com\/fr\/wp-json\/wp\/v2\/media?parent=85699"}],"wp:term":[{"taxonomy":"product_brand","embeddable":true,"href":"https:\/\/mueble4you.com\/fr\/wp-json\/wp\/v2\/product_brand?post=85699"},{"taxonomy":"product_cat","embeddable":true,"href":"https:\/\/mueble4you.com\/fr\/wp-json\/wp\/v2\/product_cat?post=85699"},{"taxonomy":"product_tag","embeddable":true,"href":"https:\/\/mueble4you.com\/fr\/wp-json\/wp\/v2\/product_tag?post=85699"}],"curies":[{"name":"wp","href":"https:\/\/api.w.org\/{rel}","templated":true}]}}