{"id":85673,"date":"2025-10-28T13:58:57","date_gmt":"2025-10-28T13:58:57","guid":{"rendered":"https:\/\/mueble4you.com\/productos\/set-de-3-mesas-nidos\/"},"modified":"2025-10-29T15:30:51","modified_gmt":"2025-10-29T15:30:51","slug":"set-de-3-mesas-nidos","status":"publish","type":"product","link":"https:\/\/mueble4you.com\/fr\/productos\/set-de-3-mesas-nidos\/","title":{"rendered":"Ensemble de 3 tables gigognes."},"content":{"rendered":"<p>Cet \u00e9l\u00e9gant ensemble est compos\u00e9 de trois tables de tailles diff\u00e9rentes, fabriqu\u00e9es \u00e0 partir de bois de teck recycl\u00e9. Chaque pi\u00e8ce pr\u00e9sente une finition de couleur weng\u00e9. Le design des tables se distingue par sa structure solide o\u00f9 les c\u00f4t\u00e9s sont int\u00e9gr\u00e9s au plateau gr\u00e2ce \u00e0 un syst\u00e8me d&rsquo;assemblage de type joint \u00e0 gingembre. La surface de chaque table pr\u00e9sente les grains naturels et les imperfections caract\u00e9ristiques du teck r\u00e9cup\u00e9r\u00e9. Parfait pour les environnements modernes, rustiques ou industriels.<\/p>\n<p>\u25cf Grande mesure : 50x41x33cm<\/p>\n<p>\u25cf Taille moyenne : 45x31x33cm<\/p>\n<p>\u25cf Petite taille : 40x23x33cm<\/p>\n<p>\u25cf Mat\u00e9riau : Teck recycl\u00e9.<\/p>\n<p>\u25cf Couleur : Weng\u00e9.<\/p>\n","protected":false},"excerpt":{"rendered":"<p>Cet \u00e9l\u00e9gant ensemble est compos\u00e9 de trois tables de tailles diff\u00e9rentes, fabriqu\u00e9es \u00e0 partir de bois de teck recycl\u00e9. Chaque pi\u00e8ce pr\u00e9sente une finition de couleur weng\u00e9. Le design des tables se distingue par sa structure solide o\u00f9 les c\u00f4t\u00e9s sont int\u00e9gr\u00e9s au plateau gr\u00e2ce \u00e0 un syst\u00e8me d&rsquo;assemblage de type joint \u00e0 gingembre. La [&#8230;]\n","protected":false},"featured_media":85659,"template":"","meta":[],"product_brand":[],"product_cat":[204,459],"product_tag":[],"class_list":{"0":"post-85673","1":"product","2":"type-product","3":"status-publish","4":"has-post-thumbnail","6":"product_cat-salon","7":"product_cat-table-dangle-ou-dappoint","9":"first","10":"instock","11":"shipping-taxable","12":"product-type-simple"},"yoast_head":"<!-- This site is optimized with the Yoast SEO plugin v27.2 - https:\/\/yoast.com\/product\/yoast-seo-wordpress\/ -->\n<title>Ensemble de 3 tables gigognes. | mueble4you<\/title>\n<meta name=\"robots\" content=\"index, follow, max-snippet:-1, max-image-preview:large, max-video-preview:-1\" \/>\n<link rel=\"canonical\" href=\"https:\/\/mueble4you.com\/fr\/productos\/set-de-3-mesas-nidos\/\" \/>\n<meta property=\"og:locale\" content=\"fr_FR\" \/>\n<meta property=\"og:type\" content=\"article\" \/>\n<meta property=\"og:title\" content=\"Ensemble de 3 tables gigognes. | mueble4you\" \/>\n<meta property=\"og:description\" content=\"Cet \u00e9l\u00e9gant ensemble est compos\u00e9 de trois tables de tailles diff\u00e9rentes, fabriqu\u00e9es \u00e0 partir de bois de teck recycl\u00e9. Chaque pi\u00e8ce pr\u00e9sente une finition de couleur weng\u00e9. Le design des tables se distingue par sa structure solide o\u00f9 les c\u00f4t\u00e9s sont int\u00e9gr\u00e9s au plateau gr\u00e2ce \u00e0 un syst\u00e8me d&rsquo;assemblage de type joint \u00e0 gingembre. La [...]\" \/>\n<meta property=\"og:url\" content=\"https:\/\/mueble4you.com\/fr\/productos\/set-de-3-mesas-nidos\/\" \/>\n<meta property=\"og:site_name\" content=\"mueble4you\" \/>\n<meta property=\"article:modified_time\" content=\"2025-10-29T15:30:51+00:00\" \/>\n<meta property=\"og:image\" content=\"https:\/\/mueble4you.com\/wp-content\/uploads\/2025\/10\/2110_2-scaled.jpg\" \/>\n\t<meta property=\"og:image:width\" content=\"2560\" \/>\n\t<meta property=\"og:image:height\" content=\"1703\" \/>\n\t<meta property=\"og:image:type\" content=\"image\/jpeg\" \/>\n<meta name=\"twitter:card\" content=\"summary_large_image\" \/>\n<meta name=\"twitter:label1\" content=\"Dur\u00e9e de lecture estim\u00e9e\" \/>\n\t<meta name=\"twitter:data1\" content=\"1 minute\" \/>\n<script type=\"application\/ld+json\" class=\"yoast-schema-graph\">{\"@context\":\"https:\/\/schema.org\",\"@graph\":[{\"@type\":\"WebPage\",\"@id\":\"https:\/\/mueble4you.com\/fr\/productos\/set-de-3-mesas-nidos\/\",\"url\":\"https:\/\/mueble4you.com\/fr\/productos\/set-de-3-mesas-nidos\/\",\"name\":\"Ensemble de 3 tables gigognes. | mueble4you\",\"isPartOf\":{\"@id\":\"https:\/\/mueble4you.com\/#website\"},\"primaryImageOfPage\":{\"@id\":\"https:\/\/mueble4you.com\/fr\/productos\/set-de-3-mesas-nidos\/#primaryimage\"},\"image\":{\"@id\":\"https:\/\/mueble4you.com\/fr\/productos\/set-de-3-mesas-nidos\/#primaryimage\"},\"thumbnailUrl\":\"https:\/\/mueble4you.com\/wp-content\/uploads\/2025\/10\/2110_2-scaled.jpg\",\"datePublished\":\"2025-10-28T13:58:57+00:00\",\"dateModified\":\"2025-10-29T15:30:51+00:00\",\"breadcrumb\":{\"@id\":\"https:\/\/mueble4you.com\/fr\/productos\/set-de-3-mesas-nidos\/#breadcrumb\"},\"inLanguage\":\"fr-FR\",\"potentialAction\":[{\"@type\":\"ReadAction\",\"target\":[\"https:\/\/mueble4you.com\/fr\/productos\/set-de-3-mesas-nidos\/\"]}]},{\"@type\":\"ImageObject\",\"inLanguage\":\"fr-FR\",\"@id\":\"https:\/\/mueble4you.com\/fr\/productos\/set-de-3-mesas-nidos\/#primaryimage\",\"url\":\"https:\/\/mueble4you.com\/wp-content\/uploads\/2025\/10\/2110_2-scaled.jpg\",\"contentUrl\":\"https:\/\/mueble4you.com\/wp-content\/uploads\/2025\/10\/2110_2-scaled.jpg\",\"width\":2560,\"height\":1703},{\"@type\":\"BreadcrumbList\",\"@id\":\"https:\/\/mueble4you.com\/fr\/productos\/set-de-3-mesas-nidos\/#breadcrumb\",\"itemListElement\":[{\"@type\":\"ListItem\",\"position\":1,\"name\":\"Portada\",\"item\":\"https:\/\/mueble4you.com\/fr\/\"},{\"@type\":\"ListItem\",\"position\":2,\"name\":\"Productos\",\"item\":\"https:\/\/mueble4you.com\/productos\/\"},{\"@type\":\"ListItem\",\"position\":3,\"name\":\"Ensemble de 3 tables gigognes.\"}]},{\"@type\":\"WebSite\",\"@id\":\"https:\/\/mueble4you.com\/#website\",\"url\":\"https:\/\/mueble4you.com\/\",\"name\":\"mueble4you\",\"description\":\"Meubles \u00e0 Tenerife\",\"potentialAction\":[{\"@type\":\"SearchAction\",\"target\":{\"@type\":\"EntryPoint\",\"urlTemplate\":\"https:\/\/mueble4you.com\/?s={search_term_string}\"},\"query-input\":{\"@type\":\"PropertyValueSpecification\",\"valueRequired\":true,\"valueName\":\"search_term_string\"}}],\"inLanguage\":\"fr-FR\"}]}<\/script>\n<!-- \/ Yoast SEO plugin. -->","yoast_head_json":{"title":"Ensemble de 3 tables gigognes. | mueble4you","robots":{"index":"index","follow":"follow","max-snippet":"max-snippet:-1","max-image-preview":"max-image-preview:large","max-video-preview":"max-video-preview:-1"},"canonical":"https:\/\/mueble4you.com\/fr\/productos\/set-de-3-mesas-nidos\/","og_locale":"fr_FR","og_type":"article","og_title":"Ensemble de 3 tables gigognes. | mueble4you","og_description":"Cet \u00e9l\u00e9gant ensemble est compos\u00e9 de trois tables de tailles diff\u00e9rentes, fabriqu\u00e9es \u00e0 partir de bois de teck recycl\u00e9. Chaque pi\u00e8ce pr\u00e9sente une finition de couleur weng\u00e9. Le design des tables se distingue par sa structure solide o\u00f9 les c\u00f4t\u00e9s sont int\u00e9gr\u00e9s au plateau gr\u00e2ce \u00e0 un syst\u00e8me d&rsquo;assemblage de type joint \u00e0 gingembre. La [...]","og_url":"https:\/\/mueble4you.com\/fr\/productos\/set-de-3-mesas-nidos\/","og_site_name":"mueble4you","article_modified_time":"2025-10-29T15:30:51+00:00","og_image":[{"width":2560,"height":1703,"url":"https:\/\/mueble4you.com\/wp-content\/uploads\/2025\/10\/2110_2-scaled.jpg","type":"image\/jpeg"}],"twitter_card":"summary_large_image","twitter_misc":{"Dur\u00e9e de lecture estim\u00e9e":"1 minute"},"schema":{"@context":"https:\/\/schema.org","@graph":[{"@type":"WebPage","@id":"https:\/\/mueble4you.com\/fr\/productos\/set-de-3-mesas-nidos\/","url":"https:\/\/mueble4you.com\/fr\/productos\/set-de-3-mesas-nidos\/","name":"Ensemble de 3 tables gigognes. | mueble4you","isPartOf":{"@id":"https:\/\/mueble4you.com\/#website"},"primaryImageOfPage":{"@id":"https:\/\/mueble4you.com\/fr\/productos\/set-de-3-mesas-nidos\/#primaryimage"},"image":{"@id":"https:\/\/mueble4you.com\/fr\/productos\/set-de-3-mesas-nidos\/#primaryimage"},"thumbnailUrl":"https:\/\/mueble4you.com\/wp-content\/uploads\/2025\/10\/2110_2-scaled.jpg","datePublished":"2025-10-28T13:58:57+00:00","dateModified":"2025-10-29T15:30:51+00:00","breadcrumb":{"@id":"https:\/\/mueble4you.com\/fr\/productos\/set-de-3-mesas-nidos\/#breadcrumb"},"inLanguage":"fr-FR","potentialAction":[{"@type":"ReadAction","target":["https:\/\/mueble4you.com\/fr\/productos\/set-de-3-mesas-nidos\/"]}]},{"@type":"ImageObject","inLanguage":"fr-FR","@id":"https:\/\/mueble4you.com\/fr\/productos\/set-de-3-mesas-nidos\/#primaryimage","url":"https:\/\/mueble4you.com\/wp-content\/uploads\/2025\/10\/2110_2-scaled.jpg","contentUrl":"https:\/\/mueble4you.com\/wp-content\/uploads\/2025\/10\/2110_2-scaled.jpg","width":2560,"height":1703},{"@type":"BreadcrumbList","@id":"https:\/\/mueble4you.com\/fr\/productos\/set-de-3-mesas-nidos\/#breadcrumb","itemListElement":[{"@type":"ListItem","position":1,"name":"Portada","item":"https:\/\/mueble4you.com\/fr\/"},{"@type":"ListItem","position":2,"name":"Productos","item":"https:\/\/mueble4you.com\/productos\/"},{"@type":"ListItem","position":3,"name":"Ensemble de 3 tables gigognes."}]},{"@type":"WebSite","@id":"https:\/\/mueble4you.com\/#website","url":"https:\/\/mueble4you.com\/","name":"mueble4you","description":"Meubles \u00e0 Tenerife","potentialAction":[{"@type":"SearchAction","target":{"@type":"EntryPoint","urlTemplate":"https:\/\/mueble4you.com\/?s={search_term_string}"},"query-input":{"@type":"PropertyValueSpecification","valueRequired":true,"valueName":"search_term_string"}}],"inLanguage":"fr-FR"}]}},"_links":{"self":[{"href":"https:\/\/mueble4you.com\/fr\/wp-json\/wp\/v2\/product\/85673","targetHints":{"allow":["GET"]}}],"collection":[{"href":"https:\/\/mueble4you.com\/fr\/wp-json\/wp\/v2\/product"}],"about":[{"href":"https:\/\/mueble4you.com\/fr\/wp-json\/wp\/v2\/types\/product"}],"wp:featuredmedia":[{"embeddable":true,"href":"https:\/\/mueble4you.com\/fr\/wp-json\/wp\/v2\/media\/85659"}],"wp:attachment":[{"href":"https:\/\/mueble4you.com\/fr\/wp-json\/wp\/v2\/media?parent=85673"}],"wp:term":[{"taxonomy":"product_brand","embeddable":true,"href":"https:\/\/mueble4you.com\/fr\/wp-json\/wp\/v2\/product_brand?post=85673"},{"taxonomy":"product_cat","embeddable":true,"href":"https:\/\/mueble4you.com\/fr\/wp-json\/wp\/v2\/product_cat?post=85673"},{"taxonomy":"product_tag","embeddable":true,"href":"https:\/\/mueble4you.com\/fr\/wp-json\/wp\/v2\/product_tag?post=85673"}],"curies":[{"name":"wp","href":"https:\/\/api.w.org\/{rel}","templated":true}]}}