{"id":85653,"date":"2025-10-28T13:51:42","date_gmt":"2025-10-28T13:51:42","guid":{"rendered":"https:\/\/mueble4you.com\/productos\/mesa-de-comedor-240cmx110\/"},"modified":"2025-10-29T15:37:30","modified_gmt":"2025-10-29T15:37:30","slug":"mesa-de-comedor-240cmx110","status":"publish","type":"product","link":"https:\/\/mueble4you.com\/fr\/productos\/mesa-de-comedor-240cmx110\/","title":{"rendered":"TABLE \u00c0 MANGER 240CMX110."},"content":{"rendered":"<p>Table \u00e0 manger en bois de manguier r\u00e9sistant, qui allie \u00e9l\u00e9gance rustique et fonctionnalit\u00e9. Son plateau rectangulaire pr\u00e9sente une finition de couleur noisette, mettant en valeur les grains naturels du bois et apportant de la chaleur \u00e0 l&rsquo;environnement. Les pieds tourn\u00e9s, peints en blanc vieilli, ajoutent une touche vintage et artisanale. Sur un c\u00f4t\u00e9 des cadres, la table dispose de quatre tiroirs int\u00e9gr\u00e9s pratiques, id\u00e9aux pour ranger les ustensiles, offrant une valeur fonctionnelle sans sacrifier le style.<\/p>\n<p>\u25cf Hauteur : 76 cm.<\/p>\n<p>\u25cf Longueur : 240 cm.<\/p>\n<p>\u25cf Largeur : 110 cm.<\/p>\n<p>\u25cf Mat\u00e9riau : Bois de manguier.<\/p>\n<p>\u25cf Couleur : Blanc noisette.<\/p>\n","protected":false},"excerpt":{"rendered":"<p>Table \u00e0 manger en bois de manguier r\u00e9sistant, qui allie \u00e9l\u00e9gance rustique et fonctionnalit\u00e9. Son plateau rectangulaire pr\u00e9sente une finition de couleur noisette, mettant en valeur les grains naturels du bois et apportant de la chaleur \u00e0 l&rsquo;environnement. Les pieds tourn\u00e9s, peints en blanc vieilli, ajoutent une touche vintage et artisanale. Sur un c\u00f4t\u00e9 des [&#8230;]\n","protected":false},"featured_media":85634,"template":"","meta":[],"product_brand":[],"product_cat":[199,348],"product_tag":[],"class_list":{"0":"post-85653","1":"product","2":"type-product","3":"status-publish","4":"has-post-thumbnail","6":"product_cat-eaters","7":"product_cat-tables","9":"first","10":"instock","11":"shipping-taxable","12":"product-type-simple"},"yoast_head":"<!-- This site is optimized with the Yoast SEO plugin v27.3 - https:\/\/yoast.com\/product\/yoast-seo-wordpress\/ -->\n<title>TABLE \u00c0 MANGER 240CMX110. | mueble4you<\/title>\n<meta name=\"robots\" content=\"index, follow, max-snippet:-1, max-image-preview:large, max-video-preview:-1\" \/>\n<link rel=\"canonical\" href=\"https:\/\/mueble4you.com\/fr\/productos\/mesa-de-comedor-240cmx110\/\" \/>\n<meta property=\"og:locale\" content=\"fr_FR\" \/>\n<meta property=\"og:type\" content=\"article\" \/>\n<meta property=\"og:title\" content=\"TABLE \u00c0 MANGER 240CMX110. | mueble4you\" \/>\n<meta property=\"og:description\" content=\"Table \u00e0 manger en bois de manguier r\u00e9sistant, qui allie \u00e9l\u00e9gance rustique et fonctionnalit\u00e9. Son plateau rectangulaire pr\u00e9sente une finition de couleur noisette, mettant en valeur les grains naturels du bois et apportant de la chaleur \u00e0 l&rsquo;environnement. Les pieds tourn\u00e9s, peints en blanc vieilli, ajoutent une touche vintage et artisanale. Sur un c\u00f4t\u00e9 des [...]\" \/>\n<meta property=\"og:url\" content=\"https:\/\/mueble4you.com\/fr\/productos\/mesa-de-comedor-240cmx110\/\" \/>\n<meta property=\"og:site_name\" content=\"mueble4you\" \/>\n<meta property=\"article:modified_time\" content=\"2025-10-29T15:37:30+00:00\" \/>\n<meta property=\"og:image\" content=\"https:\/\/mueble4you.com\/wp-content\/uploads\/2025\/10\/1989_3-Copy.jpg\" \/>\n\t<meta property=\"og:image:width\" content=\"1024\" \/>\n\t<meta property=\"og:image:height\" content=\"596\" \/>\n\t<meta property=\"og:image:type\" content=\"image\/jpeg\" \/>\n<meta name=\"twitter:card\" content=\"summary_large_image\" \/>\n<script type=\"application\/ld+json\" class=\"yoast-schema-graph\">{\"@context\":\"https:\\\/\\\/schema.org\",\"@graph\":[{\"@type\":\"WebPage\",\"@id\":\"https:\\\/\\\/mueble4you.com\\\/fr\\\/productos\\\/mesa-de-comedor-240cmx110\\\/\",\"url\":\"https:\\\/\\\/mueble4you.com\\\/fr\\\/productos\\\/mesa-de-comedor-240cmx110\\\/\",\"name\":\"TABLE \u00c0 MANGER 240CMX110. | mueble4you\",\"isPartOf\":{\"@id\":\"https:\\\/\\\/mueble4you.com\\\/#website\"},\"primaryImageOfPage\":{\"@id\":\"https:\\\/\\\/mueble4you.com\\\/fr\\\/productos\\\/mesa-de-comedor-240cmx110\\\/#primaryimage\"},\"image\":{\"@id\":\"https:\\\/\\\/mueble4you.com\\\/fr\\\/productos\\\/mesa-de-comedor-240cmx110\\\/#primaryimage\"},\"thumbnailUrl\":\"https:\\\/\\\/mueble4you.com\\\/wp-content\\\/uploads\\\/2025\\\/10\\\/1989_3-Copy.jpg\",\"datePublished\":\"2025-10-28T13:51:42+00:00\",\"dateModified\":\"2025-10-29T15:37:30+00:00\",\"breadcrumb\":{\"@id\":\"https:\\\/\\\/mueble4you.com\\\/fr\\\/productos\\\/mesa-de-comedor-240cmx110\\\/#breadcrumb\"},\"inLanguage\":\"fr-FR\",\"potentialAction\":[{\"@type\":\"ReadAction\",\"target\":[\"https:\\\/\\\/mueble4you.com\\\/fr\\\/productos\\\/mesa-de-comedor-240cmx110\\\/\"]}]},{\"@type\":\"ImageObject\",\"inLanguage\":\"fr-FR\",\"@id\":\"https:\\\/\\\/mueble4you.com\\\/fr\\\/productos\\\/mesa-de-comedor-240cmx110\\\/#primaryimage\",\"url\":\"https:\\\/\\\/mueble4you.com\\\/wp-content\\\/uploads\\\/2025\\\/10\\\/1989_3-Copy.jpg\",\"contentUrl\":\"https:\\\/\\\/mueble4you.com\\\/wp-content\\\/uploads\\\/2025\\\/10\\\/1989_3-Copy.jpg\",\"width\":1024,\"height\":596},{\"@type\":\"BreadcrumbList\",\"@id\":\"https:\\\/\\\/mueble4you.com\\\/fr\\\/productos\\\/mesa-de-comedor-240cmx110\\\/#breadcrumb\",\"itemListElement\":[{\"@type\":\"ListItem\",\"position\":1,\"name\":\"Portada\",\"item\":\"https:\\\/\\\/mueble4you.com\\\/fr\\\/\"},{\"@type\":\"ListItem\",\"position\":2,\"name\":\"Productos\",\"item\":\"https:\\\/\\\/mueble4you.com\\\/productos\\\/\"},{\"@type\":\"ListItem\",\"position\":3,\"name\":\"TABLE \u00c0 MANGER 240CMX110.\"}]},{\"@type\":\"WebSite\",\"@id\":\"https:\\\/\\\/mueble4you.com\\\/#website\",\"url\":\"https:\\\/\\\/mueble4you.com\\\/\",\"name\":\"mueble4you\",\"description\":\"Meubles \u00e0 Tenerife\",\"potentialAction\":[{\"@type\":\"SearchAction\",\"target\":{\"@type\":\"EntryPoint\",\"urlTemplate\":\"https:\\\/\\\/mueble4you.com\\\/?s={search_term_string}\"},\"query-input\":{\"@type\":\"PropertyValueSpecification\",\"valueRequired\":true,\"valueName\":\"search_term_string\"}}],\"inLanguage\":\"fr-FR\"}]}<\/script>\n<!-- \/ Yoast SEO plugin. -->","yoast_head_json":{"title":"TABLE \u00c0 MANGER 240CMX110. | mueble4you","robots":{"index":"index","follow":"follow","max-snippet":"max-snippet:-1","max-image-preview":"max-image-preview:large","max-video-preview":"max-video-preview:-1"},"canonical":"https:\/\/mueble4you.com\/fr\/productos\/mesa-de-comedor-240cmx110\/","og_locale":"fr_FR","og_type":"article","og_title":"TABLE \u00c0 MANGER 240CMX110. | mueble4you","og_description":"Table \u00e0 manger en bois de manguier r\u00e9sistant, qui allie \u00e9l\u00e9gance rustique et fonctionnalit\u00e9. Son plateau rectangulaire pr\u00e9sente une finition de couleur noisette, mettant en valeur les grains naturels du bois et apportant de la chaleur \u00e0 l&rsquo;environnement. Les pieds tourn\u00e9s, peints en blanc vieilli, ajoutent une touche vintage et artisanale. Sur un c\u00f4t\u00e9 des [...]","og_url":"https:\/\/mueble4you.com\/fr\/productos\/mesa-de-comedor-240cmx110\/","og_site_name":"mueble4you","article_modified_time":"2025-10-29T15:37:30+00:00","og_image":[{"width":1024,"height":596,"url":"https:\/\/mueble4you.com\/wp-content\/uploads\/2025\/10\/1989_3-Copy.jpg","type":"image\/jpeg"}],"twitter_card":"summary_large_image","schema":{"@context":"https:\/\/schema.org","@graph":[{"@type":"WebPage","@id":"https:\/\/mueble4you.com\/fr\/productos\/mesa-de-comedor-240cmx110\/","url":"https:\/\/mueble4you.com\/fr\/productos\/mesa-de-comedor-240cmx110\/","name":"TABLE \u00c0 MANGER 240CMX110. | mueble4you","isPartOf":{"@id":"https:\/\/mueble4you.com\/#website"},"primaryImageOfPage":{"@id":"https:\/\/mueble4you.com\/fr\/productos\/mesa-de-comedor-240cmx110\/#primaryimage"},"image":{"@id":"https:\/\/mueble4you.com\/fr\/productos\/mesa-de-comedor-240cmx110\/#primaryimage"},"thumbnailUrl":"https:\/\/mueble4you.com\/wp-content\/uploads\/2025\/10\/1989_3-Copy.jpg","datePublished":"2025-10-28T13:51:42+00:00","dateModified":"2025-10-29T15:37:30+00:00","breadcrumb":{"@id":"https:\/\/mueble4you.com\/fr\/productos\/mesa-de-comedor-240cmx110\/#breadcrumb"},"inLanguage":"fr-FR","potentialAction":[{"@type":"ReadAction","target":["https:\/\/mueble4you.com\/fr\/productos\/mesa-de-comedor-240cmx110\/"]}]},{"@type":"ImageObject","inLanguage":"fr-FR","@id":"https:\/\/mueble4you.com\/fr\/productos\/mesa-de-comedor-240cmx110\/#primaryimage","url":"https:\/\/mueble4you.com\/wp-content\/uploads\/2025\/10\/1989_3-Copy.jpg","contentUrl":"https:\/\/mueble4you.com\/wp-content\/uploads\/2025\/10\/1989_3-Copy.jpg","width":1024,"height":596},{"@type":"BreadcrumbList","@id":"https:\/\/mueble4you.com\/fr\/productos\/mesa-de-comedor-240cmx110\/#breadcrumb","itemListElement":[{"@type":"ListItem","position":1,"name":"Portada","item":"https:\/\/mueble4you.com\/fr\/"},{"@type":"ListItem","position":2,"name":"Productos","item":"https:\/\/mueble4you.com\/productos\/"},{"@type":"ListItem","position":3,"name":"TABLE \u00c0 MANGER 240CMX110."}]},{"@type":"WebSite","@id":"https:\/\/mueble4you.com\/#website","url":"https:\/\/mueble4you.com\/","name":"mueble4you","description":"Meubles \u00e0 Tenerife","potentialAction":[{"@type":"SearchAction","target":{"@type":"EntryPoint","urlTemplate":"https:\/\/mueble4you.com\/?s={search_term_string}"},"query-input":{"@type":"PropertyValueSpecification","valueRequired":true,"valueName":"search_term_string"}}],"inLanguage":"fr-FR"}]}},"_links":{"self":[{"href":"https:\/\/mueble4you.com\/fr\/wp-json\/wp\/v2\/product\/85653","targetHints":{"allow":["GET"]}}],"collection":[{"href":"https:\/\/mueble4you.com\/fr\/wp-json\/wp\/v2\/product"}],"about":[{"href":"https:\/\/mueble4you.com\/fr\/wp-json\/wp\/v2\/types\/product"}],"wp:featuredmedia":[{"embeddable":true,"href":"https:\/\/mueble4you.com\/fr\/wp-json\/wp\/v2\/media\/85634"}],"wp:attachment":[{"href":"https:\/\/mueble4you.com\/fr\/wp-json\/wp\/v2\/media?parent=85653"}],"wp:term":[{"taxonomy":"product_brand","embeddable":true,"href":"https:\/\/mueble4you.com\/fr\/wp-json\/wp\/v2\/product_brand?post=85653"},{"taxonomy":"product_cat","embeddable":true,"href":"https:\/\/mueble4you.com\/fr\/wp-json\/wp\/v2\/product_cat?post=85653"},{"taxonomy":"product_tag","embeddable":true,"href":"https:\/\/mueble4you.com\/fr\/wp-json\/wp\/v2\/product_tag?post=85653"}],"curies":[{"name":"wp","href":"https:\/\/api.w.org\/{rel}","templated":true}]}}