{"id":85597,"date":"2025-10-28T13:22:33","date_gmt":"2025-10-28T13:22:33","guid":{"rendered":"https:\/\/mueble4you.com\/productos\/aparador-181cm-puertas-punta-diamante\/"},"modified":"2025-10-29T15:53:24","modified_gmt":"2025-10-29T15:53:24","slug":"aparador-181cm-puertas-punta-diamante","status":"publish","type":"product","link":"https:\/\/mueble4you.com\/fr\/productos\/aparador-181cm-puertas-punta-diamante\/","title":{"rendered":"BUFFET 181CM PORTES \u00c0 POINTES DE DIAMANT."},"content":{"rendered":"<p>Ce buffet se distingue par son design \u00e9l\u00e9gant et contemporain. Il est fabriqu\u00e9 en bois de manguier, avec une structure ext\u00e9rieure peinte dans un ton chaud de noisette qui met en valeur le grain. La fa\u00e7ade du buffet est compos\u00e9e de quatre portes qui attirent imm\u00e9diatement l&rsquo;attention. Chacune est peinte dans une couleur noir mat raffin\u00e9e et pr\u00e9sente des reliefs aux formes g\u00e9om\u00e9triques qui cr\u00e9ent un effet tridimensionnel. Cette pi\u00e8ce est maintenue par une base minimaliste fabriqu\u00e9e \u00e0 partir de tubes de fer de section carr\u00e9e, peints dans une teinte dor\u00e9e confortable. Ce d\u00e9tail m\u00e9tallique apporte non seulement stabilit\u00e9 et r\u00e9sistance, mais apporte \u00e9galement une touche de luxe subtil, contrastant harmonieusement avec le bois.<\/p>\n<p>\u25cf Hauteur : 80 cm.<\/p>\n<p>\u25cf Longueur : 180 cm.<\/p>\n<p>\u25cf Largeur : 46 cm.<\/p>\n<p>\u25cf Mat\u00e9riau : Bois de manguier et fer.<\/p>\n<p>\u25cf Couleur : Noisette et noir.<\/p>\n","protected":false},"excerpt":{"rendered":"<p>Ce buffet se distingue par son design \u00e9l\u00e9gant et contemporain. Il est fabriqu\u00e9 en bois de manguier, avec une structure ext\u00e9rieure peinte dans un ton chaud de noisette qui met en valeur le grain. La fa\u00e7ade du buffet est compos\u00e9e de quatre portes qui attirent imm\u00e9diatement l&rsquo;attention. Chacune est peinte dans une couleur noir mat [&#8230;]\n","protected":false},"featured_media":85578,"template":"","meta":[],"product_brand":[],"product_cat":[499,204],"product_tag":[],"class_list":{"0":"post-85597","1":"product","2":"type-product","3":"status-publish","4":"has-post-thumbnail","6":"product_cat-buffets","7":"product_cat-salon","9":"first","10":"instock","11":"shipping-taxable","12":"product-type-simple"},"yoast_head":"<!-- This site is optimized with the Yoast SEO plugin v27.2 - https:\/\/yoast.com\/product\/yoast-seo-wordpress\/ -->\n<title>BUFFET 181CM PORTES \u00c0 POINTES DE DIAMANT. | mueble4you<\/title>\n<meta name=\"robots\" content=\"index, follow, max-snippet:-1, max-image-preview:large, max-video-preview:-1\" \/>\n<link rel=\"canonical\" href=\"https:\/\/mueble4you.com\/fr\/productos\/aparador-181cm-puertas-punta-diamante\/\" \/>\n<meta property=\"og:locale\" content=\"fr_FR\" \/>\n<meta property=\"og:type\" content=\"article\" \/>\n<meta property=\"og:title\" content=\"BUFFET 181CM PORTES \u00c0 POINTES DE DIAMANT. | mueble4you\" \/>\n<meta property=\"og:description\" content=\"Ce buffet se distingue par son design \u00e9l\u00e9gant et contemporain. Il est fabriqu\u00e9 en bois de manguier, avec une structure ext\u00e9rieure peinte dans un ton chaud de noisette qui met en valeur le grain. La fa\u00e7ade du buffet est compos\u00e9e de quatre portes qui attirent imm\u00e9diatement l&rsquo;attention. Chacune est peinte dans une couleur noir mat [...]\" \/>\n<meta property=\"og:url\" content=\"https:\/\/mueble4you.com\/fr\/productos\/aparador-181cm-puertas-punta-diamante\/\" \/>\n<meta property=\"og:site_name\" content=\"mueble4you\" \/>\n<meta property=\"article:modified_time\" content=\"2025-10-29T15:53:24+00:00\" \/>\n<meta property=\"og:image\" content=\"https:\/\/mueble4you.com\/wp-content\/uploads\/2025\/10\/1978_2.jpg\" \/>\n\t<meta property=\"og:image:width\" content=\"1024\" \/>\n\t<meta property=\"og:image:height\" content=\"605\" \/>\n\t<meta property=\"og:image:type\" content=\"image\/jpeg\" \/>\n<meta name=\"twitter:card\" content=\"summary_large_image\" \/>\n<meta name=\"twitter:label1\" content=\"Dur\u00e9e de lecture estim\u00e9e\" \/>\n\t<meta name=\"twitter:data1\" content=\"1 minute\" \/>\n<script type=\"application\/ld+json\" class=\"yoast-schema-graph\">{\"@context\":\"https:\/\/schema.org\",\"@graph\":[{\"@type\":\"WebPage\",\"@id\":\"https:\/\/mueble4you.com\/fr\/productos\/aparador-181cm-puertas-punta-diamante\/\",\"url\":\"https:\/\/mueble4you.com\/fr\/productos\/aparador-181cm-puertas-punta-diamante\/\",\"name\":\"BUFFET 181CM PORTES \u00c0 POINTES DE DIAMANT. | mueble4you\",\"isPartOf\":{\"@id\":\"https:\/\/mueble4you.com\/#website\"},\"primaryImageOfPage\":{\"@id\":\"https:\/\/mueble4you.com\/fr\/productos\/aparador-181cm-puertas-punta-diamante\/#primaryimage\"},\"image\":{\"@id\":\"https:\/\/mueble4you.com\/fr\/productos\/aparador-181cm-puertas-punta-diamante\/#primaryimage\"},\"thumbnailUrl\":\"https:\/\/mueble4you.com\/wp-content\/uploads\/2025\/10\/1978_2.jpg\",\"datePublished\":\"2025-10-28T13:22:33+00:00\",\"dateModified\":\"2025-10-29T15:53:24+00:00\",\"breadcrumb\":{\"@id\":\"https:\/\/mueble4you.com\/fr\/productos\/aparador-181cm-puertas-punta-diamante\/#breadcrumb\"},\"inLanguage\":\"fr-FR\",\"potentialAction\":[{\"@type\":\"ReadAction\",\"target\":[\"https:\/\/mueble4you.com\/fr\/productos\/aparador-181cm-puertas-punta-diamante\/\"]}]},{\"@type\":\"ImageObject\",\"inLanguage\":\"fr-FR\",\"@id\":\"https:\/\/mueble4you.com\/fr\/productos\/aparador-181cm-puertas-punta-diamante\/#primaryimage\",\"url\":\"https:\/\/mueble4you.com\/wp-content\/uploads\/2025\/10\/1978_2.jpg\",\"contentUrl\":\"https:\/\/mueble4you.com\/wp-content\/uploads\/2025\/10\/1978_2.jpg\",\"width\":1024,\"height\":605},{\"@type\":\"BreadcrumbList\",\"@id\":\"https:\/\/mueble4you.com\/fr\/productos\/aparador-181cm-puertas-punta-diamante\/#breadcrumb\",\"itemListElement\":[{\"@type\":\"ListItem\",\"position\":1,\"name\":\"Portada\",\"item\":\"https:\/\/mueble4you.com\/fr\/\"},{\"@type\":\"ListItem\",\"position\":2,\"name\":\"Productos\",\"item\":\"https:\/\/mueble4you.com\/productos\/\"},{\"@type\":\"ListItem\",\"position\":3,\"name\":\"BUFFET 181CM PORTES \u00c0 POINTES DE DIAMANT.\"}]},{\"@type\":\"WebSite\",\"@id\":\"https:\/\/mueble4you.com\/#website\",\"url\":\"https:\/\/mueble4you.com\/\",\"name\":\"mueble4you\",\"description\":\"Meubles \u00e0 Tenerife\",\"potentialAction\":[{\"@type\":\"SearchAction\",\"target\":{\"@type\":\"EntryPoint\",\"urlTemplate\":\"https:\/\/mueble4you.com\/?s={search_term_string}\"},\"query-input\":{\"@type\":\"PropertyValueSpecification\",\"valueRequired\":true,\"valueName\":\"search_term_string\"}}],\"inLanguage\":\"fr-FR\"}]}<\/script>\n<!-- \/ Yoast SEO plugin. -->","yoast_head_json":{"title":"BUFFET 181CM PORTES \u00c0 POINTES DE DIAMANT. | mueble4you","robots":{"index":"index","follow":"follow","max-snippet":"max-snippet:-1","max-image-preview":"max-image-preview:large","max-video-preview":"max-video-preview:-1"},"canonical":"https:\/\/mueble4you.com\/fr\/productos\/aparador-181cm-puertas-punta-diamante\/","og_locale":"fr_FR","og_type":"article","og_title":"BUFFET 181CM PORTES \u00c0 POINTES DE DIAMANT. | mueble4you","og_description":"Ce buffet se distingue par son design \u00e9l\u00e9gant et contemporain. Il est fabriqu\u00e9 en bois de manguier, avec une structure ext\u00e9rieure peinte dans un ton chaud de noisette qui met en valeur le grain. La fa\u00e7ade du buffet est compos\u00e9e de quatre portes qui attirent imm\u00e9diatement l&rsquo;attention. Chacune est peinte dans une couleur noir mat [...]","og_url":"https:\/\/mueble4you.com\/fr\/productos\/aparador-181cm-puertas-punta-diamante\/","og_site_name":"mueble4you","article_modified_time":"2025-10-29T15:53:24+00:00","og_image":[{"width":1024,"height":605,"url":"https:\/\/mueble4you.com\/wp-content\/uploads\/2025\/10\/1978_2.jpg","type":"image\/jpeg"}],"twitter_card":"summary_large_image","twitter_misc":{"Dur\u00e9e de lecture estim\u00e9e":"1 minute"},"schema":{"@context":"https:\/\/schema.org","@graph":[{"@type":"WebPage","@id":"https:\/\/mueble4you.com\/fr\/productos\/aparador-181cm-puertas-punta-diamante\/","url":"https:\/\/mueble4you.com\/fr\/productos\/aparador-181cm-puertas-punta-diamante\/","name":"BUFFET 181CM PORTES \u00c0 POINTES DE DIAMANT. | mueble4you","isPartOf":{"@id":"https:\/\/mueble4you.com\/#website"},"primaryImageOfPage":{"@id":"https:\/\/mueble4you.com\/fr\/productos\/aparador-181cm-puertas-punta-diamante\/#primaryimage"},"image":{"@id":"https:\/\/mueble4you.com\/fr\/productos\/aparador-181cm-puertas-punta-diamante\/#primaryimage"},"thumbnailUrl":"https:\/\/mueble4you.com\/wp-content\/uploads\/2025\/10\/1978_2.jpg","datePublished":"2025-10-28T13:22:33+00:00","dateModified":"2025-10-29T15:53:24+00:00","breadcrumb":{"@id":"https:\/\/mueble4you.com\/fr\/productos\/aparador-181cm-puertas-punta-diamante\/#breadcrumb"},"inLanguage":"fr-FR","potentialAction":[{"@type":"ReadAction","target":["https:\/\/mueble4you.com\/fr\/productos\/aparador-181cm-puertas-punta-diamante\/"]}]},{"@type":"ImageObject","inLanguage":"fr-FR","@id":"https:\/\/mueble4you.com\/fr\/productos\/aparador-181cm-puertas-punta-diamante\/#primaryimage","url":"https:\/\/mueble4you.com\/wp-content\/uploads\/2025\/10\/1978_2.jpg","contentUrl":"https:\/\/mueble4you.com\/wp-content\/uploads\/2025\/10\/1978_2.jpg","width":1024,"height":605},{"@type":"BreadcrumbList","@id":"https:\/\/mueble4you.com\/fr\/productos\/aparador-181cm-puertas-punta-diamante\/#breadcrumb","itemListElement":[{"@type":"ListItem","position":1,"name":"Portada","item":"https:\/\/mueble4you.com\/fr\/"},{"@type":"ListItem","position":2,"name":"Productos","item":"https:\/\/mueble4you.com\/productos\/"},{"@type":"ListItem","position":3,"name":"BUFFET 181CM PORTES \u00c0 POINTES DE DIAMANT."}]},{"@type":"WebSite","@id":"https:\/\/mueble4you.com\/#website","url":"https:\/\/mueble4you.com\/","name":"mueble4you","description":"Meubles \u00e0 Tenerife","potentialAction":[{"@type":"SearchAction","target":{"@type":"EntryPoint","urlTemplate":"https:\/\/mueble4you.com\/?s={search_term_string}"},"query-input":{"@type":"PropertyValueSpecification","valueRequired":true,"valueName":"search_term_string"}}],"inLanguage":"fr-FR"}]}},"_links":{"self":[{"href":"https:\/\/mueble4you.com\/fr\/wp-json\/wp\/v2\/product\/85597","targetHints":{"allow":["GET"]}}],"collection":[{"href":"https:\/\/mueble4you.com\/fr\/wp-json\/wp\/v2\/product"}],"about":[{"href":"https:\/\/mueble4you.com\/fr\/wp-json\/wp\/v2\/types\/product"}],"wp:featuredmedia":[{"embeddable":true,"href":"https:\/\/mueble4you.com\/fr\/wp-json\/wp\/v2\/media\/85578"}],"wp:attachment":[{"href":"https:\/\/mueble4you.com\/fr\/wp-json\/wp\/v2\/media?parent=85597"}],"wp:term":[{"taxonomy":"product_brand","embeddable":true,"href":"https:\/\/mueble4you.com\/fr\/wp-json\/wp\/v2\/product_brand?post=85597"},{"taxonomy":"product_cat","embeddable":true,"href":"https:\/\/mueble4you.com\/fr\/wp-json\/wp\/v2\/product_cat?post=85597"},{"taxonomy":"product_tag","embeddable":true,"href":"https:\/\/mueble4you.com\/fr\/wp-json\/wp\/v2\/product_tag?post=85597"}],"curies":[{"name":"wp","href":"https:\/\/api.w.org\/{rel}","templated":true}]}}