{"id":85566,"date":"2025-10-28T13:14:50","date_gmt":"2025-10-28T13:14:50","guid":{"rendered":"https:\/\/mueble4you.com\/productos\/libreria\/"},"modified":"2025-10-29T17:20:59","modified_gmt":"2025-10-29T17:20:59","slug":"libreria","status":"publish","type":"product","link":"https:\/\/mueble4you.com\/fr\/productos\/libreria\/","title":{"rendered":"BIBLIOTH\u00c8QUE 180CMX80 PORTE POINTE DIAMANT."},"content":{"rendered":"<p>Cette \u00e9l\u00e9gante biblioth\u00e8que est fabriqu\u00e9e en bois de manguier, un mat\u00e9riau robuste et durable qui se distingue par ses grains naturels. Toute sa structure est finie en couleur noisette. Le design comporte trois \u00e9tag\u00e8res ouvertes, offrant un espace pour organiser des objets d\u00e9coratifs ou des livres. En bas, deux portes avec une \u00e9tag\u00e8re int\u00e9rieure en noir mat. Les portes sont recouvertes d&rsquo;un dessin de figures g\u00e9om\u00e9triques en forme de pointe de diamant, cr\u00e9ant un effet tridimensionnel qui ajoute de la texture et de la profondeur visuelle au meuble.<br \/>\nLa base est en fer avec un profil carr\u00e9, peint dans une \u00e9l\u00e9gante couleur dor\u00e9e qui ajoute un subtil \u00e9clat m\u00e9tallique.<\/p>\n<p>\u25cf Hauteur : 181 cm.<\/p>\n<p>\u25cf Longueur : 80 cm.<\/p>\n<p>\u25cf Largeur : 40 cm.<\/p>\n<p>\u25cf Mat\u00e9riau : Bois de manguier et fer.<\/p>\n<p>\u25cf Couleur : Noisette et noir.<\/p>\n","protected":false},"excerpt":{"rendered":"<p>Cette \u00e9l\u00e9gante biblioth\u00e8que est fabriqu\u00e9e en bois de manguier, un mat\u00e9riau robuste et durable qui se distingue par ses grains naturels. Toute sa structure est finie en couleur noisette. Le design comporte trois \u00e9tag\u00e8res ouvertes, offrant un espace pour organiser des objets d\u00e9coratifs ou des livres. En bas, deux portes avec une \u00e9tag\u00e8re int\u00e9rieure en [&#8230;]\n","protected":false},"featured_media":85547,"template":"","meta":[],"product_brand":[],"product_cat":[532,204],"product_tag":[],"class_list":{"0":"post-85566","1":"product","2":"type-product","3":"status-publish","4":"has-post-thumbnail","6":"product_cat-bibliotheques","7":"product_cat-salon","9":"first","10":"instock","11":"shipping-taxable","12":"product-type-simple"},"yoast_head":"<!-- This site is optimized with the Yoast SEO plugin v27.2 - https:\/\/yoast.com\/product\/yoast-seo-wordpress\/ -->\n<title>BIBLIOTH\u00c8QUE 180CMX80 PORTE POINTE DIAMANT. | mueble4you<\/title>\n<meta name=\"robots\" content=\"index, follow, max-snippet:-1, max-image-preview:large, max-video-preview:-1\" \/>\n<link rel=\"canonical\" href=\"https:\/\/mueble4you.com\/fr\/productos\/libreria\/\" \/>\n<meta property=\"og:locale\" content=\"fr_FR\" \/>\n<meta property=\"og:type\" content=\"article\" \/>\n<meta property=\"og:title\" content=\"BIBLIOTH\u00c8QUE 180CMX80 PORTE POINTE DIAMANT. | mueble4you\" \/>\n<meta property=\"og:description\" content=\"Cette \u00e9l\u00e9gante biblioth\u00e8que est fabriqu\u00e9e en bois de manguier, un mat\u00e9riau robuste et durable qui se distingue par ses grains naturels. Toute sa structure est finie en couleur noisette. Le design comporte trois \u00e9tag\u00e8res ouvertes, offrant un espace pour organiser des objets d\u00e9coratifs ou des livres. En bas, deux portes avec une \u00e9tag\u00e8re int\u00e9rieure en [...]\" \/>\n<meta property=\"og:url\" content=\"https:\/\/mueble4you.com\/fr\/productos\/libreria\/\" \/>\n<meta property=\"og:site_name\" content=\"mueble4you\" \/>\n<meta property=\"article:modified_time\" content=\"2025-10-29T17:20:59+00:00\" \/>\n<meta property=\"og:image\" content=\"https:\/\/mueble4you.com\/wp-content\/uploads\/2025\/10\/1971_3.jpg\" \/>\n\t<meta property=\"og:image:width\" content=\"483\" \/>\n\t<meta property=\"og:image:height\" content=\"768\" \/>\n\t<meta property=\"og:image:type\" content=\"image\/jpeg\" \/>\n<meta name=\"twitter:card\" content=\"summary_large_image\" \/>\n<meta name=\"twitter:label1\" content=\"Dur\u00e9e de lecture estim\u00e9e\" \/>\n\t<meta name=\"twitter:data1\" content=\"1 minute\" \/>\n<script type=\"application\/ld+json\" class=\"yoast-schema-graph\">{\"@context\":\"https:\/\/schema.org\",\"@graph\":[{\"@type\":\"WebPage\",\"@id\":\"https:\/\/mueble4you.com\/fr\/productos\/libreria\/\",\"url\":\"https:\/\/mueble4you.com\/fr\/productos\/libreria\/\",\"name\":\"BIBLIOTH\u00c8QUE 180CMX80 PORTE POINTE DIAMANT. | mueble4you\",\"isPartOf\":{\"@id\":\"https:\/\/mueble4you.com\/#website\"},\"primaryImageOfPage\":{\"@id\":\"https:\/\/mueble4you.com\/fr\/productos\/libreria\/#primaryimage\"},\"image\":{\"@id\":\"https:\/\/mueble4you.com\/fr\/productos\/libreria\/#primaryimage\"},\"thumbnailUrl\":\"https:\/\/mueble4you.com\/wp-content\/uploads\/2025\/10\/1971_3.jpg\",\"datePublished\":\"2025-10-28T13:14:50+00:00\",\"dateModified\":\"2025-10-29T17:20:59+00:00\",\"breadcrumb\":{\"@id\":\"https:\/\/mueble4you.com\/fr\/productos\/libreria\/#breadcrumb\"},\"inLanguage\":\"fr-FR\",\"potentialAction\":[{\"@type\":\"ReadAction\",\"target\":[\"https:\/\/mueble4you.com\/fr\/productos\/libreria\/\"]}]},{\"@type\":\"ImageObject\",\"inLanguage\":\"fr-FR\",\"@id\":\"https:\/\/mueble4you.com\/fr\/productos\/libreria\/#primaryimage\",\"url\":\"https:\/\/mueble4you.com\/wp-content\/uploads\/2025\/10\/1971_3.jpg\",\"contentUrl\":\"https:\/\/mueble4you.com\/wp-content\/uploads\/2025\/10\/1971_3.jpg\",\"width\":483,\"height\":768},{\"@type\":\"BreadcrumbList\",\"@id\":\"https:\/\/mueble4you.com\/fr\/productos\/libreria\/#breadcrumb\",\"itemListElement\":[{\"@type\":\"ListItem\",\"position\":1,\"name\":\"Portada\",\"item\":\"https:\/\/mueble4you.com\/fr\/\"},{\"@type\":\"ListItem\",\"position\":2,\"name\":\"Productos\",\"item\":\"https:\/\/mueble4you.com\/productos\/\"},{\"@type\":\"ListItem\",\"position\":3,\"name\":\"BIBLIOTH\u00c8QUE 180CMX80 PORTE POINTE DIAMANT.\"}]},{\"@type\":\"WebSite\",\"@id\":\"https:\/\/mueble4you.com\/#website\",\"url\":\"https:\/\/mueble4you.com\/\",\"name\":\"mueble4you\",\"description\":\"Meubles \u00e0 Tenerife\",\"potentialAction\":[{\"@type\":\"SearchAction\",\"target\":{\"@type\":\"EntryPoint\",\"urlTemplate\":\"https:\/\/mueble4you.com\/?s={search_term_string}\"},\"query-input\":{\"@type\":\"PropertyValueSpecification\",\"valueRequired\":true,\"valueName\":\"search_term_string\"}}],\"inLanguage\":\"fr-FR\"}]}<\/script>\n<!-- \/ Yoast SEO plugin. -->","yoast_head_json":{"title":"BIBLIOTH\u00c8QUE 180CMX80 PORTE POINTE DIAMANT. | mueble4you","robots":{"index":"index","follow":"follow","max-snippet":"max-snippet:-1","max-image-preview":"max-image-preview:large","max-video-preview":"max-video-preview:-1"},"canonical":"https:\/\/mueble4you.com\/fr\/productos\/libreria\/","og_locale":"fr_FR","og_type":"article","og_title":"BIBLIOTH\u00c8QUE 180CMX80 PORTE POINTE DIAMANT. | mueble4you","og_description":"Cette \u00e9l\u00e9gante biblioth\u00e8que est fabriqu\u00e9e en bois de manguier, un mat\u00e9riau robuste et durable qui se distingue par ses grains naturels. Toute sa structure est finie en couleur noisette. Le design comporte trois \u00e9tag\u00e8res ouvertes, offrant un espace pour organiser des objets d\u00e9coratifs ou des livres. En bas, deux portes avec une \u00e9tag\u00e8re int\u00e9rieure en [...]","og_url":"https:\/\/mueble4you.com\/fr\/productos\/libreria\/","og_site_name":"mueble4you","article_modified_time":"2025-10-29T17:20:59+00:00","og_image":[{"width":483,"height":768,"url":"https:\/\/mueble4you.com\/wp-content\/uploads\/2025\/10\/1971_3.jpg","type":"image\/jpeg"}],"twitter_card":"summary_large_image","twitter_misc":{"Dur\u00e9e de lecture estim\u00e9e":"1 minute"},"schema":{"@context":"https:\/\/schema.org","@graph":[{"@type":"WebPage","@id":"https:\/\/mueble4you.com\/fr\/productos\/libreria\/","url":"https:\/\/mueble4you.com\/fr\/productos\/libreria\/","name":"BIBLIOTH\u00c8QUE 180CMX80 PORTE POINTE DIAMANT. | mueble4you","isPartOf":{"@id":"https:\/\/mueble4you.com\/#website"},"primaryImageOfPage":{"@id":"https:\/\/mueble4you.com\/fr\/productos\/libreria\/#primaryimage"},"image":{"@id":"https:\/\/mueble4you.com\/fr\/productos\/libreria\/#primaryimage"},"thumbnailUrl":"https:\/\/mueble4you.com\/wp-content\/uploads\/2025\/10\/1971_3.jpg","datePublished":"2025-10-28T13:14:50+00:00","dateModified":"2025-10-29T17:20:59+00:00","breadcrumb":{"@id":"https:\/\/mueble4you.com\/fr\/productos\/libreria\/#breadcrumb"},"inLanguage":"fr-FR","potentialAction":[{"@type":"ReadAction","target":["https:\/\/mueble4you.com\/fr\/productos\/libreria\/"]}]},{"@type":"ImageObject","inLanguage":"fr-FR","@id":"https:\/\/mueble4you.com\/fr\/productos\/libreria\/#primaryimage","url":"https:\/\/mueble4you.com\/wp-content\/uploads\/2025\/10\/1971_3.jpg","contentUrl":"https:\/\/mueble4you.com\/wp-content\/uploads\/2025\/10\/1971_3.jpg","width":483,"height":768},{"@type":"BreadcrumbList","@id":"https:\/\/mueble4you.com\/fr\/productos\/libreria\/#breadcrumb","itemListElement":[{"@type":"ListItem","position":1,"name":"Portada","item":"https:\/\/mueble4you.com\/fr\/"},{"@type":"ListItem","position":2,"name":"Productos","item":"https:\/\/mueble4you.com\/productos\/"},{"@type":"ListItem","position":3,"name":"BIBLIOTH\u00c8QUE 180CMX80 PORTE POINTE DIAMANT."}]},{"@type":"WebSite","@id":"https:\/\/mueble4you.com\/#website","url":"https:\/\/mueble4you.com\/","name":"mueble4you","description":"Meubles \u00e0 Tenerife","potentialAction":[{"@type":"SearchAction","target":{"@type":"EntryPoint","urlTemplate":"https:\/\/mueble4you.com\/?s={search_term_string}"},"query-input":{"@type":"PropertyValueSpecification","valueRequired":true,"valueName":"search_term_string"}}],"inLanguage":"fr-FR"}]}},"_links":{"self":[{"href":"https:\/\/mueble4you.com\/fr\/wp-json\/wp\/v2\/product\/85566","targetHints":{"allow":["GET"]}}],"collection":[{"href":"https:\/\/mueble4you.com\/fr\/wp-json\/wp\/v2\/product"}],"about":[{"href":"https:\/\/mueble4you.com\/fr\/wp-json\/wp\/v2\/types\/product"}],"wp:featuredmedia":[{"embeddable":true,"href":"https:\/\/mueble4you.com\/fr\/wp-json\/wp\/v2\/media\/85547"}],"wp:attachment":[{"href":"https:\/\/mueble4you.com\/fr\/wp-json\/wp\/v2\/media?parent=85566"}],"wp:term":[{"taxonomy":"product_brand","embeddable":true,"href":"https:\/\/mueble4you.com\/fr\/wp-json\/wp\/v2\/product_brand?post=85566"},{"taxonomy":"product_cat","embeddable":true,"href":"https:\/\/mueble4you.com\/fr\/wp-json\/wp\/v2\/product_cat?post=85566"},{"taxonomy":"product_tag","embeddable":true,"href":"https:\/\/mueble4you.com\/fr\/wp-json\/wp\/v2\/product_tag?post=85566"}],"curies":[{"name":"wp","href":"https:\/\/api.w.org\/{rel}","templated":true}]}}