{"id":85536,"date":"2025-10-27T15:33:09","date_gmt":"2025-10-27T15:33:09","guid":{"rendered":"https:\/\/mueble4you.com\/productos\/mesa-de-comedor-d-150\/"},"modified":"2025-10-29T17:34:42","modified_gmt":"2025-10-29T17:34:42","slug":"mesa-de-comedor-d-150","status":"publish","type":"product","link":"https:\/\/mueble4you.com\/fr\/productos\/mesa-de-comedor-d-150\/","title":{"rendered":"TABLE \u00c0 MANGER D.150."},"content":{"rendered":"<p>La table a un design \u00e9l\u00e9gant et robuste, avec un plateau rond \u00e9pais, en bois de manguier de haute qualit\u00e9. La surface pr\u00e9sente une texture riche avec des veines visibles, lui conf\u00e9rant un caract\u00e8re unique. La base se distingue par une ouverture centrale qui lui donne un air l\u00e9ger, les deux c\u00f4t\u00e9s sont larges, avec une \u00e9paisseur qui met en valeur la solidit\u00e9 de la table. Ce design allie fonctionnalit\u00e9 et style, id\u00e9al pour les grandes r\u00e9unions et les espaces modernes ou rustiques.<\/p>\n<p>\u25cf Hauteur : 76 cm.<\/p>\n<p>\u25cf Longueur : 150 cm.<\/p>\n<p>\u25cf Largeur : 150 cm.<\/p>\n<p>\u25cf Mat\u00e9riau : Bois de manguier.<\/p>\n<p>\u25cf Couleur : Naturel.<\/p>\n","protected":false},"excerpt":{"rendered":"<p>La table a un design \u00e9l\u00e9gant et robuste, avec un plateau rond \u00e9pais, en bois de manguier de haute qualit\u00e9. La surface pr\u00e9sente une texture riche avec des veines visibles, lui conf\u00e9rant un caract\u00e8re unique. La base se distingue par une ouverture centrale qui lui donne un air l\u00e9ger, les deux c\u00f4t\u00e9s sont larges, avec [&#8230;]\n","protected":false},"featured_media":85484,"template":"","meta":[],"product_brand":[],"product_cat":[199,348],"product_tag":[],"class_list":{"0":"post-85536","1":"product","2":"type-product","3":"status-publish","4":"has-post-thumbnail","6":"product_cat-eaters","7":"product_cat-tables","9":"first","10":"instock","11":"shipping-taxable","12":"product-type-simple"},"yoast_head":"<!-- This site is optimized with the Yoast SEO plugin v27.3 - https:\/\/yoast.com\/product\/yoast-seo-wordpress\/ -->\n<title>TABLE \u00c0 MANGER D.150. | mueble4you<\/title>\n<meta name=\"robots\" content=\"index, follow, max-snippet:-1, max-image-preview:large, max-video-preview:-1\" \/>\n<link rel=\"canonical\" href=\"https:\/\/mueble4you.com\/fr\/productos\/mesa-de-comedor-d-150\/\" \/>\n<meta property=\"og:locale\" content=\"fr_FR\" \/>\n<meta property=\"og:type\" content=\"article\" \/>\n<meta property=\"og:title\" content=\"TABLE \u00c0 MANGER D.150. | mueble4you\" \/>\n<meta property=\"og:description\" content=\"La table a un design \u00e9l\u00e9gant et robuste, avec un plateau rond \u00e9pais, en bois de manguier de haute qualit\u00e9. La surface pr\u00e9sente une texture riche avec des veines visibles, lui conf\u00e9rant un caract\u00e8re unique. La base se distingue par une ouverture centrale qui lui donne un air l\u00e9ger, les deux c\u00f4t\u00e9s sont larges, avec [...]\" \/>\n<meta property=\"og:url\" content=\"https:\/\/mueble4you.com\/fr\/productos\/mesa-de-comedor-d-150\/\" \/>\n<meta property=\"og:site_name\" content=\"mueble4you\" \/>\n<meta property=\"article:modified_time\" content=\"2025-10-29T17:34:42+00:00\" \/>\n<meta property=\"og:image\" content=\"https:\/\/mueble4you.com\/wp-content\/uploads\/2025\/10\/1934_1-Copy.jpg\" \/>\n\t<meta property=\"og:image:width\" content=\"1024\" \/>\n\t<meta property=\"og:image:height\" content=\"647\" \/>\n\t<meta property=\"og:image:type\" content=\"image\/jpeg\" \/>\n<meta name=\"twitter:card\" content=\"summary_large_image\" \/>\n<meta name=\"twitter:label1\" content=\"Dur\u00e9e de lecture estim\u00e9e\" \/>\n\t<meta name=\"twitter:data1\" content=\"1 minute\" \/>\n<script type=\"application\/ld+json\" class=\"yoast-schema-graph\">{\"@context\":\"https:\\\/\\\/schema.org\",\"@graph\":[{\"@type\":\"WebPage\",\"@id\":\"https:\\\/\\\/mueble4you.com\\\/fr\\\/productos\\\/mesa-de-comedor-d-150\\\/\",\"url\":\"https:\\\/\\\/mueble4you.com\\\/fr\\\/productos\\\/mesa-de-comedor-d-150\\\/\",\"name\":\"TABLE \u00c0 MANGER D.150. | mueble4you\",\"isPartOf\":{\"@id\":\"https:\\\/\\\/mueble4you.com\\\/#website\"},\"primaryImageOfPage\":{\"@id\":\"https:\\\/\\\/mueble4you.com\\\/fr\\\/productos\\\/mesa-de-comedor-d-150\\\/#primaryimage\"},\"image\":{\"@id\":\"https:\\\/\\\/mueble4you.com\\\/fr\\\/productos\\\/mesa-de-comedor-d-150\\\/#primaryimage\"},\"thumbnailUrl\":\"https:\\\/\\\/mueble4you.com\\\/wp-content\\\/uploads\\\/2025\\\/10\\\/1934_1-Copy.jpg\",\"datePublished\":\"2025-10-27T15:33:09+00:00\",\"dateModified\":\"2025-10-29T17:34:42+00:00\",\"breadcrumb\":{\"@id\":\"https:\\\/\\\/mueble4you.com\\\/fr\\\/productos\\\/mesa-de-comedor-d-150\\\/#breadcrumb\"},\"inLanguage\":\"fr-FR\",\"potentialAction\":[{\"@type\":\"ReadAction\",\"target\":[\"https:\\\/\\\/mueble4you.com\\\/fr\\\/productos\\\/mesa-de-comedor-d-150\\\/\"]}]},{\"@type\":\"ImageObject\",\"inLanguage\":\"fr-FR\",\"@id\":\"https:\\\/\\\/mueble4you.com\\\/fr\\\/productos\\\/mesa-de-comedor-d-150\\\/#primaryimage\",\"url\":\"https:\\\/\\\/mueble4you.com\\\/wp-content\\\/uploads\\\/2025\\\/10\\\/1934_1-Copy.jpg\",\"contentUrl\":\"https:\\\/\\\/mueble4you.com\\\/wp-content\\\/uploads\\\/2025\\\/10\\\/1934_1-Copy.jpg\",\"width\":1024,\"height\":647},{\"@type\":\"BreadcrumbList\",\"@id\":\"https:\\\/\\\/mueble4you.com\\\/fr\\\/productos\\\/mesa-de-comedor-d-150\\\/#breadcrumb\",\"itemListElement\":[{\"@type\":\"ListItem\",\"position\":1,\"name\":\"Portada\",\"item\":\"https:\\\/\\\/mueble4you.com\\\/fr\\\/\"},{\"@type\":\"ListItem\",\"position\":2,\"name\":\"Productos\",\"item\":\"https:\\\/\\\/mueble4you.com\\\/productos\\\/\"},{\"@type\":\"ListItem\",\"position\":3,\"name\":\"TABLE \u00c0 MANGER D.150.\"}]},{\"@type\":\"WebSite\",\"@id\":\"https:\\\/\\\/mueble4you.com\\\/#website\",\"url\":\"https:\\\/\\\/mueble4you.com\\\/\",\"name\":\"mueble4you\",\"description\":\"Meubles \u00e0 Tenerife\",\"potentialAction\":[{\"@type\":\"SearchAction\",\"target\":{\"@type\":\"EntryPoint\",\"urlTemplate\":\"https:\\\/\\\/mueble4you.com\\\/?s={search_term_string}\"},\"query-input\":{\"@type\":\"PropertyValueSpecification\",\"valueRequired\":true,\"valueName\":\"search_term_string\"}}],\"inLanguage\":\"fr-FR\"}]}<\/script>\n<!-- \/ Yoast SEO plugin. -->","yoast_head_json":{"title":"TABLE \u00c0 MANGER D.150. | mueble4you","robots":{"index":"index","follow":"follow","max-snippet":"max-snippet:-1","max-image-preview":"max-image-preview:large","max-video-preview":"max-video-preview:-1"},"canonical":"https:\/\/mueble4you.com\/fr\/productos\/mesa-de-comedor-d-150\/","og_locale":"fr_FR","og_type":"article","og_title":"TABLE \u00c0 MANGER D.150. | mueble4you","og_description":"La table a un design \u00e9l\u00e9gant et robuste, avec un plateau rond \u00e9pais, en bois de manguier de haute qualit\u00e9. La surface pr\u00e9sente une texture riche avec des veines visibles, lui conf\u00e9rant un caract\u00e8re unique. La base se distingue par une ouverture centrale qui lui donne un air l\u00e9ger, les deux c\u00f4t\u00e9s sont larges, avec [...]","og_url":"https:\/\/mueble4you.com\/fr\/productos\/mesa-de-comedor-d-150\/","og_site_name":"mueble4you","article_modified_time":"2025-10-29T17:34:42+00:00","og_image":[{"width":1024,"height":647,"url":"https:\/\/mueble4you.com\/wp-content\/uploads\/2025\/10\/1934_1-Copy.jpg","type":"image\/jpeg"}],"twitter_card":"summary_large_image","twitter_misc":{"Dur\u00e9e de lecture estim\u00e9e":"1 minute"},"schema":{"@context":"https:\/\/schema.org","@graph":[{"@type":"WebPage","@id":"https:\/\/mueble4you.com\/fr\/productos\/mesa-de-comedor-d-150\/","url":"https:\/\/mueble4you.com\/fr\/productos\/mesa-de-comedor-d-150\/","name":"TABLE \u00c0 MANGER D.150. | mueble4you","isPartOf":{"@id":"https:\/\/mueble4you.com\/#website"},"primaryImageOfPage":{"@id":"https:\/\/mueble4you.com\/fr\/productos\/mesa-de-comedor-d-150\/#primaryimage"},"image":{"@id":"https:\/\/mueble4you.com\/fr\/productos\/mesa-de-comedor-d-150\/#primaryimage"},"thumbnailUrl":"https:\/\/mueble4you.com\/wp-content\/uploads\/2025\/10\/1934_1-Copy.jpg","datePublished":"2025-10-27T15:33:09+00:00","dateModified":"2025-10-29T17:34:42+00:00","breadcrumb":{"@id":"https:\/\/mueble4you.com\/fr\/productos\/mesa-de-comedor-d-150\/#breadcrumb"},"inLanguage":"fr-FR","potentialAction":[{"@type":"ReadAction","target":["https:\/\/mueble4you.com\/fr\/productos\/mesa-de-comedor-d-150\/"]}]},{"@type":"ImageObject","inLanguage":"fr-FR","@id":"https:\/\/mueble4you.com\/fr\/productos\/mesa-de-comedor-d-150\/#primaryimage","url":"https:\/\/mueble4you.com\/wp-content\/uploads\/2025\/10\/1934_1-Copy.jpg","contentUrl":"https:\/\/mueble4you.com\/wp-content\/uploads\/2025\/10\/1934_1-Copy.jpg","width":1024,"height":647},{"@type":"BreadcrumbList","@id":"https:\/\/mueble4you.com\/fr\/productos\/mesa-de-comedor-d-150\/#breadcrumb","itemListElement":[{"@type":"ListItem","position":1,"name":"Portada","item":"https:\/\/mueble4you.com\/fr\/"},{"@type":"ListItem","position":2,"name":"Productos","item":"https:\/\/mueble4you.com\/productos\/"},{"@type":"ListItem","position":3,"name":"TABLE \u00c0 MANGER D.150."}]},{"@type":"WebSite","@id":"https:\/\/mueble4you.com\/#website","url":"https:\/\/mueble4you.com\/","name":"mueble4you","description":"Meubles \u00e0 Tenerife","potentialAction":[{"@type":"SearchAction","target":{"@type":"EntryPoint","urlTemplate":"https:\/\/mueble4you.com\/?s={search_term_string}"},"query-input":{"@type":"PropertyValueSpecification","valueRequired":true,"valueName":"search_term_string"}}],"inLanguage":"fr-FR"}]}},"_links":{"self":[{"href":"https:\/\/mueble4you.com\/fr\/wp-json\/wp\/v2\/product\/85536","targetHints":{"allow":["GET"]}}],"collection":[{"href":"https:\/\/mueble4you.com\/fr\/wp-json\/wp\/v2\/product"}],"about":[{"href":"https:\/\/mueble4you.com\/fr\/wp-json\/wp\/v2\/types\/product"}],"wp:featuredmedia":[{"embeddable":true,"href":"https:\/\/mueble4you.com\/fr\/wp-json\/wp\/v2\/media\/85484"}],"wp:attachment":[{"href":"https:\/\/mueble4you.com\/fr\/wp-json\/wp\/v2\/media?parent=85536"}],"wp:term":[{"taxonomy":"product_brand","embeddable":true,"href":"https:\/\/mueble4you.com\/fr\/wp-json\/wp\/v2\/product_brand?post=85536"},{"taxonomy":"product_cat","embeddable":true,"href":"https:\/\/mueble4you.com\/fr\/wp-json\/wp\/v2\/product_cat?post=85536"},{"taxonomy":"product_tag","embeddable":true,"href":"https:\/\/mueble4you.com\/fr\/wp-json\/wp\/v2\/product_tag?post=85536"}],"curies":[{"name":"wp","href":"https:\/\/api.w.org\/{rel}","templated":true}]}}