{"id":85531,"date":"2025-10-27T15:53:14","date_gmt":"2025-10-27T15:53:14","guid":{"rendered":"https:\/\/mueble4you.com\/productos\/consola-labarada-180cm\/"},"modified":"2025-10-29T17:29:29","modified_gmt":"2025-10-29T17:29:29","slug":"consola-labarada-180cm","status":"publish","type":"product","link":"https:\/\/mueble4you.com\/fr\/productos\/consola-labarada-180cm\/","title":{"rendered":"CONSOLE LABARADE 180CM."},"content":{"rendered":"<p>Cette imposante console d&rsquo;entr\u00e9e, en bois de manguier. La finition de couleur naturelle met en valeur les grains et les nuances du bois. La pi\u00e8ce se compose d&rsquo;un grand plateau avec moulure p\u00e9rim\u00e9trique, sa double fa\u00e7ade en gris patin\u00e9 se d\u00e9marque, ce qui cr\u00e9e un joli contraste. Sa structure repose sur six pieds tourn\u00e9s, aux formes \u00e9l\u00e9gantes et aux proportions \u00e9quilibr\u00e9es. En bas, une \u00e9tag\u00e8re continue offre un espace suppl\u00e9mentaire pour la d\u00e9coration ou le rangement, offrant une fonctionnalit\u00e9 sans nuire \u00e0 la l\u00e9g\u00e8ret\u00e9 visuelle de l&rsquo;ensemble.<\/p>\n<p>\u25cf Hauteur : 80 cm.<\/p>\n<p>\u25cf Longueur : 180 cm.<\/p>\n<p>\u25cf Largeur : 40 cm.<\/p>\n<p>\u25cf Mat\u00e9riau : Poign\u00e9e<\/p>\n<p>\u25cf Couleur : Patine gris naturel<\/p>\n","protected":false},"excerpt":{"rendered":"<p>Cette imposante console d&rsquo;entr\u00e9e, en bois de manguier. La finition de couleur naturelle met en valeur les grains et les nuances du bois. La pi\u00e8ce se compose d&rsquo;un grand plateau avec moulure p\u00e9rim\u00e9trique, sa double fa\u00e7ade en gris patin\u00e9 se d\u00e9marque, ce qui cr\u00e9e un joli contraste. Sa structure repose sur six pieds tourn\u00e9s, aux [&#8230;]\n","protected":false},"featured_media":85505,"template":"","meta":[],"product_brand":[],"product_cat":[360,204],"product_tag":[],"class_list":{"0":"post-85531","1":"product","2":"type-product","3":"status-publish","4":"has-post-thumbnail","6":"product_cat-console","7":"product_cat-salon","9":"first","10":"instock","11":"shipping-taxable","12":"product-type-simple"},"yoast_head":"<!-- This site is optimized with the Yoast SEO plugin v27.2 - https:\/\/yoast.com\/product\/yoast-seo-wordpress\/ -->\n<title>CONSOLE LABARADE 180CM. | mueble4you<\/title>\n<meta name=\"robots\" content=\"index, follow, max-snippet:-1, max-image-preview:large, max-video-preview:-1\" \/>\n<link rel=\"canonical\" href=\"https:\/\/mueble4you.com\/fr\/productos\/consola-labarada-180cm\/\" \/>\n<meta property=\"og:locale\" content=\"fr_FR\" \/>\n<meta property=\"og:type\" content=\"article\" \/>\n<meta property=\"og:title\" content=\"CONSOLE LABARADE 180CM. | mueble4you\" \/>\n<meta property=\"og:description\" content=\"Cette imposante console d&rsquo;entr\u00e9e, en bois de manguier. La finition de couleur naturelle met en valeur les grains et les nuances du bois. La pi\u00e8ce se compose d&rsquo;un grand plateau avec moulure p\u00e9rim\u00e9trique, sa double fa\u00e7ade en gris patin\u00e9 se d\u00e9marque, ce qui cr\u00e9e un joli contraste. Sa structure repose sur six pieds tourn\u00e9s, aux [...]\" \/>\n<meta property=\"og:url\" content=\"https:\/\/mueble4you.com\/fr\/productos\/consola-labarada-180cm\/\" \/>\n<meta property=\"og:site_name\" content=\"mueble4you\" \/>\n<meta property=\"article:modified_time\" content=\"2025-10-29T17:29:29+00:00\" \/>\n<meta property=\"og:image\" content=\"https:\/\/mueble4you.com\/wp-content\/uploads\/2025\/10\/1963_3-Copy.jpg\" \/>\n\t<meta property=\"og:image:width\" content=\"1024\" \/>\n\t<meta property=\"og:image:height\" content=\"608\" \/>\n\t<meta property=\"og:image:type\" content=\"image\/jpeg\" \/>\n<meta name=\"twitter:card\" content=\"summary_large_image\" \/>\n<meta name=\"twitter:label1\" content=\"Dur\u00e9e de lecture estim\u00e9e\" \/>\n\t<meta name=\"twitter:data1\" content=\"1 minute\" \/>\n<script type=\"application\/ld+json\" class=\"yoast-schema-graph\">{\"@context\":\"https:\/\/schema.org\",\"@graph\":[{\"@type\":\"WebPage\",\"@id\":\"https:\/\/mueble4you.com\/fr\/productos\/consola-labarada-180cm\/\",\"url\":\"https:\/\/mueble4you.com\/fr\/productos\/consola-labarada-180cm\/\",\"name\":\"CONSOLE LABARADE 180CM. | mueble4you\",\"isPartOf\":{\"@id\":\"https:\/\/mueble4you.com\/#website\"},\"primaryImageOfPage\":{\"@id\":\"https:\/\/mueble4you.com\/fr\/productos\/consola-labarada-180cm\/#primaryimage\"},\"image\":{\"@id\":\"https:\/\/mueble4you.com\/fr\/productos\/consola-labarada-180cm\/#primaryimage\"},\"thumbnailUrl\":\"https:\/\/mueble4you.com\/wp-content\/uploads\/2025\/10\/1963_3-Copy.jpg\",\"datePublished\":\"2025-10-27T15:53:14+00:00\",\"dateModified\":\"2025-10-29T17:29:29+00:00\",\"breadcrumb\":{\"@id\":\"https:\/\/mueble4you.com\/fr\/productos\/consola-labarada-180cm\/#breadcrumb\"},\"inLanguage\":\"fr-FR\",\"potentialAction\":[{\"@type\":\"ReadAction\",\"target\":[\"https:\/\/mueble4you.com\/fr\/productos\/consola-labarada-180cm\/\"]}]},{\"@type\":\"ImageObject\",\"inLanguage\":\"fr-FR\",\"@id\":\"https:\/\/mueble4you.com\/fr\/productos\/consola-labarada-180cm\/#primaryimage\",\"url\":\"https:\/\/mueble4you.com\/wp-content\/uploads\/2025\/10\/1963_3-Copy.jpg\",\"contentUrl\":\"https:\/\/mueble4you.com\/wp-content\/uploads\/2025\/10\/1963_3-Copy.jpg\",\"width\":1024,\"height\":608},{\"@type\":\"BreadcrumbList\",\"@id\":\"https:\/\/mueble4you.com\/fr\/productos\/consola-labarada-180cm\/#breadcrumb\",\"itemListElement\":[{\"@type\":\"ListItem\",\"position\":1,\"name\":\"Portada\",\"item\":\"https:\/\/mueble4you.com\/fr\/\"},{\"@type\":\"ListItem\",\"position\":2,\"name\":\"Productos\",\"item\":\"https:\/\/mueble4you.com\/productos\/\"},{\"@type\":\"ListItem\",\"position\":3,\"name\":\"CONSOLE LABARADE 180CM.\"}]},{\"@type\":\"WebSite\",\"@id\":\"https:\/\/mueble4you.com\/#website\",\"url\":\"https:\/\/mueble4you.com\/\",\"name\":\"mueble4you\",\"description\":\"Meubles \u00e0 Tenerife\",\"potentialAction\":[{\"@type\":\"SearchAction\",\"target\":{\"@type\":\"EntryPoint\",\"urlTemplate\":\"https:\/\/mueble4you.com\/?s={search_term_string}\"},\"query-input\":{\"@type\":\"PropertyValueSpecification\",\"valueRequired\":true,\"valueName\":\"search_term_string\"}}],\"inLanguage\":\"fr-FR\"}]}<\/script>\n<!-- \/ Yoast SEO plugin. -->","yoast_head_json":{"title":"CONSOLE LABARADE 180CM. | mueble4you","robots":{"index":"index","follow":"follow","max-snippet":"max-snippet:-1","max-image-preview":"max-image-preview:large","max-video-preview":"max-video-preview:-1"},"canonical":"https:\/\/mueble4you.com\/fr\/productos\/consola-labarada-180cm\/","og_locale":"fr_FR","og_type":"article","og_title":"CONSOLE LABARADE 180CM. | mueble4you","og_description":"Cette imposante console d&rsquo;entr\u00e9e, en bois de manguier. La finition de couleur naturelle met en valeur les grains et les nuances du bois. La pi\u00e8ce se compose d&rsquo;un grand plateau avec moulure p\u00e9rim\u00e9trique, sa double fa\u00e7ade en gris patin\u00e9 se d\u00e9marque, ce qui cr\u00e9e un joli contraste. Sa structure repose sur six pieds tourn\u00e9s, aux [...]","og_url":"https:\/\/mueble4you.com\/fr\/productos\/consola-labarada-180cm\/","og_site_name":"mueble4you","article_modified_time":"2025-10-29T17:29:29+00:00","og_image":[{"width":1024,"height":608,"url":"https:\/\/mueble4you.com\/wp-content\/uploads\/2025\/10\/1963_3-Copy.jpg","type":"image\/jpeg"}],"twitter_card":"summary_large_image","twitter_misc":{"Dur\u00e9e de lecture estim\u00e9e":"1 minute"},"schema":{"@context":"https:\/\/schema.org","@graph":[{"@type":"WebPage","@id":"https:\/\/mueble4you.com\/fr\/productos\/consola-labarada-180cm\/","url":"https:\/\/mueble4you.com\/fr\/productos\/consola-labarada-180cm\/","name":"CONSOLE LABARADE 180CM. | mueble4you","isPartOf":{"@id":"https:\/\/mueble4you.com\/#website"},"primaryImageOfPage":{"@id":"https:\/\/mueble4you.com\/fr\/productos\/consola-labarada-180cm\/#primaryimage"},"image":{"@id":"https:\/\/mueble4you.com\/fr\/productos\/consola-labarada-180cm\/#primaryimage"},"thumbnailUrl":"https:\/\/mueble4you.com\/wp-content\/uploads\/2025\/10\/1963_3-Copy.jpg","datePublished":"2025-10-27T15:53:14+00:00","dateModified":"2025-10-29T17:29:29+00:00","breadcrumb":{"@id":"https:\/\/mueble4you.com\/fr\/productos\/consola-labarada-180cm\/#breadcrumb"},"inLanguage":"fr-FR","potentialAction":[{"@type":"ReadAction","target":["https:\/\/mueble4you.com\/fr\/productos\/consola-labarada-180cm\/"]}]},{"@type":"ImageObject","inLanguage":"fr-FR","@id":"https:\/\/mueble4you.com\/fr\/productos\/consola-labarada-180cm\/#primaryimage","url":"https:\/\/mueble4you.com\/wp-content\/uploads\/2025\/10\/1963_3-Copy.jpg","contentUrl":"https:\/\/mueble4you.com\/wp-content\/uploads\/2025\/10\/1963_3-Copy.jpg","width":1024,"height":608},{"@type":"BreadcrumbList","@id":"https:\/\/mueble4you.com\/fr\/productos\/consola-labarada-180cm\/#breadcrumb","itemListElement":[{"@type":"ListItem","position":1,"name":"Portada","item":"https:\/\/mueble4you.com\/fr\/"},{"@type":"ListItem","position":2,"name":"Productos","item":"https:\/\/mueble4you.com\/productos\/"},{"@type":"ListItem","position":3,"name":"CONSOLE LABARADE 180CM."}]},{"@type":"WebSite","@id":"https:\/\/mueble4you.com\/#website","url":"https:\/\/mueble4you.com\/","name":"mueble4you","description":"Meubles \u00e0 Tenerife","potentialAction":[{"@type":"SearchAction","target":{"@type":"EntryPoint","urlTemplate":"https:\/\/mueble4you.com\/?s={search_term_string}"},"query-input":{"@type":"PropertyValueSpecification","valueRequired":true,"valueName":"search_term_string"}}],"inLanguage":"fr-FR"}]}},"_links":{"self":[{"href":"https:\/\/mueble4you.com\/fr\/wp-json\/wp\/v2\/product\/85531","targetHints":{"allow":["GET"]}}],"collection":[{"href":"https:\/\/mueble4you.com\/fr\/wp-json\/wp\/v2\/product"}],"about":[{"href":"https:\/\/mueble4you.com\/fr\/wp-json\/wp\/v2\/types\/product"}],"wp:featuredmedia":[{"embeddable":true,"href":"https:\/\/mueble4you.com\/fr\/wp-json\/wp\/v2\/media\/85505"}],"wp:attachment":[{"href":"https:\/\/mueble4you.com\/fr\/wp-json\/wp\/v2\/media?parent=85531"}],"wp:term":[{"taxonomy":"product_brand","embeddable":true,"href":"https:\/\/mueble4you.com\/fr\/wp-json\/wp\/v2\/product_brand?post=85531"},{"taxonomy":"product_cat","embeddable":true,"href":"https:\/\/mueble4you.com\/fr\/wp-json\/wp\/v2\/product_cat?post=85531"},{"taxonomy":"product_tag","embeddable":true,"href":"https:\/\/mueble4you.com\/fr\/wp-json\/wp\/v2\/product_tag?post=85531"}],"curies":[{"name":"wp","href":"https:\/\/api.w.org\/{rel}","templated":true}]}}