{"id":85393,"date":"2025-10-22T13:27:57","date_gmt":"2025-10-22T13:27:57","guid":{"rendered":"https:\/\/mueble4you.com\/productos\/cuadro-oleo-berna-bahia\/"},"modified":"2025-10-30T13:21:44","modified_gmt":"2025-10-30T13:21:44","slug":"cuadro-oleo-berna-bahia","status":"publish","type":"product","link":"https:\/\/mueble4you.com\/fr\/productos\/cuadro-oleo-berna-bahia\/","title":{"rendered":"Peinture \u00e0 l&rsquo;huile : Baie de Berne."},"content":{"rendered":"<ul>\n<li>Mat\u00e9riaux : Cadre en PS \/ Toile en polyester \/ Ch\u00e2ssis en pin.<\/li>\n<li><span style=\"color: #555555;\">Dimensions : 180 x 5 x 120 cm.<\/span><\/li>\n<li><span style=\"color: #555555;\">Information : Peint \u00e0 la main.<\/span><\/li>\n<li><span style=\"color: #555555;\">Information 1 : Syst\u00e8me de fixation inclus, permettant diff\u00e9rentes positions.<\/span><\/li>\n<li><span style=\"color: #555555;\">Information 2 : Nettoyer avec un chiffon sec.<\/span><\/li>\n<\/ul>\n","protected":false},"excerpt":{"rendered":"<p>Mat\u00e9riaux : Cadre en PS \/ Toile en polyester \/ Ch\u00e2ssis en pin. Dimensions : 180 x 5 x 120 cm. Information : Peint \u00e0 la main. Information 1 : Syst\u00e8me de fixation inclus, permettant diff\u00e9rentes positions. Information 2 : Nettoyer avec un chiffon sec.<\/p>\n","protected":false},"featured_media":85384,"template":"","meta":[],"product_brand":[],"product_cat":[321,173],"product_tag":[],"class_list":{"0":"post-85393","1":"product","2":"type-product","3":"status-publish","4":"has-post-thumbnail","6":"product_cat-cadres","7":"product_cat-decoration-fr","9":"first","10":"instock","11":"shipping-taxable","12":"product-type-simple"},"yoast_head":"<!-- This site is optimized with the Yoast SEO plugin v27.3 - https:\/\/yoast.com\/product\/yoast-seo-wordpress\/ -->\n<title>Peinture \u00e0 l&#039;huile : Baie de Berne. | mueble4you<\/title>\n<meta name=\"robots\" content=\"index, follow, max-snippet:-1, max-image-preview:large, max-video-preview:-1\" \/>\n<link rel=\"canonical\" href=\"https:\/\/mueble4you.com\/fr\/productos\/cuadro-oleo-berna-bahia\/\" \/>\n<meta property=\"og:locale\" content=\"fr_FR\" \/>\n<meta property=\"og:type\" content=\"article\" \/>\n<meta property=\"og:title\" content=\"Peinture \u00e0 l&#039;huile : Baie de Berne. | mueble4you\" \/>\n<meta property=\"og:description\" content=\"Mat\u00e9riaux : Cadre en PS \/ Toile en polyester \/ Ch\u00e2ssis en pin. Dimensions : 180 x 5 x 120 cm. Information : Peint \u00e0 la main. Information 1 : Syst\u00e8me de fixation inclus, permettant diff\u00e9rentes positions. Information 2 : Nettoyer avec un chiffon sec.\" \/>\n<meta property=\"og:url\" content=\"https:\/\/mueble4you.com\/fr\/productos\/cuadro-oleo-berna-bahia\/\" \/>\n<meta property=\"og:site_name\" content=\"mueble4you\" \/>\n<meta property=\"article:modified_time\" content=\"2025-10-30T13:21:44+00:00\" \/>\n<meta property=\"og:image\" content=\"https:\/\/mueble4you.com\/wp-content\/uploads\/2025\/10\/6561204_0-2.jpg\" \/>\n\t<meta property=\"og:image:width\" content=\"1150\" \/>\n\t<meta property=\"og:image:height\" content=\"1255\" \/>\n\t<meta property=\"og:image:type\" content=\"image\/jpeg\" \/>\n<meta name=\"twitter:card\" content=\"summary_large_image\" \/>\n<script type=\"application\/ld+json\" class=\"yoast-schema-graph\">{\"@context\":\"https:\\\/\\\/schema.org\",\"@graph\":[{\"@type\":\"WebPage\",\"@id\":\"https:\\\/\\\/mueble4you.com\\\/fr\\\/productos\\\/cuadro-oleo-berna-bahia\\\/\",\"url\":\"https:\\\/\\\/mueble4you.com\\\/fr\\\/productos\\\/cuadro-oleo-berna-bahia\\\/\",\"name\":\"Peinture \u00e0 l'huile : Baie de Berne. | mueble4you\",\"isPartOf\":{\"@id\":\"https:\\\/\\\/mueble4you.com\\\/#website\"},\"primaryImageOfPage\":{\"@id\":\"https:\\\/\\\/mueble4you.com\\\/fr\\\/productos\\\/cuadro-oleo-berna-bahia\\\/#primaryimage\"},\"image\":{\"@id\":\"https:\\\/\\\/mueble4you.com\\\/fr\\\/productos\\\/cuadro-oleo-berna-bahia\\\/#primaryimage\"},\"thumbnailUrl\":\"https:\\\/\\\/mueble4you.com\\\/wp-content\\\/uploads\\\/2025\\\/10\\\/6561204_0-2.jpg\",\"datePublished\":\"2025-10-22T13:27:57+00:00\",\"dateModified\":\"2025-10-30T13:21:44+00:00\",\"breadcrumb\":{\"@id\":\"https:\\\/\\\/mueble4you.com\\\/fr\\\/productos\\\/cuadro-oleo-berna-bahia\\\/#breadcrumb\"},\"inLanguage\":\"fr-FR\",\"potentialAction\":[{\"@type\":\"ReadAction\",\"target\":[\"https:\\\/\\\/mueble4you.com\\\/fr\\\/productos\\\/cuadro-oleo-berna-bahia\\\/\"]}]},{\"@type\":\"ImageObject\",\"inLanguage\":\"fr-FR\",\"@id\":\"https:\\\/\\\/mueble4you.com\\\/fr\\\/productos\\\/cuadro-oleo-berna-bahia\\\/#primaryimage\",\"url\":\"https:\\\/\\\/mueble4you.com\\\/wp-content\\\/uploads\\\/2025\\\/10\\\/6561204_0-2.jpg\",\"contentUrl\":\"https:\\\/\\\/mueble4you.com\\\/wp-content\\\/uploads\\\/2025\\\/10\\\/6561204_0-2.jpg\",\"width\":1150,\"height\":1255},{\"@type\":\"BreadcrumbList\",\"@id\":\"https:\\\/\\\/mueble4you.com\\\/fr\\\/productos\\\/cuadro-oleo-berna-bahia\\\/#breadcrumb\",\"itemListElement\":[{\"@type\":\"ListItem\",\"position\":1,\"name\":\"Portada\",\"item\":\"https:\\\/\\\/mueble4you.com\\\/fr\\\/\"},{\"@type\":\"ListItem\",\"position\":2,\"name\":\"Productos\",\"item\":\"https:\\\/\\\/mueble4you.com\\\/productos\\\/\"},{\"@type\":\"ListItem\",\"position\":3,\"name\":\"Peinture \u00e0 l&#8217;huile : Baie de Berne.\"}]},{\"@type\":\"WebSite\",\"@id\":\"https:\\\/\\\/mueble4you.com\\\/#website\",\"url\":\"https:\\\/\\\/mueble4you.com\\\/\",\"name\":\"mueble4you\",\"description\":\"Meubles \u00e0 Tenerife\",\"potentialAction\":[{\"@type\":\"SearchAction\",\"target\":{\"@type\":\"EntryPoint\",\"urlTemplate\":\"https:\\\/\\\/mueble4you.com\\\/?s={search_term_string}\"},\"query-input\":{\"@type\":\"PropertyValueSpecification\",\"valueRequired\":true,\"valueName\":\"search_term_string\"}}],\"inLanguage\":\"fr-FR\"}]}<\/script>\n<!-- \/ Yoast SEO plugin. -->","yoast_head_json":{"title":"Peinture \u00e0 l'huile : Baie de Berne. | mueble4you","robots":{"index":"index","follow":"follow","max-snippet":"max-snippet:-1","max-image-preview":"max-image-preview:large","max-video-preview":"max-video-preview:-1"},"canonical":"https:\/\/mueble4you.com\/fr\/productos\/cuadro-oleo-berna-bahia\/","og_locale":"fr_FR","og_type":"article","og_title":"Peinture \u00e0 l'huile : Baie de Berne. | mueble4you","og_description":"Mat\u00e9riaux : Cadre en PS \/ Toile en polyester \/ Ch\u00e2ssis en pin. Dimensions : 180 x 5 x 120 cm. Information : Peint \u00e0 la main. Information 1 : Syst\u00e8me de fixation inclus, permettant diff\u00e9rentes positions. Information 2 : Nettoyer avec un chiffon sec.","og_url":"https:\/\/mueble4you.com\/fr\/productos\/cuadro-oleo-berna-bahia\/","og_site_name":"mueble4you","article_modified_time":"2025-10-30T13:21:44+00:00","og_image":[{"width":1150,"height":1255,"url":"https:\/\/mueble4you.com\/wp-content\/uploads\/2025\/10\/6561204_0-2.jpg","type":"image\/jpeg"}],"twitter_card":"summary_large_image","schema":{"@context":"https:\/\/schema.org","@graph":[{"@type":"WebPage","@id":"https:\/\/mueble4you.com\/fr\/productos\/cuadro-oleo-berna-bahia\/","url":"https:\/\/mueble4you.com\/fr\/productos\/cuadro-oleo-berna-bahia\/","name":"Peinture \u00e0 l'huile : Baie de Berne. | mueble4you","isPartOf":{"@id":"https:\/\/mueble4you.com\/#website"},"primaryImageOfPage":{"@id":"https:\/\/mueble4you.com\/fr\/productos\/cuadro-oleo-berna-bahia\/#primaryimage"},"image":{"@id":"https:\/\/mueble4you.com\/fr\/productos\/cuadro-oleo-berna-bahia\/#primaryimage"},"thumbnailUrl":"https:\/\/mueble4you.com\/wp-content\/uploads\/2025\/10\/6561204_0-2.jpg","datePublished":"2025-10-22T13:27:57+00:00","dateModified":"2025-10-30T13:21:44+00:00","breadcrumb":{"@id":"https:\/\/mueble4you.com\/fr\/productos\/cuadro-oleo-berna-bahia\/#breadcrumb"},"inLanguage":"fr-FR","potentialAction":[{"@type":"ReadAction","target":["https:\/\/mueble4you.com\/fr\/productos\/cuadro-oleo-berna-bahia\/"]}]},{"@type":"ImageObject","inLanguage":"fr-FR","@id":"https:\/\/mueble4you.com\/fr\/productos\/cuadro-oleo-berna-bahia\/#primaryimage","url":"https:\/\/mueble4you.com\/wp-content\/uploads\/2025\/10\/6561204_0-2.jpg","contentUrl":"https:\/\/mueble4you.com\/wp-content\/uploads\/2025\/10\/6561204_0-2.jpg","width":1150,"height":1255},{"@type":"BreadcrumbList","@id":"https:\/\/mueble4you.com\/fr\/productos\/cuadro-oleo-berna-bahia\/#breadcrumb","itemListElement":[{"@type":"ListItem","position":1,"name":"Portada","item":"https:\/\/mueble4you.com\/fr\/"},{"@type":"ListItem","position":2,"name":"Productos","item":"https:\/\/mueble4you.com\/productos\/"},{"@type":"ListItem","position":3,"name":"Peinture \u00e0 l&#8217;huile : Baie de Berne."}]},{"@type":"WebSite","@id":"https:\/\/mueble4you.com\/#website","url":"https:\/\/mueble4you.com\/","name":"mueble4you","description":"Meubles \u00e0 Tenerife","potentialAction":[{"@type":"SearchAction","target":{"@type":"EntryPoint","urlTemplate":"https:\/\/mueble4you.com\/?s={search_term_string}"},"query-input":{"@type":"PropertyValueSpecification","valueRequired":true,"valueName":"search_term_string"}}],"inLanguage":"fr-FR"}]}},"_links":{"self":[{"href":"https:\/\/mueble4you.com\/fr\/wp-json\/wp\/v2\/product\/85393","targetHints":{"allow":["GET"]}}],"collection":[{"href":"https:\/\/mueble4you.com\/fr\/wp-json\/wp\/v2\/product"}],"about":[{"href":"https:\/\/mueble4you.com\/fr\/wp-json\/wp\/v2\/types\/product"}],"wp:featuredmedia":[{"embeddable":true,"href":"https:\/\/mueble4you.com\/fr\/wp-json\/wp\/v2\/media\/85384"}],"wp:attachment":[{"href":"https:\/\/mueble4you.com\/fr\/wp-json\/wp\/v2\/media?parent=85393"}],"wp:term":[{"taxonomy":"product_brand","embeddable":true,"href":"https:\/\/mueble4you.com\/fr\/wp-json\/wp\/v2\/product_brand?post=85393"},{"taxonomy":"product_cat","embeddable":true,"href":"https:\/\/mueble4you.com\/fr\/wp-json\/wp\/v2\/product_cat?post=85393"},{"taxonomy":"product_tag","embeddable":true,"href":"https:\/\/mueble4you.com\/fr\/wp-json\/wp\/v2\/product_tag?post=85393"}],"curies":[{"name":"wp","href":"https:\/\/api.w.org\/{rel}","templated":true}]}}