{"id":8497,"date":"2018-03-29T12:56:25","date_gmt":"2018-03-29T12:56:25","guid":{"rendered":"http:\/\/mueble4you.com\/productos\/silvia-set\/"},"modified":"2020-04-28T14:35:54","modified_gmt":"2020-04-28T14:35:54","slug":"silvia-ensemble-exterieur","status":"publish","type":"product","link":"https:\/\/mueble4you.com\/fr\/productos\/silvia-ensemble-exterieur\/","title":{"rendered":"Silvia, Ensemble ext\u00e9rieur"},"content":{"rendered":"<p>Ensemble ext\u00e9rieur, cadre en aluminium, osier semi-rond, accoudoirs et dessus de table avec 5mm compl\u00e8tement rond en osier, coussins de si\u00e8ge de 10 cm d\u2019\u00e9paisseur, tapisserie en polyester et coussins arri\u00e8re en coton, comprend, canap\u00e9 biplace, deux fauteuils monoplace, deux bouff\u00e9es, et une table haute avec verre tremp\u00e9 sur le rotin, disponible en gris et brun.<\/p>\n","protected":false},"excerpt":{"rendered":"<p>Ensemble ext\u00e9rieur, cadre en aluminium, osier semi-rond, accoudoirs et dessus de table avec 5mm compl\u00e8tement rond en osier, coussins de si\u00e8ge de 10 cm d\u2019\u00e9paisseur, tapisserie en polyester et coussins arri\u00e8re en coton, comprend, canap\u00e9 biplace, deux fauteuils monoplace, deux bouff\u00e9es, et une table haute avec verre tremp\u00e9 sur le rotin, disponible en gris et [&#8230;]\n","protected":false},"featured_media":11235,"template":"","meta":[],"product_brand":[],"product_cat":[312,304],"product_tag":[],"class_list":{"0":"post-8497","1":"product","2":"type-product","3":"status-publish","4":"has-post-thumbnail","6":"product_cat-ensemble-de-sofas-et-de-tables","7":"product_cat-jardin-et-exterieur","9":"first","10":"instock","11":"shipping-taxable","12":"product-type-simple"},"yoast_head":"<!-- This site is optimized with the Yoast SEO plugin v27.2 - https:\/\/yoast.com\/product\/yoast-seo-wordpress\/ -->\n<title>Silvia, Ensemble ext\u00e9rieur | mueble4you<\/title>\n<meta name=\"robots\" content=\"index, follow, max-snippet:-1, max-image-preview:large, max-video-preview:-1\" \/>\n<link rel=\"canonical\" href=\"https:\/\/mueble4you.com\/fr\/productos\/silvia-ensemble-exterieur\/\" \/>\n<meta property=\"og:locale\" content=\"fr_FR\" \/>\n<meta property=\"og:type\" content=\"article\" \/>\n<meta property=\"og:title\" content=\"Silvia, Ensemble ext\u00e9rieur | mueble4you\" \/>\n<meta property=\"og:description\" content=\"Ensemble ext\u00e9rieur, cadre en aluminium, osier semi-rond, accoudoirs et dessus de table avec 5mm compl\u00e8tement rond en osier, coussins de si\u00e8ge de 10 cm d\u2019\u00e9paisseur, tapisserie en polyester et coussins arri\u00e8re en coton, comprend, canap\u00e9 biplace, deux fauteuils monoplace, deux bouff\u00e9es, et une table haute avec verre tremp\u00e9 sur le rotin, disponible en gris et [...]\" \/>\n<meta property=\"og:url\" content=\"https:\/\/mueble4you.com\/fr\/productos\/silvia-ensemble-exterieur\/\" \/>\n<meta property=\"og:site_name\" content=\"mueble4you\" \/>\n<meta property=\"article:modified_time\" content=\"2020-04-28T14:35:54+00:00\" \/>\n<meta property=\"og:image\" content=\"https:\/\/mueble4you.com\/wp-content\/uploads\/2018\/03\/GCV16017V-6C-Copy.jpg\" \/>\n\t<meta property=\"og:image:width\" content=\"640\" \/>\n\t<meta property=\"og:image:height\" content=\"462\" \/>\n\t<meta property=\"og:image:type\" content=\"image\/jpeg\" \/>\n<meta name=\"twitter:card\" content=\"summary_large_image\" \/>\n<script type=\"application\/ld+json\" class=\"yoast-schema-graph\">{\"@context\":\"https:\/\/schema.org\",\"@graph\":[{\"@type\":\"WebPage\",\"@id\":\"https:\/\/mueble4you.com\/fr\/productos\/silvia-ensemble-exterieur\/\",\"url\":\"https:\/\/mueble4you.com\/fr\/productos\/silvia-ensemble-exterieur\/\",\"name\":\"Silvia, Ensemble ext\u00e9rieur | mueble4you\",\"isPartOf\":{\"@id\":\"https:\/\/mueble4you.com\/#website\"},\"primaryImageOfPage\":{\"@id\":\"https:\/\/mueble4you.com\/fr\/productos\/silvia-ensemble-exterieur\/#primaryimage\"},\"image\":{\"@id\":\"https:\/\/mueble4you.com\/fr\/productos\/silvia-ensemble-exterieur\/#primaryimage\"},\"thumbnailUrl\":\"https:\/\/mueble4you.com\/wp-content\/uploads\/2018\/03\/GCV16017V-6C-Copy.jpg\",\"datePublished\":\"2018-03-29T12:56:25+00:00\",\"dateModified\":\"2020-04-28T14:35:54+00:00\",\"breadcrumb\":{\"@id\":\"https:\/\/mueble4you.com\/fr\/productos\/silvia-ensemble-exterieur\/#breadcrumb\"},\"inLanguage\":\"fr-FR\",\"potentialAction\":[{\"@type\":\"ReadAction\",\"target\":[\"https:\/\/mueble4you.com\/fr\/productos\/silvia-ensemble-exterieur\/\"]}]},{\"@type\":\"ImageObject\",\"inLanguage\":\"fr-FR\",\"@id\":\"https:\/\/mueble4you.com\/fr\/productos\/silvia-ensemble-exterieur\/#primaryimage\",\"url\":\"https:\/\/mueble4you.com\/wp-content\/uploads\/2018\/03\/GCV16017V-6C-Copy.jpg\",\"contentUrl\":\"https:\/\/mueble4you.com\/wp-content\/uploads\/2018\/03\/GCV16017V-6C-Copy.jpg\",\"width\":640,\"height\":462},{\"@type\":\"BreadcrumbList\",\"@id\":\"https:\/\/mueble4you.com\/fr\/productos\/silvia-ensemble-exterieur\/#breadcrumb\",\"itemListElement\":[{\"@type\":\"ListItem\",\"position\":1,\"name\":\"Portada\",\"item\":\"https:\/\/mueble4you.com\/fr\/\"},{\"@type\":\"ListItem\",\"position\":2,\"name\":\"Productos\",\"item\":\"https:\/\/mueble4you.com\/productos\/\"},{\"@type\":\"ListItem\",\"position\":3,\"name\":\"Silvia, Ensemble ext\u00e9rieur\"}]},{\"@type\":\"WebSite\",\"@id\":\"https:\/\/mueble4you.com\/#website\",\"url\":\"https:\/\/mueble4you.com\/\",\"name\":\"mueble4you\",\"description\":\"Meubles \u00e0 Tenerife\",\"potentialAction\":[{\"@type\":\"SearchAction\",\"target\":{\"@type\":\"EntryPoint\",\"urlTemplate\":\"https:\/\/mueble4you.com\/?s={search_term_string}\"},\"query-input\":{\"@type\":\"PropertyValueSpecification\",\"valueRequired\":true,\"valueName\":\"search_term_string\"}}],\"inLanguage\":\"fr-FR\"}]}<\/script>\n<!-- \/ Yoast SEO plugin. -->","yoast_head_json":{"title":"Silvia, Ensemble ext\u00e9rieur | mueble4you","robots":{"index":"index","follow":"follow","max-snippet":"max-snippet:-1","max-image-preview":"max-image-preview:large","max-video-preview":"max-video-preview:-1"},"canonical":"https:\/\/mueble4you.com\/fr\/productos\/silvia-ensemble-exterieur\/","og_locale":"fr_FR","og_type":"article","og_title":"Silvia, Ensemble ext\u00e9rieur | mueble4you","og_description":"Ensemble ext\u00e9rieur, cadre en aluminium, osier semi-rond, accoudoirs et dessus de table avec 5mm compl\u00e8tement rond en osier, coussins de si\u00e8ge de 10 cm d\u2019\u00e9paisseur, tapisserie en polyester et coussins arri\u00e8re en coton, comprend, canap\u00e9 biplace, deux fauteuils monoplace, deux bouff\u00e9es, et une table haute avec verre tremp\u00e9 sur le rotin, disponible en gris et [...]","og_url":"https:\/\/mueble4you.com\/fr\/productos\/silvia-ensemble-exterieur\/","og_site_name":"mueble4you","article_modified_time":"2020-04-28T14:35:54+00:00","og_image":[{"width":640,"height":462,"url":"https:\/\/mueble4you.com\/wp-content\/uploads\/2018\/03\/GCV16017V-6C-Copy.jpg","type":"image\/jpeg"}],"twitter_card":"summary_large_image","schema":{"@context":"https:\/\/schema.org","@graph":[{"@type":"WebPage","@id":"https:\/\/mueble4you.com\/fr\/productos\/silvia-ensemble-exterieur\/","url":"https:\/\/mueble4you.com\/fr\/productos\/silvia-ensemble-exterieur\/","name":"Silvia, Ensemble ext\u00e9rieur | mueble4you","isPartOf":{"@id":"https:\/\/mueble4you.com\/#website"},"primaryImageOfPage":{"@id":"https:\/\/mueble4you.com\/fr\/productos\/silvia-ensemble-exterieur\/#primaryimage"},"image":{"@id":"https:\/\/mueble4you.com\/fr\/productos\/silvia-ensemble-exterieur\/#primaryimage"},"thumbnailUrl":"https:\/\/mueble4you.com\/wp-content\/uploads\/2018\/03\/GCV16017V-6C-Copy.jpg","datePublished":"2018-03-29T12:56:25+00:00","dateModified":"2020-04-28T14:35:54+00:00","breadcrumb":{"@id":"https:\/\/mueble4you.com\/fr\/productos\/silvia-ensemble-exterieur\/#breadcrumb"},"inLanguage":"fr-FR","potentialAction":[{"@type":"ReadAction","target":["https:\/\/mueble4you.com\/fr\/productos\/silvia-ensemble-exterieur\/"]}]},{"@type":"ImageObject","inLanguage":"fr-FR","@id":"https:\/\/mueble4you.com\/fr\/productos\/silvia-ensemble-exterieur\/#primaryimage","url":"https:\/\/mueble4you.com\/wp-content\/uploads\/2018\/03\/GCV16017V-6C-Copy.jpg","contentUrl":"https:\/\/mueble4you.com\/wp-content\/uploads\/2018\/03\/GCV16017V-6C-Copy.jpg","width":640,"height":462},{"@type":"BreadcrumbList","@id":"https:\/\/mueble4you.com\/fr\/productos\/silvia-ensemble-exterieur\/#breadcrumb","itemListElement":[{"@type":"ListItem","position":1,"name":"Portada","item":"https:\/\/mueble4you.com\/fr\/"},{"@type":"ListItem","position":2,"name":"Productos","item":"https:\/\/mueble4you.com\/productos\/"},{"@type":"ListItem","position":3,"name":"Silvia, Ensemble ext\u00e9rieur"}]},{"@type":"WebSite","@id":"https:\/\/mueble4you.com\/#website","url":"https:\/\/mueble4you.com\/","name":"mueble4you","description":"Meubles \u00e0 Tenerife","potentialAction":[{"@type":"SearchAction","target":{"@type":"EntryPoint","urlTemplate":"https:\/\/mueble4you.com\/?s={search_term_string}"},"query-input":{"@type":"PropertyValueSpecification","valueRequired":true,"valueName":"search_term_string"}}],"inLanguage":"fr-FR"}]}},"_links":{"self":[{"href":"https:\/\/mueble4you.com\/fr\/wp-json\/wp\/v2\/product\/8497","targetHints":{"allow":["GET"]}}],"collection":[{"href":"https:\/\/mueble4you.com\/fr\/wp-json\/wp\/v2\/product"}],"about":[{"href":"https:\/\/mueble4you.com\/fr\/wp-json\/wp\/v2\/types\/product"}],"wp:featuredmedia":[{"embeddable":true,"href":"https:\/\/mueble4you.com\/fr\/wp-json\/wp\/v2\/media\/11235"}],"wp:attachment":[{"href":"https:\/\/mueble4you.com\/fr\/wp-json\/wp\/v2\/media?parent=8497"}],"wp:term":[{"taxonomy":"product_brand","embeddable":true,"href":"https:\/\/mueble4you.com\/fr\/wp-json\/wp\/v2\/product_brand?post=8497"},{"taxonomy":"product_cat","embeddable":true,"href":"https:\/\/mueble4you.com\/fr\/wp-json\/wp\/v2\/product_cat?post=8497"},{"taxonomy":"product_tag","embeddable":true,"href":"https:\/\/mueble4you.com\/fr\/wp-json\/wp\/v2\/product_tag?post=8497"}],"curies":[{"name":"wp","href":"https:\/\/api.w.org\/{rel}","templated":true}]}}