{"id":84031,"date":"2025-08-05T14:31:44","date_gmt":"2025-08-05T14:31:44","guid":{"rendered":"https:\/\/mueble4you.com\/productos\/sofa-elkins\/"},"modified":"2025-08-08T12:08:46","modified_gmt":"2025-08-08T12:08:46","slug":"sofa-elkins","status":"publish","type":"product","link":"https:\/\/mueble4you.com\/fr\/productos\/sofa-elkins\/","title":{"rendered":"CANAP\u00c9 ELKINS."},"content":{"rendered":"<div>Red\u00e9finissez votre espace avec le canap\u00e9 Chesterfield Elkins, un chef-d&rsquo;\u0153uvre d&rsquo;artisanat classique revisit\u00e9 avec une touche contemporaine. Ce canap\u00e9 Chesterfield trois places en cuir, mesurant 215 x 82 x 75 cm, est habill\u00e9 de cuir marron de haute qualit\u00e9, offrant une assise luxueuse et une allure robuste. Sa structure en pin lui conf\u00e8re une robustesse et une durabilit\u00e9 exceptionnelles, tandis que le cuir lui conf\u00e8re une touche d&rsquo;\u00e9l\u00e9gance et de sophistication. Le design Chesterfield intemporel, r\u00e9put\u00e9 pour son matelassage et ses accoudoirs roul\u00e9s, est revisit\u00e9 pour s&rsquo;adapter aux int\u00e9rieurs modernes ou classiques, offrant un confort exceptionnel et un style unique.<\/div>\n<div><\/div>\n<div>Largeur : 215 cm, Profondeur : 82 cm, Hauteur : 75 cm<\/div>\n","protected":false},"excerpt":{"rendered":"<p>Red\u00e9finissez votre espace avec le canap\u00e9 Chesterfield Elkins, un chef-d&rsquo;\u0153uvre d&rsquo;artisanat classique revisit\u00e9 avec une touche contemporaine. Ce canap\u00e9 Chesterfield trois places en cuir, mesurant 215 x 82 x 75 cm, est habill\u00e9 de cuir marron de haute qualit\u00e9, offrant une assise luxueuse et une allure robuste. Sa structure en pin lui conf\u00e8re une robustesse [&#8230;]\n","protected":false},"featured_media":84002,"template":"","meta":[],"product_brand":[],"product_cat":[205,204],"product_tag":[],"class_list":{"0":"post-84031","1":"product","2":"type-product","3":"status-publish","4":"has-post-thumbnail","6":"product_cat-canapes","7":"product_cat-salon","9":"first","10":"instock","11":"shipping-taxable","12":"product-type-simple"},"yoast_head":"<!-- This site is optimized with the Yoast SEO plugin v27.2 - https:\/\/yoast.com\/product\/yoast-seo-wordpress\/ -->\n<title>CANAP\u00c9 ELKINS. | mueble4you<\/title>\n<meta name=\"robots\" content=\"index, follow, max-snippet:-1, max-image-preview:large, max-video-preview:-1\" \/>\n<link rel=\"canonical\" href=\"https:\/\/mueble4you.com\/fr\/productos\/sofa-elkins\/\" \/>\n<meta property=\"og:locale\" content=\"fr_FR\" \/>\n<meta property=\"og:type\" content=\"article\" \/>\n<meta property=\"og:title\" content=\"CANAP\u00c9 ELKINS. | mueble4you\" \/>\n<meta property=\"og:description\" content=\"Red\u00e9finissez votre espace avec le canap\u00e9 Chesterfield Elkins, un chef-d&rsquo;\u0153uvre d&rsquo;artisanat classique revisit\u00e9 avec une touche contemporaine. Ce canap\u00e9 Chesterfield trois places en cuir, mesurant 215 x 82 x 75 cm, est habill\u00e9 de cuir marron de haute qualit\u00e9, offrant une assise luxueuse et une allure robuste. Sa structure en pin lui conf\u00e8re une robustesse [...]\" \/>\n<meta property=\"og:url\" content=\"https:\/\/mueble4you.com\/fr\/productos\/sofa-elkins\/\" \/>\n<meta property=\"og:site_name\" content=\"mueble4you\" \/>\n<meta property=\"article:modified_time\" content=\"2025-08-08T12:08:46+00:00\" \/>\n<meta property=\"og:image\" content=\"https:\/\/mueble4you.com\/wp-content\/uploads\/2025\/08\/sofa-elkins-vical-32007-41021195.jpg\" \/>\n\t<meta property=\"og:image:width\" content=\"1920\" \/>\n\t<meta property=\"og:image:height\" content=\"1920\" \/>\n\t<meta property=\"og:image:type\" content=\"image\/jpeg\" \/>\n<meta name=\"twitter:card\" content=\"summary_large_image\" \/>\n<meta name=\"twitter:label1\" content=\"Dur\u00e9e de lecture estim\u00e9e\" \/>\n\t<meta name=\"twitter:data1\" content=\"1 minute\" \/>\n<script type=\"application\/ld+json\" class=\"yoast-schema-graph\">{\"@context\":\"https:\/\/schema.org\",\"@graph\":[{\"@type\":\"WebPage\",\"@id\":\"https:\/\/mueble4you.com\/fr\/productos\/sofa-elkins\/\",\"url\":\"https:\/\/mueble4you.com\/fr\/productos\/sofa-elkins\/\",\"name\":\"CANAP\u00c9 ELKINS. | mueble4you\",\"isPartOf\":{\"@id\":\"https:\/\/mueble4you.com\/#website\"},\"primaryImageOfPage\":{\"@id\":\"https:\/\/mueble4you.com\/fr\/productos\/sofa-elkins\/#primaryimage\"},\"image\":{\"@id\":\"https:\/\/mueble4you.com\/fr\/productos\/sofa-elkins\/#primaryimage\"},\"thumbnailUrl\":\"https:\/\/mueble4you.com\/wp-content\/uploads\/2025\/08\/sofa-elkins-vical-32007-41021195.jpg\",\"datePublished\":\"2025-08-05T14:31:44+00:00\",\"dateModified\":\"2025-08-08T12:08:46+00:00\",\"breadcrumb\":{\"@id\":\"https:\/\/mueble4you.com\/fr\/productos\/sofa-elkins\/#breadcrumb\"},\"inLanguage\":\"fr-FR\",\"potentialAction\":[{\"@type\":\"ReadAction\",\"target\":[\"https:\/\/mueble4you.com\/fr\/productos\/sofa-elkins\/\"]}]},{\"@type\":\"ImageObject\",\"inLanguage\":\"fr-FR\",\"@id\":\"https:\/\/mueble4you.com\/fr\/productos\/sofa-elkins\/#primaryimage\",\"url\":\"https:\/\/mueble4you.com\/wp-content\/uploads\/2025\/08\/sofa-elkins-vical-32007-41021195.jpg\",\"contentUrl\":\"https:\/\/mueble4you.com\/wp-content\/uploads\/2025\/08\/sofa-elkins-vical-32007-41021195.jpg\",\"width\":1920,\"height\":1920},{\"@type\":\"BreadcrumbList\",\"@id\":\"https:\/\/mueble4you.com\/fr\/productos\/sofa-elkins\/#breadcrumb\",\"itemListElement\":[{\"@type\":\"ListItem\",\"position\":1,\"name\":\"Portada\",\"item\":\"https:\/\/mueble4you.com\/fr\/\"},{\"@type\":\"ListItem\",\"position\":2,\"name\":\"Productos\",\"item\":\"https:\/\/mueble4you.com\/productos\/\"},{\"@type\":\"ListItem\",\"position\":3,\"name\":\"CANAP\u00c9 ELKINS.\"}]},{\"@type\":\"WebSite\",\"@id\":\"https:\/\/mueble4you.com\/#website\",\"url\":\"https:\/\/mueble4you.com\/\",\"name\":\"mueble4you\",\"description\":\"Meubles \u00e0 Tenerife\",\"potentialAction\":[{\"@type\":\"SearchAction\",\"target\":{\"@type\":\"EntryPoint\",\"urlTemplate\":\"https:\/\/mueble4you.com\/?s={search_term_string}\"},\"query-input\":{\"@type\":\"PropertyValueSpecification\",\"valueRequired\":true,\"valueName\":\"search_term_string\"}}],\"inLanguage\":\"fr-FR\"}]}<\/script>\n<!-- \/ Yoast SEO plugin. -->","yoast_head_json":{"title":"CANAP\u00c9 ELKINS. | mueble4you","robots":{"index":"index","follow":"follow","max-snippet":"max-snippet:-1","max-image-preview":"max-image-preview:large","max-video-preview":"max-video-preview:-1"},"canonical":"https:\/\/mueble4you.com\/fr\/productos\/sofa-elkins\/","og_locale":"fr_FR","og_type":"article","og_title":"CANAP\u00c9 ELKINS. | mueble4you","og_description":"Red\u00e9finissez votre espace avec le canap\u00e9 Chesterfield Elkins, un chef-d&rsquo;\u0153uvre d&rsquo;artisanat classique revisit\u00e9 avec une touche contemporaine. Ce canap\u00e9 Chesterfield trois places en cuir, mesurant 215 x 82 x 75 cm, est habill\u00e9 de cuir marron de haute qualit\u00e9, offrant une assise luxueuse et une allure robuste. Sa structure en pin lui conf\u00e8re une robustesse [...]","og_url":"https:\/\/mueble4you.com\/fr\/productos\/sofa-elkins\/","og_site_name":"mueble4you","article_modified_time":"2025-08-08T12:08:46+00:00","og_image":[{"width":1920,"height":1920,"url":"https:\/\/mueble4you.com\/wp-content\/uploads\/2025\/08\/sofa-elkins-vical-32007-41021195.jpg","type":"image\/jpeg"}],"twitter_card":"summary_large_image","twitter_misc":{"Dur\u00e9e de lecture estim\u00e9e":"1 minute"},"schema":{"@context":"https:\/\/schema.org","@graph":[{"@type":"WebPage","@id":"https:\/\/mueble4you.com\/fr\/productos\/sofa-elkins\/","url":"https:\/\/mueble4you.com\/fr\/productos\/sofa-elkins\/","name":"CANAP\u00c9 ELKINS. | mueble4you","isPartOf":{"@id":"https:\/\/mueble4you.com\/#website"},"primaryImageOfPage":{"@id":"https:\/\/mueble4you.com\/fr\/productos\/sofa-elkins\/#primaryimage"},"image":{"@id":"https:\/\/mueble4you.com\/fr\/productos\/sofa-elkins\/#primaryimage"},"thumbnailUrl":"https:\/\/mueble4you.com\/wp-content\/uploads\/2025\/08\/sofa-elkins-vical-32007-41021195.jpg","datePublished":"2025-08-05T14:31:44+00:00","dateModified":"2025-08-08T12:08:46+00:00","breadcrumb":{"@id":"https:\/\/mueble4you.com\/fr\/productos\/sofa-elkins\/#breadcrumb"},"inLanguage":"fr-FR","potentialAction":[{"@type":"ReadAction","target":["https:\/\/mueble4you.com\/fr\/productos\/sofa-elkins\/"]}]},{"@type":"ImageObject","inLanguage":"fr-FR","@id":"https:\/\/mueble4you.com\/fr\/productos\/sofa-elkins\/#primaryimage","url":"https:\/\/mueble4you.com\/wp-content\/uploads\/2025\/08\/sofa-elkins-vical-32007-41021195.jpg","contentUrl":"https:\/\/mueble4you.com\/wp-content\/uploads\/2025\/08\/sofa-elkins-vical-32007-41021195.jpg","width":1920,"height":1920},{"@type":"BreadcrumbList","@id":"https:\/\/mueble4you.com\/fr\/productos\/sofa-elkins\/#breadcrumb","itemListElement":[{"@type":"ListItem","position":1,"name":"Portada","item":"https:\/\/mueble4you.com\/fr\/"},{"@type":"ListItem","position":2,"name":"Productos","item":"https:\/\/mueble4you.com\/productos\/"},{"@type":"ListItem","position":3,"name":"CANAP\u00c9 ELKINS."}]},{"@type":"WebSite","@id":"https:\/\/mueble4you.com\/#website","url":"https:\/\/mueble4you.com\/","name":"mueble4you","description":"Meubles \u00e0 Tenerife","potentialAction":[{"@type":"SearchAction","target":{"@type":"EntryPoint","urlTemplate":"https:\/\/mueble4you.com\/?s={search_term_string}"},"query-input":{"@type":"PropertyValueSpecification","valueRequired":true,"valueName":"search_term_string"}}],"inLanguage":"fr-FR"}]}},"_links":{"self":[{"href":"https:\/\/mueble4you.com\/fr\/wp-json\/wp\/v2\/product\/84031","targetHints":{"allow":["GET"]}}],"collection":[{"href":"https:\/\/mueble4you.com\/fr\/wp-json\/wp\/v2\/product"}],"about":[{"href":"https:\/\/mueble4you.com\/fr\/wp-json\/wp\/v2\/types\/product"}],"wp:featuredmedia":[{"embeddable":true,"href":"https:\/\/mueble4you.com\/fr\/wp-json\/wp\/v2\/media\/84002"}],"wp:attachment":[{"href":"https:\/\/mueble4you.com\/fr\/wp-json\/wp\/v2\/media?parent=84031"}],"wp:term":[{"taxonomy":"product_brand","embeddable":true,"href":"https:\/\/mueble4you.com\/fr\/wp-json\/wp\/v2\/product_brand?post=84031"},{"taxonomy":"product_cat","embeddable":true,"href":"https:\/\/mueble4you.com\/fr\/wp-json\/wp\/v2\/product_cat?post=84031"},{"taxonomy":"product_tag","embeddable":true,"href":"https:\/\/mueble4you.com\/fr\/wp-json\/wp\/v2\/product_tag?post=84031"}],"curies":[{"name":"wp","href":"https:\/\/api.w.org\/{rel}","templated":true}]}}