{"id":83935,"date":"2025-08-05T13:58:55","date_gmt":"2025-08-05T13:58:55","guid":{"rendered":"https:\/\/mueble4you.com\/productos\/sillon-elkins\/"},"modified":"2025-08-05T13:58:55","modified_gmt":"2025-08-05T13:58:55","slug":"sillon-elkins","status":"publish","type":"product","link":"https:\/\/mueble4you.com\/fr\/productos\/sillon-elkins\/","title":{"rendered":"SILL\u00d3N ELKINS"},"content":{"rendered":"<p>El Sill\u00f3n Elkins, evoca un dise\u00f1o cl\u00e1sico con un giro moderno. Inspirado en el famoso estilo \u00ab\u00a0Egg\u00a0\u00bb de Arne Jacobsen, este sill\u00f3n combina una estructura de hierro s\u00f3lido con suaves acabados en piel marr\u00f3n, ofreciendo una pieza que destaca en cualquier habitaci\u00f3n. Sus dimensiones de 76x81x106cm lo hacen el lugar ideal para relajarse, leer un libro o disfrutar de una tranquila tarde. Su robustez y elegante dise\u00f1o aseguran que este sill\u00f3n huevo en piel marr\u00f3n sea una pieza central en tu hogar durante muchos a\u00f1os.<\/p>\n<p><b>Ancho:<\/b>\u00a076cm ,\u00a0<b>Fondo:<\/b>\u00a081cm ,\u00a0<b>Alto:<\/b>\u00a0106cm<\/p>\n","protected":false},"excerpt":{"rendered":"<p>El Sill\u00f3n Elkins, evoca un dise\u00f1o cl\u00e1sico con un giro moderno. Inspirado en el famoso estilo \u00ab\u00a0Egg\u00a0\u00bb de Arne Jacobsen, este sill\u00f3n combina una estructura de hierro s\u00f3lido con suaves acabados en piel marr\u00f3n, ofreciendo una pieza que destaca en cualquier habitaci\u00f3n. Sus dimensiones de 76x81x106cm lo hacen el lugar ideal para relajarse, leer un [&#8230;]\n","protected":false},"featured_media":83916,"template":"","meta":[],"product_brand":[],"product_cat":[364,204],"product_tag":[],"class_list":{"0":"post-83935","1":"product","2":"type-product","3":"status-publish","4":"has-post-thumbnail","6":"product_cat-fauteuil","7":"product_cat-salon","9":"first","10":"instock","11":"shipping-taxable","12":"product-type-simple"},"yoast_head":"<!-- This site is optimized with the Yoast SEO plugin v27.2 - https:\/\/yoast.com\/product\/yoast-seo-wordpress\/ -->\n<title>SILL\u00d3N ELKINS | mueble4you<\/title>\n<meta name=\"robots\" content=\"index, follow, max-snippet:-1, max-image-preview:large, max-video-preview:-1\" \/>\n<link rel=\"canonical\" href=\"https:\/\/mueble4you.com\/fr\/productos\/sillon-elkins\/\" \/>\n<meta property=\"og:locale\" content=\"fr_FR\" \/>\n<meta property=\"og:type\" content=\"article\" \/>\n<meta property=\"og:title\" content=\"SILL\u00d3N ELKINS | mueble4you\" \/>\n<meta property=\"og:description\" content=\"El Sill\u00f3n Elkins, evoca un dise\u00f1o cl\u00e1sico con un giro moderno. Inspirado en el famoso estilo \u00ab\u00a0Egg\u00a0\u00bb de Arne Jacobsen, este sill\u00f3n combina una estructura de hierro s\u00f3lido con suaves acabados en piel marr\u00f3n, ofreciendo una pieza que destaca en cualquier habitaci\u00f3n. Sus dimensiones de 76x81x106cm lo hacen el lugar ideal para relajarse, leer un [...]\" \/>\n<meta property=\"og:url\" content=\"https:\/\/mueble4you.com\/fr\/productos\/sillon-elkins\/\" \/>\n<meta property=\"og:site_name\" content=\"mueble4you\" \/>\n<meta property=\"og:image\" content=\"https:\/\/mueble4you.com\/wp-content\/uploads\/2025\/08\/sillon-elkins-vical-32009-41021212.jpg\" \/>\n\t<meta property=\"og:image:width\" content=\"1920\" \/>\n\t<meta property=\"og:image:height\" content=\"1920\" \/>\n\t<meta property=\"og:image:type\" content=\"image\/jpeg\" \/>\n<meta name=\"twitter:card\" content=\"summary_large_image\" \/>\n<meta name=\"twitter:label1\" content=\"Dur\u00e9e de lecture estim\u00e9e\" \/>\n\t<meta name=\"twitter:data1\" content=\"1 minute\" \/>\n<script type=\"application\/ld+json\" class=\"yoast-schema-graph\">{\"@context\":\"https:\/\/schema.org\",\"@graph\":[{\"@type\":\"WebPage\",\"@id\":\"https:\/\/mueble4you.com\/fr\/productos\/sillon-elkins\/\",\"url\":\"https:\/\/mueble4you.com\/fr\/productos\/sillon-elkins\/\",\"name\":\"SILL\u00d3N ELKINS | mueble4you\",\"isPartOf\":{\"@id\":\"https:\/\/mueble4you.com\/#website\"},\"primaryImageOfPage\":{\"@id\":\"https:\/\/mueble4you.com\/fr\/productos\/sillon-elkins\/#primaryimage\"},\"image\":{\"@id\":\"https:\/\/mueble4you.com\/fr\/productos\/sillon-elkins\/#primaryimage\"},\"thumbnailUrl\":\"https:\/\/mueble4you.com\/wp-content\/uploads\/2025\/08\/sillon-elkins-vical-32009-41021212.jpg\",\"datePublished\":\"2025-08-05T13:58:55+00:00\",\"breadcrumb\":{\"@id\":\"https:\/\/mueble4you.com\/fr\/productos\/sillon-elkins\/#breadcrumb\"},\"inLanguage\":\"fr-FR\",\"potentialAction\":[{\"@type\":\"ReadAction\",\"target\":[\"https:\/\/mueble4you.com\/fr\/productos\/sillon-elkins\/\"]}]},{\"@type\":\"ImageObject\",\"inLanguage\":\"fr-FR\",\"@id\":\"https:\/\/mueble4you.com\/fr\/productos\/sillon-elkins\/#primaryimage\",\"url\":\"https:\/\/mueble4you.com\/wp-content\/uploads\/2025\/08\/sillon-elkins-vical-32009-41021212.jpg\",\"contentUrl\":\"https:\/\/mueble4you.com\/wp-content\/uploads\/2025\/08\/sillon-elkins-vical-32009-41021212.jpg\",\"width\":1920,\"height\":1920},{\"@type\":\"BreadcrumbList\",\"@id\":\"https:\/\/mueble4you.com\/fr\/productos\/sillon-elkins\/#breadcrumb\",\"itemListElement\":[{\"@type\":\"ListItem\",\"position\":1,\"name\":\"Portada\",\"item\":\"https:\/\/mueble4you.com\/fr\/\"},{\"@type\":\"ListItem\",\"position\":2,\"name\":\"Productos\",\"item\":\"https:\/\/mueble4you.com\/productos\/\"},{\"@type\":\"ListItem\",\"position\":3,\"name\":\"SILL\u00d3N ELKINS\"}]},{\"@type\":\"WebSite\",\"@id\":\"https:\/\/mueble4you.com\/#website\",\"url\":\"https:\/\/mueble4you.com\/\",\"name\":\"mueble4you\",\"description\":\"Meubles \u00e0 Tenerife\",\"potentialAction\":[{\"@type\":\"SearchAction\",\"target\":{\"@type\":\"EntryPoint\",\"urlTemplate\":\"https:\/\/mueble4you.com\/?s={search_term_string}\"},\"query-input\":{\"@type\":\"PropertyValueSpecification\",\"valueRequired\":true,\"valueName\":\"search_term_string\"}}],\"inLanguage\":\"fr-FR\"}]}<\/script>\n<!-- \/ Yoast SEO plugin. -->","yoast_head_json":{"title":"SILL\u00d3N ELKINS | mueble4you","robots":{"index":"index","follow":"follow","max-snippet":"max-snippet:-1","max-image-preview":"max-image-preview:large","max-video-preview":"max-video-preview:-1"},"canonical":"https:\/\/mueble4you.com\/fr\/productos\/sillon-elkins\/","og_locale":"fr_FR","og_type":"article","og_title":"SILL\u00d3N ELKINS | mueble4you","og_description":"El Sill\u00f3n Elkins, evoca un dise\u00f1o cl\u00e1sico con un giro moderno. Inspirado en el famoso estilo \u00ab\u00a0Egg\u00a0\u00bb de Arne Jacobsen, este sill\u00f3n combina una estructura de hierro s\u00f3lido con suaves acabados en piel marr\u00f3n, ofreciendo una pieza que destaca en cualquier habitaci\u00f3n. Sus dimensiones de 76x81x106cm lo hacen el lugar ideal para relajarse, leer un [...]","og_url":"https:\/\/mueble4you.com\/fr\/productos\/sillon-elkins\/","og_site_name":"mueble4you","og_image":[{"width":1920,"height":1920,"url":"https:\/\/mueble4you.com\/wp-content\/uploads\/2025\/08\/sillon-elkins-vical-32009-41021212.jpg","type":"image\/jpeg"}],"twitter_card":"summary_large_image","twitter_misc":{"Dur\u00e9e de lecture estim\u00e9e":"1 minute"},"schema":{"@context":"https:\/\/schema.org","@graph":[{"@type":"WebPage","@id":"https:\/\/mueble4you.com\/fr\/productos\/sillon-elkins\/","url":"https:\/\/mueble4you.com\/fr\/productos\/sillon-elkins\/","name":"SILL\u00d3N ELKINS | mueble4you","isPartOf":{"@id":"https:\/\/mueble4you.com\/#website"},"primaryImageOfPage":{"@id":"https:\/\/mueble4you.com\/fr\/productos\/sillon-elkins\/#primaryimage"},"image":{"@id":"https:\/\/mueble4you.com\/fr\/productos\/sillon-elkins\/#primaryimage"},"thumbnailUrl":"https:\/\/mueble4you.com\/wp-content\/uploads\/2025\/08\/sillon-elkins-vical-32009-41021212.jpg","datePublished":"2025-08-05T13:58:55+00:00","breadcrumb":{"@id":"https:\/\/mueble4you.com\/fr\/productos\/sillon-elkins\/#breadcrumb"},"inLanguage":"fr-FR","potentialAction":[{"@type":"ReadAction","target":["https:\/\/mueble4you.com\/fr\/productos\/sillon-elkins\/"]}]},{"@type":"ImageObject","inLanguage":"fr-FR","@id":"https:\/\/mueble4you.com\/fr\/productos\/sillon-elkins\/#primaryimage","url":"https:\/\/mueble4you.com\/wp-content\/uploads\/2025\/08\/sillon-elkins-vical-32009-41021212.jpg","contentUrl":"https:\/\/mueble4you.com\/wp-content\/uploads\/2025\/08\/sillon-elkins-vical-32009-41021212.jpg","width":1920,"height":1920},{"@type":"BreadcrumbList","@id":"https:\/\/mueble4you.com\/fr\/productos\/sillon-elkins\/#breadcrumb","itemListElement":[{"@type":"ListItem","position":1,"name":"Portada","item":"https:\/\/mueble4you.com\/fr\/"},{"@type":"ListItem","position":2,"name":"Productos","item":"https:\/\/mueble4you.com\/productos\/"},{"@type":"ListItem","position":3,"name":"SILL\u00d3N ELKINS"}]},{"@type":"WebSite","@id":"https:\/\/mueble4you.com\/#website","url":"https:\/\/mueble4you.com\/","name":"mueble4you","description":"Meubles \u00e0 Tenerife","potentialAction":[{"@type":"SearchAction","target":{"@type":"EntryPoint","urlTemplate":"https:\/\/mueble4you.com\/?s={search_term_string}"},"query-input":{"@type":"PropertyValueSpecification","valueRequired":true,"valueName":"search_term_string"}}],"inLanguage":"fr-FR"}]}},"_links":{"self":[{"href":"https:\/\/mueble4you.com\/fr\/wp-json\/wp\/v2\/product\/83935","targetHints":{"allow":["GET"]}}],"collection":[{"href":"https:\/\/mueble4you.com\/fr\/wp-json\/wp\/v2\/product"}],"about":[{"href":"https:\/\/mueble4you.com\/fr\/wp-json\/wp\/v2\/types\/product"}],"wp:featuredmedia":[{"embeddable":true,"href":"https:\/\/mueble4you.com\/fr\/wp-json\/wp\/v2\/media\/83916"}],"wp:attachment":[{"href":"https:\/\/mueble4you.com\/fr\/wp-json\/wp\/v2\/media?parent=83935"}],"wp:term":[{"taxonomy":"product_brand","embeddable":true,"href":"https:\/\/mueble4you.com\/fr\/wp-json\/wp\/v2\/product_brand?post=83935"},{"taxonomy":"product_cat","embeddable":true,"href":"https:\/\/mueble4you.com\/fr\/wp-json\/wp\/v2\/product_cat?post=83935"},{"taxonomy":"product_tag","embeddable":true,"href":"https:\/\/mueble4you.com\/fr\/wp-json\/wp\/v2\/product_tag?post=83935"}],"curies":[{"name":"wp","href":"https:\/\/api.w.org\/{rel}","templated":true}]}}