{"id":83885,"date":"2025-08-05T11:45:47","date_gmt":"2025-08-05T11:45:47","guid":{"rendered":"https:\/\/mueble4you.com\/productos\/estanteria-minot\/"},"modified":"2025-08-05T11:45:47","modified_gmt":"2025-08-05T11:45:47","slug":"estanteria-minot","status":"publish","type":"product","link":"https:\/\/mueble4you.com\/fr\/productos\/estanteria-minot\/","title":{"rendered":"ESTANTERIA MINOT"},"content":{"rendered":"<p id=\"product_reference\" class=\"description p_empty\">Transforma tu espacio con la Estanteria Minot . Hecha de madera de olmo con acabado natural, esta pieza de 180x48x231cm es la soluci\u00f3n perfecta para almacenar y exponer con clase. Sus cajones incorporados a\u00f1aden funcionalidad extra, haciendo de la librer\u00eda con cajone Minot una elecci\u00f3n ideal para aquellos que buscan elegancia y practicidad.<\/p>\n<p id=\"product_reference\" class=\"description medidas\"><b>Ancho:<\/b>\u00a0180cm ,\u00a0<b>Fondo:<\/b>\u00a048cm ,\u00a0<b>Alto:<\/b>\u00a0231cm<\/p>\n","protected":false},"excerpt":{"rendered":"<p>Transforma tu espacio con la Estanteria Minot . Hecha de madera de olmo con acabado natural, esta pieza de 180x48x231cm es la soluci\u00f3n perfecta para almacenar y exponer con clase. Sus cajones incorporados a\u00f1aden funcionalidad extra, haciendo de la librer\u00eda con cajone Minot una elecci\u00f3n ideal para aquellos que buscan elegancia y practicidad. Ancho:\u00a0180cm ,\u00a0Fondo:\u00a048cm [&#8230;]\n","protected":false},"featured_media":83871,"template":"","meta":[],"product_brand":[],"product_cat":[528,204],"product_tag":[],"class_list":{"0":"post-83885","1":"product","2":"type-product","3":"status-publish","4":"has-post-thumbnail","6":"product_cat-etageres","7":"product_cat-salon","9":"first","10":"instock","11":"shipping-taxable","12":"product-type-simple"},"yoast_head":"<!-- This site is optimized with the Yoast SEO plugin v27.2 - https:\/\/yoast.com\/product\/yoast-seo-wordpress\/ -->\n<title>ESTANTERIA MINOT | mueble4you<\/title>\n<meta name=\"robots\" content=\"index, follow, max-snippet:-1, max-image-preview:large, max-video-preview:-1\" \/>\n<link rel=\"canonical\" href=\"https:\/\/mueble4you.com\/fr\/productos\/estanteria-minot\/\" \/>\n<meta property=\"og:locale\" content=\"fr_FR\" \/>\n<meta property=\"og:type\" content=\"article\" \/>\n<meta property=\"og:title\" content=\"ESTANTERIA MINOT | mueble4you\" \/>\n<meta property=\"og:description\" content=\"Transforma tu espacio con la Estanteria Minot . Hecha de madera de olmo con acabado natural, esta pieza de 180x48x231cm es la soluci\u00f3n perfecta para almacenar y exponer con clase. Sus cajones incorporados a\u00f1aden funcionalidad extra, haciendo de la librer\u00eda con cajone Minot una elecci\u00f3n ideal para aquellos que buscan elegancia y practicidad. Ancho:\u00a0180cm ,\u00a0Fondo:\u00a048cm [...]\" \/>\n<meta property=\"og:url\" content=\"https:\/\/mueble4you.com\/fr\/productos\/estanteria-minot\/\" \/>\n<meta property=\"og:site_name\" content=\"mueble4you\" \/>\n<meta property=\"og:image\" content=\"https:\/\/mueble4you.com\/wp-content\/uploads\/2025\/08\/estanteria-minot-vical-29453-41019633.jpg\" \/>\n\t<meta property=\"og:image:width\" content=\"1920\" \/>\n\t<meta property=\"og:image:height\" content=\"1920\" \/>\n\t<meta property=\"og:image:type\" content=\"image\/jpeg\" \/>\n<meta name=\"twitter:card\" content=\"summary_large_image\" \/>\n<script type=\"application\/ld+json\" class=\"yoast-schema-graph\">{\"@context\":\"https:\/\/schema.org\",\"@graph\":[{\"@type\":\"WebPage\",\"@id\":\"https:\/\/mueble4you.com\/fr\/productos\/estanteria-minot\/\",\"url\":\"https:\/\/mueble4you.com\/fr\/productos\/estanteria-minot\/\",\"name\":\"ESTANTERIA MINOT | mueble4you\",\"isPartOf\":{\"@id\":\"https:\/\/mueble4you.com\/#website\"},\"primaryImageOfPage\":{\"@id\":\"https:\/\/mueble4you.com\/fr\/productos\/estanteria-minot\/#primaryimage\"},\"image\":{\"@id\":\"https:\/\/mueble4you.com\/fr\/productos\/estanteria-minot\/#primaryimage\"},\"thumbnailUrl\":\"https:\/\/mueble4you.com\/wp-content\/uploads\/2025\/08\/estanteria-minot-vical-29453-41019633.jpg\",\"datePublished\":\"2025-08-05T11:45:47+00:00\",\"breadcrumb\":{\"@id\":\"https:\/\/mueble4you.com\/fr\/productos\/estanteria-minot\/#breadcrumb\"},\"inLanguage\":\"fr-FR\",\"potentialAction\":[{\"@type\":\"ReadAction\",\"target\":[\"https:\/\/mueble4you.com\/fr\/productos\/estanteria-minot\/\"]}]},{\"@type\":\"ImageObject\",\"inLanguage\":\"fr-FR\",\"@id\":\"https:\/\/mueble4you.com\/fr\/productos\/estanteria-minot\/#primaryimage\",\"url\":\"https:\/\/mueble4you.com\/wp-content\/uploads\/2025\/08\/estanteria-minot-vical-29453-41019633.jpg\",\"contentUrl\":\"https:\/\/mueble4you.com\/wp-content\/uploads\/2025\/08\/estanteria-minot-vical-29453-41019633.jpg\",\"width\":1920,\"height\":1920},{\"@type\":\"BreadcrumbList\",\"@id\":\"https:\/\/mueble4you.com\/fr\/productos\/estanteria-minot\/#breadcrumb\",\"itemListElement\":[{\"@type\":\"ListItem\",\"position\":1,\"name\":\"Portada\",\"item\":\"https:\/\/mueble4you.com\/fr\/\"},{\"@type\":\"ListItem\",\"position\":2,\"name\":\"Productos\",\"item\":\"https:\/\/mueble4you.com\/productos\/\"},{\"@type\":\"ListItem\",\"position\":3,\"name\":\"ESTANTERIA MINOT\"}]},{\"@type\":\"WebSite\",\"@id\":\"https:\/\/mueble4you.com\/#website\",\"url\":\"https:\/\/mueble4you.com\/\",\"name\":\"mueble4you\",\"description\":\"Meubles \u00e0 Tenerife\",\"potentialAction\":[{\"@type\":\"SearchAction\",\"target\":{\"@type\":\"EntryPoint\",\"urlTemplate\":\"https:\/\/mueble4you.com\/?s={search_term_string}\"},\"query-input\":{\"@type\":\"PropertyValueSpecification\",\"valueRequired\":true,\"valueName\":\"search_term_string\"}}],\"inLanguage\":\"fr-FR\"}]}<\/script>\n<!-- \/ Yoast SEO plugin. -->","yoast_head_json":{"title":"ESTANTERIA MINOT | mueble4you","robots":{"index":"index","follow":"follow","max-snippet":"max-snippet:-1","max-image-preview":"max-image-preview:large","max-video-preview":"max-video-preview:-1"},"canonical":"https:\/\/mueble4you.com\/fr\/productos\/estanteria-minot\/","og_locale":"fr_FR","og_type":"article","og_title":"ESTANTERIA MINOT | mueble4you","og_description":"Transforma tu espacio con la Estanteria Minot . Hecha de madera de olmo con acabado natural, esta pieza de 180x48x231cm es la soluci\u00f3n perfecta para almacenar y exponer con clase. Sus cajones incorporados a\u00f1aden funcionalidad extra, haciendo de la librer\u00eda con cajone Minot una elecci\u00f3n ideal para aquellos que buscan elegancia y practicidad. Ancho:\u00a0180cm ,\u00a0Fondo:\u00a048cm [...]","og_url":"https:\/\/mueble4you.com\/fr\/productos\/estanteria-minot\/","og_site_name":"mueble4you","og_image":[{"width":1920,"height":1920,"url":"https:\/\/mueble4you.com\/wp-content\/uploads\/2025\/08\/estanteria-minot-vical-29453-41019633.jpg","type":"image\/jpeg"}],"twitter_card":"summary_large_image","schema":{"@context":"https:\/\/schema.org","@graph":[{"@type":"WebPage","@id":"https:\/\/mueble4you.com\/fr\/productos\/estanteria-minot\/","url":"https:\/\/mueble4you.com\/fr\/productos\/estanteria-minot\/","name":"ESTANTERIA MINOT | mueble4you","isPartOf":{"@id":"https:\/\/mueble4you.com\/#website"},"primaryImageOfPage":{"@id":"https:\/\/mueble4you.com\/fr\/productos\/estanteria-minot\/#primaryimage"},"image":{"@id":"https:\/\/mueble4you.com\/fr\/productos\/estanteria-minot\/#primaryimage"},"thumbnailUrl":"https:\/\/mueble4you.com\/wp-content\/uploads\/2025\/08\/estanteria-minot-vical-29453-41019633.jpg","datePublished":"2025-08-05T11:45:47+00:00","breadcrumb":{"@id":"https:\/\/mueble4you.com\/fr\/productos\/estanteria-minot\/#breadcrumb"},"inLanguage":"fr-FR","potentialAction":[{"@type":"ReadAction","target":["https:\/\/mueble4you.com\/fr\/productos\/estanteria-minot\/"]}]},{"@type":"ImageObject","inLanguage":"fr-FR","@id":"https:\/\/mueble4you.com\/fr\/productos\/estanteria-minot\/#primaryimage","url":"https:\/\/mueble4you.com\/wp-content\/uploads\/2025\/08\/estanteria-minot-vical-29453-41019633.jpg","contentUrl":"https:\/\/mueble4you.com\/wp-content\/uploads\/2025\/08\/estanteria-minot-vical-29453-41019633.jpg","width":1920,"height":1920},{"@type":"BreadcrumbList","@id":"https:\/\/mueble4you.com\/fr\/productos\/estanteria-minot\/#breadcrumb","itemListElement":[{"@type":"ListItem","position":1,"name":"Portada","item":"https:\/\/mueble4you.com\/fr\/"},{"@type":"ListItem","position":2,"name":"Productos","item":"https:\/\/mueble4you.com\/productos\/"},{"@type":"ListItem","position":3,"name":"ESTANTERIA MINOT"}]},{"@type":"WebSite","@id":"https:\/\/mueble4you.com\/#website","url":"https:\/\/mueble4you.com\/","name":"mueble4you","description":"Meubles \u00e0 Tenerife","potentialAction":[{"@type":"SearchAction","target":{"@type":"EntryPoint","urlTemplate":"https:\/\/mueble4you.com\/?s={search_term_string}"},"query-input":{"@type":"PropertyValueSpecification","valueRequired":true,"valueName":"search_term_string"}}],"inLanguage":"fr-FR"}]}},"_links":{"self":[{"href":"https:\/\/mueble4you.com\/fr\/wp-json\/wp\/v2\/product\/83885","targetHints":{"allow":["GET"]}}],"collection":[{"href":"https:\/\/mueble4you.com\/fr\/wp-json\/wp\/v2\/product"}],"about":[{"href":"https:\/\/mueble4you.com\/fr\/wp-json\/wp\/v2\/types\/product"}],"wp:featuredmedia":[{"embeddable":true,"href":"https:\/\/mueble4you.com\/fr\/wp-json\/wp\/v2\/media\/83871"}],"wp:attachment":[{"href":"https:\/\/mueble4you.com\/fr\/wp-json\/wp\/v2\/media?parent=83885"}],"wp:term":[{"taxonomy":"product_brand","embeddable":true,"href":"https:\/\/mueble4you.com\/fr\/wp-json\/wp\/v2\/product_brand?post=83885"},{"taxonomy":"product_cat","embeddable":true,"href":"https:\/\/mueble4you.com\/fr\/wp-json\/wp\/v2\/product_cat?post=83885"},{"taxonomy":"product_tag","embeddable":true,"href":"https:\/\/mueble4you.com\/fr\/wp-json\/wp\/v2\/product_tag?post=83885"}],"curies":[{"name":"wp","href":"https:\/\/api.w.org\/{rel}","templated":true}]}}