{"id":83865,"date":"2025-08-05T11:40:39","date_gmt":"2025-08-05T11:40:39","guid":{"rendered":"https:\/\/mueble4you.com\/productos\/mesa-comedor-kalyan\/"},"modified":"2025-08-05T11:46:33","modified_gmt":"2025-08-05T11:46:33","slug":"mesa-comedor-kalyan","status":"publish","type":"product","link":"https:\/\/mueble4you.com\/fr\/productos\/mesa-comedor-kalyan\/","title":{"rendered":"MESA COMEDOR KALYAN"},"content":{"rendered":"<p id=\"product_reference\" class=\"description p_empty\">Presentamos la Mesa de Comedor Kalyan, de 280x112x75cm, un espect\u00e1culo de dise\u00f1o en madera de mango natural envejecido. La mesa de comedor grante tiene un tama\u00f1o que impresiona y acoge, perfecta para reuniones grandes donde compartir y disfrutar se vuelve una experiencia lujosa y confortable.<\/p>\n<p id=\"product_reference\" class=\"description medidas\"><b>Ancho:<\/b>\u00a0280cm ,\u00a0<b>Fondo:<\/b>\u00a0112cm ,\u00a0<b>Alto:<\/b>\u00a075cm<\/p>\n","protected":false},"excerpt":{"rendered":"<p>Presentamos la Mesa de Comedor Kalyan, de 280x112x75cm, un espect\u00e1culo de dise\u00f1o en madera de mango natural envejecido. La mesa de comedor grante tiene un tama\u00f1o que impresiona y acoge, perfecta para reuniones grandes donde compartir y disfrutar se vuelve una experiencia lujosa y confortable. Ancho:\u00a0280cm ,\u00a0Fondo:\u00a0112cm ,\u00a0Alto:\u00a075cm<\/p>\n","protected":false},"featured_media":83851,"template":"","meta":[],"product_brand":[],"product_cat":[199,348],"product_tag":[],"class_list":{"0":"post-83865","1":"product","2":"type-product","3":"status-publish","4":"has-post-thumbnail","6":"product_cat-eaters","7":"product_cat-tables","9":"first","10":"instock","11":"shipping-taxable","12":"product-type-simple"},"yoast_head":"<!-- This site is optimized with the Yoast SEO plugin v27.2 - https:\/\/yoast.com\/product\/yoast-seo-wordpress\/ -->\n<title>MESA COMEDOR KALYAN | mueble4you<\/title>\n<meta name=\"robots\" content=\"index, follow, max-snippet:-1, max-image-preview:large, max-video-preview:-1\" \/>\n<link rel=\"canonical\" href=\"https:\/\/mueble4you.com\/fr\/productos\/mesa-comedor-kalyan\/\" \/>\n<meta property=\"og:locale\" content=\"fr_FR\" \/>\n<meta property=\"og:type\" content=\"article\" \/>\n<meta property=\"og:title\" content=\"MESA COMEDOR KALYAN | mueble4you\" \/>\n<meta property=\"og:description\" content=\"Presentamos la Mesa de Comedor Kalyan, de 280x112x75cm, un espect\u00e1culo de dise\u00f1o en madera de mango natural envejecido. La mesa de comedor grante tiene un tama\u00f1o que impresiona y acoge, perfecta para reuniones grandes donde compartir y disfrutar se vuelve una experiencia lujosa y confortable. Ancho:\u00a0280cm ,\u00a0Fondo:\u00a0112cm ,\u00a0Alto:\u00a075cm\" \/>\n<meta property=\"og:url\" content=\"https:\/\/mueble4you.com\/fr\/productos\/mesa-comedor-kalyan\/\" \/>\n<meta property=\"og:site_name\" content=\"mueble4you\" \/>\n<meta property=\"article:modified_time\" content=\"2025-08-05T11:46:33+00:00\" \/>\n<meta property=\"og:image\" content=\"https:\/\/mueble4you.com\/wp-content\/uploads\/2025\/08\/mesa-comedor-kalyan-vical-28628-41019345.jpg\" \/>\n\t<meta property=\"og:image:width\" content=\"1920\" \/>\n\t<meta property=\"og:image:height\" content=\"1920\" \/>\n\t<meta property=\"og:image:type\" content=\"image\/jpeg\" \/>\n<meta name=\"twitter:card\" content=\"summary_large_image\" \/>\n<script type=\"application\/ld+json\" class=\"yoast-schema-graph\">{\"@context\":\"https:\/\/schema.org\",\"@graph\":[{\"@type\":\"WebPage\",\"@id\":\"https:\/\/mueble4you.com\/fr\/productos\/mesa-comedor-kalyan\/\",\"url\":\"https:\/\/mueble4you.com\/fr\/productos\/mesa-comedor-kalyan\/\",\"name\":\"MESA COMEDOR KALYAN | mueble4you\",\"isPartOf\":{\"@id\":\"https:\/\/mueble4you.com\/#website\"},\"primaryImageOfPage\":{\"@id\":\"https:\/\/mueble4you.com\/fr\/productos\/mesa-comedor-kalyan\/#primaryimage\"},\"image\":{\"@id\":\"https:\/\/mueble4you.com\/fr\/productos\/mesa-comedor-kalyan\/#primaryimage\"},\"thumbnailUrl\":\"https:\/\/mueble4you.com\/wp-content\/uploads\/2025\/08\/mesa-comedor-kalyan-vical-28628-41019345.jpg\",\"datePublished\":\"2025-08-05T11:40:39+00:00\",\"dateModified\":\"2025-08-05T11:46:33+00:00\",\"breadcrumb\":{\"@id\":\"https:\/\/mueble4you.com\/fr\/productos\/mesa-comedor-kalyan\/#breadcrumb\"},\"inLanguage\":\"fr-FR\",\"potentialAction\":[{\"@type\":\"ReadAction\",\"target\":[\"https:\/\/mueble4you.com\/fr\/productos\/mesa-comedor-kalyan\/\"]}]},{\"@type\":\"ImageObject\",\"inLanguage\":\"fr-FR\",\"@id\":\"https:\/\/mueble4you.com\/fr\/productos\/mesa-comedor-kalyan\/#primaryimage\",\"url\":\"https:\/\/mueble4you.com\/wp-content\/uploads\/2025\/08\/mesa-comedor-kalyan-vical-28628-41019345.jpg\",\"contentUrl\":\"https:\/\/mueble4you.com\/wp-content\/uploads\/2025\/08\/mesa-comedor-kalyan-vical-28628-41019345.jpg\",\"width\":1920,\"height\":1920},{\"@type\":\"BreadcrumbList\",\"@id\":\"https:\/\/mueble4you.com\/fr\/productos\/mesa-comedor-kalyan\/#breadcrumb\",\"itemListElement\":[{\"@type\":\"ListItem\",\"position\":1,\"name\":\"Portada\",\"item\":\"https:\/\/mueble4you.com\/fr\/\"},{\"@type\":\"ListItem\",\"position\":2,\"name\":\"Productos\",\"item\":\"https:\/\/mueble4you.com\/productos\/\"},{\"@type\":\"ListItem\",\"position\":3,\"name\":\"MESA COMEDOR KALYAN\"}]},{\"@type\":\"WebSite\",\"@id\":\"https:\/\/mueble4you.com\/#website\",\"url\":\"https:\/\/mueble4you.com\/\",\"name\":\"mueble4you\",\"description\":\"Meubles \u00e0 Tenerife\",\"potentialAction\":[{\"@type\":\"SearchAction\",\"target\":{\"@type\":\"EntryPoint\",\"urlTemplate\":\"https:\/\/mueble4you.com\/?s={search_term_string}\"},\"query-input\":{\"@type\":\"PropertyValueSpecification\",\"valueRequired\":true,\"valueName\":\"search_term_string\"}}],\"inLanguage\":\"fr-FR\"}]}<\/script>\n<!-- \/ Yoast SEO plugin. -->","yoast_head_json":{"title":"MESA COMEDOR KALYAN | mueble4you","robots":{"index":"index","follow":"follow","max-snippet":"max-snippet:-1","max-image-preview":"max-image-preview:large","max-video-preview":"max-video-preview:-1"},"canonical":"https:\/\/mueble4you.com\/fr\/productos\/mesa-comedor-kalyan\/","og_locale":"fr_FR","og_type":"article","og_title":"MESA COMEDOR KALYAN | mueble4you","og_description":"Presentamos la Mesa de Comedor Kalyan, de 280x112x75cm, un espect\u00e1culo de dise\u00f1o en madera de mango natural envejecido. La mesa de comedor grante tiene un tama\u00f1o que impresiona y acoge, perfecta para reuniones grandes donde compartir y disfrutar se vuelve una experiencia lujosa y confortable. Ancho:\u00a0280cm ,\u00a0Fondo:\u00a0112cm ,\u00a0Alto:\u00a075cm","og_url":"https:\/\/mueble4you.com\/fr\/productos\/mesa-comedor-kalyan\/","og_site_name":"mueble4you","article_modified_time":"2025-08-05T11:46:33+00:00","og_image":[{"width":1920,"height":1920,"url":"https:\/\/mueble4you.com\/wp-content\/uploads\/2025\/08\/mesa-comedor-kalyan-vical-28628-41019345.jpg","type":"image\/jpeg"}],"twitter_card":"summary_large_image","schema":{"@context":"https:\/\/schema.org","@graph":[{"@type":"WebPage","@id":"https:\/\/mueble4you.com\/fr\/productos\/mesa-comedor-kalyan\/","url":"https:\/\/mueble4you.com\/fr\/productos\/mesa-comedor-kalyan\/","name":"MESA COMEDOR KALYAN | mueble4you","isPartOf":{"@id":"https:\/\/mueble4you.com\/#website"},"primaryImageOfPage":{"@id":"https:\/\/mueble4you.com\/fr\/productos\/mesa-comedor-kalyan\/#primaryimage"},"image":{"@id":"https:\/\/mueble4you.com\/fr\/productos\/mesa-comedor-kalyan\/#primaryimage"},"thumbnailUrl":"https:\/\/mueble4you.com\/wp-content\/uploads\/2025\/08\/mesa-comedor-kalyan-vical-28628-41019345.jpg","datePublished":"2025-08-05T11:40:39+00:00","dateModified":"2025-08-05T11:46:33+00:00","breadcrumb":{"@id":"https:\/\/mueble4you.com\/fr\/productos\/mesa-comedor-kalyan\/#breadcrumb"},"inLanguage":"fr-FR","potentialAction":[{"@type":"ReadAction","target":["https:\/\/mueble4you.com\/fr\/productos\/mesa-comedor-kalyan\/"]}]},{"@type":"ImageObject","inLanguage":"fr-FR","@id":"https:\/\/mueble4you.com\/fr\/productos\/mesa-comedor-kalyan\/#primaryimage","url":"https:\/\/mueble4you.com\/wp-content\/uploads\/2025\/08\/mesa-comedor-kalyan-vical-28628-41019345.jpg","contentUrl":"https:\/\/mueble4you.com\/wp-content\/uploads\/2025\/08\/mesa-comedor-kalyan-vical-28628-41019345.jpg","width":1920,"height":1920},{"@type":"BreadcrumbList","@id":"https:\/\/mueble4you.com\/fr\/productos\/mesa-comedor-kalyan\/#breadcrumb","itemListElement":[{"@type":"ListItem","position":1,"name":"Portada","item":"https:\/\/mueble4you.com\/fr\/"},{"@type":"ListItem","position":2,"name":"Productos","item":"https:\/\/mueble4you.com\/productos\/"},{"@type":"ListItem","position":3,"name":"MESA COMEDOR KALYAN"}]},{"@type":"WebSite","@id":"https:\/\/mueble4you.com\/#website","url":"https:\/\/mueble4you.com\/","name":"mueble4you","description":"Meubles \u00e0 Tenerife","potentialAction":[{"@type":"SearchAction","target":{"@type":"EntryPoint","urlTemplate":"https:\/\/mueble4you.com\/?s={search_term_string}"},"query-input":{"@type":"PropertyValueSpecification","valueRequired":true,"valueName":"search_term_string"}}],"inLanguage":"fr-FR"}]}},"_links":{"self":[{"href":"https:\/\/mueble4you.com\/fr\/wp-json\/wp\/v2\/product\/83865","targetHints":{"allow":["GET"]}}],"collection":[{"href":"https:\/\/mueble4you.com\/fr\/wp-json\/wp\/v2\/product"}],"about":[{"href":"https:\/\/mueble4you.com\/fr\/wp-json\/wp\/v2\/types\/product"}],"wp:featuredmedia":[{"embeddable":true,"href":"https:\/\/mueble4you.com\/fr\/wp-json\/wp\/v2\/media\/83851"}],"wp:attachment":[{"href":"https:\/\/mueble4you.com\/fr\/wp-json\/wp\/v2\/media?parent=83865"}],"wp:term":[{"taxonomy":"product_brand","embeddable":true,"href":"https:\/\/mueble4you.com\/fr\/wp-json\/wp\/v2\/product_brand?post=83865"},{"taxonomy":"product_cat","embeddable":true,"href":"https:\/\/mueble4you.com\/fr\/wp-json\/wp\/v2\/product_cat?post=83865"},{"taxonomy":"product_tag","embeddable":true,"href":"https:\/\/mueble4you.com\/fr\/wp-json\/wp\/v2\/product_tag?post=83865"}],"curies":[{"name":"wp","href":"https:\/\/api.w.org\/{rel}","templated":true}]}}