{"id":83808,"date":"2025-08-04T15:03:46","date_gmt":"2025-08-04T15:03:46","guid":{"rendered":"https:\/\/mueble4you.com\/productos\/aparador-glees\/"},"modified":"2025-08-05T11:49:18","modified_gmt":"2025-08-05T11:49:18","slug":"aparador-glees","status":"publish","type":"product","link":"https:\/\/mueble4you.com\/fr\/productos\/aparador-glees\/","title":{"rendered":"APARADOR GLEES"},"content":{"rendered":"<p id=\"product_reference\" class=\"description p_empty\">La madera de mango, c\u00e1lida y expresiva, se une al hierro y lat\u00f3n en el Aparador Glees. Su acabado marr\u00f3n y dorado evoca el lujo discreto del art d\u00e9co, mientras que su car\u00e1cter desmontable lo convierte en una pieza vers\u00e1til y envolvente.<\/p>\n<p id=\"product_reference\" class=\"description medidas\"><b>Ancho:<\/b>\u00a0153cm ,\u00a0<b>Fondo:<\/b>\u00a041cm ,\u00a0<b>Alto:<\/b>\u00a090cm<\/p>\n","protected":false},"excerpt":{"rendered":"<p>La madera de mango, c\u00e1lida y expresiva, se une al hierro y lat\u00f3n en el Aparador Glees. Su acabado marr\u00f3n y dorado evoca el lujo discreto del art d\u00e9co, mientras que su car\u00e1cter desmontable lo convierte en una pieza vers\u00e1til y envolvente. Ancho:\u00a0153cm ,\u00a0Fondo:\u00a041cm ,\u00a0Alto:\u00a090cm<\/p>\n","protected":false},"featured_media":83784,"template":"","meta":[],"product_brand":[],"product_cat":[499,204],"product_tag":[],"class_list":{"0":"post-83808","1":"product","2":"type-product","3":"status-publish","4":"has-post-thumbnail","6":"product_cat-buffets","7":"product_cat-salon","9":"first","10":"instock","11":"shipping-taxable","12":"product-type-simple"},"yoast_head":"<!-- This site is optimized with the Yoast SEO plugin v27.2 - https:\/\/yoast.com\/product\/yoast-seo-wordpress\/ -->\n<title>APARADOR GLEES | mueble4you<\/title>\n<meta name=\"robots\" content=\"index, follow, max-snippet:-1, max-image-preview:large, max-video-preview:-1\" \/>\n<link rel=\"canonical\" href=\"https:\/\/mueble4you.com\/fr\/productos\/aparador-glees\/\" \/>\n<meta property=\"og:locale\" content=\"fr_FR\" \/>\n<meta property=\"og:type\" content=\"article\" \/>\n<meta property=\"og:title\" content=\"APARADOR GLEES | mueble4you\" \/>\n<meta property=\"og:description\" content=\"La madera de mango, c\u00e1lida y expresiva, se une al hierro y lat\u00f3n en el Aparador Glees. Su acabado marr\u00f3n y dorado evoca el lujo discreto del art d\u00e9co, mientras que su car\u00e1cter desmontable lo convierte en una pieza vers\u00e1til y envolvente. Ancho:\u00a0153cm ,\u00a0Fondo:\u00a041cm ,\u00a0Alto:\u00a090cm\" \/>\n<meta property=\"og:url\" content=\"https:\/\/mueble4you.com\/fr\/productos\/aparador-glees\/\" \/>\n<meta property=\"og:site_name\" content=\"mueble4you\" \/>\n<meta property=\"article:modified_time\" content=\"2025-08-05T11:49:18+00:00\" \/>\n<meta property=\"og:image\" content=\"https:\/\/mueble4you.com\/wp-content\/uploads\/2025\/08\/aparador-glees-vical-27647-41008184.jpg\" \/>\n\t<meta property=\"og:image:width\" content=\"1920\" \/>\n\t<meta property=\"og:image:height\" content=\"1920\" \/>\n\t<meta property=\"og:image:type\" content=\"image\/jpeg\" \/>\n<meta name=\"twitter:card\" content=\"summary_large_image\" \/>\n<script type=\"application\/ld+json\" class=\"yoast-schema-graph\">{\"@context\":\"https:\/\/schema.org\",\"@graph\":[{\"@type\":\"WebPage\",\"@id\":\"https:\/\/mueble4you.com\/fr\/productos\/aparador-glees\/\",\"url\":\"https:\/\/mueble4you.com\/fr\/productos\/aparador-glees\/\",\"name\":\"APARADOR GLEES | mueble4you\",\"isPartOf\":{\"@id\":\"https:\/\/mueble4you.com\/#website\"},\"primaryImageOfPage\":{\"@id\":\"https:\/\/mueble4you.com\/fr\/productos\/aparador-glees\/#primaryimage\"},\"image\":{\"@id\":\"https:\/\/mueble4you.com\/fr\/productos\/aparador-glees\/#primaryimage\"},\"thumbnailUrl\":\"https:\/\/mueble4you.com\/wp-content\/uploads\/2025\/08\/aparador-glees-vical-27647-41008184.jpg\",\"datePublished\":\"2025-08-04T15:03:46+00:00\",\"dateModified\":\"2025-08-05T11:49:18+00:00\",\"breadcrumb\":{\"@id\":\"https:\/\/mueble4you.com\/fr\/productos\/aparador-glees\/#breadcrumb\"},\"inLanguage\":\"fr-FR\",\"potentialAction\":[{\"@type\":\"ReadAction\",\"target\":[\"https:\/\/mueble4you.com\/fr\/productos\/aparador-glees\/\"]}]},{\"@type\":\"ImageObject\",\"inLanguage\":\"fr-FR\",\"@id\":\"https:\/\/mueble4you.com\/fr\/productos\/aparador-glees\/#primaryimage\",\"url\":\"https:\/\/mueble4you.com\/wp-content\/uploads\/2025\/08\/aparador-glees-vical-27647-41008184.jpg\",\"contentUrl\":\"https:\/\/mueble4you.com\/wp-content\/uploads\/2025\/08\/aparador-glees-vical-27647-41008184.jpg\",\"width\":1920,\"height\":1920},{\"@type\":\"BreadcrumbList\",\"@id\":\"https:\/\/mueble4you.com\/fr\/productos\/aparador-glees\/#breadcrumb\",\"itemListElement\":[{\"@type\":\"ListItem\",\"position\":1,\"name\":\"Portada\",\"item\":\"https:\/\/mueble4you.com\/fr\/\"},{\"@type\":\"ListItem\",\"position\":2,\"name\":\"Productos\",\"item\":\"https:\/\/mueble4you.com\/productos\/\"},{\"@type\":\"ListItem\",\"position\":3,\"name\":\"APARADOR GLEES\"}]},{\"@type\":\"WebSite\",\"@id\":\"https:\/\/mueble4you.com\/#website\",\"url\":\"https:\/\/mueble4you.com\/\",\"name\":\"mueble4you\",\"description\":\"Meubles \u00e0 Tenerife\",\"potentialAction\":[{\"@type\":\"SearchAction\",\"target\":{\"@type\":\"EntryPoint\",\"urlTemplate\":\"https:\/\/mueble4you.com\/?s={search_term_string}\"},\"query-input\":{\"@type\":\"PropertyValueSpecification\",\"valueRequired\":true,\"valueName\":\"search_term_string\"}}],\"inLanguage\":\"fr-FR\"}]}<\/script>\n<!-- \/ Yoast SEO plugin. -->","yoast_head_json":{"title":"APARADOR GLEES | mueble4you","robots":{"index":"index","follow":"follow","max-snippet":"max-snippet:-1","max-image-preview":"max-image-preview:large","max-video-preview":"max-video-preview:-1"},"canonical":"https:\/\/mueble4you.com\/fr\/productos\/aparador-glees\/","og_locale":"fr_FR","og_type":"article","og_title":"APARADOR GLEES | mueble4you","og_description":"La madera de mango, c\u00e1lida y expresiva, se une al hierro y lat\u00f3n en el Aparador Glees. Su acabado marr\u00f3n y dorado evoca el lujo discreto del art d\u00e9co, mientras que su car\u00e1cter desmontable lo convierte en una pieza vers\u00e1til y envolvente. Ancho:\u00a0153cm ,\u00a0Fondo:\u00a041cm ,\u00a0Alto:\u00a090cm","og_url":"https:\/\/mueble4you.com\/fr\/productos\/aparador-glees\/","og_site_name":"mueble4you","article_modified_time":"2025-08-05T11:49:18+00:00","og_image":[{"width":1920,"height":1920,"url":"https:\/\/mueble4you.com\/wp-content\/uploads\/2025\/08\/aparador-glees-vical-27647-41008184.jpg","type":"image\/jpeg"}],"twitter_card":"summary_large_image","schema":{"@context":"https:\/\/schema.org","@graph":[{"@type":"WebPage","@id":"https:\/\/mueble4you.com\/fr\/productos\/aparador-glees\/","url":"https:\/\/mueble4you.com\/fr\/productos\/aparador-glees\/","name":"APARADOR GLEES | mueble4you","isPartOf":{"@id":"https:\/\/mueble4you.com\/#website"},"primaryImageOfPage":{"@id":"https:\/\/mueble4you.com\/fr\/productos\/aparador-glees\/#primaryimage"},"image":{"@id":"https:\/\/mueble4you.com\/fr\/productos\/aparador-glees\/#primaryimage"},"thumbnailUrl":"https:\/\/mueble4you.com\/wp-content\/uploads\/2025\/08\/aparador-glees-vical-27647-41008184.jpg","datePublished":"2025-08-04T15:03:46+00:00","dateModified":"2025-08-05T11:49:18+00:00","breadcrumb":{"@id":"https:\/\/mueble4you.com\/fr\/productos\/aparador-glees\/#breadcrumb"},"inLanguage":"fr-FR","potentialAction":[{"@type":"ReadAction","target":["https:\/\/mueble4you.com\/fr\/productos\/aparador-glees\/"]}]},{"@type":"ImageObject","inLanguage":"fr-FR","@id":"https:\/\/mueble4you.com\/fr\/productos\/aparador-glees\/#primaryimage","url":"https:\/\/mueble4you.com\/wp-content\/uploads\/2025\/08\/aparador-glees-vical-27647-41008184.jpg","contentUrl":"https:\/\/mueble4you.com\/wp-content\/uploads\/2025\/08\/aparador-glees-vical-27647-41008184.jpg","width":1920,"height":1920},{"@type":"BreadcrumbList","@id":"https:\/\/mueble4you.com\/fr\/productos\/aparador-glees\/#breadcrumb","itemListElement":[{"@type":"ListItem","position":1,"name":"Portada","item":"https:\/\/mueble4you.com\/fr\/"},{"@type":"ListItem","position":2,"name":"Productos","item":"https:\/\/mueble4you.com\/productos\/"},{"@type":"ListItem","position":3,"name":"APARADOR GLEES"}]},{"@type":"WebSite","@id":"https:\/\/mueble4you.com\/#website","url":"https:\/\/mueble4you.com\/","name":"mueble4you","description":"Meubles \u00e0 Tenerife","potentialAction":[{"@type":"SearchAction","target":{"@type":"EntryPoint","urlTemplate":"https:\/\/mueble4you.com\/?s={search_term_string}"},"query-input":{"@type":"PropertyValueSpecification","valueRequired":true,"valueName":"search_term_string"}}],"inLanguage":"fr-FR"}]}},"_links":{"self":[{"href":"https:\/\/mueble4you.com\/fr\/wp-json\/wp\/v2\/product\/83808","targetHints":{"allow":["GET"]}}],"collection":[{"href":"https:\/\/mueble4you.com\/fr\/wp-json\/wp\/v2\/product"}],"about":[{"href":"https:\/\/mueble4you.com\/fr\/wp-json\/wp\/v2\/types\/product"}],"wp:featuredmedia":[{"embeddable":true,"href":"https:\/\/mueble4you.com\/fr\/wp-json\/wp\/v2\/media\/83784"}],"wp:attachment":[{"href":"https:\/\/mueble4you.com\/fr\/wp-json\/wp\/v2\/media?parent=83808"}],"wp:term":[{"taxonomy":"product_brand","embeddable":true,"href":"https:\/\/mueble4you.com\/fr\/wp-json\/wp\/v2\/product_brand?post=83808"},{"taxonomy":"product_cat","embeddable":true,"href":"https:\/\/mueble4you.com\/fr\/wp-json\/wp\/v2\/product_cat?post=83808"},{"taxonomy":"product_tag","embeddable":true,"href":"https:\/\/mueble4you.com\/fr\/wp-json\/wp\/v2\/product_tag?post=83808"}],"curies":[{"name":"wp","href":"https:\/\/api.w.org\/{rel}","templated":true}]}}