{"id":83670,"date":"2025-07-22T11:31:12","date_gmt":"2025-07-22T11:31:12","guid":{"rendered":"https:\/\/mueble4you.com\/productos\/aparador-madera-tallada-beige-azul-190cm\/"},"modified":"2025-07-22T12:09:27","modified_gmt":"2025-07-22T12:09:27","slug":"aparador-madera-tallada-beige-azul-190cm","status":"publish","type":"product","link":"https:\/\/mueble4you.com\/fr\/productos\/aparador-madera-tallada-beige-azul-190cm\/","title":{"rendered":"BUFFET EN BOIS SCULPT\u00c9 BEIGE\/BLEU 190 CM"},"content":{"rendered":"<div>Ce buffet, fabriqu\u00e9 en bois de manguier robuste, se distingue par son \u00e9l\u00e9gante finition blanchie \u00e0 la chaux. Son design allie fonctionnalit\u00e9 et art. Le dessus du meuble est dot\u00e9 de trois tiroirs spacieux, align\u00e9s horizontalement, suivis de trois portes en dessous offrant un grand espace de rangement. La sculpture artisanale est sublim\u00e9e par un fond bleu profond qui contraste avec le blanc blanchi du reste du meuble, donnant vie aux reliefs et les mettant en valeur.<\/div>\n<div><\/div>\n<div>\u25cf Hauteur : 95 cm<\/div>\n<div><\/div>\n<div>\u25cf Longueur : 190 cm<\/div>\n<div><\/div>\n<div>\u25cf Largeur : 44 cm<\/div>\n<div><\/div>\n<div>\u25cf Mat\u00e9riau : Bois de manguier<\/div>\n<div><\/div>\n<div>\u25cf Couleur : Blanc-bleu<\/div>\n","protected":false},"excerpt":{"rendered":"<p>Ce buffet, fabriqu\u00e9 en bois de manguier robuste, se distingue par son \u00e9l\u00e9gante finition blanchie \u00e0 la chaux. Son design allie fonctionnalit\u00e9 et art. Le dessus du meuble est dot\u00e9 de trois tiroirs spacieux, align\u00e9s horizontalement, suivis de trois portes en dessous offrant un grand espace de rangement. La sculpture artisanale est sublim\u00e9e par un [&#8230;]\n","protected":false},"featured_media":83651,"template":"","meta":[],"product_brand":[],"product_cat":[499,204],"product_tag":[],"class_list":{"0":"post-83670","1":"product","2":"type-product","3":"status-publish","4":"has-post-thumbnail","6":"product_cat-buffets","7":"product_cat-salon","9":"first","10":"instock","11":"shipping-taxable","12":"product-type-simple"},"yoast_head":"<!-- This site is optimized with the Yoast SEO plugin v27.2 - https:\/\/yoast.com\/product\/yoast-seo-wordpress\/ -->\n<title>BUFFET EN BOIS SCULPT\u00c9 BEIGE\/BLEU 190 CM | mueble4you<\/title>\n<meta name=\"robots\" content=\"index, follow, max-snippet:-1, max-image-preview:large, max-video-preview:-1\" \/>\n<link rel=\"canonical\" href=\"https:\/\/mueble4you.com\/fr\/productos\/aparador-madera-tallada-beige-azul-190cm\/\" \/>\n<meta property=\"og:locale\" content=\"fr_FR\" \/>\n<meta property=\"og:type\" content=\"article\" \/>\n<meta property=\"og:title\" content=\"BUFFET EN BOIS SCULPT\u00c9 BEIGE\/BLEU 190 CM | mueble4you\" \/>\n<meta property=\"og:description\" content=\"Ce buffet, fabriqu\u00e9 en bois de manguier robuste, se distingue par son \u00e9l\u00e9gante finition blanchie \u00e0 la chaux. Son design allie fonctionnalit\u00e9 et art. Le dessus du meuble est dot\u00e9 de trois tiroirs spacieux, align\u00e9s horizontalement, suivis de trois portes en dessous offrant un grand espace de rangement. La sculpture artisanale est sublim\u00e9e par un [...]\" \/>\n<meta property=\"og:url\" content=\"https:\/\/mueble4you.com\/fr\/productos\/aparador-madera-tallada-beige-azul-190cm\/\" \/>\n<meta property=\"og:site_name\" content=\"mueble4you\" \/>\n<meta property=\"article:modified_time\" content=\"2025-07-22T12:09:27+00:00\" \/>\n<meta property=\"og:image\" content=\"https:\/\/mueble4you.com\/wp-content\/uploads\/2025\/07\/2146_4-Copy.jpg\" \/>\n\t<meta property=\"og:image:width\" content=\"1024\" \/>\n\t<meta property=\"og:image:height\" content=\"620\" \/>\n\t<meta property=\"og:image:type\" content=\"image\/jpeg\" \/>\n<meta name=\"twitter:card\" content=\"summary_large_image\" \/>\n<script type=\"application\/ld+json\" class=\"yoast-schema-graph\">{\"@context\":\"https:\/\/schema.org\",\"@graph\":[{\"@type\":\"WebPage\",\"@id\":\"https:\/\/mueble4you.com\/fr\/productos\/aparador-madera-tallada-beige-azul-190cm\/\",\"url\":\"https:\/\/mueble4you.com\/fr\/productos\/aparador-madera-tallada-beige-azul-190cm\/\",\"name\":\"BUFFET EN BOIS SCULPT\u00c9 BEIGE\/BLEU 190 CM | mueble4you\",\"isPartOf\":{\"@id\":\"https:\/\/mueble4you.com\/#website\"},\"primaryImageOfPage\":{\"@id\":\"https:\/\/mueble4you.com\/fr\/productos\/aparador-madera-tallada-beige-azul-190cm\/#primaryimage\"},\"image\":{\"@id\":\"https:\/\/mueble4you.com\/fr\/productos\/aparador-madera-tallada-beige-azul-190cm\/#primaryimage\"},\"thumbnailUrl\":\"https:\/\/mueble4you.com\/wp-content\/uploads\/2025\/07\/2146_4-Copy.jpg\",\"datePublished\":\"2025-07-22T11:31:12+00:00\",\"dateModified\":\"2025-07-22T12:09:27+00:00\",\"breadcrumb\":{\"@id\":\"https:\/\/mueble4you.com\/fr\/productos\/aparador-madera-tallada-beige-azul-190cm\/#breadcrumb\"},\"inLanguage\":\"fr-FR\",\"potentialAction\":[{\"@type\":\"ReadAction\",\"target\":[\"https:\/\/mueble4you.com\/fr\/productos\/aparador-madera-tallada-beige-azul-190cm\/\"]}]},{\"@type\":\"ImageObject\",\"inLanguage\":\"fr-FR\",\"@id\":\"https:\/\/mueble4you.com\/fr\/productos\/aparador-madera-tallada-beige-azul-190cm\/#primaryimage\",\"url\":\"https:\/\/mueble4you.com\/wp-content\/uploads\/2025\/07\/2146_4-Copy.jpg\",\"contentUrl\":\"https:\/\/mueble4you.com\/wp-content\/uploads\/2025\/07\/2146_4-Copy.jpg\",\"width\":1024,\"height\":620},{\"@type\":\"BreadcrumbList\",\"@id\":\"https:\/\/mueble4you.com\/fr\/productos\/aparador-madera-tallada-beige-azul-190cm\/#breadcrumb\",\"itemListElement\":[{\"@type\":\"ListItem\",\"position\":1,\"name\":\"Portada\",\"item\":\"https:\/\/mueble4you.com\/fr\/\"},{\"@type\":\"ListItem\",\"position\":2,\"name\":\"Productos\",\"item\":\"https:\/\/mueble4you.com\/productos\/\"},{\"@type\":\"ListItem\",\"position\":3,\"name\":\"BUFFET EN BOIS SCULPT\u00c9 BEIGE\/BLEU 190 CM\"}]},{\"@type\":\"WebSite\",\"@id\":\"https:\/\/mueble4you.com\/#website\",\"url\":\"https:\/\/mueble4you.com\/\",\"name\":\"mueble4you\",\"description\":\"Meubles \u00e0 Tenerife\",\"potentialAction\":[{\"@type\":\"SearchAction\",\"target\":{\"@type\":\"EntryPoint\",\"urlTemplate\":\"https:\/\/mueble4you.com\/?s={search_term_string}\"},\"query-input\":{\"@type\":\"PropertyValueSpecification\",\"valueRequired\":true,\"valueName\":\"search_term_string\"}}],\"inLanguage\":\"fr-FR\"}]}<\/script>\n<!-- \/ Yoast SEO plugin. -->","yoast_head_json":{"title":"BUFFET EN BOIS SCULPT\u00c9 BEIGE\/BLEU 190 CM | mueble4you","robots":{"index":"index","follow":"follow","max-snippet":"max-snippet:-1","max-image-preview":"max-image-preview:large","max-video-preview":"max-video-preview:-1"},"canonical":"https:\/\/mueble4you.com\/fr\/productos\/aparador-madera-tallada-beige-azul-190cm\/","og_locale":"fr_FR","og_type":"article","og_title":"BUFFET EN BOIS SCULPT\u00c9 BEIGE\/BLEU 190 CM | mueble4you","og_description":"Ce buffet, fabriqu\u00e9 en bois de manguier robuste, se distingue par son \u00e9l\u00e9gante finition blanchie \u00e0 la chaux. Son design allie fonctionnalit\u00e9 et art. Le dessus du meuble est dot\u00e9 de trois tiroirs spacieux, align\u00e9s horizontalement, suivis de trois portes en dessous offrant un grand espace de rangement. La sculpture artisanale est sublim\u00e9e par un [...]","og_url":"https:\/\/mueble4you.com\/fr\/productos\/aparador-madera-tallada-beige-azul-190cm\/","og_site_name":"mueble4you","article_modified_time":"2025-07-22T12:09:27+00:00","og_image":[{"width":1024,"height":620,"url":"https:\/\/mueble4you.com\/wp-content\/uploads\/2025\/07\/2146_4-Copy.jpg","type":"image\/jpeg"}],"twitter_card":"summary_large_image","schema":{"@context":"https:\/\/schema.org","@graph":[{"@type":"WebPage","@id":"https:\/\/mueble4you.com\/fr\/productos\/aparador-madera-tallada-beige-azul-190cm\/","url":"https:\/\/mueble4you.com\/fr\/productos\/aparador-madera-tallada-beige-azul-190cm\/","name":"BUFFET EN BOIS SCULPT\u00c9 BEIGE\/BLEU 190 CM | mueble4you","isPartOf":{"@id":"https:\/\/mueble4you.com\/#website"},"primaryImageOfPage":{"@id":"https:\/\/mueble4you.com\/fr\/productos\/aparador-madera-tallada-beige-azul-190cm\/#primaryimage"},"image":{"@id":"https:\/\/mueble4you.com\/fr\/productos\/aparador-madera-tallada-beige-azul-190cm\/#primaryimage"},"thumbnailUrl":"https:\/\/mueble4you.com\/wp-content\/uploads\/2025\/07\/2146_4-Copy.jpg","datePublished":"2025-07-22T11:31:12+00:00","dateModified":"2025-07-22T12:09:27+00:00","breadcrumb":{"@id":"https:\/\/mueble4you.com\/fr\/productos\/aparador-madera-tallada-beige-azul-190cm\/#breadcrumb"},"inLanguage":"fr-FR","potentialAction":[{"@type":"ReadAction","target":["https:\/\/mueble4you.com\/fr\/productos\/aparador-madera-tallada-beige-azul-190cm\/"]}]},{"@type":"ImageObject","inLanguage":"fr-FR","@id":"https:\/\/mueble4you.com\/fr\/productos\/aparador-madera-tallada-beige-azul-190cm\/#primaryimage","url":"https:\/\/mueble4you.com\/wp-content\/uploads\/2025\/07\/2146_4-Copy.jpg","contentUrl":"https:\/\/mueble4you.com\/wp-content\/uploads\/2025\/07\/2146_4-Copy.jpg","width":1024,"height":620},{"@type":"BreadcrumbList","@id":"https:\/\/mueble4you.com\/fr\/productos\/aparador-madera-tallada-beige-azul-190cm\/#breadcrumb","itemListElement":[{"@type":"ListItem","position":1,"name":"Portada","item":"https:\/\/mueble4you.com\/fr\/"},{"@type":"ListItem","position":2,"name":"Productos","item":"https:\/\/mueble4you.com\/productos\/"},{"@type":"ListItem","position":3,"name":"BUFFET EN BOIS SCULPT\u00c9 BEIGE\/BLEU 190 CM"}]},{"@type":"WebSite","@id":"https:\/\/mueble4you.com\/#website","url":"https:\/\/mueble4you.com\/","name":"mueble4you","description":"Meubles \u00e0 Tenerife","potentialAction":[{"@type":"SearchAction","target":{"@type":"EntryPoint","urlTemplate":"https:\/\/mueble4you.com\/?s={search_term_string}"},"query-input":{"@type":"PropertyValueSpecification","valueRequired":true,"valueName":"search_term_string"}}],"inLanguage":"fr-FR"}]}},"_links":{"self":[{"href":"https:\/\/mueble4you.com\/fr\/wp-json\/wp\/v2\/product\/83670","targetHints":{"allow":["GET"]}}],"collection":[{"href":"https:\/\/mueble4you.com\/fr\/wp-json\/wp\/v2\/product"}],"about":[{"href":"https:\/\/mueble4you.com\/fr\/wp-json\/wp\/v2\/types\/product"}],"wp:featuredmedia":[{"embeddable":true,"href":"https:\/\/mueble4you.com\/fr\/wp-json\/wp\/v2\/media\/83651"}],"wp:attachment":[{"href":"https:\/\/mueble4you.com\/fr\/wp-json\/wp\/v2\/media?parent=83670"}],"wp:term":[{"taxonomy":"product_brand","embeddable":true,"href":"https:\/\/mueble4you.com\/fr\/wp-json\/wp\/v2\/product_brand?post=83670"},{"taxonomy":"product_cat","embeddable":true,"href":"https:\/\/mueble4you.com\/fr\/wp-json\/wp\/v2\/product_cat?post=83670"},{"taxonomy":"product_tag","embeddable":true,"href":"https:\/\/mueble4you.com\/fr\/wp-json\/wp\/v2\/product_tag?post=83670"}],"curies":[{"name":"wp","href":"https:\/\/api.w.org\/{rel}","templated":true}]}}