{"id":83642,"date":"2025-07-11T10:27:34","date_gmt":"2025-07-11T10:27:34","guid":{"rendered":"https:\/\/mueble4you.com\/productos\/tumbona-jardin-screen-articulada-con-ruedas\/"},"modified":"2025-07-11T10:51:52","modified_gmt":"2025-07-11T10:51:52","slug":"tumbona-jardin-screen-articulada-con-ruedas","status":"publish","type":"product","link":"https:\/\/mueble4you.com\/fr\/productos\/tumbona-jardin-screen-articulada-con-ruedas\/","title":{"rendered":"Chaise longue de jardin articul\u00e9e avec \u00e9cran et roulettes."},"content":{"rendered":"<ul>\n<li>STYLE : Apportez une touche d\u2019\u00e9l\u00e9gance et de charme \u00e0 votre d\u00e9coration ext\u00e9rieure avec notre chaise longue de jardin.<\/li>\n<li>Ce meuble sera un ajout pratique et d\u00e9coratif \u00e0 votre jardin.<\/li>\n<li>Mat\u00e9riau : Bois de teck \/ \u00c9cran gris.<\/li>\n<li>Dimensions : 65 x 200 x 35 \u2013 90 cm.<\/li>\n<li>Inclinaison r\u00e9glable.<\/li>\n<li>Fabriqu\u00e9 \u00e0 la main.<\/li>\n<li>Accessoires argent\u00e9s.<\/li>\n<li>Fabriqu\u00e9 en bois massif.<\/li>\n<li>Nettoyer avec un chiffon sec.<\/li>\n<\/ul>\n","protected":false},"excerpt":{"rendered":"<p>STYLE : Apportez une touche d\u2019\u00e9l\u00e9gance et de charme \u00e0 votre d\u00e9coration ext\u00e9rieure avec notre chaise longue de jardin. Ce meuble sera un ajout pratique et d\u00e9coratif \u00e0 votre jardin. Mat\u00e9riau : Bois de teck \/ \u00c9cran gris. Dimensions : 65 x 200 x 35 \u2013 90 cm. Inclinaison r\u00e9glable. Fabriqu\u00e9 \u00e0 la main. Accessoires [&#8230;]\n","protected":false},"featured_media":83598,"template":"","meta":[],"product_brand":[],"product_cat":[304,324],"product_tag":[],"class_list":{"0":"post-83642","1":"product","2":"type-product","3":"status-publish","4":"has-post-thumbnail","6":"product_cat-jardin-et-exterieur","7":"product_cat-transat","9":"first","10":"instock","11":"shipping-taxable","12":"product-type-simple"},"yoast_head":"<!-- This site is optimized with the Yoast SEO plugin v27.3 - https:\/\/yoast.com\/product\/yoast-seo-wordpress\/ -->\n<title>Chaise longue de jardin articul\u00e9e avec \u00e9cran et roulettes. | mueble4you<\/title>\n<meta name=\"robots\" content=\"index, follow, max-snippet:-1, max-image-preview:large, max-video-preview:-1\" \/>\n<link rel=\"canonical\" href=\"https:\/\/mueble4you.com\/fr\/productos\/tumbona-jardin-screen-articulada-con-ruedas\/\" \/>\n<meta property=\"og:locale\" content=\"fr_FR\" \/>\n<meta property=\"og:type\" content=\"article\" \/>\n<meta property=\"og:title\" content=\"Chaise longue de jardin articul\u00e9e avec \u00e9cran et roulettes. | mueble4you\" \/>\n<meta property=\"og:description\" content=\"STYLE : Apportez une touche d\u2019\u00e9l\u00e9gance et de charme \u00e0 votre d\u00e9coration ext\u00e9rieure avec notre chaise longue de jardin. Ce meuble sera un ajout pratique et d\u00e9coratif \u00e0 votre jardin. Mat\u00e9riau : Bois de teck \/ \u00c9cran gris. Dimensions : 65 x 200 x 35 \u2013 90 cm. Inclinaison r\u00e9glable. Fabriqu\u00e9 \u00e0 la main. Accessoires [...]\" \/>\n<meta property=\"og:url\" content=\"https:\/\/mueble4you.com\/fr\/productos\/tumbona-jardin-screen-articulada-con-ruedas\/\" \/>\n<meta property=\"og:site_name\" content=\"mueble4you\" \/>\n<meta property=\"article:modified_time\" content=\"2025-07-11T10:51:52+00:00\" \/>\n<meta property=\"og:image\" content=\"https:\/\/mueble4you.com\/wp-content\/uploads\/2025\/07\/9131_0.jpg\" \/>\n\t<meta property=\"og:image:width\" content=\"1150\" \/>\n\t<meta property=\"og:image:height\" content=\"1255\" \/>\n\t<meta property=\"og:image:type\" content=\"image\/jpeg\" \/>\n<meta name=\"twitter:card\" content=\"summary_large_image\" \/>\n<script type=\"application\/ld+json\" class=\"yoast-schema-graph\">{\"@context\":\"https:\\\/\\\/schema.org\",\"@graph\":[{\"@type\":\"WebPage\",\"@id\":\"https:\\\/\\\/mueble4you.com\\\/fr\\\/productos\\\/tumbona-jardin-screen-articulada-con-ruedas\\\/\",\"url\":\"https:\\\/\\\/mueble4you.com\\\/fr\\\/productos\\\/tumbona-jardin-screen-articulada-con-ruedas\\\/\",\"name\":\"Chaise longue de jardin articul\u00e9e avec \u00e9cran et roulettes. | mueble4you\",\"isPartOf\":{\"@id\":\"https:\\\/\\\/mueble4you.com\\\/#website\"},\"primaryImageOfPage\":{\"@id\":\"https:\\\/\\\/mueble4you.com\\\/fr\\\/productos\\\/tumbona-jardin-screen-articulada-con-ruedas\\\/#primaryimage\"},\"image\":{\"@id\":\"https:\\\/\\\/mueble4you.com\\\/fr\\\/productos\\\/tumbona-jardin-screen-articulada-con-ruedas\\\/#primaryimage\"},\"thumbnailUrl\":\"https:\\\/\\\/mueble4you.com\\\/wp-content\\\/uploads\\\/2025\\\/07\\\/9131_0.jpg\",\"datePublished\":\"2025-07-11T10:27:34+00:00\",\"dateModified\":\"2025-07-11T10:51:52+00:00\",\"breadcrumb\":{\"@id\":\"https:\\\/\\\/mueble4you.com\\\/fr\\\/productos\\\/tumbona-jardin-screen-articulada-con-ruedas\\\/#breadcrumb\"},\"inLanguage\":\"fr-FR\",\"potentialAction\":[{\"@type\":\"ReadAction\",\"target\":[\"https:\\\/\\\/mueble4you.com\\\/fr\\\/productos\\\/tumbona-jardin-screen-articulada-con-ruedas\\\/\"]}]},{\"@type\":\"ImageObject\",\"inLanguage\":\"fr-FR\",\"@id\":\"https:\\\/\\\/mueble4you.com\\\/fr\\\/productos\\\/tumbona-jardin-screen-articulada-con-ruedas\\\/#primaryimage\",\"url\":\"https:\\\/\\\/mueble4you.com\\\/wp-content\\\/uploads\\\/2025\\\/07\\\/9131_0.jpg\",\"contentUrl\":\"https:\\\/\\\/mueble4you.com\\\/wp-content\\\/uploads\\\/2025\\\/07\\\/9131_0.jpg\",\"width\":1150,\"height\":1255},{\"@type\":\"BreadcrumbList\",\"@id\":\"https:\\\/\\\/mueble4you.com\\\/fr\\\/productos\\\/tumbona-jardin-screen-articulada-con-ruedas\\\/#breadcrumb\",\"itemListElement\":[{\"@type\":\"ListItem\",\"position\":1,\"name\":\"Portada\",\"item\":\"https:\\\/\\\/mueble4you.com\\\/fr\\\/\"},{\"@type\":\"ListItem\",\"position\":2,\"name\":\"Productos\",\"item\":\"https:\\\/\\\/mueble4you.com\\\/productos\\\/\"},{\"@type\":\"ListItem\",\"position\":3,\"name\":\"Chaise longue de jardin articul\u00e9e avec \u00e9cran et roulettes.\"}]},{\"@type\":\"WebSite\",\"@id\":\"https:\\\/\\\/mueble4you.com\\\/#website\",\"url\":\"https:\\\/\\\/mueble4you.com\\\/\",\"name\":\"mueble4you\",\"description\":\"Meubles \u00e0 Tenerife\",\"potentialAction\":[{\"@type\":\"SearchAction\",\"target\":{\"@type\":\"EntryPoint\",\"urlTemplate\":\"https:\\\/\\\/mueble4you.com\\\/?s={search_term_string}\"},\"query-input\":{\"@type\":\"PropertyValueSpecification\",\"valueRequired\":true,\"valueName\":\"search_term_string\"}}],\"inLanguage\":\"fr-FR\"}]}<\/script>\n<!-- \/ Yoast SEO plugin. -->","yoast_head_json":{"title":"Chaise longue de jardin articul\u00e9e avec \u00e9cran et roulettes. | mueble4you","robots":{"index":"index","follow":"follow","max-snippet":"max-snippet:-1","max-image-preview":"max-image-preview:large","max-video-preview":"max-video-preview:-1"},"canonical":"https:\/\/mueble4you.com\/fr\/productos\/tumbona-jardin-screen-articulada-con-ruedas\/","og_locale":"fr_FR","og_type":"article","og_title":"Chaise longue de jardin articul\u00e9e avec \u00e9cran et roulettes. | mueble4you","og_description":"STYLE : Apportez une touche d\u2019\u00e9l\u00e9gance et de charme \u00e0 votre d\u00e9coration ext\u00e9rieure avec notre chaise longue de jardin. Ce meuble sera un ajout pratique et d\u00e9coratif \u00e0 votre jardin. Mat\u00e9riau : Bois de teck \/ \u00c9cran gris. Dimensions : 65 x 200 x 35 \u2013 90 cm. Inclinaison r\u00e9glable. Fabriqu\u00e9 \u00e0 la main. Accessoires [...]","og_url":"https:\/\/mueble4you.com\/fr\/productos\/tumbona-jardin-screen-articulada-con-ruedas\/","og_site_name":"mueble4you","article_modified_time":"2025-07-11T10:51:52+00:00","og_image":[{"width":1150,"height":1255,"url":"https:\/\/mueble4you.com\/wp-content\/uploads\/2025\/07\/9131_0.jpg","type":"image\/jpeg"}],"twitter_card":"summary_large_image","schema":{"@context":"https:\/\/schema.org","@graph":[{"@type":"WebPage","@id":"https:\/\/mueble4you.com\/fr\/productos\/tumbona-jardin-screen-articulada-con-ruedas\/","url":"https:\/\/mueble4you.com\/fr\/productos\/tumbona-jardin-screen-articulada-con-ruedas\/","name":"Chaise longue de jardin articul\u00e9e avec \u00e9cran et roulettes. | mueble4you","isPartOf":{"@id":"https:\/\/mueble4you.com\/#website"},"primaryImageOfPage":{"@id":"https:\/\/mueble4you.com\/fr\/productos\/tumbona-jardin-screen-articulada-con-ruedas\/#primaryimage"},"image":{"@id":"https:\/\/mueble4you.com\/fr\/productos\/tumbona-jardin-screen-articulada-con-ruedas\/#primaryimage"},"thumbnailUrl":"https:\/\/mueble4you.com\/wp-content\/uploads\/2025\/07\/9131_0.jpg","datePublished":"2025-07-11T10:27:34+00:00","dateModified":"2025-07-11T10:51:52+00:00","breadcrumb":{"@id":"https:\/\/mueble4you.com\/fr\/productos\/tumbona-jardin-screen-articulada-con-ruedas\/#breadcrumb"},"inLanguage":"fr-FR","potentialAction":[{"@type":"ReadAction","target":["https:\/\/mueble4you.com\/fr\/productos\/tumbona-jardin-screen-articulada-con-ruedas\/"]}]},{"@type":"ImageObject","inLanguage":"fr-FR","@id":"https:\/\/mueble4you.com\/fr\/productos\/tumbona-jardin-screen-articulada-con-ruedas\/#primaryimage","url":"https:\/\/mueble4you.com\/wp-content\/uploads\/2025\/07\/9131_0.jpg","contentUrl":"https:\/\/mueble4you.com\/wp-content\/uploads\/2025\/07\/9131_0.jpg","width":1150,"height":1255},{"@type":"BreadcrumbList","@id":"https:\/\/mueble4you.com\/fr\/productos\/tumbona-jardin-screen-articulada-con-ruedas\/#breadcrumb","itemListElement":[{"@type":"ListItem","position":1,"name":"Portada","item":"https:\/\/mueble4you.com\/fr\/"},{"@type":"ListItem","position":2,"name":"Productos","item":"https:\/\/mueble4you.com\/productos\/"},{"@type":"ListItem","position":3,"name":"Chaise longue de jardin articul\u00e9e avec \u00e9cran et roulettes."}]},{"@type":"WebSite","@id":"https:\/\/mueble4you.com\/#website","url":"https:\/\/mueble4you.com\/","name":"mueble4you","description":"Meubles \u00e0 Tenerife","potentialAction":[{"@type":"SearchAction","target":{"@type":"EntryPoint","urlTemplate":"https:\/\/mueble4you.com\/?s={search_term_string}"},"query-input":{"@type":"PropertyValueSpecification","valueRequired":true,"valueName":"search_term_string"}}],"inLanguage":"fr-FR"}]}},"_links":{"self":[{"href":"https:\/\/mueble4you.com\/fr\/wp-json\/wp\/v2\/product\/83642","targetHints":{"allow":["GET"]}}],"collection":[{"href":"https:\/\/mueble4you.com\/fr\/wp-json\/wp\/v2\/product"}],"about":[{"href":"https:\/\/mueble4you.com\/fr\/wp-json\/wp\/v2\/types\/product"}],"wp:featuredmedia":[{"embeddable":true,"href":"https:\/\/mueble4you.com\/fr\/wp-json\/wp\/v2\/media\/83598"}],"wp:attachment":[{"href":"https:\/\/mueble4you.com\/fr\/wp-json\/wp\/v2\/media?parent=83642"}],"wp:term":[{"taxonomy":"product_brand","embeddable":true,"href":"https:\/\/mueble4you.com\/fr\/wp-json\/wp\/v2\/product_brand?post=83642"},{"taxonomy":"product_cat","embeddable":true,"href":"https:\/\/mueble4you.com\/fr\/wp-json\/wp\/v2\/product_cat?post=83642"},{"taxonomy":"product_tag","embeddable":true,"href":"https:\/\/mueble4you.com\/fr\/wp-json\/wp\/v2\/product_tag?post=83642"}],"curies":[{"name":"wp","href":"https:\/\/api.w.org\/{rel}","templated":true}]}}