{"id":83572,"date":"2025-07-11T10:07:19","date_gmt":"2025-07-11T10:07:19","guid":{"rendered":"https:\/\/mueble4you.com\/productos\/mesa-de-comedor-250x91x76cm-en-madera-de-suar\/"},"modified":"2025-07-11T11:09:33","modified_gmt":"2025-07-11T11:09:33","slug":"mesa-de-comedor-250x91x76cm-en-madera-de-suar","status":"publish","type":"product","link":"https:\/\/mueble4you.com\/fr\/productos\/mesa-de-comedor-250x91x76cm-en-madera-de-suar\/","title":{"rendered":"Table \u00e0 manger, 250 x 91 x 76 cm, en bois de suar."},"content":{"rendered":"<ul>\n<li>Table \u00e0 manger de style colonial, 250 cm de long sur 91-96 cm de large, couleur bois naturel.<\/li>\n<li>Con\u00e7ue avec des mat\u00e9riaux de premi\u00e8re qualit\u00e9.<\/li>\n<li>Largeur : 250 cm.<\/li>\n<li>Hauteur : 76 cm.<\/li>\n<li>Profondeur : 91 cm.<\/li>\n<\/ul>\n","protected":false},"excerpt":{"rendered":"<p>Table \u00e0 manger de style colonial, 250 cm de long sur 91-96 cm de large, couleur bois naturel. Con\u00e7ue avec des mat\u00e9riaux de premi\u00e8re qualit\u00e9. Largeur : 250 cm. Hauteur : 76 cm. Profondeur : 91 cm.<\/p>\n","protected":false},"featured_media":83553,"template":"","meta":[],"product_brand":[],"product_cat":[199,348],"product_tag":[],"class_list":{"0":"post-83572","1":"product","2":"type-product","3":"status-publish","4":"has-post-thumbnail","6":"product_cat-eaters","7":"product_cat-tables","9":"first","10":"instock","11":"shipping-taxable","12":"product-type-simple"},"yoast_head":"<!-- This site is optimized with the Yoast SEO plugin v27.2 - https:\/\/yoast.com\/product\/yoast-seo-wordpress\/ -->\n<title>Table \u00e0 manger, 250 x 91 x 76 cm, en bois de suar. | mueble4you<\/title>\n<meta name=\"robots\" content=\"index, follow, max-snippet:-1, max-image-preview:large, max-video-preview:-1\" \/>\n<link rel=\"canonical\" href=\"https:\/\/mueble4you.com\/fr\/productos\/mesa-de-comedor-250x91x76cm-en-madera-de-suar\/\" \/>\n<meta property=\"og:locale\" content=\"fr_FR\" \/>\n<meta property=\"og:type\" content=\"article\" \/>\n<meta property=\"og:title\" content=\"Table \u00e0 manger, 250 x 91 x 76 cm, en bois de suar. | mueble4you\" \/>\n<meta property=\"og:description\" content=\"Table \u00e0 manger de style colonial, 250 cm de long sur 91-96 cm de large, couleur bois naturel. Con\u00e7ue avec des mat\u00e9riaux de premi\u00e8re qualit\u00e9. Largeur : 250 cm. Hauteur : 76 cm. Profondeur : 91 cm.\" \/>\n<meta property=\"og:url\" content=\"https:\/\/mueble4you.com\/fr\/productos\/mesa-de-comedor-250x91x76cm-en-madera-de-suar\/\" \/>\n<meta property=\"og:site_name\" content=\"mueble4you\" \/>\n<meta property=\"article:modified_time\" content=\"2025-07-11T11:09:33+00:00\" \/>\n<meta property=\"og:image\" content=\"https:\/\/mueble4you.com\/wp-content\/uploads\/2025\/07\/mesa-de-comedor-estilo-colonial-250x91x76cm-en-madera-de-suar-ref-654114.jpg\" \/>\n\t<meta property=\"og:image:width\" content=\"1200\" \/>\n\t<meta property=\"og:image:height\" content=\"1372\" \/>\n\t<meta property=\"og:image:type\" content=\"image\/jpeg\" \/>\n<meta name=\"twitter:card\" content=\"summary_large_image\" \/>\n<script type=\"application\/ld+json\" class=\"yoast-schema-graph\">{\"@context\":\"https:\/\/schema.org\",\"@graph\":[{\"@type\":\"WebPage\",\"@id\":\"https:\/\/mueble4you.com\/fr\/productos\/mesa-de-comedor-250x91x76cm-en-madera-de-suar\/\",\"url\":\"https:\/\/mueble4you.com\/fr\/productos\/mesa-de-comedor-250x91x76cm-en-madera-de-suar\/\",\"name\":\"Table \u00e0 manger, 250 x 91 x 76 cm, en bois de suar. | mueble4you\",\"isPartOf\":{\"@id\":\"https:\/\/mueble4you.com\/#website\"},\"primaryImageOfPage\":{\"@id\":\"https:\/\/mueble4you.com\/fr\/productos\/mesa-de-comedor-250x91x76cm-en-madera-de-suar\/#primaryimage\"},\"image\":{\"@id\":\"https:\/\/mueble4you.com\/fr\/productos\/mesa-de-comedor-250x91x76cm-en-madera-de-suar\/#primaryimage\"},\"thumbnailUrl\":\"https:\/\/mueble4you.com\/wp-content\/uploads\/2025\/07\/mesa-de-comedor-estilo-colonial-250x91x76cm-en-madera-de-suar-ref-654114.jpg\",\"datePublished\":\"2025-07-11T10:07:19+00:00\",\"dateModified\":\"2025-07-11T11:09:33+00:00\",\"breadcrumb\":{\"@id\":\"https:\/\/mueble4you.com\/fr\/productos\/mesa-de-comedor-250x91x76cm-en-madera-de-suar\/#breadcrumb\"},\"inLanguage\":\"fr-FR\",\"potentialAction\":[{\"@type\":\"ReadAction\",\"target\":[\"https:\/\/mueble4you.com\/fr\/productos\/mesa-de-comedor-250x91x76cm-en-madera-de-suar\/\"]}]},{\"@type\":\"ImageObject\",\"inLanguage\":\"fr-FR\",\"@id\":\"https:\/\/mueble4you.com\/fr\/productos\/mesa-de-comedor-250x91x76cm-en-madera-de-suar\/#primaryimage\",\"url\":\"https:\/\/mueble4you.com\/wp-content\/uploads\/2025\/07\/mesa-de-comedor-estilo-colonial-250x91x76cm-en-madera-de-suar-ref-654114.jpg\",\"contentUrl\":\"https:\/\/mueble4you.com\/wp-content\/uploads\/2025\/07\/mesa-de-comedor-estilo-colonial-250x91x76cm-en-madera-de-suar-ref-654114.jpg\",\"width\":1200,\"height\":1372},{\"@type\":\"BreadcrumbList\",\"@id\":\"https:\/\/mueble4you.com\/fr\/productos\/mesa-de-comedor-250x91x76cm-en-madera-de-suar\/#breadcrumb\",\"itemListElement\":[{\"@type\":\"ListItem\",\"position\":1,\"name\":\"Portada\",\"item\":\"https:\/\/mueble4you.com\/fr\/\"},{\"@type\":\"ListItem\",\"position\":2,\"name\":\"Productos\",\"item\":\"https:\/\/mueble4you.com\/productos\/\"},{\"@type\":\"ListItem\",\"position\":3,\"name\":\"Table \u00e0 manger, 250 x 91 x 76 cm, en bois de suar.\"}]},{\"@type\":\"WebSite\",\"@id\":\"https:\/\/mueble4you.com\/#website\",\"url\":\"https:\/\/mueble4you.com\/\",\"name\":\"mueble4you\",\"description\":\"Meubles \u00e0 Tenerife\",\"potentialAction\":[{\"@type\":\"SearchAction\",\"target\":{\"@type\":\"EntryPoint\",\"urlTemplate\":\"https:\/\/mueble4you.com\/?s={search_term_string}\"},\"query-input\":{\"@type\":\"PropertyValueSpecification\",\"valueRequired\":true,\"valueName\":\"search_term_string\"}}],\"inLanguage\":\"fr-FR\"}]}<\/script>\n<!-- \/ Yoast SEO plugin. -->","yoast_head_json":{"title":"Table \u00e0 manger, 250 x 91 x 76 cm, en bois de suar. | mueble4you","robots":{"index":"index","follow":"follow","max-snippet":"max-snippet:-1","max-image-preview":"max-image-preview:large","max-video-preview":"max-video-preview:-1"},"canonical":"https:\/\/mueble4you.com\/fr\/productos\/mesa-de-comedor-250x91x76cm-en-madera-de-suar\/","og_locale":"fr_FR","og_type":"article","og_title":"Table \u00e0 manger, 250 x 91 x 76 cm, en bois de suar. | mueble4you","og_description":"Table \u00e0 manger de style colonial, 250 cm de long sur 91-96 cm de large, couleur bois naturel. Con\u00e7ue avec des mat\u00e9riaux de premi\u00e8re qualit\u00e9. Largeur : 250 cm. Hauteur : 76 cm. Profondeur : 91 cm.","og_url":"https:\/\/mueble4you.com\/fr\/productos\/mesa-de-comedor-250x91x76cm-en-madera-de-suar\/","og_site_name":"mueble4you","article_modified_time":"2025-07-11T11:09:33+00:00","og_image":[{"width":1200,"height":1372,"url":"https:\/\/mueble4you.com\/wp-content\/uploads\/2025\/07\/mesa-de-comedor-estilo-colonial-250x91x76cm-en-madera-de-suar-ref-654114.jpg","type":"image\/jpeg"}],"twitter_card":"summary_large_image","schema":{"@context":"https:\/\/schema.org","@graph":[{"@type":"WebPage","@id":"https:\/\/mueble4you.com\/fr\/productos\/mesa-de-comedor-250x91x76cm-en-madera-de-suar\/","url":"https:\/\/mueble4you.com\/fr\/productos\/mesa-de-comedor-250x91x76cm-en-madera-de-suar\/","name":"Table \u00e0 manger, 250 x 91 x 76 cm, en bois de suar. | mueble4you","isPartOf":{"@id":"https:\/\/mueble4you.com\/#website"},"primaryImageOfPage":{"@id":"https:\/\/mueble4you.com\/fr\/productos\/mesa-de-comedor-250x91x76cm-en-madera-de-suar\/#primaryimage"},"image":{"@id":"https:\/\/mueble4you.com\/fr\/productos\/mesa-de-comedor-250x91x76cm-en-madera-de-suar\/#primaryimage"},"thumbnailUrl":"https:\/\/mueble4you.com\/wp-content\/uploads\/2025\/07\/mesa-de-comedor-estilo-colonial-250x91x76cm-en-madera-de-suar-ref-654114.jpg","datePublished":"2025-07-11T10:07:19+00:00","dateModified":"2025-07-11T11:09:33+00:00","breadcrumb":{"@id":"https:\/\/mueble4you.com\/fr\/productos\/mesa-de-comedor-250x91x76cm-en-madera-de-suar\/#breadcrumb"},"inLanguage":"fr-FR","potentialAction":[{"@type":"ReadAction","target":["https:\/\/mueble4you.com\/fr\/productos\/mesa-de-comedor-250x91x76cm-en-madera-de-suar\/"]}]},{"@type":"ImageObject","inLanguage":"fr-FR","@id":"https:\/\/mueble4you.com\/fr\/productos\/mesa-de-comedor-250x91x76cm-en-madera-de-suar\/#primaryimage","url":"https:\/\/mueble4you.com\/wp-content\/uploads\/2025\/07\/mesa-de-comedor-estilo-colonial-250x91x76cm-en-madera-de-suar-ref-654114.jpg","contentUrl":"https:\/\/mueble4you.com\/wp-content\/uploads\/2025\/07\/mesa-de-comedor-estilo-colonial-250x91x76cm-en-madera-de-suar-ref-654114.jpg","width":1200,"height":1372},{"@type":"BreadcrumbList","@id":"https:\/\/mueble4you.com\/fr\/productos\/mesa-de-comedor-250x91x76cm-en-madera-de-suar\/#breadcrumb","itemListElement":[{"@type":"ListItem","position":1,"name":"Portada","item":"https:\/\/mueble4you.com\/fr\/"},{"@type":"ListItem","position":2,"name":"Productos","item":"https:\/\/mueble4you.com\/productos\/"},{"@type":"ListItem","position":3,"name":"Table \u00e0 manger, 250 x 91 x 76 cm, en bois de suar."}]},{"@type":"WebSite","@id":"https:\/\/mueble4you.com\/#website","url":"https:\/\/mueble4you.com\/","name":"mueble4you","description":"Meubles \u00e0 Tenerife","potentialAction":[{"@type":"SearchAction","target":{"@type":"EntryPoint","urlTemplate":"https:\/\/mueble4you.com\/?s={search_term_string}"},"query-input":{"@type":"PropertyValueSpecification","valueRequired":true,"valueName":"search_term_string"}}],"inLanguage":"fr-FR"}]}},"_links":{"self":[{"href":"https:\/\/mueble4you.com\/fr\/wp-json\/wp\/v2\/product\/83572","targetHints":{"allow":["GET"]}}],"collection":[{"href":"https:\/\/mueble4you.com\/fr\/wp-json\/wp\/v2\/product"}],"about":[{"href":"https:\/\/mueble4you.com\/fr\/wp-json\/wp\/v2\/types\/product"}],"wp:featuredmedia":[{"embeddable":true,"href":"https:\/\/mueble4you.com\/fr\/wp-json\/wp\/v2\/media\/83553"}],"wp:attachment":[{"href":"https:\/\/mueble4you.com\/fr\/wp-json\/wp\/v2\/media?parent=83572"}],"wp:term":[{"taxonomy":"product_brand","embeddable":true,"href":"https:\/\/mueble4you.com\/fr\/wp-json\/wp\/v2\/product_brand?post=83572"},{"taxonomy":"product_cat","embeddable":true,"href":"https:\/\/mueble4you.com\/fr\/wp-json\/wp\/v2\/product_cat?post=83572"},{"taxonomy":"product_tag","embeddable":true,"href":"https:\/\/mueble4you.com\/fr\/wp-json\/wp\/v2\/product_tag?post=83572"}],"curies":[{"name":"wp","href":"https:\/\/api.w.org\/{rel}","templated":true}]}}