{"id":83526,"date":"2025-06-30T14:47:56","date_gmt":"2025-06-30T14:47:56","guid":{"rendered":"https:\/\/mueble4you.com\/productos\/set-terraza-macarella-mesa180x90-6sillas-aluminio\/"},"modified":"2025-07-01T12:04:47","modified_gmt":"2025-07-01T12:04:47","slug":"set-terraza-macarella-mesa180x90-6sillas-aluminio","status":"publish","type":"product","link":"https:\/\/mueble4you.com\/fr\/productos\/set-terraza-macarella-mesa180x90-6sillas-aluminio\/","title":{"rendered":"ENSEMBLE DE TERRASSE MACARELLA\u00a0: TABLE 180 x 90\u00a0cm + 6\u00a0CHAISES EN ALUMINIUM."},"content":{"rendered":"<ul>\n<li>Mat\u00e9riau : ALUMINIUM, TISSU D&rsquo;EXT\u00c9RIEUR.<\/li>\n<li>Couleur : MARRON, BEIGE.<\/li>\n<li>Informations compl\u00e9mentaires : TABLE \u00c0 MANGER EN ALUMINIUM, PLATEAU EN PORCELAINE, DIMENSIONS DE LA TABLE : 180 x 90 x 74,5 cm. CHAISE EN ALUMINIUM ET CORDE SYNTH\u00c9TIQUE : BEIGE. DIMENSIONS DU FAUTEUIL : 71 x 76 x 71 cm.<\/li>\n<\/ul>\n","protected":false},"excerpt":{"rendered":"<p>Mat\u00e9riau : ALUMINIUM, TISSU D&rsquo;EXT\u00c9RIEUR. Couleur : MARRON, BEIGE. Informations compl\u00e9mentaires : TABLE \u00c0 MANGER EN ALUMINIUM, PLATEAU EN PORCELAINE, DIMENSIONS DE LA TABLE : 180 x 90 x 74,5 cm. CHAISE EN ALUMINIUM ET CORDE SYNTH\u00c9TIQUE : BEIGE. DIMENSIONS DU FAUTEUIL : 71 x 76 x 71 cm.<\/p>\n","protected":false},"featured_media":83522,"template":"","meta":[],"product_brand":[],"product_cat":[308,304],"product_tag":[],"class_list":{"0":"post-83526","1":"product","2":"type-product","3":"status-publish","4":"has-post-thumbnail","6":"product_cat-ensemble-de-tables-et-de-chaises","7":"product_cat-jardin-et-exterieur","9":"first","10":"instock","11":"shipping-taxable","12":"product-type-simple"},"yoast_head":"<!-- This site is optimized with the Yoast SEO plugin v27.3 - https:\/\/yoast.com\/product\/yoast-seo-wordpress\/ -->\n<title>ENSEMBLE DE TERRASSE MACARELLA\u00a0: TABLE 180 x 90\u00a0cm + 6\u00a0CHAISES EN ALUMINIUM. | mueble4you<\/title>\n<meta name=\"robots\" content=\"index, follow, max-snippet:-1, max-image-preview:large, max-video-preview:-1\" \/>\n<link rel=\"canonical\" href=\"https:\/\/mueble4you.com\/fr\/productos\/set-terraza-macarella-mesa180x90-6sillas-aluminio\/\" \/>\n<meta property=\"og:locale\" content=\"fr_FR\" \/>\n<meta property=\"og:type\" content=\"article\" \/>\n<meta property=\"og:title\" content=\"ENSEMBLE DE TERRASSE MACARELLA\u00a0: TABLE 180 x 90\u00a0cm + 6\u00a0CHAISES EN ALUMINIUM. | mueble4you\" \/>\n<meta property=\"og:description\" content=\"Mat\u00e9riau : ALUMINIUM, TISSU D&rsquo;EXT\u00c9RIEUR. Couleur : MARRON, BEIGE. Informations compl\u00e9mentaires : TABLE \u00c0 MANGER EN ALUMINIUM, PLATEAU EN PORCELAINE, DIMENSIONS DE LA TABLE : 180 x 90 x 74,5 cm. CHAISE EN ALUMINIUM ET CORDE SYNTH\u00c9TIQUE : BEIGE. DIMENSIONS DU FAUTEUIL : 71 x 76 x 71 cm.\" \/>\n<meta property=\"og:url\" content=\"https:\/\/mueble4you.com\/fr\/productos\/set-terraza-macarella-mesa180x90-6sillas-aluminio\/\" \/>\n<meta property=\"og:site_name\" content=\"mueble4you\" \/>\n<meta property=\"article:modified_time\" content=\"2025-07-01T12:04:47+00:00\" \/>\n<meta property=\"og:image\" content=\"https:\/\/mueble4you.com\/wp-content\/uploads\/2025\/06\/showimageresize-20.jpeg\" \/>\n\t<meta property=\"og:image:width\" content=\"1024\" \/>\n\t<meta property=\"og:image:height\" content=\"748\" \/>\n\t<meta property=\"og:image:type\" content=\"image\/jpeg\" \/>\n<meta name=\"twitter:card\" content=\"summary_large_image\" \/>\n<script type=\"application\/ld+json\" class=\"yoast-schema-graph\">{\"@context\":\"https:\\\/\\\/schema.org\",\"@graph\":[{\"@type\":\"WebPage\",\"@id\":\"https:\\\/\\\/mueble4you.com\\\/fr\\\/productos\\\/set-terraza-macarella-mesa180x90-6sillas-aluminio\\\/\",\"url\":\"https:\\\/\\\/mueble4you.com\\\/fr\\\/productos\\\/set-terraza-macarella-mesa180x90-6sillas-aluminio\\\/\",\"name\":\"ENSEMBLE DE TERRASSE MACARELLA\u00a0: TABLE 180 x 90\u00a0cm + 6\u00a0CHAISES EN ALUMINIUM. | mueble4you\",\"isPartOf\":{\"@id\":\"https:\\\/\\\/mueble4you.com\\\/#website\"},\"primaryImageOfPage\":{\"@id\":\"https:\\\/\\\/mueble4you.com\\\/fr\\\/productos\\\/set-terraza-macarella-mesa180x90-6sillas-aluminio\\\/#primaryimage\"},\"image\":{\"@id\":\"https:\\\/\\\/mueble4you.com\\\/fr\\\/productos\\\/set-terraza-macarella-mesa180x90-6sillas-aluminio\\\/#primaryimage\"},\"thumbnailUrl\":\"https:\\\/\\\/mueble4you.com\\\/wp-content\\\/uploads\\\/2025\\\/06\\\/showimageresize-20.jpeg\",\"datePublished\":\"2025-06-30T14:47:56+00:00\",\"dateModified\":\"2025-07-01T12:04:47+00:00\",\"breadcrumb\":{\"@id\":\"https:\\\/\\\/mueble4you.com\\\/fr\\\/productos\\\/set-terraza-macarella-mesa180x90-6sillas-aluminio\\\/#breadcrumb\"},\"inLanguage\":\"fr-FR\",\"potentialAction\":[{\"@type\":\"ReadAction\",\"target\":[\"https:\\\/\\\/mueble4you.com\\\/fr\\\/productos\\\/set-terraza-macarella-mesa180x90-6sillas-aluminio\\\/\"]}]},{\"@type\":\"ImageObject\",\"inLanguage\":\"fr-FR\",\"@id\":\"https:\\\/\\\/mueble4you.com\\\/fr\\\/productos\\\/set-terraza-macarella-mesa180x90-6sillas-aluminio\\\/#primaryimage\",\"url\":\"https:\\\/\\\/mueble4you.com\\\/wp-content\\\/uploads\\\/2025\\\/06\\\/showimageresize-20.jpeg\",\"contentUrl\":\"https:\\\/\\\/mueble4you.com\\\/wp-content\\\/uploads\\\/2025\\\/06\\\/showimageresize-20.jpeg\",\"width\":1024,\"height\":748},{\"@type\":\"BreadcrumbList\",\"@id\":\"https:\\\/\\\/mueble4you.com\\\/fr\\\/productos\\\/set-terraza-macarella-mesa180x90-6sillas-aluminio\\\/#breadcrumb\",\"itemListElement\":[{\"@type\":\"ListItem\",\"position\":1,\"name\":\"Portada\",\"item\":\"https:\\\/\\\/mueble4you.com\\\/fr\\\/\"},{\"@type\":\"ListItem\",\"position\":2,\"name\":\"Productos\",\"item\":\"https:\\\/\\\/mueble4you.com\\\/productos\\\/\"},{\"@type\":\"ListItem\",\"position\":3,\"name\":\"ENSEMBLE DE TERRASSE MACARELLA\u00a0: TABLE 180 x 90\u00a0cm + 6\u00a0CHAISES EN ALUMINIUM.\"}]},{\"@type\":\"WebSite\",\"@id\":\"https:\\\/\\\/mueble4you.com\\\/#website\",\"url\":\"https:\\\/\\\/mueble4you.com\\\/\",\"name\":\"mueble4you\",\"description\":\"Meubles \u00e0 Tenerife\",\"potentialAction\":[{\"@type\":\"SearchAction\",\"target\":{\"@type\":\"EntryPoint\",\"urlTemplate\":\"https:\\\/\\\/mueble4you.com\\\/?s={search_term_string}\"},\"query-input\":{\"@type\":\"PropertyValueSpecification\",\"valueRequired\":true,\"valueName\":\"search_term_string\"}}],\"inLanguage\":\"fr-FR\"}]}<\/script>\n<!-- \/ Yoast SEO plugin. -->","yoast_head_json":{"title":"ENSEMBLE DE TERRASSE MACARELLA\u00a0: TABLE 180 x 90\u00a0cm + 6\u00a0CHAISES EN ALUMINIUM. | mueble4you","robots":{"index":"index","follow":"follow","max-snippet":"max-snippet:-1","max-image-preview":"max-image-preview:large","max-video-preview":"max-video-preview:-1"},"canonical":"https:\/\/mueble4you.com\/fr\/productos\/set-terraza-macarella-mesa180x90-6sillas-aluminio\/","og_locale":"fr_FR","og_type":"article","og_title":"ENSEMBLE DE TERRASSE MACARELLA\u00a0: TABLE 180 x 90\u00a0cm + 6\u00a0CHAISES EN ALUMINIUM. | mueble4you","og_description":"Mat\u00e9riau : ALUMINIUM, TISSU D&rsquo;EXT\u00c9RIEUR. Couleur : MARRON, BEIGE. Informations compl\u00e9mentaires : TABLE \u00c0 MANGER EN ALUMINIUM, PLATEAU EN PORCELAINE, DIMENSIONS DE LA TABLE : 180 x 90 x 74,5 cm. CHAISE EN ALUMINIUM ET CORDE SYNTH\u00c9TIQUE : BEIGE. DIMENSIONS DU FAUTEUIL : 71 x 76 x 71 cm.","og_url":"https:\/\/mueble4you.com\/fr\/productos\/set-terraza-macarella-mesa180x90-6sillas-aluminio\/","og_site_name":"mueble4you","article_modified_time":"2025-07-01T12:04:47+00:00","og_image":[{"width":1024,"height":748,"url":"https:\/\/mueble4you.com\/wp-content\/uploads\/2025\/06\/showimageresize-20.jpeg","type":"image\/jpeg"}],"twitter_card":"summary_large_image","schema":{"@context":"https:\/\/schema.org","@graph":[{"@type":"WebPage","@id":"https:\/\/mueble4you.com\/fr\/productos\/set-terraza-macarella-mesa180x90-6sillas-aluminio\/","url":"https:\/\/mueble4you.com\/fr\/productos\/set-terraza-macarella-mesa180x90-6sillas-aluminio\/","name":"ENSEMBLE DE TERRASSE MACARELLA\u00a0: TABLE 180 x 90\u00a0cm + 6\u00a0CHAISES EN ALUMINIUM. | mueble4you","isPartOf":{"@id":"https:\/\/mueble4you.com\/#website"},"primaryImageOfPage":{"@id":"https:\/\/mueble4you.com\/fr\/productos\/set-terraza-macarella-mesa180x90-6sillas-aluminio\/#primaryimage"},"image":{"@id":"https:\/\/mueble4you.com\/fr\/productos\/set-terraza-macarella-mesa180x90-6sillas-aluminio\/#primaryimage"},"thumbnailUrl":"https:\/\/mueble4you.com\/wp-content\/uploads\/2025\/06\/showimageresize-20.jpeg","datePublished":"2025-06-30T14:47:56+00:00","dateModified":"2025-07-01T12:04:47+00:00","breadcrumb":{"@id":"https:\/\/mueble4you.com\/fr\/productos\/set-terraza-macarella-mesa180x90-6sillas-aluminio\/#breadcrumb"},"inLanguage":"fr-FR","potentialAction":[{"@type":"ReadAction","target":["https:\/\/mueble4you.com\/fr\/productos\/set-terraza-macarella-mesa180x90-6sillas-aluminio\/"]}]},{"@type":"ImageObject","inLanguage":"fr-FR","@id":"https:\/\/mueble4you.com\/fr\/productos\/set-terraza-macarella-mesa180x90-6sillas-aluminio\/#primaryimage","url":"https:\/\/mueble4you.com\/wp-content\/uploads\/2025\/06\/showimageresize-20.jpeg","contentUrl":"https:\/\/mueble4you.com\/wp-content\/uploads\/2025\/06\/showimageresize-20.jpeg","width":1024,"height":748},{"@type":"BreadcrumbList","@id":"https:\/\/mueble4you.com\/fr\/productos\/set-terraza-macarella-mesa180x90-6sillas-aluminio\/#breadcrumb","itemListElement":[{"@type":"ListItem","position":1,"name":"Portada","item":"https:\/\/mueble4you.com\/fr\/"},{"@type":"ListItem","position":2,"name":"Productos","item":"https:\/\/mueble4you.com\/productos\/"},{"@type":"ListItem","position":3,"name":"ENSEMBLE DE TERRASSE MACARELLA\u00a0: TABLE 180 x 90\u00a0cm + 6\u00a0CHAISES EN ALUMINIUM."}]},{"@type":"WebSite","@id":"https:\/\/mueble4you.com\/#website","url":"https:\/\/mueble4you.com\/","name":"mueble4you","description":"Meubles \u00e0 Tenerife","potentialAction":[{"@type":"SearchAction","target":{"@type":"EntryPoint","urlTemplate":"https:\/\/mueble4you.com\/?s={search_term_string}"},"query-input":{"@type":"PropertyValueSpecification","valueRequired":true,"valueName":"search_term_string"}}],"inLanguage":"fr-FR"}]}},"_links":{"self":[{"href":"https:\/\/mueble4you.com\/fr\/wp-json\/wp\/v2\/product\/83526","targetHints":{"allow":["GET"]}}],"collection":[{"href":"https:\/\/mueble4you.com\/fr\/wp-json\/wp\/v2\/product"}],"about":[{"href":"https:\/\/mueble4you.com\/fr\/wp-json\/wp\/v2\/types\/product"}],"wp:featuredmedia":[{"embeddable":true,"href":"https:\/\/mueble4you.com\/fr\/wp-json\/wp\/v2\/media\/83522"}],"wp:attachment":[{"href":"https:\/\/mueble4you.com\/fr\/wp-json\/wp\/v2\/media?parent=83526"}],"wp:term":[{"taxonomy":"product_brand","embeddable":true,"href":"https:\/\/mueble4you.com\/fr\/wp-json\/wp\/v2\/product_brand?post=83526"},{"taxonomy":"product_cat","embeddable":true,"href":"https:\/\/mueble4you.com\/fr\/wp-json\/wp\/v2\/product_cat?post=83526"},{"taxonomy":"product_tag","embeddable":true,"href":"https:\/\/mueble4you.com\/fr\/wp-json\/wp\/v2\/product_tag?post=83526"}],"curies":[{"name":"wp","href":"https:\/\/api.w.org\/{rel}","templated":true}]}}