{"id":82000,"date":"2025-03-27T10:22:17","date_gmt":"2025-03-27T10:22:17","guid":{"rendered":"https:\/\/mueble4you.com\/productos\/mesa-de-comedor-4\/"},"modified":"2025-03-27T11:36:14","modified_gmt":"2025-03-27T11:36:14","slug":"mesa-de-comedor-4","status":"publish","type":"product","link":"https:\/\/mueble4you.com\/fr\/productos\/mesa-de-comedor-4\/","title":{"rendered":"TABLE \u00c0 MANGER."},"content":{"rendered":"<pre id=\"tw-target-text\" class=\"tw-data-text tw-text-large tw-ta\" dir=\"ltr\" data-placeholder=\"Traducci\u00f3n\" aria-label=\"Texto traducido: TABLE \u00c0 MANGER.\r\nTable \u00e0 manger rectangulaire en bois d'acacia et m\u00e9tal, le plateau est expos\u00e9 \u00e0 des variations de design dues au naturel du bois. Comme il s\u2019agit de bois naturel, il peut \u00eatre livr\u00e9 avec ses n\u0153uds et veines d\u2019origine. Il comprend des goujons r\u00e9glables qui emp\u00eachent le mouvement et prot\u00e8gent le sol des rayures.\r\n\r\nLes bords de la table sont irr\u00e9guliers, ce qui indique qu'ils ne suivent pas une ligne parfaitement droite et uniforme. Ces irr\u00e9gularit\u00e9s ajoutent une touche de rusticit\u00e9 et d'authenticit\u00e9 au design de la table.\r\n\r\n\u25cf Hauteur : 76 cm.\r\n\r\n\u25cf Longueur : 240 cm.\r\n\r\n\u25cf Largeur : 100 cm.\r\n\r\n\u25cf Mat\u00e9riau : Bois d'acacia et m\u00e9tal.\r\n\r\n\u25cf Couleur : Naturel et noir.\" data-ved=\"2ahUKEwig9s6TlaqMAxVXcKQEHYRJEtgQ3ewLegQIFBAV\"><span class=\"Y2IQFc\" lang=\"fr\">Table \u00e0 manger rectangulaire en bois d'acacia et m\u00e9tal, le plateau est expos\u00e9 \u00e0 des variations de design dues au naturel du bois. Comme il s\u2019agit de bois naturel, il peut \u00eatre livr\u00e9 avec ses n\u0153uds et veines d\u2019origine. Il comprend des goujons r\u00e9glables qui emp\u00eachent le mouvement et prot\u00e8gent le sol des rayures.\r\n\r\nLes bords de la table sont irr\u00e9guliers, ce qui indique qu'ils ne suivent pas une ligne parfaitement droite et uniforme. Ces irr\u00e9gularit\u00e9s ajoutent une touche de rusticit\u00e9 et d'authenticit\u00e9 au design de la table.\r\n\r\n\u25cf Hauteur : 76 cm.\r\n\r\n\u25cf Longueur : 240 cm.\r\n\r\n\u25cf Largeur : 100 cm.\r\n\r\n\u25cf Mat\u00e9riau : Bois d'acacia et m\u00e9tal.\r\n\r\n\u25cf Couleur : Naturel et noir.<\/span><\/pre>\n","protected":false},"excerpt":{"rendered":"<p>Table \u00e0 manger rectangulaire en bois d&rsquo;acacia et m\u00e9tal, le plateau est expos\u00e9 \u00e0 des variations de design dues au naturel du bois. Comme il s\u2019agit de bois naturel, il peut \u00eatre livr\u00e9 avec ses n\u0153uds et veines d\u2019origine. Il comprend des goujons r\u00e9glables qui emp\u00eachent le mouvement et prot\u00e8gent le sol des rayures. Les [&#8230;]\n","protected":false},"featured_media":81976,"template":"","meta":[],"product_brand":[],"product_cat":[199,348],"product_tag":[],"class_list":{"0":"post-82000","1":"product","2":"type-product","3":"status-publish","4":"has-post-thumbnail","6":"product_cat-eaters","7":"product_cat-tables","9":"first","10":"instock","11":"shipping-taxable","12":"product-type-simple"},"yoast_head":"<!-- This site is optimized with the Yoast SEO plugin v27.3 - https:\/\/yoast.com\/product\/yoast-seo-wordpress\/ -->\n<title>TABLE \u00c0 MANGER. | mueble4you<\/title>\n<meta name=\"robots\" content=\"index, follow, max-snippet:-1, max-image-preview:large, max-video-preview:-1\" \/>\n<link rel=\"canonical\" href=\"https:\/\/mueble4you.com\/fr\/productos\/mesa-de-comedor-4\/\" \/>\n<meta property=\"og:locale\" content=\"fr_FR\" \/>\n<meta property=\"og:type\" content=\"article\" \/>\n<meta property=\"og:title\" content=\"TABLE \u00c0 MANGER. | mueble4you\" \/>\n<meta property=\"og:description\" content=\"Table \u00e0 manger rectangulaire en bois d&#039;acacia et m\u00e9tal, le plateau est expos\u00e9 \u00e0 des variations de design dues au naturel du bois. Comme il s\u2019agit de bois naturel, il peut \u00eatre livr\u00e9 avec ses n\u0153uds et veines d\u2019origine. Il comprend des goujons r\u00e9glables qui emp\u00eachent le mouvement et prot\u00e8gent le sol des rayures. Les [...]\" \/>\n<meta property=\"og:url\" content=\"https:\/\/mueble4you.com\/fr\/productos\/mesa-de-comedor-4\/\" \/>\n<meta property=\"og:site_name\" content=\"mueble4you\" \/>\n<meta property=\"article:modified_time\" content=\"2025-03-27T11:36:14+00:00\" \/>\n<meta property=\"og:image\" content=\"https:\/\/mueble4you.com\/wp-content\/uploads\/2025\/03\/1633_1-Copy.jpg\" \/>\n\t<meta property=\"og:image:width\" content=\"900\" \/>\n\t<meta property=\"og:image:height\" content=\"768\" \/>\n\t<meta property=\"og:image:type\" content=\"image\/jpeg\" \/>\n<meta name=\"twitter:card\" content=\"summary_large_image\" \/>\n<meta name=\"twitter:label1\" content=\"Dur\u00e9e de lecture estim\u00e9e\" \/>\n\t<meta name=\"twitter:data1\" content=\"1 minute\" \/>\n<script type=\"application\/ld+json\" class=\"yoast-schema-graph\">{\"@context\":\"https:\\\/\\\/schema.org\",\"@graph\":[{\"@type\":\"WebPage\",\"@id\":\"https:\\\/\\\/mueble4you.com\\\/fr\\\/productos\\\/mesa-de-comedor-4\\\/\",\"url\":\"https:\\\/\\\/mueble4you.com\\\/fr\\\/productos\\\/mesa-de-comedor-4\\\/\",\"name\":\"TABLE \u00c0 MANGER. | mueble4you\",\"isPartOf\":{\"@id\":\"https:\\\/\\\/mueble4you.com\\\/#website\"},\"primaryImageOfPage\":{\"@id\":\"https:\\\/\\\/mueble4you.com\\\/fr\\\/productos\\\/mesa-de-comedor-4\\\/#primaryimage\"},\"image\":{\"@id\":\"https:\\\/\\\/mueble4you.com\\\/fr\\\/productos\\\/mesa-de-comedor-4\\\/#primaryimage\"},\"thumbnailUrl\":\"https:\\\/\\\/mueble4you.com\\\/wp-content\\\/uploads\\\/2025\\\/03\\\/1633_1-Copy.jpg\",\"datePublished\":\"2025-03-27T10:22:17+00:00\",\"dateModified\":\"2025-03-27T11:36:14+00:00\",\"breadcrumb\":{\"@id\":\"https:\\\/\\\/mueble4you.com\\\/fr\\\/productos\\\/mesa-de-comedor-4\\\/#breadcrumb\"},\"inLanguage\":\"fr-FR\",\"potentialAction\":[{\"@type\":\"ReadAction\",\"target\":[\"https:\\\/\\\/mueble4you.com\\\/fr\\\/productos\\\/mesa-de-comedor-4\\\/\"]}]},{\"@type\":\"ImageObject\",\"inLanguage\":\"fr-FR\",\"@id\":\"https:\\\/\\\/mueble4you.com\\\/fr\\\/productos\\\/mesa-de-comedor-4\\\/#primaryimage\",\"url\":\"https:\\\/\\\/mueble4you.com\\\/wp-content\\\/uploads\\\/2025\\\/03\\\/1633_1-Copy.jpg\",\"contentUrl\":\"https:\\\/\\\/mueble4you.com\\\/wp-content\\\/uploads\\\/2025\\\/03\\\/1633_1-Copy.jpg\",\"width\":900,\"height\":768},{\"@type\":\"BreadcrumbList\",\"@id\":\"https:\\\/\\\/mueble4you.com\\\/fr\\\/productos\\\/mesa-de-comedor-4\\\/#breadcrumb\",\"itemListElement\":[{\"@type\":\"ListItem\",\"position\":1,\"name\":\"Portada\",\"item\":\"https:\\\/\\\/mueble4you.com\\\/fr\\\/\"},{\"@type\":\"ListItem\",\"position\":2,\"name\":\"Productos\",\"item\":\"https:\\\/\\\/mueble4you.com\\\/productos\\\/\"},{\"@type\":\"ListItem\",\"position\":3,\"name\":\"TABLE \u00c0 MANGER.\"}]},{\"@type\":\"WebSite\",\"@id\":\"https:\\\/\\\/mueble4you.com\\\/#website\",\"url\":\"https:\\\/\\\/mueble4you.com\\\/\",\"name\":\"mueble4you\",\"description\":\"Meubles \u00e0 Tenerife\",\"potentialAction\":[{\"@type\":\"SearchAction\",\"target\":{\"@type\":\"EntryPoint\",\"urlTemplate\":\"https:\\\/\\\/mueble4you.com\\\/?s={search_term_string}\"},\"query-input\":{\"@type\":\"PropertyValueSpecification\",\"valueRequired\":true,\"valueName\":\"search_term_string\"}}],\"inLanguage\":\"fr-FR\"}]}<\/script>\n<!-- \/ Yoast SEO plugin. -->","yoast_head_json":{"title":"TABLE \u00c0 MANGER. | mueble4you","robots":{"index":"index","follow":"follow","max-snippet":"max-snippet:-1","max-image-preview":"max-image-preview:large","max-video-preview":"max-video-preview:-1"},"canonical":"https:\/\/mueble4you.com\/fr\/productos\/mesa-de-comedor-4\/","og_locale":"fr_FR","og_type":"article","og_title":"TABLE \u00c0 MANGER. | mueble4you","og_description":"Table \u00e0 manger rectangulaire en bois d'acacia et m\u00e9tal, le plateau est expos\u00e9 \u00e0 des variations de design dues au naturel du bois. Comme il s\u2019agit de bois naturel, il peut \u00eatre livr\u00e9 avec ses n\u0153uds et veines d\u2019origine. Il comprend des goujons r\u00e9glables qui emp\u00eachent le mouvement et prot\u00e8gent le sol des rayures. Les [...]","og_url":"https:\/\/mueble4you.com\/fr\/productos\/mesa-de-comedor-4\/","og_site_name":"mueble4you","article_modified_time":"2025-03-27T11:36:14+00:00","og_image":[{"width":900,"height":768,"url":"https:\/\/mueble4you.com\/wp-content\/uploads\/2025\/03\/1633_1-Copy.jpg","type":"image\/jpeg"}],"twitter_card":"summary_large_image","twitter_misc":{"Dur\u00e9e de lecture estim\u00e9e":"1 minute"},"schema":{"@context":"https:\/\/schema.org","@graph":[{"@type":"WebPage","@id":"https:\/\/mueble4you.com\/fr\/productos\/mesa-de-comedor-4\/","url":"https:\/\/mueble4you.com\/fr\/productos\/mesa-de-comedor-4\/","name":"TABLE \u00c0 MANGER. | mueble4you","isPartOf":{"@id":"https:\/\/mueble4you.com\/#website"},"primaryImageOfPage":{"@id":"https:\/\/mueble4you.com\/fr\/productos\/mesa-de-comedor-4\/#primaryimage"},"image":{"@id":"https:\/\/mueble4you.com\/fr\/productos\/mesa-de-comedor-4\/#primaryimage"},"thumbnailUrl":"https:\/\/mueble4you.com\/wp-content\/uploads\/2025\/03\/1633_1-Copy.jpg","datePublished":"2025-03-27T10:22:17+00:00","dateModified":"2025-03-27T11:36:14+00:00","breadcrumb":{"@id":"https:\/\/mueble4you.com\/fr\/productos\/mesa-de-comedor-4\/#breadcrumb"},"inLanguage":"fr-FR","potentialAction":[{"@type":"ReadAction","target":["https:\/\/mueble4you.com\/fr\/productos\/mesa-de-comedor-4\/"]}]},{"@type":"ImageObject","inLanguage":"fr-FR","@id":"https:\/\/mueble4you.com\/fr\/productos\/mesa-de-comedor-4\/#primaryimage","url":"https:\/\/mueble4you.com\/wp-content\/uploads\/2025\/03\/1633_1-Copy.jpg","contentUrl":"https:\/\/mueble4you.com\/wp-content\/uploads\/2025\/03\/1633_1-Copy.jpg","width":900,"height":768},{"@type":"BreadcrumbList","@id":"https:\/\/mueble4you.com\/fr\/productos\/mesa-de-comedor-4\/#breadcrumb","itemListElement":[{"@type":"ListItem","position":1,"name":"Portada","item":"https:\/\/mueble4you.com\/fr\/"},{"@type":"ListItem","position":2,"name":"Productos","item":"https:\/\/mueble4you.com\/productos\/"},{"@type":"ListItem","position":3,"name":"TABLE \u00c0 MANGER."}]},{"@type":"WebSite","@id":"https:\/\/mueble4you.com\/#website","url":"https:\/\/mueble4you.com\/","name":"mueble4you","description":"Meubles \u00e0 Tenerife","potentialAction":[{"@type":"SearchAction","target":{"@type":"EntryPoint","urlTemplate":"https:\/\/mueble4you.com\/?s={search_term_string}"},"query-input":{"@type":"PropertyValueSpecification","valueRequired":true,"valueName":"search_term_string"}}],"inLanguage":"fr-FR"}]}},"_links":{"self":[{"href":"https:\/\/mueble4you.com\/fr\/wp-json\/wp\/v2\/product\/82000","targetHints":{"allow":["GET"]}}],"collection":[{"href":"https:\/\/mueble4you.com\/fr\/wp-json\/wp\/v2\/product"}],"about":[{"href":"https:\/\/mueble4you.com\/fr\/wp-json\/wp\/v2\/types\/product"}],"wp:featuredmedia":[{"embeddable":true,"href":"https:\/\/mueble4you.com\/fr\/wp-json\/wp\/v2\/media\/81976"}],"wp:attachment":[{"href":"https:\/\/mueble4you.com\/fr\/wp-json\/wp\/v2\/media?parent=82000"}],"wp:term":[{"taxonomy":"product_brand","embeddable":true,"href":"https:\/\/mueble4you.com\/fr\/wp-json\/wp\/v2\/product_brand?post=82000"},{"taxonomy":"product_cat","embeddable":true,"href":"https:\/\/mueble4you.com\/fr\/wp-json\/wp\/v2\/product_cat?post=82000"},{"taxonomy":"product_tag","embeddable":true,"href":"https:\/\/mueble4you.com\/fr\/wp-json\/wp\/v2\/product_tag?post=82000"}],"curies":[{"name":"wp","href":"https:\/\/api.w.org\/{rel}","templated":true}]}}