{"id":81712,"date":"2025-03-25T15:33:30","date_gmt":"2025-03-25T15:33:30","guid":{"rendered":"https:\/\/mueble4you.com\/productos\/set-de-2-mesas\/"},"modified":"2025-03-26T16:05:50","modified_gmt":"2025-03-26T16:05:50","slug":"set-de-2-mesas","status":"publish","type":"product","link":"https:\/\/mueble4you.com\/fr\/productos\/set-de-2-mesas\/","title":{"rendered":"Ensemble de 2 tables"},"content":{"rendered":"<div>Cet ensemble de deux tables basses se caract\u00e9rise par son design \u00e9l\u00e9gant et ses mat\u00e9riaux de haute qualit\u00e9. Chaque table est dot\u00e9e d&rsquo;un plateau circulaire en marbre dans des tons neutres, ajoutant une touche sophistiqu\u00e9e et naturelle \u00e0 la table. La base de la table est en aluminium avec une finition nickel, lui donnant un aspect moderne et une brillance douce, \u00e9quilibrant la fra\u00eecheur du marbre avec la chaleur m\u00e9tallique du nickel.<\/div>\n<div><\/div>\n<div>\u25cf Dimensions de la grande table : 59x51cm de diam\u00e8tre.<\/div>\n<div><\/div>\n<div>\u25cf Dimensions de la petite table : 48x51cm de diam\u00e8tre.<\/div>\n<div><\/div>\n<div>\u25cf Mat\u00e9riau : Aluminium et marbre.<\/div>\n<div><\/div>\n<div>\u25cf Couleur : Gris et aluminium.<\/div>\n","protected":false},"excerpt":{"rendered":"<p>Cet ensemble de deux tables basses se caract\u00e9rise par son design \u00e9l\u00e9gant et ses mat\u00e9riaux de haute qualit\u00e9. Chaque table est dot\u00e9e d&rsquo;un plateau circulaire en marbre dans des tons neutres, ajoutant une touche sophistiqu\u00e9e et naturelle \u00e0 la table. La base de la table est en aluminium avec une finition nickel, lui donnant un [&#8230;]\n","protected":false},"featured_media":81698,"template":"","meta":[],"product_brand":[],"product_cat":[204,356],"product_tag":[],"class_list":{"0":"post-81712","1":"product","2":"type-product","3":"status-publish","4":"has-post-thumbnail","6":"product_cat-salon","7":"product_cat-table-basse","9":"first","10":"instock","11":"shipping-taxable","12":"product-type-simple"},"yoast_head":"<!-- This site is optimized with the Yoast SEO plugin v27.2 - https:\/\/yoast.com\/product\/yoast-seo-wordpress\/ -->\n<title>Ensemble de 2 tables | mueble4you<\/title>\n<meta name=\"robots\" content=\"index, follow, max-snippet:-1, max-image-preview:large, max-video-preview:-1\" \/>\n<link rel=\"canonical\" href=\"https:\/\/mueble4you.com\/fr\/productos\/set-de-2-mesas\/\" \/>\n<meta property=\"og:locale\" content=\"fr_FR\" \/>\n<meta property=\"og:type\" content=\"article\" \/>\n<meta property=\"og:title\" content=\"Ensemble de 2 tables | mueble4you\" \/>\n<meta property=\"og:description\" content=\"Cet ensemble de deux tables basses se caract\u00e9rise par son design \u00e9l\u00e9gant et ses mat\u00e9riaux de haute qualit\u00e9. Chaque table est dot\u00e9e d&rsquo;un plateau circulaire en marbre dans des tons neutres, ajoutant une touche sophistiqu\u00e9e et naturelle \u00e0 la table. La base de la table est en aluminium avec une finition nickel, lui donnant un [...]\" \/>\n<meta property=\"og:url\" content=\"https:\/\/mueble4you.com\/fr\/productos\/set-de-2-mesas\/\" \/>\n<meta property=\"og:site_name\" content=\"mueble4you\" \/>\n<meta property=\"article:modified_time\" content=\"2025-03-26T16:05:50+00:00\" \/>\n<meta property=\"og:image\" content=\"https:\/\/mueble4you.com\/wp-content\/uploads\/2025\/03\/1863_1.jpg\" \/>\n\t<meta property=\"og:image:width\" content=\"686\" \/>\n\t<meta property=\"og:image:height\" content=\"600\" \/>\n\t<meta property=\"og:image:type\" content=\"image\/jpeg\" \/>\n<meta name=\"twitter:card\" content=\"summary_large_image\" \/>\n<meta name=\"twitter:label1\" content=\"Dur\u00e9e de lecture estim\u00e9e\" \/>\n\t<meta name=\"twitter:data1\" content=\"1 minute\" \/>\n<script type=\"application\/ld+json\" class=\"yoast-schema-graph\">{\"@context\":\"https:\/\/schema.org\",\"@graph\":[{\"@type\":\"WebPage\",\"@id\":\"https:\/\/mueble4you.com\/fr\/productos\/set-de-2-mesas\/\",\"url\":\"https:\/\/mueble4you.com\/fr\/productos\/set-de-2-mesas\/\",\"name\":\"Ensemble de 2 tables | mueble4you\",\"isPartOf\":{\"@id\":\"https:\/\/mueble4you.com\/#website\"},\"primaryImageOfPage\":{\"@id\":\"https:\/\/mueble4you.com\/fr\/productos\/set-de-2-mesas\/#primaryimage\"},\"image\":{\"@id\":\"https:\/\/mueble4you.com\/fr\/productos\/set-de-2-mesas\/#primaryimage\"},\"thumbnailUrl\":\"https:\/\/mueble4you.com\/wp-content\/uploads\/2025\/03\/1863_1.jpg\",\"datePublished\":\"2025-03-25T15:33:30+00:00\",\"dateModified\":\"2025-03-26T16:05:50+00:00\",\"breadcrumb\":{\"@id\":\"https:\/\/mueble4you.com\/fr\/productos\/set-de-2-mesas\/#breadcrumb\"},\"inLanguage\":\"fr-FR\",\"potentialAction\":[{\"@type\":\"ReadAction\",\"target\":[\"https:\/\/mueble4you.com\/fr\/productos\/set-de-2-mesas\/\"]}]},{\"@type\":\"ImageObject\",\"inLanguage\":\"fr-FR\",\"@id\":\"https:\/\/mueble4you.com\/fr\/productos\/set-de-2-mesas\/#primaryimage\",\"url\":\"https:\/\/mueble4you.com\/wp-content\/uploads\/2025\/03\/1863_1.jpg\",\"contentUrl\":\"https:\/\/mueble4you.com\/wp-content\/uploads\/2025\/03\/1863_1.jpg\",\"width\":686,\"height\":600},{\"@type\":\"BreadcrumbList\",\"@id\":\"https:\/\/mueble4you.com\/fr\/productos\/set-de-2-mesas\/#breadcrumb\",\"itemListElement\":[{\"@type\":\"ListItem\",\"position\":1,\"name\":\"Portada\",\"item\":\"https:\/\/mueble4you.com\/fr\/\"},{\"@type\":\"ListItem\",\"position\":2,\"name\":\"Productos\",\"item\":\"https:\/\/mueble4you.com\/productos\/\"},{\"@type\":\"ListItem\",\"position\":3,\"name\":\"Ensemble de 2 tables\"}]},{\"@type\":\"WebSite\",\"@id\":\"https:\/\/mueble4you.com\/#website\",\"url\":\"https:\/\/mueble4you.com\/\",\"name\":\"mueble4you\",\"description\":\"Meubles \u00e0 Tenerife\",\"potentialAction\":[{\"@type\":\"SearchAction\",\"target\":{\"@type\":\"EntryPoint\",\"urlTemplate\":\"https:\/\/mueble4you.com\/?s={search_term_string}\"},\"query-input\":{\"@type\":\"PropertyValueSpecification\",\"valueRequired\":true,\"valueName\":\"search_term_string\"}}],\"inLanguage\":\"fr-FR\"}]}<\/script>\n<!-- \/ Yoast SEO plugin. -->","yoast_head_json":{"title":"Ensemble de 2 tables | mueble4you","robots":{"index":"index","follow":"follow","max-snippet":"max-snippet:-1","max-image-preview":"max-image-preview:large","max-video-preview":"max-video-preview:-1"},"canonical":"https:\/\/mueble4you.com\/fr\/productos\/set-de-2-mesas\/","og_locale":"fr_FR","og_type":"article","og_title":"Ensemble de 2 tables | mueble4you","og_description":"Cet ensemble de deux tables basses se caract\u00e9rise par son design \u00e9l\u00e9gant et ses mat\u00e9riaux de haute qualit\u00e9. Chaque table est dot\u00e9e d&rsquo;un plateau circulaire en marbre dans des tons neutres, ajoutant une touche sophistiqu\u00e9e et naturelle \u00e0 la table. La base de la table est en aluminium avec une finition nickel, lui donnant un [...]","og_url":"https:\/\/mueble4you.com\/fr\/productos\/set-de-2-mesas\/","og_site_name":"mueble4you","article_modified_time":"2025-03-26T16:05:50+00:00","og_image":[{"width":686,"height":600,"url":"https:\/\/mueble4you.com\/wp-content\/uploads\/2025\/03\/1863_1.jpg","type":"image\/jpeg"}],"twitter_card":"summary_large_image","twitter_misc":{"Dur\u00e9e de lecture estim\u00e9e":"1 minute"},"schema":{"@context":"https:\/\/schema.org","@graph":[{"@type":"WebPage","@id":"https:\/\/mueble4you.com\/fr\/productos\/set-de-2-mesas\/","url":"https:\/\/mueble4you.com\/fr\/productos\/set-de-2-mesas\/","name":"Ensemble de 2 tables | mueble4you","isPartOf":{"@id":"https:\/\/mueble4you.com\/#website"},"primaryImageOfPage":{"@id":"https:\/\/mueble4you.com\/fr\/productos\/set-de-2-mesas\/#primaryimage"},"image":{"@id":"https:\/\/mueble4you.com\/fr\/productos\/set-de-2-mesas\/#primaryimage"},"thumbnailUrl":"https:\/\/mueble4you.com\/wp-content\/uploads\/2025\/03\/1863_1.jpg","datePublished":"2025-03-25T15:33:30+00:00","dateModified":"2025-03-26T16:05:50+00:00","breadcrumb":{"@id":"https:\/\/mueble4you.com\/fr\/productos\/set-de-2-mesas\/#breadcrumb"},"inLanguage":"fr-FR","potentialAction":[{"@type":"ReadAction","target":["https:\/\/mueble4you.com\/fr\/productos\/set-de-2-mesas\/"]}]},{"@type":"ImageObject","inLanguage":"fr-FR","@id":"https:\/\/mueble4you.com\/fr\/productos\/set-de-2-mesas\/#primaryimage","url":"https:\/\/mueble4you.com\/wp-content\/uploads\/2025\/03\/1863_1.jpg","contentUrl":"https:\/\/mueble4you.com\/wp-content\/uploads\/2025\/03\/1863_1.jpg","width":686,"height":600},{"@type":"BreadcrumbList","@id":"https:\/\/mueble4you.com\/fr\/productos\/set-de-2-mesas\/#breadcrumb","itemListElement":[{"@type":"ListItem","position":1,"name":"Portada","item":"https:\/\/mueble4you.com\/fr\/"},{"@type":"ListItem","position":2,"name":"Productos","item":"https:\/\/mueble4you.com\/productos\/"},{"@type":"ListItem","position":3,"name":"Ensemble de 2 tables"}]},{"@type":"WebSite","@id":"https:\/\/mueble4you.com\/#website","url":"https:\/\/mueble4you.com\/","name":"mueble4you","description":"Meubles \u00e0 Tenerife","potentialAction":[{"@type":"SearchAction","target":{"@type":"EntryPoint","urlTemplate":"https:\/\/mueble4you.com\/?s={search_term_string}"},"query-input":{"@type":"PropertyValueSpecification","valueRequired":true,"valueName":"search_term_string"}}],"inLanguage":"fr-FR"}]}},"_links":{"self":[{"href":"https:\/\/mueble4you.com\/fr\/wp-json\/wp\/v2\/product\/81712","targetHints":{"allow":["GET"]}}],"collection":[{"href":"https:\/\/mueble4you.com\/fr\/wp-json\/wp\/v2\/product"}],"about":[{"href":"https:\/\/mueble4you.com\/fr\/wp-json\/wp\/v2\/types\/product"}],"wp:featuredmedia":[{"embeddable":true,"href":"https:\/\/mueble4you.com\/fr\/wp-json\/wp\/v2\/media\/81698"}],"wp:attachment":[{"href":"https:\/\/mueble4you.com\/fr\/wp-json\/wp\/v2\/media?parent=81712"}],"wp:term":[{"taxonomy":"product_brand","embeddable":true,"href":"https:\/\/mueble4you.com\/fr\/wp-json\/wp\/v2\/product_brand?post=81712"},{"taxonomy":"product_cat","embeddable":true,"href":"https:\/\/mueble4you.com\/fr\/wp-json\/wp\/v2\/product_cat?post=81712"},{"taxonomy":"product_tag","embeddable":true,"href":"https:\/\/mueble4you.com\/fr\/wp-json\/wp\/v2\/product_tag?post=81712"}],"curies":[{"name":"wp","href":"https:\/\/api.w.org\/{rel}","templated":true}]}}