{"id":81692,"date":"2025-03-25T15:29:29","date_gmt":"2025-03-25T15:29:29","guid":{"rendered":"https:\/\/mueble4you.com\/productos\/vitrina\/"},"modified":"2025-03-26T16:12:21","modified_gmt":"2025-03-26T16:12:21","slug":"vitrina","status":"publish","type":"product","link":"https:\/\/mueble4you.com\/fr\/productos\/vitrina\/","title":{"rendered":"Vitrine"},"content":{"rendered":"<div>D\u00e9couvrez cette \u00e9l\u00e9gante vitrine de style industriel. Il dispose de quatre portes vitr\u00e9es qui permettent une vue d\u00e9gag\u00e9e sur l&rsquo;int\u00e9rieur, parfaites pour exposer vos objets pr\u00e9f\u00e9r\u00e9s comme des livres, de la vaisselle ou des d\u00e9corations. \u00c0 l&rsquo;int\u00e9rieur, vous trouverez plusieurs \u00e9tag\u00e8res qui offrent une organisation pratique et polyvalente pour garder tout organis\u00e9 et accessible.<\/div>\n<div>Au centre de la vitrine, deux tiroirs spacieux offrent un espace de rangement suppl\u00e9mentaire pour les objets que vous pr\u00e9f\u00e9rez garder hors de vue, alliant style et fonctionnalit\u00e9.<\/div>\n<div><\/div>\n<div>\u25cf Hauteur : 200cm.<\/div>\n<div><\/div>\n<div>\u25cf Longueur : 100 cm.<\/div>\n<div><\/div>\n<div>\u25cf Largeur : 40 cm.<\/div>\n<div><\/div>\n<div>\u25cf Mat\u00e9riau : Bois de manguier et fer.<\/div>\n<div><\/div>\n<div>\u25cf Couleur : Naturel.<\/div>\n<div><\/div>\n","protected":false},"excerpt":{"rendered":"<p>D\u00e9couvrez cette \u00e9l\u00e9gante vitrine de style industriel. Il dispose de quatre portes vitr\u00e9es qui permettent une vue d\u00e9gag\u00e9e sur l&rsquo;int\u00e9rieur, parfaites pour exposer vos objets pr\u00e9f\u00e9r\u00e9s comme des livres, de la vaisselle ou des d\u00e9corations. \u00c0 l&rsquo;int\u00e9rieur, vous trouverez plusieurs \u00e9tag\u00e8res qui offrent une organisation pratique et polyvalente pour garder tout organis\u00e9 et accessible. Au [&#8230;]\n","protected":false},"featured_media":81668,"template":"","meta":[],"product_brand":[],"product_cat":[204,504],"product_tag":[],"class_list":{"0":"post-81692","1":"product","2":"type-product","3":"status-publish","4":"has-post-thumbnail","6":"product_cat-salon","7":"product_cat-vitrines","9":"first","10":"instock","11":"shipping-taxable","12":"product-type-simple"},"yoast_head":"<!-- This site is optimized with the Yoast SEO plugin v27.2 - https:\/\/yoast.com\/product\/yoast-seo-wordpress\/ -->\n<title>Vitrine | mueble4you<\/title>\n<meta name=\"robots\" content=\"index, follow, max-snippet:-1, max-image-preview:large, max-video-preview:-1\" \/>\n<link rel=\"canonical\" href=\"https:\/\/mueble4you.com\/fr\/productos\/vitrina\/\" \/>\n<meta property=\"og:locale\" content=\"fr_FR\" \/>\n<meta property=\"og:type\" content=\"article\" \/>\n<meta property=\"og:title\" content=\"Vitrine | mueble4you\" \/>\n<meta property=\"og:description\" content=\"D\u00e9couvrez cette \u00e9l\u00e9gante vitrine de style industriel. Il dispose de quatre portes vitr\u00e9es qui permettent une vue d\u00e9gag\u00e9e sur l&rsquo;int\u00e9rieur, parfaites pour exposer vos objets pr\u00e9f\u00e9r\u00e9s comme des livres, de la vaisselle ou des d\u00e9corations. \u00c0 l&rsquo;int\u00e9rieur, vous trouverez plusieurs \u00e9tag\u00e8res qui offrent une organisation pratique et polyvalente pour garder tout organis\u00e9 et accessible. Au [...]\" \/>\n<meta property=\"og:url\" content=\"https:\/\/mueble4you.com\/fr\/productos\/vitrina\/\" \/>\n<meta property=\"og:site_name\" content=\"mueble4you\" \/>\n<meta property=\"article:modified_time\" content=\"2025-03-26T16:12:21+00:00\" \/>\n<meta property=\"og:image\" content=\"https:\/\/mueble4you.com\/wp-content\/uploads\/2025\/03\/1592_2.jpg\" \/>\n\t<meta property=\"og:image:width\" content=\"486\" \/>\n\t<meta property=\"og:image:height\" content=\"768\" \/>\n\t<meta property=\"og:image:type\" content=\"image\/jpeg\" \/>\n<meta name=\"twitter:card\" content=\"summary_large_image\" \/>\n<meta name=\"twitter:label1\" content=\"Dur\u00e9e de lecture estim\u00e9e\" \/>\n\t<meta name=\"twitter:data1\" content=\"1 minute\" \/>\n<script type=\"application\/ld+json\" class=\"yoast-schema-graph\">{\"@context\":\"https:\/\/schema.org\",\"@graph\":[{\"@type\":\"WebPage\",\"@id\":\"https:\/\/mueble4you.com\/fr\/productos\/vitrina\/\",\"url\":\"https:\/\/mueble4you.com\/fr\/productos\/vitrina\/\",\"name\":\"Vitrine | mueble4you\",\"isPartOf\":{\"@id\":\"https:\/\/mueble4you.com\/#website\"},\"primaryImageOfPage\":{\"@id\":\"https:\/\/mueble4you.com\/fr\/productos\/vitrina\/#primaryimage\"},\"image\":{\"@id\":\"https:\/\/mueble4you.com\/fr\/productos\/vitrina\/#primaryimage\"},\"thumbnailUrl\":\"https:\/\/mueble4you.com\/wp-content\/uploads\/2025\/03\/1592_2.jpg\",\"datePublished\":\"2025-03-25T15:29:29+00:00\",\"dateModified\":\"2025-03-26T16:12:21+00:00\",\"breadcrumb\":{\"@id\":\"https:\/\/mueble4you.com\/fr\/productos\/vitrina\/#breadcrumb\"},\"inLanguage\":\"fr-FR\",\"potentialAction\":[{\"@type\":\"ReadAction\",\"target\":[\"https:\/\/mueble4you.com\/fr\/productos\/vitrina\/\"]}]},{\"@type\":\"ImageObject\",\"inLanguage\":\"fr-FR\",\"@id\":\"https:\/\/mueble4you.com\/fr\/productos\/vitrina\/#primaryimage\",\"url\":\"https:\/\/mueble4you.com\/wp-content\/uploads\/2025\/03\/1592_2.jpg\",\"contentUrl\":\"https:\/\/mueble4you.com\/wp-content\/uploads\/2025\/03\/1592_2.jpg\",\"width\":486,\"height\":768},{\"@type\":\"BreadcrumbList\",\"@id\":\"https:\/\/mueble4you.com\/fr\/productos\/vitrina\/#breadcrumb\",\"itemListElement\":[{\"@type\":\"ListItem\",\"position\":1,\"name\":\"Portada\",\"item\":\"https:\/\/mueble4you.com\/fr\/\"},{\"@type\":\"ListItem\",\"position\":2,\"name\":\"Productos\",\"item\":\"https:\/\/mueble4you.com\/productos\/\"},{\"@type\":\"ListItem\",\"position\":3,\"name\":\"Vitrine\"}]},{\"@type\":\"WebSite\",\"@id\":\"https:\/\/mueble4you.com\/#website\",\"url\":\"https:\/\/mueble4you.com\/\",\"name\":\"mueble4you\",\"description\":\"Meubles \u00e0 Tenerife\",\"potentialAction\":[{\"@type\":\"SearchAction\",\"target\":{\"@type\":\"EntryPoint\",\"urlTemplate\":\"https:\/\/mueble4you.com\/?s={search_term_string}\"},\"query-input\":{\"@type\":\"PropertyValueSpecification\",\"valueRequired\":true,\"valueName\":\"search_term_string\"}}],\"inLanguage\":\"fr-FR\"}]}<\/script>\n<!-- \/ Yoast SEO plugin. -->","yoast_head_json":{"title":"Vitrine | mueble4you","robots":{"index":"index","follow":"follow","max-snippet":"max-snippet:-1","max-image-preview":"max-image-preview:large","max-video-preview":"max-video-preview:-1"},"canonical":"https:\/\/mueble4you.com\/fr\/productos\/vitrina\/","og_locale":"fr_FR","og_type":"article","og_title":"Vitrine | mueble4you","og_description":"D\u00e9couvrez cette \u00e9l\u00e9gante vitrine de style industriel. Il dispose de quatre portes vitr\u00e9es qui permettent une vue d\u00e9gag\u00e9e sur l&rsquo;int\u00e9rieur, parfaites pour exposer vos objets pr\u00e9f\u00e9r\u00e9s comme des livres, de la vaisselle ou des d\u00e9corations. \u00c0 l&rsquo;int\u00e9rieur, vous trouverez plusieurs \u00e9tag\u00e8res qui offrent une organisation pratique et polyvalente pour garder tout organis\u00e9 et accessible. Au [...]","og_url":"https:\/\/mueble4you.com\/fr\/productos\/vitrina\/","og_site_name":"mueble4you","article_modified_time":"2025-03-26T16:12:21+00:00","og_image":[{"width":486,"height":768,"url":"https:\/\/mueble4you.com\/wp-content\/uploads\/2025\/03\/1592_2.jpg","type":"image\/jpeg"}],"twitter_card":"summary_large_image","twitter_misc":{"Dur\u00e9e de lecture estim\u00e9e":"1 minute"},"schema":{"@context":"https:\/\/schema.org","@graph":[{"@type":"WebPage","@id":"https:\/\/mueble4you.com\/fr\/productos\/vitrina\/","url":"https:\/\/mueble4you.com\/fr\/productos\/vitrina\/","name":"Vitrine | mueble4you","isPartOf":{"@id":"https:\/\/mueble4you.com\/#website"},"primaryImageOfPage":{"@id":"https:\/\/mueble4you.com\/fr\/productos\/vitrina\/#primaryimage"},"image":{"@id":"https:\/\/mueble4you.com\/fr\/productos\/vitrina\/#primaryimage"},"thumbnailUrl":"https:\/\/mueble4you.com\/wp-content\/uploads\/2025\/03\/1592_2.jpg","datePublished":"2025-03-25T15:29:29+00:00","dateModified":"2025-03-26T16:12:21+00:00","breadcrumb":{"@id":"https:\/\/mueble4you.com\/fr\/productos\/vitrina\/#breadcrumb"},"inLanguage":"fr-FR","potentialAction":[{"@type":"ReadAction","target":["https:\/\/mueble4you.com\/fr\/productos\/vitrina\/"]}]},{"@type":"ImageObject","inLanguage":"fr-FR","@id":"https:\/\/mueble4you.com\/fr\/productos\/vitrina\/#primaryimage","url":"https:\/\/mueble4you.com\/wp-content\/uploads\/2025\/03\/1592_2.jpg","contentUrl":"https:\/\/mueble4you.com\/wp-content\/uploads\/2025\/03\/1592_2.jpg","width":486,"height":768},{"@type":"BreadcrumbList","@id":"https:\/\/mueble4you.com\/fr\/productos\/vitrina\/#breadcrumb","itemListElement":[{"@type":"ListItem","position":1,"name":"Portada","item":"https:\/\/mueble4you.com\/fr\/"},{"@type":"ListItem","position":2,"name":"Productos","item":"https:\/\/mueble4you.com\/productos\/"},{"@type":"ListItem","position":3,"name":"Vitrine"}]},{"@type":"WebSite","@id":"https:\/\/mueble4you.com\/#website","url":"https:\/\/mueble4you.com\/","name":"mueble4you","description":"Meubles \u00e0 Tenerife","potentialAction":[{"@type":"SearchAction","target":{"@type":"EntryPoint","urlTemplate":"https:\/\/mueble4you.com\/?s={search_term_string}"},"query-input":{"@type":"PropertyValueSpecification","valueRequired":true,"valueName":"search_term_string"}}],"inLanguage":"fr-FR"}]}},"_links":{"self":[{"href":"https:\/\/mueble4you.com\/fr\/wp-json\/wp\/v2\/product\/81692","targetHints":{"allow":["GET"]}}],"collection":[{"href":"https:\/\/mueble4you.com\/fr\/wp-json\/wp\/v2\/product"}],"about":[{"href":"https:\/\/mueble4you.com\/fr\/wp-json\/wp\/v2\/types\/product"}],"wp:featuredmedia":[{"embeddable":true,"href":"https:\/\/mueble4you.com\/fr\/wp-json\/wp\/v2\/media\/81668"}],"wp:attachment":[{"href":"https:\/\/mueble4you.com\/fr\/wp-json\/wp\/v2\/media?parent=81692"}],"wp:term":[{"taxonomy":"product_brand","embeddable":true,"href":"https:\/\/mueble4you.com\/fr\/wp-json\/wp\/v2\/product_brand?post=81692"},{"taxonomy":"product_cat","embeddable":true,"href":"https:\/\/mueble4you.com\/fr\/wp-json\/wp\/v2\/product_cat?post=81692"},{"taxonomy":"product_tag","embeddable":true,"href":"https:\/\/mueble4you.com\/fr\/wp-json\/wp\/v2\/product_tag?post=81692"}],"curies":[{"name":"wp","href":"https:\/\/api.w.org\/{rel}","templated":true}]}}