{"id":81660,"date":"2025-03-25T15:14:54","date_gmt":"2025-03-25T15:14:54","guid":{"rendered":"https:\/\/mueble4you.com\/productos\/estanteria-7\/"},"modified":"2025-03-25T15:14:54","modified_gmt":"2025-03-25T15:14:54","slug":"estanteria-7","status":"publish","type":"product","link":"https:\/\/mueble4you.com\/fr\/productos\/estanteria-7\/","title":{"rendered":"ESTANTERIA"},"content":{"rendered":"<p>Estanter\u00eda de estilo ex\u00f3tico, meticulosamente fabricada en madera de mango.<\/p>\n<p>Cada detalle ha sido cuidadosamente tallado a mano, lo que le otorga un car\u00e1cter \u00fanico y un encanto artesanal.<\/p>\n<p>El acabado en azul envejecido a\u00f1ade una capa de historia y profundidad a la pieza.<\/p>\n<p>Este acabado no solo resalta las tallas detalladas, sino que tambi\u00e9n le da a la madera un aspecto antiguo y desgastado por el tiempo, creando una atm\u00f3sfera de antig\u00fcedad y elegancia.<\/p>\n<p>\u25cf Alto: 180cm.<\/p>\n<p>\u25cf Largo: 107cm.<\/p>\n<p>\u25cf Ancho: 42cm.<\/p>\n<p>\u25cf Material: Madera de mango.<\/p>\n<p>\u25cf Color: Azul envejecido.<\/p>\n<p>&nbsp;<\/p>\n","protected":false},"excerpt":{"rendered":"<p>Estanter\u00eda de estilo ex\u00f3tico, meticulosamente fabricada en madera de mango. Cada detalle ha sido cuidadosamente tallado a mano, lo que le otorga un car\u00e1cter \u00fanico y un encanto artesanal. El acabado en azul envejecido a\u00f1ade una capa de historia y profundidad a la pieza. Este acabado no solo resalta las tallas detalladas, sino que tambi\u00e9n [&#8230;]\n","protected":false},"featured_media":81641,"template":"","meta":[],"product_brand":[],"product_cat":[528,204],"product_tag":[],"class_list":{"0":"post-81660","1":"product","2":"type-product","3":"status-publish","4":"has-post-thumbnail","6":"product_cat-etageres","7":"product_cat-salon","9":"first","10":"instock","11":"shipping-taxable","12":"product-type-simple"},"yoast_head":"<!-- This site is optimized with the Yoast SEO plugin v27.2 - https:\/\/yoast.com\/product\/yoast-seo-wordpress\/ -->\n<title>ESTANTERIA | mueble4you<\/title>\n<meta name=\"robots\" content=\"index, follow, max-snippet:-1, max-image-preview:large, max-video-preview:-1\" \/>\n<link rel=\"canonical\" href=\"https:\/\/mueble4you.com\/fr\/productos\/estanteria-7\/\" \/>\n<meta property=\"og:locale\" content=\"fr_FR\" \/>\n<meta property=\"og:type\" content=\"article\" \/>\n<meta property=\"og:title\" content=\"ESTANTERIA | mueble4you\" \/>\n<meta property=\"og:description\" content=\"Estanter\u00eda de estilo ex\u00f3tico, meticulosamente fabricada en madera de mango. Cada detalle ha sido cuidadosamente tallado a mano, lo que le otorga un car\u00e1cter \u00fanico y un encanto artesanal. El acabado en azul envejecido a\u00f1ade una capa de historia y profundidad a la pieza. Este acabado no solo resalta las tallas detalladas, sino que tambi\u00e9n [...]\" \/>\n<meta property=\"og:url\" content=\"https:\/\/mueble4you.com\/fr\/productos\/estanteria-7\/\" \/>\n<meta property=\"og:site_name\" content=\"mueble4you\" \/>\n<meta property=\"og:image\" content=\"https:\/\/mueble4you.com\/wp-content\/uploads\/2025\/03\/1830_2-Copy.jpg\" \/>\n\t<meta property=\"og:image:width\" content=\"599\" \/>\n\t<meta property=\"og:image:height\" content=\"768\" \/>\n\t<meta property=\"og:image:type\" content=\"image\/jpeg\" \/>\n<meta name=\"twitter:card\" content=\"summary_large_image\" \/>\n<script type=\"application\/ld+json\" class=\"yoast-schema-graph\">{\"@context\":\"https:\/\/schema.org\",\"@graph\":[{\"@type\":\"WebPage\",\"@id\":\"https:\/\/mueble4you.com\/fr\/productos\/estanteria-7\/\",\"url\":\"https:\/\/mueble4you.com\/fr\/productos\/estanteria-7\/\",\"name\":\"ESTANTERIA | mueble4you\",\"isPartOf\":{\"@id\":\"https:\/\/mueble4you.com\/#website\"},\"primaryImageOfPage\":{\"@id\":\"https:\/\/mueble4you.com\/fr\/productos\/estanteria-7\/#primaryimage\"},\"image\":{\"@id\":\"https:\/\/mueble4you.com\/fr\/productos\/estanteria-7\/#primaryimage\"},\"thumbnailUrl\":\"https:\/\/mueble4you.com\/wp-content\/uploads\/2025\/03\/1830_2-Copy.jpg\",\"datePublished\":\"2025-03-25T15:14:54+00:00\",\"breadcrumb\":{\"@id\":\"https:\/\/mueble4you.com\/fr\/productos\/estanteria-7\/#breadcrumb\"},\"inLanguage\":\"fr-FR\",\"potentialAction\":[{\"@type\":\"ReadAction\",\"target\":[\"https:\/\/mueble4you.com\/fr\/productos\/estanteria-7\/\"]}]},{\"@type\":\"ImageObject\",\"inLanguage\":\"fr-FR\",\"@id\":\"https:\/\/mueble4you.com\/fr\/productos\/estanteria-7\/#primaryimage\",\"url\":\"https:\/\/mueble4you.com\/wp-content\/uploads\/2025\/03\/1830_2-Copy.jpg\",\"contentUrl\":\"https:\/\/mueble4you.com\/wp-content\/uploads\/2025\/03\/1830_2-Copy.jpg\",\"width\":599,\"height\":768},{\"@type\":\"BreadcrumbList\",\"@id\":\"https:\/\/mueble4you.com\/fr\/productos\/estanteria-7\/#breadcrumb\",\"itemListElement\":[{\"@type\":\"ListItem\",\"position\":1,\"name\":\"Portada\",\"item\":\"https:\/\/mueble4you.com\/fr\/\"},{\"@type\":\"ListItem\",\"position\":2,\"name\":\"Productos\",\"item\":\"https:\/\/mueble4you.com\/productos\/\"},{\"@type\":\"ListItem\",\"position\":3,\"name\":\"ESTANTERIA\"}]},{\"@type\":\"WebSite\",\"@id\":\"https:\/\/mueble4you.com\/#website\",\"url\":\"https:\/\/mueble4you.com\/\",\"name\":\"mueble4you\",\"description\":\"Meubles \u00e0 Tenerife\",\"potentialAction\":[{\"@type\":\"SearchAction\",\"target\":{\"@type\":\"EntryPoint\",\"urlTemplate\":\"https:\/\/mueble4you.com\/?s={search_term_string}\"},\"query-input\":{\"@type\":\"PropertyValueSpecification\",\"valueRequired\":true,\"valueName\":\"search_term_string\"}}],\"inLanguage\":\"fr-FR\"}]}<\/script>\n<!-- \/ Yoast SEO plugin. -->","yoast_head_json":{"title":"ESTANTERIA | mueble4you","robots":{"index":"index","follow":"follow","max-snippet":"max-snippet:-1","max-image-preview":"max-image-preview:large","max-video-preview":"max-video-preview:-1"},"canonical":"https:\/\/mueble4you.com\/fr\/productos\/estanteria-7\/","og_locale":"fr_FR","og_type":"article","og_title":"ESTANTERIA | mueble4you","og_description":"Estanter\u00eda de estilo ex\u00f3tico, meticulosamente fabricada en madera de mango. Cada detalle ha sido cuidadosamente tallado a mano, lo que le otorga un car\u00e1cter \u00fanico y un encanto artesanal. El acabado en azul envejecido a\u00f1ade una capa de historia y profundidad a la pieza. Este acabado no solo resalta las tallas detalladas, sino que tambi\u00e9n [...]","og_url":"https:\/\/mueble4you.com\/fr\/productos\/estanteria-7\/","og_site_name":"mueble4you","og_image":[{"width":599,"height":768,"url":"https:\/\/mueble4you.com\/wp-content\/uploads\/2025\/03\/1830_2-Copy.jpg","type":"image\/jpeg"}],"twitter_card":"summary_large_image","schema":{"@context":"https:\/\/schema.org","@graph":[{"@type":"WebPage","@id":"https:\/\/mueble4you.com\/fr\/productos\/estanteria-7\/","url":"https:\/\/mueble4you.com\/fr\/productos\/estanteria-7\/","name":"ESTANTERIA | mueble4you","isPartOf":{"@id":"https:\/\/mueble4you.com\/#website"},"primaryImageOfPage":{"@id":"https:\/\/mueble4you.com\/fr\/productos\/estanteria-7\/#primaryimage"},"image":{"@id":"https:\/\/mueble4you.com\/fr\/productos\/estanteria-7\/#primaryimage"},"thumbnailUrl":"https:\/\/mueble4you.com\/wp-content\/uploads\/2025\/03\/1830_2-Copy.jpg","datePublished":"2025-03-25T15:14:54+00:00","breadcrumb":{"@id":"https:\/\/mueble4you.com\/fr\/productos\/estanteria-7\/#breadcrumb"},"inLanguage":"fr-FR","potentialAction":[{"@type":"ReadAction","target":["https:\/\/mueble4you.com\/fr\/productos\/estanteria-7\/"]}]},{"@type":"ImageObject","inLanguage":"fr-FR","@id":"https:\/\/mueble4you.com\/fr\/productos\/estanteria-7\/#primaryimage","url":"https:\/\/mueble4you.com\/wp-content\/uploads\/2025\/03\/1830_2-Copy.jpg","contentUrl":"https:\/\/mueble4you.com\/wp-content\/uploads\/2025\/03\/1830_2-Copy.jpg","width":599,"height":768},{"@type":"BreadcrumbList","@id":"https:\/\/mueble4you.com\/fr\/productos\/estanteria-7\/#breadcrumb","itemListElement":[{"@type":"ListItem","position":1,"name":"Portada","item":"https:\/\/mueble4you.com\/fr\/"},{"@type":"ListItem","position":2,"name":"Productos","item":"https:\/\/mueble4you.com\/productos\/"},{"@type":"ListItem","position":3,"name":"ESTANTERIA"}]},{"@type":"WebSite","@id":"https:\/\/mueble4you.com\/#website","url":"https:\/\/mueble4you.com\/","name":"mueble4you","description":"Meubles \u00e0 Tenerife","potentialAction":[{"@type":"SearchAction","target":{"@type":"EntryPoint","urlTemplate":"https:\/\/mueble4you.com\/?s={search_term_string}"},"query-input":{"@type":"PropertyValueSpecification","valueRequired":true,"valueName":"search_term_string"}}],"inLanguage":"fr-FR"}]}},"_links":{"self":[{"href":"https:\/\/mueble4you.com\/fr\/wp-json\/wp\/v2\/product\/81660","targetHints":{"allow":["GET"]}}],"collection":[{"href":"https:\/\/mueble4you.com\/fr\/wp-json\/wp\/v2\/product"}],"about":[{"href":"https:\/\/mueble4you.com\/fr\/wp-json\/wp\/v2\/types\/product"}],"wp:featuredmedia":[{"embeddable":true,"href":"https:\/\/mueble4you.com\/fr\/wp-json\/wp\/v2\/media\/81641"}],"wp:attachment":[{"href":"https:\/\/mueble4you.com\/fr\/wp-json\/wp\/v2\/media?parent=81660"}],"wp:term":[{"taxonomy":"product_brand","embeddable":true,"href":"https:\/\/mueble4you.com\/fr\/wp-json\/wp\/v2\/product_brand?post=81660"},{"taxonomy":"product_cat","embeddable":true,"href":"https:\/\/mueble4you.com\/fr\/wp-json\/wp\/v2\/product_cat?post=81660"},{"taxonomy":"product_tag","embeddable":true,"href":"https:\/\/mueble4you.com\/fr\/wp-json\/wp\/v2\/product_tag?post=81660"}],"curies":[{"name":"wp","href":"https:\/\/api.w.org\/{rel}","templated":true}]}}