{"id":80456,"date":"2025-02-11T15:57:18","date_gmt":"2025-02-11T15:57:18","guid":{"rendered":"https:\/\/mueble4you.com\/productos\/aparador-plata-dm-espejo-salon-200-x-50-x-90-cm\/"},"modified":"2025-02-18T14:42:53","modified_gmt":"2025-02-18T14:42:53","slug":"aparador-plata-dm-espejo-salon-200-x-50-x-90-cm","status":"publish","type":"product","link":"https:\/\/mueble4you.com\/fr\/productos\/aparador-plata-dm-espejo-salon-200-x-50-x-90-cm\/","title":{"rendered":"BUFFET MIROIR DM ARGENT SALON 200 X 50 X 90 CM."},"content":{"rendered":"<ul>\n<li>Mati\u00e8re : MDF, verre, acier inoxydable. 6 portes. Comprend une \u00e9tag\u00e8re int\u00e9rieure mi-hauteur.<\/li>\n<li>MAT\u00c9RIAU : DM-MIRROR.<\/li>\n<li>COULEUR : ARGENT.<\/li>\n<li>PI\u00c8CE : BUFFET.<\/li>\n<li>MESURES: 200 cm. x 50 cm. x 90 cm.<\/li>\n<\/ul>\n","protected":false},"excerpt":{"rendered":"<p>Mati\u00e8re : MDF, verre, acier inoxydable. 6 portes. Comprend une \u00e9tag\u00e8re int\u00e9rieure mi-hauteur. MAT\u00c9RIAU : DM-MIRROR. COULEUR : ARGENT. PI\u00c8CE : BUFFET. MESURES: 200 cm. x 50 cm. x 90 cm.<\/p>\n","protected":false},"featured_media":80432,"template":"","meta":[],"product_brand":[],"product_cat":[499,204],"product_tag":[],"class_list":{"0":"post-80456","1":"product","2":"type-product","3":"status-publish","4":"has-post-thumbnail","6":"product_cat-buffets","7":"product_cat-salon","9":"first","10":"instock","11":"shipping-taxable","12":"product-type-simple"},"yoast_head":"<!-- This site is optimized with the Yoast SEO plugin v27.2 - https:\/\/yoast.com\/product\/yoast-seo-wordpress\/ -->\n<title>BUFFET MIROIR DM ARGENT SALON 200 X 50 X 90 CM. | mueble4you<\/title>\n<meta name=\"robots\" content=\"index, follow, max-snippet:-1, max-image-preview:large, max-video-preview:-1\" \/>\n<link rel=\"canonical\" href=\"https:\/\/mueble4you.com\/fr\/productos\/aparador-plata-dm-espejo-salon-200-x-50-x-90-cm\/\" \/>\n<meta property=\"og:locale\" content=\"fr_FR\" \/>\n<meta property=\"og:type\" content=\"article\" \/>\n<meta property=\"og:title\" content=\"BUFFET MIROIR DM ARGENT SALON 200 X 50 X 90 CM. | mueble4you\" \/>\n<meta property=\"og:description\" content=\"Mati\u00e8re : MDF, verre, acier inoxydable. 6 portes. Comprend une \u00e9tag\u00e8re int\u00e9rieure mi-hauteur. MAT\u00c9RIAU : DM-MIRROR. COULEUR : ARGENT. PI\u00c8CE : BUFFET. MESURES: 200 cm. x 50 cm. x 90 cm.\" \/>\n<meta property=\"og:url\" content=\"https:\/\/mueble4you.com\/fr\/productos\/aparador-plata-dm-espejo-salon-200-x-50-x-90-cm\/\" \/>\n<meta property=\"og:site_name\" content=\"mueble4you\" \/>\n<meta property=\"article:modified_time\" content=\"2025-02-18T14:42:53+00:00\" \/>\n<meta property=\"og:image\" content=\"https:\/\/mueble4you.com\/wp-content\/uploads\/2025\/02\/603719-001.webp\" \/>\n\t<meta property=\"og:image:width\" content=\"700\" \/>\n\t<meta property=\"og:image:height\" content=\"700\" \/>\n\t<meta property=\"og:image:type\" content=\"image\/webp\" \/>\n<meta name=\"twitter:card\" content=\"summary_large_image\" \/>\n<script type=\"application\/ld+json\" class=\"yoast-schema-graph\">{\"@context\":\"https:\/\/schema.org\",\"@graph\":[{\"@type\":\"WebPage\",\"@id\":\"https:\/\/mueble4you.com\/fr\/productos\/aparador-plata-dm-espejo-salon-200-x-50-x-90-cm\/\",\"url\":\"https:\/\/mueble4you.com\/fr\/productos\/aparador-plata-dm-espejo-salon-200-x-50-x-90-cm\/\",\"name\":\"BUFFET MIROIR DM ARGENT SALON 200 X 50 X 90 CM. | mueble4you\",\"isPartOf\":{\"@id\":\"https:\/\/mueble4you.com\/#website\"},\"primaryImageOfPage\":{\"@id\":\"https:\/\/mueble4you.com\/fr\/productos\/aparador-plata-dm-espejo-salon-200-x-50-x-90-cm\/#primaryimage\"},\"image\":{\"@id\":\"https:\/\/mueble4you.com\/fr\/productos\/aparador-plata-dm-espejo-salon-200-x-50-x-90-cm\/#primaryimage\"},\"thumbnailUrl\":\"https:\/\/mueble4you.com\/wp-content\/uploads\/2025\/02\/603719-001.webp\",\"datePublished\":\"2025-02-11T15:57:18+00:00\",\"dateModified\":\"2025-02-18T14:42:53+00:00\",\"breadcrumb\":{\"@id\":\"https:\/\/mueble4you.com\/fr\/productos\/aparador-plata-dm-espejo-salon-200-x-50-x-90-cm\/#breadcrumb\"},\"inLanguage\":\"fr-FR\",\"potentialAction\":[{\"@type\":\"ReadAction\",\"target\":[\"https:\/\/mueble4you.com\/fr\/productos\/aparador-plata-dm-espejo-salon-200-x-50-x-90-cm\/\"]}]},{\"@type\":\"ImageObject\",\"inLanguage\":\"fr-FR\",\"@id\":\"https:\/\/mueble4you.com\/fr\/productos\/aparador-plata-dm-espejo-salon-200-x-50-x-90-cm\/#primaryimage\",\"url\":\"https:\/\/mueble4you.com\/wp-content\/uploads\/2025\/02\/603719-001.webp\",\"contentUrl\":\"https:\/\/mueble4you.com\/wp-content\/uploads\/2025\/02\/603719-001.webp\",\"width\":700,\"height\":700},{\"@type\":\"BreadcrumbList\",\"@id\":\"https:\/\/mueble4you.com\/fr\/productos\/aparador-plata-dm-espejo-salon-200-x-50-x-90-cm\/#breadcrumb\",\"itemListElement\":[{\"@type\":\"ListItem\",\"position\":1,\"name\":\"Portada\",\"item\":\"https:\/\/mueble4you.com\/fr\/\"},{\"@type\":\"ListItem\",\"position\":2,\"name\":\"Productos\",\"item\":\"https:\/\/mueble4you.com\/productos\/\"},{\"@type\":\"ListItem\",\"position\":3,\"name\":\"BUFFET MIROIR DM ARGENT SALON 200 X 50 X 90 CM.\"}]},{\"@type\":\"WebSite\",\"@id\":\"https:\/\/mueble4you.com\/#website\",\"url\":\"https:\/\/mueble4you.com\/\",\"name\":\"mueble4you\",\"description\":\"Meubles \u00e0 Tenerife\",\"potentialAction\":[{\"@type\":\"SearchAction\",\"target\":{\"@type\":\"EntryPoint\",\"urlTemplate\":\"https:\/\/mueble4you.com\/?s={search_term_string}\"},\"query-input\":{\"@type\":\"PropertyValueSpecification\",\"valueRequired\":true,\"valueName\":\"search_term_string\"}}],\"inLanguage\":\"fr-FR\"}]}<\/script>\n<!-- \/ Yoast SEO plugin. -->","yoast_head_json":{"title":"BUFFET MIROIR DM ARGENT SALON 200 X 50 X 90 CM. | mueble4you","robots":{"index":"index","follow":"follow","max-snippet":"max-snippet:-1","max-image-preview":"max-image-preview:large","max-video-preview":"max-video-preview:-1"},"canonical":"https:\/\/mueble4you.com\/fr\/productos\/aparador-plata-dm-espejo-salon-200-x-50-x-90-cm\/","og_locale":"fr_FR","og_type":"article","og_title":"BUFFET MIROIR DM ARGENT SALON 200 X 50 X 90 CM. | mueble4you","og_description":"Mati\u00e8re : MDF, verre, acier inoxydable. 6 portes. Comprend une \u00e9tag\u00e8re int\u00e9rieure mi-hauteur. MAT\u00c9RIAU : DM-MIRROR. COULEUR : ARGENT. PI\u00c8CE : BUFFET. MESURES: 200 cm. x 50 cm. x 90 cm.","og_url":"https:\/\/mueble4you.com\/fr\/productos\/aparador-plata-dm-espejo-salon-200-x-50-x-90-cm\/","og_site_name":"mueble4you","article_modified_time":"2025-02-18T14:42:53+00:00","og_image":[{"width":700,"height":700,"url":"https:\/\/mueble4you.com\/wp-content\/uploads\/2025\/02\/603719-001.webp","type":"image\/webp"}],"twitter_card":"summary_large_image","schema":{"@context":"https:\/\/schema.org","@graph":[{"@type":"WebPage","@id":"https:\/\/mueble4you.com\/fr\/productos\/aparador-plata-dm-espejo-salon-200-x-50-x-90-cm\/","url":"https:\/\/mueble4you.com\/fr\/productos\/aparador-plata-dm-espejo-salon-200-x-50-x-90-cm\/","name":"BUFFET MIROIR DM ARGENT SALON 200 X 50 X 90 CM. | mueble4you","isPartOf":{"@id":"https:\/\/mueble4you.com\/#website"},"primaryImageOfPage":{"@id":"https:\/\/mueble4you.com\/fr\/productos\/aparador-plata-dm-espejo-salon-200-x-50-x-90-cm\/#primaryimage"},"image":{"@id":"https:\/\/mueble4you.com\/fr\/productos\/aparador-plata-dm-espejo-salon-200-x-50-x-90-cm\/#primaryimage"},"thumbnailUrl":"https:\/\/mueble4you.com\/wp-content\/uploads\/2025\/02\/603719-001.webp","datePublished":"2025-02-11T15:57:18+00:00","dateModified":"2025-02-18T14:42:53+00:00","breadcrumb":{"@id":"https:\/\/mueble4you.com\/fr\/productos\/aparador-plata-dm-espejo-salon-200-x-50-x-90-cm\/#breadcrumb"},"inLanguage":"fr-FR","potentialAction":[{"@type":"ReadAction","target":["https:\/\/mueble4you.com\/fr\/productos\/aparador-plata-dm-espejo-salon-200-x-50-x-90-cm\/"]}]},{"@type":"ImageObject","inLanguage":"fr-FR","@id":"https:\/\/mueble4you.com\/fr\/productos\/aparador-plata-dm-espejo-salon-200-x-50-x-90-cm\/#primaryimage","url":"https:\/\/mueble4you.com\/wp-content\/uploads\/2025\/02\/603719-001.webp","contentUrl":"https:\/\/mueble4you.com\/wp-content\/uploads\/2025\/02\/603719-001.webp","width":700,"height":700},{"@type":"BreadcrumbList","@id":"https:\/\/mueble4you.com\/fr\/productos\/aparador-plata-dm-espejo-salon-200-x-50-x-90-cm\/#breadcrumb","itemListElement":[{"@type":"ListItem","position":1,"name":"Portada","item":"https:\/\/mueble4you.com\/fr\/"},{"@type":"ListItem","position":2,"name":"Productos","item":"https:\/\/mueble4you.com\/productos\/"},{"@type":"ListItem","position":3,"name":"BUFFET MIROIR DM ARGENT SALON 200 X 50 X 90 CM."}]},{"@type":"WebSite","@id":"https:\/\/mueble4you.com\/#website","url":"https:\/\/mueble4you.com\/","name":"mueble4you","description":"Meubles \u00e0 Tenerife","potentialAction":[{"@type":"SearchAction","target":{"@type":"EntryPoint","urlTemplate":"https:\/\/mueble4you.com\/?s={search_term_string}"},"query-input":{"@type":"PropertyValueSpecification","valueRequired":true,"valueName":"search_term_string"}}],"inLanguage":"fr-FR"}]}},"_links":{"self":[{"href":"https:\/\/mueble4you.com\/fr\/wp-json\/wp\/v2\/product\/80456","targetHints":{"allow":["GET"]}}],"collection":[{"href":"https:\/\/mueble4you.com\/fr\/wp-json\/wp\/v2\/product"}],"about":[{"href":"https:\/\/mueble4you.com\/fr\/wp-json\/wp\/v2\/types\/product"}],"wp:featuredmedia":[{"embeddable":true,"href":"https:\/\/mueble4you.com\/fr\/wp-json\/wp\/v2\/media\/80432"}],"wp:attachment":[{"href":"https:\/\/mueble4you.com\/fr\/wp-json\/wp\/v2\/media?parent=80456"}],"wp:term":[{"taxonomy":"product_brand","embeddable":true,"href":"https:\/\/mueble4you.com\/fr\/wp-json\/wp\/v2\/product_brand?post=80456"},{"taxonomy":"product_cat","embeddable":true,"href":"https:\/\/mueble4you.com\/fr\/wp-json\/wp\/v2\/product_cat?post=80456"},{"taxonomy":"product_tag","embeddable":true,"href":"https:\/\/mueble4you.com\/fr\/wp-json\/wp\/v2\/product_tag?post=80456"}],"curies":[{"name":"wp","href":"https:\/\/api.w.org\/{rel}","templated":true}]}}