{"id":80425,"date":"2025-02-05T18:15:37","date_gmt":"2025-02-05T18:15:37","guid":{"rendered":"https:\/\/mueble4you.com\/productos\/mesa-bar-130cm-maciza-mad-acacia\/"},"modified":"2025-02-06T13:01:37","modified_gmt":"2025-02-06T13:01:37","slug":"mesa-bar-130cm-maciza-mad-acacia","status":"publish","type":"product","link":"https:\/\/mueble4you.com\/fr\/productos\/mesa-bar-130cm-maciza-mad-acacia\/","title":{"rendered":"TABLE DE BAR 130CM EN BOIS D&rsquo;ACACIA MASSIF."},"content":{"rendered":"<ul>\n<li>DIMENSIONS (longueur x largeur x hauteur) : 130X70X100.<\/li>\n<li>COULEUR : NATUREL.<\/li>\n<li>MAT\u00c9RIAU : BOIS D&rsquo;ACACIA ET M\u00c9TAL.<\/li>\n<\/ul>\n<div><\/div>\n<div>CARACT\u00c9RISTIQUES:<\/div>\n<div>&#8211; PLANCHE EN BOIS D&rsquo;ACACIA MASSIF NATUREL.<\/div>\n<div>&#8211; \u00c9PAISSEUR DE LA PLANCHE 3&rsquo;50 CM.<\/div>\n<div>&#8211; BORDS IRR\u00c9GULIERS SUR LES C\u00d4T\u00c9S LONGS.<\/div>\n<div>&#8211; DISTANCE INTERNE ENTRE LES JAMBES DE 86 CM.<\/div>\n","protected":false},"excerpt":{"rendered":"<p>DIMENSIONS (longueur x largeur x hauteur) : 130X70X100. COULEUR : NATUREL. MAT\u00c9RIAU : BOIS D&rsquo;ACACIA ET M\u00c9TAL. CARACT\u00c9RISTIQUES: &#8211; PLANCHE EN BOIS D&rsquo;ACACIA MASSIF NATUREL. &#8211; \u00c9PAISSEUR DE LA PLANCHE 3&rsquo;50 CM. &#8211; BORDS IRR\u00c9GULIERS SUR LES C\u00d4T\u00c9S LONGS. &#8211; DISTANCE INTERNE ENTRE LES JAMBES DE 86 CM.<\/p>\n","protected":false},"featured_media":80401,"template":"","meta":[],"product_brand":[],"product_cat":[199,348],"product_tag":[],"class_list":{"0":"post-80425","1":"product","2":"type-product","3":"status-publish","4":"has-post-thumbnail","6":"product_cat-eaters","7":"product_cat-tables","9":"first","10":"instock","11":"shipping-taxable","12":"product-type-simple"},"yoast_head":"<!-- This site is optimized with the Yoast SEO plugin v27.2 - https:\/\/yoast.com\/product\/yoast-seo-wordpress\/ -->\n<title>TABLE DE BAR 130CM EN BOIS D&#039;ACACIA MASSIF. | mueble4you<\/title>\n<meta name=\"robots\" content=\"index, follow, max-snippet:-1, max-image-preview:large, max-video-preview:-1\" \/>\n<link rel=\"canonical\" href=\"https:\/\/mueble4you.com\/fr\/productos\/mesa-bar-130cm-maciza-mad-acacia\/\" \/>\n<meta property=\"og:locale\" content=\"fr_FR\" \/>\n<meta property=\"og:type\" content=\"article\" \/>\n<meta property=\"og:title\" content=\"TABLE DE BAR 130CM EN BOIS D&#039;ACACIA MASSIF. | mueble4you\" \/>\n<meta property=\"og:description\" content=\"DIMENSIONS (longueur x largeur x hauteur) : 130X70X100. COULEUR : NATUREL. MAT\u00c9RIAU : BOIS D&rsquo;ACACIA ET M\u00c9TAL. CARACT\u00c9RISTIQUES: &#8211; PLANCHE EN BOIS D&rsquo;ACACIA MASSIF NATUREL. &#8211; \u00c9PAISSEUR DE LA PLANCHE 3&rsquo;50 CM. &#8211; BORDS IRR\u00c9GULIERS SUR LES C\u00d4T\u00c9S LONGS. &#8211; DISTANCE INTERNE ENTRE LES JAMBES DE 86 CM.\" \/>\n<meta property=\"og:url\" content=\"https:\/\/mueble4you.com\/fr\/productos\/mesa-bar-130cm-maciza-mad-acacia\/\" \/>\n<meta property=\"og:site_name\" content=\"mueble4you\" \/>\n<meta property=\"article:modified_time\" content=\"2025-02-06T13:01:37+00:00\" \/>\n<meta property=\"og:image\" content=\"https:\/\/mueble4you.com\/wp-content\/uploads\/2025\/02\/mesa-bar-130x70-madera-maciza-de-acacia-sobre-de-25-mm-grosor-co-4.jpg\" \/>\n\t<meta property=\"og:image:width\" content=\"592\" \/>\n\t<meta property=\"og:image:height\" content=\"740\" \/>\n\t<meta property=\"og:image:type\" content=\"image\/jpeg\" \/>\n<meta name=\"twitter:card\" content=\"summary_large_image\" \/>\n<script type=\"application\/ld+json\" class=\"yoast-schema-graph\">{\"@context\":\"https:\/\/schema.org\",\"@graph\":[{\"@type\":\"WebPage\",\"@id\":\"https:\/\/mueble4you.com\/fr\/productos\/mesa-bar-130cm-maciza-mad-acacia\/\",\"url\":\"https:\/\/mueble4you.com\/fr\/productos\/mesa-bar-130cm-maciza-mad-acacia\/\",\"name\":\"TABLE DE BAR 130CM EN BOIS D'ACACIA MASSIF. | mueble4you\",\"isPartOf\":{\"@id\":\"https:\/\/mueble4you.com\/#website\"},\"primaryImageOfPage\":{\"@id\":\"https:\/\/mueble4you.com\/fr\/productos\/mesa-bar-130cm-maciza-mad-acacia\/#primaryimage\"},\"image\":{\"@id\":\"https:\/\/mueble4you.com\/fr\/productos\/mesa-bar-130cm-maciza-mad-acacia\/#primaryimage\"},\"thumbnailUrl\":\"https:\/\/mueble4you.com\/wp-content\/uploads\/2025\/02\/mesa-bar-130x70-madera-maciza-de-acacia-sobre-de-25-mm-grosor-co-4.jpg\",\"datePublished\":\"2025-02-05T18:15:37+00:00\",\"dateModified\":\"2025-02-06T13:01:37+00:00\",\"breadcrumb\":{\"@id\":\"https:\/\/mueble4you.com\/fr\/productos\/mesa-bar-130cm-maciza-mad-acacia\/#breadcrumb\"},\"inLanguage\":\"fr-FR\",\"potentialAction\":[{\"@type\":\"ReadAction\",\"target\":[\"https:\/\/mueble4you.com\/fr\/productos\/mesa-bar-130cm-maciza-mad-acacia\/\"]}]},{\"@type\":\"ImageObject\",\"inLanguage\":\"fr-FR\",\"@id\":\"https:\/\/mueble4you.com\/fr\/productos\/mesa-bar-130cm-maciza-mad-acacia\/#primaryimage\",\"url\":\"https:\/\/mueble4you.com\/wp-content\/uploads\/2025\/02\/mesa-bar-130x70-madera-maciza-de-acacia-sobre-de-25-mm-grosor-co-4.jpg\",\"contentUrl\":\"https:\/\/mueble4you.com\/wp-content\/uploads\/2025\/02\/mesa-bar-130x70-madera-maciza-de-acacia-sobre-de-25-mm-grosor-co-4.jpg\",\"width\":592,\"height\":740},{\"@type\":\"BreadcrumbList\",\"@id\":\"https:\/\/mueble4you.com\/fr\/productos\/mesa-bar-130cm-maciza-mad-acacia\/#breadcrumb\",\"itemListElement\":[{\"@type\":\"ListItem\",\"position\":1,\"name\":\"Portada\",\"item\":\"https:\/\/mueble4you.com\/fr\/\"},{\"@type\":\"ListItem\",\"position\":2,\"name\":\"Productos\",\"item\":\"https:\/\/mueble4you.com\/productos\/\"},{\"@type\":\"ListItem\",\"position\":3,\"name\":\"TABLE DE BAR 130CM EN BOIS D&rsquo;ACACIA MASSIF.\"}]},{\"@type\":\"WebSite\",\"@id\":\"https:\/\/mueble4you.com\/#website\",\"url\":\"https:\/\/mueble4you.com\/\",\"name\":\"mueble4you\",\"description\":\"Meubles \u00e0 Tenerife\",\"potentialAction\":[{\"@type\":\"SearchAction\",\"target\":{\"@type\":\"EntryPoint\",\"urlTemplate\":\"https:\/\/mueble4you.com\/?s={search_term_string}\"},\"query-input\":{\"@type\":\"PropertyValueSpecification\",\"valueRequired\":true,\"valueName\":\"search_term_string\"}}],\"inLanguage\":\"fr-FR\"}]}<\/script>\n<!-- \/ Yoast SEO plugin. -->","yoast_head_json":{"title":"TABLE DE BAR 130CM EN BOIS D'ACACIA MASSIF. | mueble4you","robots":{"index":"index","follow":"follow","max-snippet":"max-snippet:-1","max-image-preview":"max-image-preview:large","max-video-preview":"max-video-preview:-1"},"canonical":"https:\/\/mueble4you.com\/fr\/productos\/mesa-bar-130cm-maciza-mad-acacia\/","og_locale":"fr_FR","og_type":"article","og_title":"TABLE DE BAR 130CM EN BOIS D'ACACIA MASSIF. | mueble4you","og_description":"DIMENSIONS (longueur x largeur x hauteur) : 130X70X100. COULEUR : NATUREL. MAT\u00c9RIAU : BOIS D&rsquo;ACACIA ET M\u00c9TAL. CARACT\u00c9RISTIQUES: &#8211; PLANCHE EN BOIS D&rsquo;ACACIA MASSIF NATUREL. &#8211; \u00c9PAISSEUR DE LA PLANCHE 3&rsquo;50 CM. &#8211; BORDS IRR\u00c9GULIERS SUR LES C\u00d4T\u00c9S LONGS. &#8211; DISTANCE INTERNE ENTRE LES JAMBES DE 86 CM.","og_url":"https:\/\/mueble4you.com\/fr\/productos\/mesa-bar-130cm-maciza-mad-acacia\/","og_site_name":"mueble4you","article_modified_time":"2025-02-06T13:01:37+00:00","og_image":[{"width":592,"height":740,"url":"https:\/\/mueble4you.com\/wp-content\/uploads\/2025\/02\/mesa-bar-130x70-madera-maciza-de-acacia-sobre-de-25-mm-grosor-co-4.jpg","type":"image\/jpeg"}],"twitter_card":"summary_large_image","schema":{"@context":"https:\/\/schema.org","@graph":[{"@type":"WebPage","@id":"https:\/\/mueble4you.com\/fr\/productos\/mesa-bar-130cm-maciza-mad-acacia\/","url":"https:\/\/mueble4you.com\/fr\/productos\/mesa-bar-130cm-maciza-mad-acacia\/","name":"TABLE DE BAR 130CM EN BOIS D'ACACIA MASSIF. | mueble4you","isPartOf":{"@id":"https:\/\/mueble4you.com\/#website"},"primaryImageOfPage":{"@id":"https:\/\/mueble4you.com\/fr\/productos\/mesa-bar-130cm-maciza-mad-acacia\/#primaryimage"},"image":{"@id":"https:\/\/mueble4you.com\/fr\/productos\/mesa-bar-130cm-maciza-mad-acacia\/#primaryimage"},"thumbnailUrl":"https:\/\/mueble4you.com\/wp-content\/uploads\/2025\/02\/mesa-bar-130x70-madera-maciza-de-acacia-sobre-de-25-mm-grosor-co-4.jpg","datePublished":"2025-02-05T18:15:37+00:00","dateModified":"2025-02-06T13:01:37+00:00","breadcrumb":{"@id":"https:\/\/mueble4you.com\/fr\/productos\/mesa-bar-130cm-maciza-mad-acacia\/#breadcrumb"},"inLanguage":"fr-FR","potentialAction":[{"@type":"ReadAction","target":["https:\/\/mueble4you.com\/fr\/productos\/mesa-bar-130cm-maciza-mad-acacia\/"]}]},{"@type":"ImageObject","inLanguage":"fr-FR","@id":"https:\/\/mueble4you.com\/fr\/productos\/mesa-bar-130cm-maciza-mad-acacia\/#primaryimage","url":"https:\/\/mueble4you.com\/wp-content\/uploads\/2025\/02\/mesa-bar-130x70-madera-maciza-de-acacia-sobre-de-25-mm-grosor-co-4.jpg","contentUrl":"https:\/\/mueble4you.com\/wp-content\/uploads\/2025\/02\/mesa-bar-130x70-madera-maciza-de-acacia-sobre-de-25-mm-grosor-co-4.jpg","width":592,"height":740},{"@type":"BreadcrumbList","@id":"https:\/\/mueble4you.com\/fr\/productos\/mesa-bar-130cm-maciza-mad-acacia\/#breadcrumb","itemListElement":[{"@type":"ListItem","position":1,"name":"Portada","item":"https:\/\/mueble4you.com\/fr\/"},{"@type":"ListItem","position":2,"name":"Productos","item":"https:\/\/mueble4you.com\/productos\/"},{"@type":"ListItem","position":3,"name":"TABLE DE BAR 130CM EN BOIS D&rsquo;ACACIA MASSIF."}]},{"@type":"WebSite","@id":"https:\/\/mueble4you.com\/#website","url":"https:\/\/mueble4you.com\/","name":"mueble4you","description":"Meubles \u00e0 Tenerife","potentialAction":[{"@type":"SearchAction","target":{"@type":"EntryPoint","urlTemplate":"https:\/\/mueble4you.com\/?s={search_term_string}"},"query-input":{"@type":"PropertyValueSpecification","valueRequired":true,"valueName":"search_term_string"}}],"inLanguage":"fr-FR"}]}},"_links":{"self":[{"href":"https:\/\/mueble4you.com\/fr\/wp-json\/wp\/v2\/product\/80425","targetHints":{"allow":["GET"]}}],"collection":[{"href":"https:\/\/mueble4you.com\/fr\/wp-json\/wp\/v2\/product"}],"about":[{"href":"https:\/\/mueble4you.com\/fr\/wp-json\/wp\/v2\/types\/product"}],"wp:featuredmedia":[{"embeddable":true,"href":"https:\/\/mueble4you.com\/fr\/wp-json\/wp\/v2\/media\/80401"}],"wp:attachment":[{"href":"https:\/\/mueble4you.com\/fr\/wp-json\/wp\/v2\/media?parent=80425"}],"wp:term":[{"taxonomy":"product_brand","embeddable":true,"href":"https:\/\/mueble4you.com\/fr\/wp-json\/wp\/v2\/product_brand?post=80425"},{"taxonomy":"product_cat","embeddable":true,"href":"https:\/\/mueble4you.com\/fr\/wp-json\/wp\/v2\/product_cat?post=80425"},{"taxonomy":"product_tag","embeddable":true,"href":"https:\/\/mueble4you.com\/fr\/wp-json\/wp\/v2\/product_tag?post=80425"}],"curies":[{"name":"wp","href":"https:\/\/api.w.org\/{rel}","templated":true}]}}