{"id":80395,"date":"2025-02-05T17:50:26","date_gmt":"2025-02-05T17:50:26","guid":{"rendered":"https:\/\/mueble4you.com\/productos\/silla-madera-de-olmo-con-asiento-y-respaldo-trenzado\/"},"modified":"2025-02-06T13:13:11","modified_gmt":"2025-02-06T13:13:11","slug":"silla-madera-de-olmo-con-asiento-y-respaldo-trenzado","status":"publish","type":"product","link":"https:\/\/mueble4you.com\/fr\/productos\/silla-madera-de-olmo-con-asiento-y-respaldo-trenzado\/","title":{"rendered":"CHAISE EN BOIS D&rsquo;ORME AVEC ASSISE ET DOSSIER TRESS\u00c9S."},"content":{"rendered":"<ul>\n<li>MESURES (longueur x largeur x hauteur) : 44X49X89.<\/li>\n<li>COULEUR: NATUREL.<\/li>\n<li>MAT\u00c9RIAU : BOIS D&rsquo;ORME.<\/li>\n<\/ul>\n<div><\/div>\n<div>CARACT\u00c9RISTIQUES:<\/div>\n<div>&#8211; MESURE DU SI\u00c8GE 44&rsquo;5&#215;41 CM<\/div>\n<div>&#8211; HAUTEUR ASSISE 47 CM<\/div>\n<div>&#8211; HAUTEUR DU DOSSIER 45 CM<\/div>\n","protected":false},"excerpt":{"rendered":"<p>MESURES (longueur x largeur x hauteur) : 44X49X89. COULEUR: NATUREL. MAT\u00c9RIAU : BOIS D&rsquo;ORME. CARACT\u00c9RISTIQUES: &#8211; MESURE DU SI\u00c8GE 44&rsquo;5&#215;41 CM &#8211; HAUTEUR ASSISE 47 CM &#8211; HAUTEUR DU DOSSIER 45 CM<\/p>\n","protected":false},"featured_media":80376,"template":"","meta":[],"product_brand":[],"product_cat":[352,199],"product_tag":[],"class_list":{"0":"post-80395","1":"product","2":"type-product","3":"status-publish","4":"has-post-thumbnail","6":"product_cat-chaises-de-salle-aa-manger","7":"product_cat-eaters","9":"first","10":"instock","11":"shipping-taxable","12":"product-type-simple"},"yoast_head":"<!-- This site is optimized with the Yoast SEO plugin v27.3 - https:\/\/yoast.com\/product\/yoast-seo-wordpress\/ -->\n<title>CHAISE EN BOIS D&#039;ORME AVEC ASSISE ET DOSSIER TRESS\u00c9S. | mueble4you<\/title>\n<meta name=\"robots\" content=\"index, follow, max-snippet:-1, max-image-preview:large, max-video-preview:-1\" \/>\n<link rel=\"canonical\" href=\"https:\/\/mueble4you.com\/fr\/productos\/silla-madera-de-olmo-con-asiento-y-respaldo-trenzado\/\" \/>\n<meta property=\"og:locale\" content=\"fr_FR\" \/>\n<meta property=\"og:type\" content=\"article\" \/>\n<meta property=\"og:title\" content=\"CHAISE EN BOIS D&#039;ORME AVEC ASSISE ET DOSSIER TRESS\u00c9S. | mueble4you\" \/>\n<meta property=\"og:description\" content=\"MESURES (longueur x largeur x hauteur) : 44X49X89. COULEUR: NATUREL. MAT\u00c9RIAU : BOIS D&rsquo;ORME. CARACT\u00c9RISTIQUES: &#8211; MESURE DU SI\u00c8GE 44&rsquo;5&#215;41 CM &#8211; HAUTEUR ASSISE 47 CM &#8211; HAUTEUR DU DOSSIER 45 CM\" \/>\n<meta property=\"og:url\" content=\"https:\/\/mueble4you.com\/fr\/productos\/silla-madera-de-olmo-con-asiento-y-respaldo-trenzado\/\" \/>\n<meta property=\"og:site_name\" content=\"mueble4you\" \/>\n<meta property=\"article:modified_time\" content=\"2025-02-06T13:13:11+00:00\" \/>\n<meta property=\"og:image\" content=\"https:\/\/mueble4you.com\/wp-content\/uploads\/2025\/02\/silla-madera-de-olmo-con-asiento-y-respaldo-trenzado.jpg\" \/>\n\t<meta property=\"og:image:width\" content=\"800\" \/>\n\t<meta property=\"og:image:height\" content=\"1000\" \/>\n\t<meta property=\"og:image:type\" content=\"image\/jpeg\" \/>\n<meta name=\"twitter:card\" content=\"summary_large_image\" \/>\n<script type=\"application\/ld+json\" class=\"yoast-schema-graph\">{\"@context\":\"https:\\\/\\\/schema.org\",\"@graph\":[{\"@type\":\"WebPage\",\"@id\":\"https:\\\/\\\/mueble4you.com\\\/fr\\\/productos\\\/silla-madera-de-olmo-con-asiento-y-respaldo-trenzado\\\/\",\"url\":\"https:\\\/\\\/mueble4you.com\\\/fr\\\/productos\\\/silla-madera-de-olmo-con-asiento-y-respaldo-trenzado\\\/\",\"name\":\"CHAISE EN BOIS D'ORME AVEC ASSISE ET DOSSIER TRESS\u00c9S. | mueble4you\",\"isPartOf\":{\"@id\":\"https:\\\/\\\/mueble4you.com\\\/#website\"},\"primaryImageOfPage\":{\"@id\":\"https:\\\/\\\/mueble4you.com\\\/fr\\\/productos\\\/silla-madera-de-olmo-con-asiento-y-respaldo-trenzado\\\/#primaryimage\"},\"image\":{\"@id\":\"https:\\\/\\\/mueble4you.com\\\/fr\\\/productos\\\/silla-madera-de-olmo-con-asiento-y-respaldo-trenzado\\\/#primaryimage\"},\"thumbnailUrl\":\"https:\\\/\\\/mueble4you.com\\\/wp-content\\\/uploads\\\/2025\\\/02\\\/silla-madera-de-olmo-con-asiento-y-respaldo-trenzado.jpg\",\"datePublished\":\"2025-02-05T17:50:26+00:00\",\"dateModified\":\"2025-02-06T13:13:11+00:00\",\"breadcrumb\":{\"@id\":\"https:\\\/\\\/mueble4you.com\\\/fr\\\/productos\\\/silla-madera-de-olmo-con-asiento-y-respaldo-trenzado\\\/#breadcrumb\"},\"inLanguage\":\"fr-FR\",\"potentialAction\":[{\"@type\":\"ReadAction\",\"target\":[\"https:\\\/\\\/mueble4you.com\\\/fr\\\/productos\\\/silla-madera-de-olmo-con-asiento-y-respaldo-trenzado\\\/\"]}]},{\"@type\":\"ImageObject\",\"inLanguage\":\"fr-FR\",\"@id\":\"https:\\\/\\\/mueble4you.com\\\/fr\\\/productos\\\/silla-madera-de-olmo-con-asiento-y-respaldo-trenzado\\\/#primaryimage\",\"url\":\"https:\\\/\\\/mueble4you.com\\\/wp-content\\\/uploads\\\/2025\\\/02\\\/silla-madera-de-olmo-con-asiento-y-respaldo-trenzado.jpg\",\"contentUrl\":\"https:\\\/\\\/mueble4you.com\\\/wp-content\\\/uploads\\\/2025\\\/02\\\/silla-madera-de-olmo-con-asiento-y-respaldo-trenzado.jpg\",\"width\":800,\"height\":1000},{\"@type\":\"BreadcrumbList\",\"@id\":\"https:\\\/\\\/mueble4you.com\\\/fr\\\/productos\\\/silla-madera-de-olmo-con-asiento-y-respaldo-trenzado\\\/#breadcrumb\",\"itemListElement\":[{\"@type\":\"ListItem\",\"position\":1,\"name\":\"Portada\",\"item\":\"https:\\\/\\\/mueble4you.com\\\/fr\\\/\"},{\"@type\":\"ListItem\",\"position\":2,\"name\":\"Productos\",\"item\":\"https:\\\/\\\/mueble4you.com\\\/productos\\\/\"},{\"@type\":\"ListItem\",\"position\":3,\"name\":\"CHAISE EN BOIS D&rsquo;ORME AVEC ASSISE ET DOSSIER TRESS\u00c9S.\"}]},{\"@type\":\"WebSite\",\"@id\":\"https:\\\/\\\/mueble4you.com\\\/#website\",\"url\":\"https:\\\/\\\/mueble4you.com\\\/\",\"name\":\"mueble4you\",\"description\":\"Meubles \u00e0 Tenerife\",\"potentialAction\":[{\"@type\":\"SearchAction\",\"target\":{\"@type\":\"EntryPoint\",\"urlTemplate\":\"https:\\\/\\\/mueble4you.com\\\/?s={search_term_string}\"},\"query-input\":{\"@type\":\"PropertyValueSpecification\",\"valueRequired\":true,\"valueName\":\"search_term_string\"}}],\"inLanguage\":\"fr-FR\"}]}<\/script>\n<!-- \/ Yoast SEO plugin. -->","yoast_head_json":{"title":"CHAISE EN BOIS D'ORME AVEC ASSISE ET DOSSIER TRESS\u00c9S. | mueble4you","robots":{"index":"index","follow":"follow","max-snippet":"max-snippet:-1","max-image-preview":"max-image-preview:large","max-video-preview":"max-video-preview:-1"},"canonical":"https:\/\/mueble4you.com\/fr\/productos\/silla-madera-de-olmo-con-asiento-y-respaldo-trenzado\/","og_locale":"fr_FR","og_type":"article","og_title":"CHAISE EN BOIS D'ORME AVEC ASSISE ET DOSSIER TRESS\u00c9S. | mueble4you","og_description":"MESURES (longueur x largeur x hauteur) : 44X49X89. COULEUR: NATUREL. MAT\u00c9RIAU : BOIS D&rsquo;ORME. CARACT\u00c9RISTIQUES: &#8211; MESURE DU SI\u00c8GE 44&rsquo;5&#215;41 CM &#8211; HAUTEUR ASSISE 47 CM &#8211; HAUTEUR DU DOSSIER 45 CM","og_url":"https:\/\/mueble4you.com\/fr\/productos\/silla-madera-de-olmo-con-asiento-y-respaldo-trenzado\/","og_site_name":"mueble4you","article_modified_time":"2025-02-06T13:13:11+00:00","og_image":[{"width":800,"height":1000,"url":"https:\/\/mueble4you.com\/wp-content\/uploads\/2025\/02\/silla-madera-de-olmo-con-asiento-y-respaldo-trenzado.jpg","type":"image\/jpeg"}],"twitter_card":"summary_large_image","schema":{"@context":"https:\/\/schema.org","@graph":[{"@type":"WebPage","@id":"https:\/\/mueble4you.com\/fr\/productos\/silla-madera-de-olmo-con-asiento-y-respaldo-trenzado\/","url":"https:\/\/mueble4you.com\/fr\/productos\/silla-madera-de-olmo-con-asiento-y-respaldo-trenzado\/","name":"CHAISE EN BOIS D'ORME AVEC ASSISE ET DOSSIER TRESS\u00c9S. | mueble4you","isPartOf":{"@id":"https:\/\/mueble4you.com\/#website"},"primaryImageOfPage":{"@id":"https:\/\/mueble4you.com\/fr\/productos\/silla-madera-de-olmo-con-asiento-y-respaldo-trenzado\/#primaryimage"},"image":{"@id":"https:\/\/mueble4you.com\/fr\/productos\/silla-madera-de-olmo-con-asiento-y-respaldo-trenzado\/#primaryimage"},"thumbnailUrl":"https:\/\/mueble4you.com\/wp-content\/uploads\/2025\/02\/silla-madera-de-olmo-con-asiento-y-respaldo-trenzado.jpg","datePublished":"2025-02-05T17:50:26+00:00","dateModified":"2025-02-06T13:13:11+00:00","breadcrumb":{"@id":"https:\/\/mueble4you.com\/fr\/productos\/silla-madera-de-olmo-con-asiento-y-respaldo-trenzado\/#breadcrumb"},"inLanguage":"fr-FR","potentialAction":[{"@type":"ReadAction","target":["https:\/\/mueble4you.com\/fr\/productos\/silla-madera-de-olmo-con-asiento-y-respaldo-trenzado\/"]}]},{"@type":"ImageObject","inLanguage":"fr-FR","@id":"https:\/\/mueble4you.com\/fr\/productos\/silla-madera-de-olmo-con-asiento-y-respaldo-trenzado\/#primaryimage","url":"https:\/\/mueble4you.com\/wp-content\/uploads\/2025\/02\/silla-madera-de-olmo-con-asiento-y-respaldo-trenzado.jpg","contentUrl":"https:\/\/mueble4you.com\/wp-content\/uploads\/2025\/02\/silla-madera-de-olmo-con-asiento-y-respaldo-trenzado.jpg","width":800,"height":1000},{"@type":"BreadcrumbList","@id":"https:\/\/mueble4you.com\/fr\/productos\/silla-madera-de-olmo-con-asiento-y-respaldo-trenzado\/#breadcrumb","itemListElement":[{"@type":"ListItem","position":1,"name":"Portada","item":"https:\/\/mueble4you.com\/fr\/"},{"@type":"ListItem","position":2,"name":"Productos","item":"https:\/\/mueble4you.com\/productos\/"},{"@type":"ListItem","position":3,"name":"CHAISE EN BOIS D&rsquo;ORME AVEC ASSISE ET DOSSIER TRESS\u00c9S."}]},{"@type":"WebSite","@id":"https:\/\/mueble4you.com\/#website","url":"https:\/\/mueble4you.com\/","name":"mueble4you","description":"Meubles \u00e0 Tenerife","potentialAction":[{"@type":"SearchAction","target":{"@type":"EntryPoint","urlTemplate":"https:\/\/mueble4you.com\/?s={search_term_string}"},"query-input":{"@type":"PropertyValueSpecification","valueRequired":true,"valueName":"search_term_string"}}],"inLanguage":"fr-FR"}]}},"_links":{"self":[{"href":"https:\/\/mueble4you.com\/fr\/wp-json\/wp\/v2\/product\/80395","targetHints":{"allow":["GET"]}}],"collection":[{"href":"https:\/\/mueble4you.com\/fr\/wp-json\/wp\/v2\/product"}],"about":[{"href":"https:\/\/mueble4you.com\/fr\/wp-json\/wp\/v2\/types\/product"}],"wp:featuredmedia":[{"embeddable":true,"href":"https:\/\/mueble4you.com\/fr\/wp-json\/wp\/v2\/media\/80376"}],"wp:attachment":[{"href":"https:\/\/mueble4you.com\/fr\/wp-json\/wp\/v2\/media?parent=80395"}],"wp:term":[{"taxonomy":"product_brand","embeddable":true,"href":"https:\/\/mueble4you.com\/fr\/wp-json\/wp\/v2\/product_brand?post=80395"},{"taxonomy":"product_cat","embeddable":true,"href":"https:\/\/mueble4you.com\/fr\/wp-json\/wp\/v2\/product_cat?post=80395"},{"taxonomy":"product_tag","embeddable":true,"href":"https:\/\/mueble4you.com\/fr\/wp-json\/wp\/v2\/product_tag?post=80395"}],"curies":[{"name":"wp","href":"https:\/\/api.w.org\/{rel}","templated":true}]}}