{"id":80320,"date":"2025-02-05T15:51:27","date_gmt":"2025-02-05T15:51:27","guid":{"rendered":"https:\/\/mueble4you.com\/productos\/mesa-de-acacia-1604-sillas2-sillas-cuerda-capuchino\/"},"modified":"2025-02-06T15:12:27","modified_gmt":"2025-02-06T15:12:27","slug":"mesa-de-acacia-1604-sillas2-sillas-cuerda-capuchino","status":"publish","type":"product","link":"https:\/\/mueble4you.com\/fr\/productos\/mesa-de-acacia-1604-sillas2-sillas-cuerda-capuchino\/","title":{"rendered":"TABLE ACACIA 160+4 CHAISES+2 CHAISES CORDE CAPPUCCINO."},"content":{"rendered":"<ul>\n<li>Bois d&rsquo;acacia.<\/li>\n<li>Table avec plateau en ciment.<\/li>\n<li>Chaises en corde tress\u00e9e, couleur cappuccino.<\/li>\n<li>DIMENSIONS DE LA TABLE (longueur x largeur x hauteur) : 160X90X75.<\/li>\n<li>FORME RECTANGULAIRE.<\/li>\n<li>PIEDS EN BOIS D&rsquo;ACACIA R\u00c9GLABLES EN HAUTEUR AVEC FINITION L\u00c9G\u00c8REMENT PATIN\u00c9E.<\/li>\n<li>COMPTOIR EN CIMENT L\u00c9GER HAUTE R\u00c9SISTANCE DE COULEUR TAUPE GRIS\u00c2TRE.<\/li>\n<\/ul>\n","protected":false},"excerpt":{"rendered":"<p>Bois d&rsquo;acacia. Table avec plateau en ciment. Chaises en corde tress\u00e9e, couleur cappuccino. DIMENSIONS DE LA TABLE (longueur x largeur x hauteur) : 160X90X75. FORME RECTANGULAIRE. PIEDS EN BOIS D&rsquo;ACACIA R\u00c9GLABLES EN HAUTEUR AVEC FINITION L\u00c9G\u00c8REMENT PATIN\u00c9E. COMPTOIR EN CIMENT L\u00c9GER HAUTE R\u00c9SISTANCE DE COULEUR TAUPE GRIS\u00c2TRE.<\/p>\n","protected":false},"featured_media":80291,"template":"","meta":[],"product_brand":[],"product_cat":[308,304],"product_tag":[],"class_list":{"0":"post-80320","1":"product","2":"type-product","3":"status-publish","4":"has-post-thumbnail","6":"product_cat-ensemble-de-tables-et-de-chaises","7":"product_cat-jardin-et-exterieur","9":"first","10":"instock","11":"shipping-taxable","12":"product-type-simple"},"yoast_head":"<!-- This site is optimized with the Yoast SEO plugin v27.2 - https:\/\/yoast.com\/product\/yoast-seo-wordpress\/ -->\n<title>TABLE ACACIA 160+4 CHAISES+2 CHAISES CORDE CAPPUCCINO. | mueble4you<\/title>\n<meta name=\"robots\" content=\"index, follow, max-snippet:-1, max-image-preview:large, max-video-preview:-1\" \/>\n<link rel=\"canonical\" href=\"https:\/\/mueble4you.com\/fr\/productos\/mesa-de-acacia-1604-sillas2-sillas-cuerda-capuchino\/\" \/>\n<meta property=\"og:locale\" content=\"fr_FR\" \/>\n<meta property=\"og:type\" content=\"article\" \/>\n<meta property=\"og:title\" content=\"TABLE ACACIA 160+4 CHAISES+2 CHAISES CORDE CAPPUCCINO. | mueble4you\" \/>\n<meta property=\"og:description\" content=\"Bois d&rsquo;acacia. Table avec plateau en ciment. Chaises en corde tress\u00e9e, couleur cappuccino. DIMENSIONS DE LA TABLE (longueur x largeur x hauteur) : 160X90X75. FORME RECTANGULAIRE. PIEDS EN BOIS D&rsquo;ACACIA R\u00c9GLABLES EN HAUTEUR AVEC FINITION L\u00c9G\u00c8REMENT PATIN\u00c9E. COMPTOIR EN CIMENT L\u00c9GER HAUTE R\u00c9SISTANCE DE COULEUR TAUPE GRIS\u00c2TRE.\" \/>\n<meta property=\"og:url\" content=\"https:\/\/mueble4you.com\/fr\/productos\/mesa-de-acacia-1604-sillas2-sillas-cuerda-capuchino\/\" \/>\n<meta property=\"og:site_name\" content=\"mueble4you\" \/>\n<meta property=\"article:modified_time\" content=\"2025-02-06T15:12:27+00:00\" \/>\n<meta property=\"og:image\" content=\"https:\/\/mueble4you.com\/wp-content\/uploads\/2025\/02\/IMG20250205154359-scaled.jpg\" \/>\n\t<meta property=\"og:image:width\" content=\"2560\" \/>\n\t<meta property=\"og:image:height\" content=\"1920\" \/>\n\t<meta property=\"og:image:type\" content=\"image\/jpeg\" \/>\n<meta name=\"twitter:card\" content=\"summary_large_image\" \/>\n<script type=\"application\/ld+json\" class=\"yoast-schema-graph\">{\"@context\":\"https:\/\/schema.org\",\"@graph\":[{\"@type\":\"WebPage\",\"@id\":\"https:\/\/mueble4you.com\/fr\/productos\/mesa-de-acacia-1604-sillas2-sillas-cuerda-capuchino\/\",\"url\":\"https:\/\/mueble4you.com\/fr\/productos\/mesa-de-acacia-1604-sillas2-sillas-cuerda-capuchino\/\",\"name\":\"TABLE ACACIA 160+4 CHAISES+2 CHAISES CORDE CAPPUCCINO. | mueble4you\",\"isPartOf\":{\"@id\":\"https:\/\/mueble4you.com\/#website\"},\"primaryImageOfPage\":{\"@id\":\"https:\/\/mueble4you.com\/fr\/productos\/mesa-de-acacia-1604-sillas2-sillas-cuerda-capuchino\/#primaryimage\"},\"image\":{\"@id\":\"https:\/\/mueble4you.com\/fr\/productos\/mesa-de-acacia-1604-sillas2-sillas-cuerda-capuchino\/#primaryimage\"},\"thumbnailUrl\":\"https:\/\/mueble4you.com\/wp-content\/uploads\/2025\/02\/IMG20250205154359-scaled.jpg\",\"datePublished\":\"2025-02-05T15:51:27+00:00\",\"dateModified\":\"2025-02-06T15:12:27+00:00\",\"breadcrumb\":{\"@id\":\"https:\/\/mueble4you.com\/fr\/productos\/mesa-de-acacia-1604-sillas2-sillas-cuerda-capuchino\/#breadcrumb\"},\"inLanguage\":\"fr-FR\",\"potentialAction\":[{\"@type\":\"ReadAction\",\"target\":[\"https:\/\/mueble4you.com\/fr\/productos\/mesa-de-acacia-1604-sillas2-sillas-cuerda-capuchino\/\"]}]},{\"@type\":\"ImageObject\",\"inLanguage\":\"fr-FR\",\"@id\":\"https:\/\/mueble4you.com\/fr\/productos\/mesa-de-acacia-1604-sillas2-sillas-cuerda-capuchino\/#primaryimage\",\"url\":\"https:\/\/mueble4you.com\/wp-content\/uploads\/2025\/02\/IMG20250205154359-scaled.jpg\",\"contentUrl\":\"https:\/\/mueble4you.com\/wp-content\/uploads\/2025\/02\/IMG20250205154359-scaled.jpg\",\"width\":2560,\"height\":1920},{\"@type\":\"BreadcrumbList\",\"@id\":\"https:\/\/mueble4you.com\/fr\/productos\/mesa-de-acacia-1604-sillas2-sillas-cuerda-capuchino\/#breadcrumb\",\"itemListElement\":[{\"@type\":\"ListItem\",\"position\":1,\"name\":\"Portada\",\"item\":\"https:\/\/mueble4you.com\/fr\/\"},{\"@type\":\"ListItem\",\"position\":2,\"name\":\"Productos\",\"item\":\"https:\/\/mueble4you.com\/productos\/\"},{\"@type\":\"ListItem\",\"position\":3,\"name\":\"TABLE ACACIA 160+4 CHAISES+2 CHAISES CORDE CAPPUCCINO.\"}]},{\"@type\":\"WebSite\",\"@id\":\"https:\/\/mueble4you.com\/#website\",\"url\":\"https:\/\/mueble4you.com\/\",\"name\":\"mueble4you\",\"description\":\"Meubles \u00e0 Tenerife\",\"potentialAction\":[{\"@type\":\"SearchAction\",\"target\":{\"@type\":\"EntryPoint\",\"urlTemplate\":\"https:\/\/mueble4you.com\/?s={search_term_string}\"},\"query-input\":{\"@type\":\"PropertyValueSpecification\",\"valueRequired\":true,\"valueName\":\"search_term_string\"}}],\"inLanguage\":\"fr-FR\"}]}<\/script>\n<!-- \/ Yoast SEO plugin. -->","yoast_head_json":{"title":"TABLE ACACIA 160+4 CHAISES+2 CHAISES CORDE CAPPUCCINO. | mueble4you","robots":{"index":"index","follow":"follow","max-snippet":"max-snippet:-1","max-image-preview":"max-image-preview:large","max-video-preview":"max-video-preview:-1"},"canonical":"https:\/\/mueble4you.com\/fr\/productos\/mesa-de-acacia-1604-sillas2-sillas-cuerda-capuchino\/","og_locale":"fr_FR","og_type":"article","og_title":"TABLE ACACIA 160+4 CHAISES+2 CHAISES CORDE CAPPUCCINO. | mueble4you","og_description":"Bois d&rsquo;acacia. Table avec plateau en ciment. Chaises en corde tress\u00e9e, couleur cappuccino. DIMENSIONS DE LA TABLE (longueur x largeur x hauteur) : 160X90X75. FORME RECTANGULAIRE. PIEDS EN BOIS D&rsquo;ACACIA R\u00c9GLABLES EN HAUTEUR AVEC FINITION L\u00c9G\u00c8REMENT PATIN\u00c9E. COMPTOIR EN CIMENT L\u00c9GER HAUTE R\u00c9SISTANCE DE COULEUR TAUPE GRIS\u00c2TRE.","og_url":"https:\/\/mueble4you.com\/fr\/productos\/mesa-de-acacia-1604-sillas2-sillas-cuerda-capuchino\/","og_site_name":"mueble4you","article_modified_time":"2025-02-06T15:12:27+00:00","og_image":[{"width":2560,"height":1920,"url":"https:\/\/mueble4you.com\/wp-content\/uploads\/2025\/02\/IMG20250205154359-scaled.jpg","type":"image\/jpeg"}],"twitter_card":"summary_large_image","schema":{"@context":"https:\/\/schema.org","@graph":[{"@type":"WebPage","@id":"https:\/\/mueble4you.com\/fr\/productos\/mesa-de-acacia-1604-sillas2-sillas-cuerda-capuchino\/","url":"https:\/\/mueble4you.com\/fr\/productos\/mesa-de-acacia-1604-sillas2-sillas-cuerda-capuchino\/","name":"TABLE ACACIA 160+4 CHAISES+2 CHAISES CORDE CAPPUCCINO. | mueble4you","isPartOf":{"@id":"https:\/\/mueble4you.com\/#website"},"primaryImageOfPage":{"@id":"https:\/\/mueble4you.com\/fr\/productos\/mesa-de-acacia-1604-sillas2-sillas-cuerda-capuchino\/#primaryimage"},"image":{"@id":"https:\/\/mueble4you.com\/fr\/productos\/mesa-de-acacia-1604-sillas2-sillas-cuerda-capuchino\/#primaryimage"},"thumbnailUrl":"https:\/\/mueble4you.com\/wp-content\/uploads\/2025\/02\/IMG20250205154359-scaled.jpg","datePublished":"2025-02-05T15:51:27+00:00","dateModified":"2025-02-06T15:12:27+00:00","breadcrumb":{"@id":"https:\/\/mueble4you.com\/fr\/productos\/mesa-de-acacia-1604-sillas2-sillas-cuerda-capuchino\/#breadcrumb"},"inLanguage":"fr-FR","potentialAction":[{"@type":"ReadAction","target":["https:\/\/mueble4you.com\/fr\/productos\/mesa-de-acacia-1604-sillas2-sillas-cuerda-capuchino\/"]}]},{"@type":"ImageObject","inLanguage":"fr-FR","@id":"https:\/\/mueble4you.com\/fr\/productos\/mesa-de-acacia-1604-sillas2-sillas-cuerda-capuchino\/#primaryimage","url":"https:\/\/mueble4you.com\/wp-content\/uploads\/2025\/02\/IMG20250205154359-scaled.jpg","contentUrl":"https:\/\/mueble4you.com\/wp-content\/uploads\/2025\/02\/IMG20250205154359-scaled.jpg","width":2560,"height":1920},{"@type":"BreadcrumbList","@id":"https:\/\/mueble4you.com\/fr\/productos\/mesa-de-acacia-1604-sillas2-sillas-cuerda-capuchino\/#breadcrumb","itemListElement":[{"@type":"ListItem","position":1,"name":"Portada","item":"https:\/\/mueble4you.com\/fr\/"},{"@type":"ListItem","position":2,"name":"Productos","item":"https:\/\/mueble4you.com\/productos\/"},{"@type":"ListItem","position":3,"name":"TABLE ACACIA 160+4 CHAISES+2 CHAISES CORDE CAPPUCCINO."}]},{"@type":"WebSite","@id":"https:\/\/mueble4you.com\/#website","url":"https:\/\/mueble4you.com\/","name":"mueble4you","description":"Meubles \u00e0 Tenerife","potentialAction":[{"@type":"SearchAction","target":{"@type":"EntryPoint","urlTemplate":"https:\/\/mueble4you.com\/?s={search_term_string}"},"query-input":{"@type":"PropertyValueSpecification","valueRequired":true,"valueName":"search_term_string"}}],"inLanguage":"fr-FR"}]}},"_links":{"self":[{"href":"https:\/\/mueble4you.com\/fr\/wp-json\/wp\/v2\/product\/80320","targetHints":{"allow":["GET"]}}],"collection":[{"href":"https:\/\/mueble4you.com\/fr\/wp-json\/wp\/v2\/product"}],"about":[{"href":"https:\/\/mueble4you.com\/fr\/wp-json\/wp\/v2\/types\/product"}],"wp:featuredmedia":[{"embeddable":true,"href":"https:\/\/mueble4you.com\/fr\/wp-json\/wp\/v2\/media\/80291"}],"wp:attachment":[{"href":"https:\/\/mueble4you.com\/fr\/wp-json\/wp\/v2\/media?parent=80320"}],"wp:term":[{"taxonomy":"product_brand","embeddable":true,"href":"https:\/\/mueble4you.com\/fr\/wp-json\/wp\/v2\/product_brand?post=80320"},{"taxonomy":"product_cat","embeddable":true,"href":"https:\/\/mueble4you.com\/fr\/wp-json\/wp\/v2\/product_cat?post=80320"},{"taxonomy":"product_tag","embeddable":true,"href":"https:\/\/mueble4you.com\/fr\/wp-json\/wp\/v2\/product_tag?post=80320"}],"curies":[{"name":"wp","href":"https:\/\/api.w.org\/{rel}","templated":true}]}}