{"id":80230,"date":"2025-02-05T13:59:01","date_gmt":"2025-02-05T13:59:01","guid":{"rendered":"https:\/\/mueble4you.com\/productos\/silla-escritorio-dinamic-blanca-y-gris\/"},"modified":"2025-02-06T15:49:14","modified_gmt":"2025-02-06T15:49:14","slug":"silla-escritorio-dinamic-blanca-y-gris","status":"publish","type":"product","link":"https:\/\/mueble4you.com\/fr\/productos\/silla-escritorio-dinamic-blanca-y-gris\/","title":{"rendered":"CHAISE DE BUREAU DYNAMIQUE BLANCHE ET GRISE."},"content":{"rendered":"<ul>\n<li>Le si\u00e8ge est en polypropyl\u00e8ne, compos\u00e9 de 5 pieds avec roulettes qui facilitent le d\u00e9placement.<\/li>\n<li>Le si\u00e8ge est dot\u00e9 d&rsquo;un coussin fixe rembourr\u00e9 en fil \u00e9lastique.<\/li>\n<li>Il dispose d&rsquo;un syst\u00e8me de levage hydraulique qui permet le r\u00e9glage de la hauteur.<\/li>\n<li>Largeur : 45,5 cm.<\/li>\n<li>Profondeur : 51,4.<\/li>\n<li>Profondeur d&rsquo;assise : 43.<\/li>\n<li>Hauteur : 80,5-90,5 cm.<\/li>\n<li>Hauteur jusqu&rsquo;\u00e0 l&rsquo;assise : 40-50 cm.<\/li>\n<\/ul>\n","protected":false},"excerpt":{"rendered":"<p>Le si\u00e8ge est en polypropyl\u00e8ne, compos\u00e9 de 5 pieds avec roulettes qui facilitent le d\u00e9placement. Le si\u00e8ge est dot\u00e9 d&rsquo;un coussin fixe rembourr\u00e9 en fil \u00e9lastique. Il dispose d&rsquo;un syst\u00e8me de levage hydraulique qui permet le r\u00e9glage de la hauteur. Largeur : 45,5 cm. Profondeur : 51,4. Profondeur d&rsquo;assise : 43. Hauteur : 80,5-90,5 cm. [&#8230;]\n","protected":false},"featured_media":80211,"template":"","meta":[],"product_brand":[],"product_cat":[440,450],"product_tag":[],"class_list":{"0":"post-80230","1":"product","2":"type-product","3":"status-publish","4":"has-post-thumbnail","6":"product_cat-bureau","7":"product_cat-shaise","9":"first","10":"instock","11":"shipping-taxable","12":"product-type-simple"},"yoast_head":"<!-- This site is optimized with the Yoast SEO plugin v27.2 - https:\/\/yoast.com\/product\/yoast-seo-wordpress\/ -->\n<title>CHAISE DE BUREAU DYNAMIQUE BLANCHE ET GRISE. | mueble4you<\/title>\n<meta name=\"robots\" content=\"index, follow, max-snippet:-1, max-image-preview:large, max-video-preview:-1\" \/>\n<link rel=\"canonical\" href=\"https:\/\/mueble4you.com\/fr\/productos\/silla-escritorio-dinamic-blanca-y-gris\/\" \/>\n<meta property=\"og:locale\" content=\"fr_FR\" \/>\n<meta property=\"og:type\" content=\"article\" \/>\n<meta property=\"og:title\" content=\"CHAISE DE BUREAU DYNAMIQUE BLANCHE ET GRISE. | mueble4you\" \/>\n<meta property=\"og:description\" content=\"Le si\u00e8ge est en polypropyl\u00e8ne, compos\u00e9 de 5 pieds avec roulettes qui facilitent le d\u00e9placement. Le si\u00e8ge est dot\u00e9 d&rsquo;un coussin fixe rembourr\u00e9 en fil \u00e9lastique. Il dispose d&rsquo;un syst\u00e8me de levage hydraulique qui permet le r\u00e9glage de la hauteur. Largeur : 45,5 cm. Profondeur : 51,4. Profondeur d&rsquo;assise : 43. Hauteur : 80,5-90,5 cm. [...]\" \/>\n<meta property=\"og:url\" content=\"https:\/\/mueble4you.com\/fr\/productos\/silla-escritorio-dinamic-blanca-y-gris\/\" \/>\n<meta property=\"og:site_name\" content=\"mueble4you\" \/>\n<meta property=\"article:modified_time\" content=\"2025-02-06T15:49:14+00:00\" \/>\n<meta property=\"og:image\" content=\"https:\/\/mueble4you.com\/wp-content\/uploads\/2025\/02\/silla-escritorio-dinamic-blanca-y-gris-2.jpg\" \/>\n\t<meta property=\"og:image:width\" content=\"1000\" \/>\n\t<meta property=\"og:image:height\" content=\"1000\" \/>\n\t<meta property=\"og:image:type\" content=\"image\/jpeg\" \/>\n<meta name=\"twitter:card\" content=\"summary_large_image\" \/>\n<script type=\"application\/ld+json\" class=\"yoast-schema-graph\">{\"@context\":\"https:\/\/schema.org\",\"@graph\":[{\"@type\":\"WebPage\",\"@id\":\"https:\/\/mueble4you.com\/fr\/productos\/silla-escritorio-dinamic-blanca-y-gris\/\",\"url\":\"https:\/\/mueble4you.com\/fr\/productos\/silla-escritorio-dinamic-blanca-y-gris\/\",\"name\":\"CHAISE DE BUREAU DYNAMIQUE BLANCHE ET GRISE. | mueble4you\",\"isPartOf\":{\"@id\":\"https:\/\/mueble4you.com\/#website\"},\"primaryImageOfPage\":{\"@id\":\"https:\/\/mueble4you.com\/fr\/productos\/silla-escritorio-dinamic-blanca-y-gris\/#primaryimage\"},\"image\":{\"@id\":\"https:\/\/mueble4you.com\/fr\/productos\/silla-escritorio-dinamic-blanca-y-gris\/#primaryimage\"},\"thumbnailUrl\":\"https:\/\/mueble4you.com\/wp-content\/uploads\/2025\/02\/silla-escritorio-dinamic-blanca-y-gris-2.jpg\",\"datePublished\":\"2025-02-05T13:59:01+00:00\",\"dateModified\":\"2025-02-06T15:49:14+00:00\",\"breadcrumb\":{\"@id\":\"https:\/\/mueble4you.com\/fr\/productos\/silla-escritorio-dinamic-blanca-y-gris\/#breadcrumb\"},\"inLanguage\":\"fr-FR\",\"potentialAction\":[{\"@type\":\"ReadAction\",\"target\":[\"https:\/\/mueble4you.com\/fr\/productos\/silla-escritorio-dinamic-blanca-y-gris\/\"]}]},{\"@type\":\"ImageObject\",\"inLanguage\":\"fr-FR\",\"@id\":\"https:\/\/mueble4you.com\/fr\/productos\/silla-escritorio-dinamic-blanca-y-gris\/#primaryimage\",\"url\":\"https:\/\/mueble4you.com\/wp-content\/uploads\/2025\/02\/silla-escritorio-dinamic-blanca-y-gris-2.jpg\",\"contentUrl\":\"https:\/\/mueble4you.com\/wp-content\/uploads\/2025\/02\/silla-escritorio-dinamic-blanca-y-gris-2.jpg\",\"width\":1000,\"height\":1000},{\"@type\":\"BreadcrumbList\",\"@id\":\"https:\/\/mueble4you.com\/fr\/productos\/silla-escritorio-dinamic-blanca-y-gris\/#breadcrumb\",\"itemListElement\":[{\"@type\":\"ListItem\",\"position\":1,\"name\":\"Portada\",\"item\":\"https:\/\/mueble4you.com\/fr\/\"},{\"@type\":\"ListItem\",\"position\":2,\"name\":\"Productos\",\"item\":\"https:\/\/mueble4you.com\/productos\/\"},{\"@type\":\"ListItem\",\"position\":3,\"name\":\"CHAISE DE BUREAU DYNAMIQUE BLANCHE ET GRISE.\"}]},{\"@type\":\"WebSite\",\"@id\":\"https:\/\/mueble4you.com\/#website\",\"url\":\"https:\/\/mueble4you.com\/\",\"name\":\"mueble4you\",\"description\":\"Meubles \u00e0 Tenerife\",\"potentialAction\":[{\"@type\":\"SearchAction\",\"target\":{\"@type\":\"EntryPoint\",\"urlTemplate\":\"https:\/\/mueble4you.com\/?s={search_term_string}\"},\"query-input\":{\"@type\":\"PropertyValueSpecification\",\"valueRequired\":true,\"valueName\":\"search_term_string\"}}],\"inLanguage\":\"fr-FR\"}]}<\/script>\n<!-- \/ Yoast SEO plugin. -->","yoast_head_json":{"title":"CHAISE DE BUREAU DYNAMIQUE BLANCHE ET GRISE. | mueble4you","robots":{"index":"index","follow":"follow","max-snippet":"max-snippet:-1","max-image-preview":"max-image-preview:large","max-video-preview":"max-video-preview:-1"},"canonical":"https:\/\/mueble4you.com\/fr\/productos\/silla-escritorio-dinamic-blanca-y-gris\/","og_locale":"fr_FR","og_type":"article","og_title":"CHAISE DE BUREAU DYNAMIQUE BLANCHE ET GRISE. | mueble4you","og_description":"Le si\u00e8ge est en polypropyl\u00e8ne, compos\u00e9 de 5 pieds avec roulettes qui facilitent le d\u00e9placement. Le si\u00e8ge est dot\u00e9 d&rsquo;un coussin fixe rembourr\u00e9 en fil \u00e9lastique. Il dispose d&rsquo;un syst\u00e8me de levage hydraulique qui permet le r\u00e9glage de la hauteur. Largeur : 45,5 cm. Profondeur : 51,4. Profondeur d&rsquo;assise : 43. Hauteur : 80,5-90,5 cm. [...]","og_url":"https:\/\/mueble4you.com\/fr\/productos\/silla-escritorio-dinamic-blanca-y-gris\/","og_site_name":"mueble4you","article_modified_time":"2025-02-06T15:49:14+00:00","og_image":[{"width":1000,"height":1000,"url":"https:\/\/mueble4you.com\/wp-content\/uploads\/2025\/02\/silla-escritorio-dinamic-blanca-y-gris-2.jpg","type":"image\/jpeg"}],"twitter_card":"summary_large_image","schema":{"@context":"https:\/\/schema.org","@graph":[{"@type":"WebPage","@id":"https:\/\/mueble4you.com\/fr\/productos\/silla-escritorio-dinamic-blanca-y-gris\/","url":"https:\/\/mueble4you.com\/fr\/productos\/silla-escritorio-dinamic-blanca-y-gris\/","name":"CHAISE DE BUREAU DYNAMIQUE BLANCHE ET GRISE. | mueble4you","isPartOf":{"@id":"https:\/\/mueble4you.com\/#website"},"primaryImageOfPage":{"@id":"https:\/\/mueble4you.com\/fr\/productos\/silla-escritorio-dinamic-blanca-y-gris\/#primaryimage"},"image":{"@id":"https:\/\/mueble4you.com\/fr\/productos\/silla-escritorio-dinamic-blanca-y-gris\/#primaryimage"},"thumbnailUrl":"https:\/\/mueble4you.com\/wp-content\/uploads\/2025\/02\/silla-escritorio-dinamic-blanca-y-gris-2.jpg","datePublished":"2025-02-05T13:59:01+00:00","dateModified":"2025-02-06T15:49:14+00:00","breadcrumb":{"@id":"https:\/\/mueble4you.com\/fr\/productos\/silla-escritorio-dinamic-blanca-y-gris\/#breadcrumb"},"inLanguage":"fr-FR","potentialAction":[{"@type":"ReadAction","target":["https:\/\/mueble4you.com\/fr\/productos\/silla-escritorio-dinamic-blanca-y-gris\/"]}]},{"@type":"ImageObject","inLanguage":"fr-FR","@id":"https:\/\/mueble4you.com\/fr\/productos\/silla-escritorio-dinamic-blanca-y-gris\/#primaryimage","url":"https:\/\/mueble4you.com\/wp-content\/uploads\/2025\/02\/silla-escritorio-dinamic-blanca-y-gris-2.jpg","contentUrl":"https:\/\/mueble4you.com\/wp-content\/uploads\/2025\/02\/silla-escritorio-dinamic-blanca-y-gris-2.jpg","width":1000,"height":1000},{"@type":"BreadcrumbList","@id":"https:\/\/mueble4you.com\/fr\/productos\/silla-escritorio-dinamic-blanca-y-gris\/#breadcrumb","itemListElement":[{"@type":"ListItem","position":1,"name":"Portada","item":"https:\/\/mueble4you.com\/fr\/"},{"@type":"ListItem","position":2,"name":"Productos","item":"https:\/\/mueble4you.com\/productos\/"},{"@type":"ListItem","position":3,"name":"CHAISE DE BUREAU DYNAMIQUE BLANCHE ET GRISE."}]},{"@type":"WebSite","@id":"https:\/\/mueble4you.com\/#website","url":"https:\/\/mueble4you.com\/","name":"mueble4you","description":"Meubles \u00e0 Tenerife","potentialAction":[{"@type":"SearchAction","target":{"@type":"EntryPoint","urlTemplate":"https:\/\/mueble4you.com\/?s={search_term_string}"},"query-input":{"@type":"PropertyValueSpecification","valueRequired":true,"valueName":"search_term_string"}}],"inLanguage":"fr-FR"}]}},"_links":{"self":[{"href":"https:\/\/mueble4you.com\/fr\/wp-json\/wp\/v2\/product\/80230","targetHints":{"allow":["GET"]}}],"collection":[{"href":"https:\/\/mueble4you.com\/fr\/wp-json\/wp\/v2\/product"}],"about":[{"href":"https:\/\/mueble4you.com\/fr\/wp-json\/wp\/v2\/types\/product"}],"wp:featuredmedia":[{"embeddable":true,"href":"https:\/\/mueble4you.com\/fr\/wp-json\/wp\/v2\/media\/80211"}],"wp:attachment":[{"href":"https:\/\/mueble4you.com\/fr\/wp-json\/wp\/v2\/media?parent=80230"}],"wp:term":[{"taxonomy":"product_brand","embeddable":true,"href":"https:\/\/mueble4you.com\/fr\/wp-json\/wp\/v2\/product_brand?post=80230"},{"taxonomy":"product_cat","embeddable":true,"href":"https:\/\/mueble4you.com\/fr\/wp-json\/wp\/v2\/product_cat?post=80230"},{"taxonomy":"product_tag","embeddable":true,"href":"https:\/\/mueble4you.com\/fr\/wp-json\/wp\/v2\/product_tag?post=80230"}],"curies":[{"name":"wp","href":"https:\/\/api.w.org\/{rel}","templated":true}]}}