{"id":78419,"date":"2024-10-25T10:23:00","date_gmt":"2024-10-25T10:23:00","guid":{"rendered":"https:\/\/mueble4you.com\/productos\/zapatera-2\/"},"modified":"2024-10-25T12:21:01","modified_gmt":"2024-10-25T12:21:01","slug":"zapatera-2","status":"publish","type":"product","link":"https:\/\/mueble4you.com\/fr\/productos\/zapatera-2\/","title":{"rendered":"Range-chaussures 1 PORTE MIROIR."},"content":{"rendered":"<ul>\n<li id=\"tw-target-text\" class=\"tw-data-text tw-text-large tw-ta\" dir=\"ltr\" data-placeholder=\"Traducci\u00f3n\" data-ved=\"2ahUKEwiex9qQwamJAxVMTKQEHc0-BXgQ3ewLegQIChAU\" aria-label=\"Texto traducido: Range-chaussures 1 PORTE MIROIR.\n\u00c9TAG\u00c8RE \u00c0 CHAUSSURES AVEC PORTE MIROIR.\nDimensions : 70x33x196cm.\nDisponible en trois combinaisons : couleur Aurora-Green ; Anthracite-Alcatraz B\u00a0; Amazona-Blanco R.\nDisponible dans d'autres combinaisons sur demande.\"><span class=\"Y2IQFc\" lang=\"fr\">\u00c9TAG\u00c8RE \u00c0 CHAUSSURES AVEC PORTE MIROIR.<\/span><\/li>\n<li class=\"tw-data-text tw-text-large tw-ta\" dir=\"ltr\" data-placeholder=\"Traducci\u00f3n\" data-ved=\"2ahUKEwiex9qQwamJAxVMTKQEHc0-BXgQ3ewLegQIChAU\" aria-label=\"Texto traducido: Range-chaussures 1 PORTE MIROIR.\n\u00c9TAG\u00c8RE \u00c0 CHAUSSURES AVEC PORTE MIROIR.\nDimensions : 70x33x196cm.\nDisponible en trois combinaisons : couleur Aurora-Green ; Anthracite-Alcatraz B\u00a0; Amazona-Blanco R.\nDisponible dans d'autres combinaisons sur demande.\"><span class=\"Y2IQFc\" lang=\"fr\">Dimensions : 70x33x196cm. <\/span><\/li>\n<li class=\"tw-data-text tw-text-large tw-ta\" dir=\"ltr\" data-placeholder=\"Traducci\u00f3n\" data-ved=\"2ahUKEwiex9qQwamJAxVMTKQEHc0-BXgQ3ewLegQIChAU\" aria-label=\"Texto traducido: Range-chaussures 1 PORTE MIROIR.\n\u00c9TAG\u00c8RE \u00c0 CHAUSSURES AVEC PORTE MIROIR.\nDimensions : 70x33x196cm.\nDisponible en trois combinaisons : couleur Aurora-Green ; Anthracite-Alcatraz B\u00a0; Amazona-Blanco R.\nDisponible dans d'autres combinaisons sur demande.\"><span class=\"Y2IQFc\" lang=\"fr\">Disponible en trois combinaisons : couleur Aurora-Green ; Anthracite-Alcatraz B ; Amazona-Blanco R.<\/span><\/li>\n<li class=\"tw-data-text tw-text-large tw-ta\" dir=\"ltr\" data-placeholder=\"Traducci\u00f3n\" data-ved=\"2ahUKEwiex9qQwamJAxVMTKQEHc0-BXgQ3ewLegQIChAU\" aria-label=\"Texto traducido: Range-chaussures 1 PORTE MIROIR.\n\u00c9TAG\u00c8RE \u00c0 CHAUSSURES AVEC PORTE MIROIR.\nDimensions : 70x33x196cm.\nDisponible en trois combinaisons : couleur Aurora-Green ; Anthracite-Alcatraz B\u00a0; Amazona-Blanco R.\nDisponible dans d'autres combinaisons sur demande.\"><span class=\"Y2IQFc\" lang=\"fr\">Disponible dans d&rsquo;autres combinaisons sur demande.<\/span><\/li>\n<\/ul>\n<pre id=\"tw-target-text\" class=\"tw-data-text tw-text-large tw-ta\" dir=\"ltr\" data-placeholder=\"Traducci\u00f3n\" data-ved=\"2ahUKEwiex9qQwamJAxVMTKQEHc0-BXgQ3ewLegQIChAU\" aria-label=\"Texto traducido: Range-chaussures 1 PORTE MIROIR.\r\n\u00c9TAG\u00c8RE \u00c0 CHAUSSURES AVEC PORTE MIROIR.\r\nDimensions : 70x33x196cm.\r\nDisponible en trois combinaisons : couleur Aurora-Green ; Anthracite-Alcatraz B\u00a0; Amazona-Blanco R.\r\nDisponible dans d'autres combinaisons sur demande.\"><span class=\"Y2IQFc\" lang=\"fr\">\u00a0<\/span><\/pre>\n","protected":false},"excerpt":{"rendered":"<p>\u00c9TAG\u00c8RE \u00c0 CHAUSSURES AVEC PORTE MIROIR. Dimensions : 70x33x196cm. Disponible en trois combinaisons : couleur Aurora-Green ; Anthracite-Alcatraz B ; Amazona-Blanco R. Disponible dans d&rsquo;autres combinaisons sur demande. \u00a0<\/p>\n","protected":false},"featured_media":78424,"template":"","meta":[],"product_brand":[],"product_cat":[201,204,282,540],"product_tag":[],"class_list":{"0":"post-78419","1":"product","2":"type-product","3":"status-publish","4":"has-post-thumbnail","6":"product_cat-dortoirs","7":"product_cat-salon","8":"product_cat-meubles-de-chambre-a-coucher","9":"product_cat-mobilier-dentree","11":"first","12":"instock","13":"shipping-taxable","14":"product-type-simple"},"yoast_head":"<!-- This site is optimized with the Yoast SEO plugin v27.2 - https:\/\/yoast.com\/product\/yoast-seo-wordpress\/ -->\n<title>Range-chaussures 1 PORTE MIROIR. | mueble4you<\/title>\n<meta name=\"robots\" content=\"index, follow, max-snippet:-1, max-image-preview:large, max-video-preview:-1\" \/>\n<link rel=\"canonical\" href=\"https:\/\/mueble4you.com\/fr\/productos\/zapatera-2\/\" \/>\n<meta property=\"og:locale\" content=\"fr_FR\" \/>\n<meta property=\"og:type\" content=\"article\" \/>\n<meta property=\"og:title\" content=\"Range-chaussures 1 PORTE MIROIR. | mueble4you\" \/>\n<meta property=\"og:description\" content=\"\u00c9TAG\u00c8RE \u00c0 CHAUSSURES AVEC PORTE MIROIR. Dimensions : 70x33x196cm. Disponible en trois combinaisons : couleur Aurora-Green ; Anthracite-Alcatraz B ; Amazona-Blanco R. Disponible dans d&rsquo;autres combinaisons sur demande. \u00a0\" \/>\n<meta property=\"og:url\" content=\"https:\/\/mueble4you.com\/fr\/productos\/zapatera-2\/\" \/>\n<meta property=\"og:site_name\" content=\"mueble4you\" \/>\n<meta property=\"article:modified_time\" content=\"2024-10-25T12:21:01+00:00\" \/>\n<meta property=\"og:image\" content=\"https:\/\/mueble4you.com\/wp-content\/uploads\/2024\/10\/H-315-B.jpg\" \/>\n\t<meta property=\"og:image:width\" content=\"1200\" \/>\n\t<meta property=\"og:image:height\" content=\"1585\" \/>\n\t<meta property=\"og:image:type\" content=\"image\/jpeg\" \/>\n<meta name=\"twitter:card\" content=\"summary_large_image\" \/>\n<script type=\"application\/ld+json\" class=\"yoast-schema-graph\">{\"@context\":\"https:\/\/schema.org\",\"@graph\":[{\"@type\":\"WebPage\",\"@id\":\"https:\/\/mueble4you.com\/fr\/productos\/zapatera-2\/\",\"url\":\"https:\/\/mueble4you.com\/fr\/productos\/zapatera-2\/\",\"name\":\"Range-chaussures 1 PORTE MIROIR. | mueble4you\",\"isPartOf\":{\"@id\":\"https:\/\/mueble4you.com\/#website\"},\"primaryImageOfPage\":{\"@id\":\"https:\/\/mueble4you.com\/fr\/productos\/zapatera-2\/#primaryimage\"},\"image\":{\"@id\":\"https:\/\/mueble4you.com\/fr\/productos\/zapatera-2\/#primaryimage\"},\"thumbnailUrl\":\"https:\/\/mueble4you.com\/wp-content\/uploads\/2024\/10\/H-315-B.jpg\",\"datePublished\":\"2024-10-25T10:23:00+00:00\",\"dateModified\":\"2024-10-25T12:21:01+00:00\",\"breadcrumb\":{\"@id\":\"https:\/\/mueble4you.com\/fr\/productos\/zapatera-2\/#breadcrumb\"},\"inLanguage\":\"fr-FR\",\"potentialAction\":[{\"@type\":\"ReadAction\",\"target\":[\"https:\/\/mueble4you.com\/fr\/productos\/zapatera-2\/\"]}]},{\"@type\":\"ImageObject\",\"inLanguage\":\"fr-FR\",\"@id\":\"https:\/\/mueble4you.com\/fr\/productos\/zapatera-2\/#primaryimage\",\"url\":\"https:\/\/mueble4you.com\/wp-content\/uploads\/2024\/10\/H-315-B.jpg\",\"contentUrl\":\"https:\/\/mueble4you.com\/wp-content\/uploads\/2024\/10\/H-315-B.jpg\",\"width\":1200,\"height\":1585},{\"@type\":\"BreadcrumbList\",\"@id\":\"https:\/\/mueble4you.com\/fr\/productos\/zapatera-2\/#breadcrumb\",\"itemListElement\":[{\"@type\":\"ListItem\",\"position\":1,\"name\":\"Portada\",\"item\":\"https:\/\/mueble4you.com\/fr\/\"},{\"@type\":\"ListItem\",\"position\":2,\"name\":\"Productos\",\"item\":\"https:\/\/mueble4you.com\/productos\/\"},{\"@type\":\"ListItem\",\"position\":3,\"name\":\"Range-chaussures 1 PORTE MIROIR.\"}]},{\"@type\":\"WebSite\",\"@id\":\"https:\/\/mueble4you.com\/#website\",\"url\":\"https:\/\/mueble4you.com\/\",\"name\":\"mueble4you\",\"description\":\"Meubles \u00e0 Tenerife\",\"potentialAction\":[{\"@type\":\"SearchAction\",\"target\":{\"@type\":\"EntryPoint\",\"urlTemplate\":\"https:\/\/mueble4you.com\/?s={search_term_string}\"},\"query-input\":{\"@type\":\"PropertyValueSpecification\",\"valueRequired\":true,\"valueName\":\"search_term_string\"}}],\"inLanguage\":\"fr-FR\"}]}<\/script>\n<!-- \/ Yoast SEO plugin. -->","yoast_head_json":{"title":"Range-chaussures 1 PORTE MIROIR. | mueble4you","robots":{"index":"index","follow":"follow","max-snippet":"max-snippet:-1","max-image-preview":"max-image-preview:large","max-video-preview":"max-video-preview:-1"},"canonical":"https:\/\/mueble4you.com\/fr\/productos\/zapatera-2\/","og_locale":"fr_FR","og_type":"article","og_title":"Range-chaussures 1 PORTE MIROIR. | mueble4you","og_description":"\u00c9TAG\u00c8RE \u00c0 CHAUSSURES AVEC PORTE MIROIR. Dimensions : 70x33x196cm. Disponible en trois combinaisons : couleur Aurora-Green ; Anthracite-Alcatraz B ; Amazona-Blanco R. Disponible dans d&rsquo;autres combinaisons sur demande. \u00a0","og_url":"https:\/\/mueble4you.com\/fr\/productos\/zapatera-2\/","og_site_name":"mueble4you","article_modified_time":"2024-10-25T12:21:01+00:00","og_image":[{"width":1200,"height":1585,"url":"https:\/\/mueble4you.com\/wp-content\/uploads\/2024\/10\/H-315-B.jpg","type":"image\/jpeg"}],"twitter_card":"summary_large_image","schema":{"@context":"https:\/\/schema.org","@graph":[{"@type":"WebPage","@id":"https:\/\/mueble4you.com\/fr\/productos\/zapatera-2\/","url":"https:\/\/mueble4you.com\/fr\/productos\/zapatera-2\/","name":"Range-chaussures 1 PORTE MIROIR. | mueble4you","isPartOf":{"@id":"https:\/\/mueble4you.com\/#website"},"primaryImageOfPage":{"@id":"https:\/\/mueble4you.com\/fr\/productos\/zapatera-2\/#primaryimage"},"image":{"@id":"https:\/\/mueble4you.com\/fr\/productos\/zapatera-2\/#primaryimage"},"thumbnailUrl":"https:\/\/mueble4you.com\/wp-content\/uploads\/2024\/10\/H-315-B.jpg","datePublished":"2024-10-25T10:23:00+00:00","dateModified":"2024-10-25T12:21:01+00:00","breadcrumb":{"@id":"https:\/\/mueble4you.com\/fr\/productos\/zapatera-2\/#breadcrumb"},"inLanguage":"fr-FR","potentialAction":[{"@type":"ReadAction","target":["https:\/\/mueble4you.com\/fr\/productos\/zapatera-2\/"]}]},{"@type":"ImageObject","inLanguage":"fr-FR","@id":"https:\/\/mueble4you.com\/fr\/productos\/zapatera-2\/#primaryimage","url":"https:\/\/mueble4you.com\/wp-content\/uploads\/2024\/10\/H-315-B.jpg","contentUrl":"https:\/\/mueble4you.com\/wp-content\/uploads\/2024\/10\/H-315-B.jpg","width":1200,"height":1585},{"@type":"BreadcrumbList","@id":"https:\/\/mueble4you.com\/fr\/productos\/zapatera-2\/#breadcrumb","itemListElement":[{"@type":"ListItem","position":1,"name":"Portada","item":"https:\/\/mueble4you.com\/fr\/"},{"@type":"ListItem","position":2,"name":"Productos","item":"https:\/\/mueble4you.com\/productos\/"},{"@type":"ListItem","position":3,"name":"Range-chaussures 1 PORTE MIROIR."}]},{"@type":"WebSite","@id":"https:\/\/mueble4you.com\/#website","url":"https:\/\/mueble4you.com\/","name":"mueble4you","description":"Meubles \u00e0 Tenerife","potentialAction":[{"@type":"SearchAction","target":{"@type":"EntryPoint","urlTemplate":"https:\/\/mueble4you.com\/?s={search_term_string}"},"query-input":{"@type":"PropertyValueSpecification","valueRequired":true,"valueName":"search_term_string"}}],"inLanguage":"fr-FR"}]}},"_links":{"self":[{"href":"https:\/\/mueble4you.com\/fr\/wp-json\/wp\/v2\/product\/78419","targetHints":{"allow":["GET"]}}],"collection":[{"href":"https:\/\/mueble4you.com\/fr\/wp-json\/wp\/v2\/product"}],"about":[{"href":"https:\/\/mueble4you.com\/fr\/wp-json\/wp\/v2\/types\/product"}],"wp:featuredmedia":[{"embeddable":true,"href":"https:\/\/mueble4you.com\/fr\/wp-json\/wp\/v2\/media\/78424"}],"wp:attachment":[{"href":"https:\/\/mueble4you.com\/fr\/wp-json\/wp\/v2\/media?parent=78419"}],"wp:term":[{"taxonomy":"product_brand","embeddable":true,"href":"https:\/\/mueble4you.com\/fr\/wp-json\/wp\/v2\/product_brand?post=78419"},{"taxonomy":"product_cat","embeddable":true,"href":"https:\/\/mueble4you.com\/fr\/wp-json\/wp\/v2\/product_cat?post=78419"},{"taxonomy":"product_tag","embeddable":true,"href":"https:\/\/mueble4you.com\/fr\/wp-json\/wp\/v2\/product_tag?post=78419"}],"curies":[{"name":"wp","href":"https:\/\/api.w.org\/{rel}","templated":true}]}}