{"id":78212,"date":"2024-10-16T12:57:21","date_gmt":"2024-10-16T12:57:21","guid":{"rendered":"https:\/\/mueble4you.com\/productos\/silla-myra-pu-negro\/"},"modified":"2024-10-21T10:30:29","modified_gmt":"2024-10-21T10:30:29","slug":"silla-myra-pu-negro","status":"publish","type":"product","link":"https:\/\/mueble4you.com\/fr\/productos\/silla-myra-pu-negro\/","title":{"rendered":"CHAISE MYRA PU NOIRE."},"content":{"rendered":"<ul>\n<li>PIEDS TUBULAIRES EN ACIER CHROM\u00c9.<\/li>\n<li>STRUCTURE DU SI\u00c8GE ET DU DOSSIER EN CONTREPLAQU\u00c9.<\/li>\n<li>REMPLISSAGE EN MOUSSE ET REV\u00caTEMENT EN PU.<\/li>\n<\/ul>\n","protected":false},"excerpt":{"rendered":"<p>PIEDS TUBULAIRES EN ACIER CHROM\u00c9. STRUCTURE DU SI\u00c8GE ET DU DOSSIER EN CONTREPLAQU\u00c9. REMPLISSAGE EN MOUSSE ET REV\u00caTEMENT EN PU.<\/p>\n","protected":false},"featured_media":78203,"template":"","meta":[],"product_brand":[],"product_cat":[352,199],"product_tag":[],"class_list":{"0":"post-78212","1":"product","2":"type-product","3":"status-publish","4":"has-post-thumbnail","6":"product_cat-chaises-de-salle-aa-manger","7":"product_cat-eaters","9":"first","10":"instock","11":"shipping-taxable","12":"product-type-simple"},"yoast_head":"<!-- This site is optimized with the Yoast SEO plugin v27.3 - https:\/\/yoast.com\/product\/yoast-seo-wordpress\/ -->\n<title>CHAISE MYRA PU NOIRE. | mueble4you<\/title>\n<meta name=\"robots\" content=\"index, follow, max-snippet:-1, max-image-preview:large, max-video-preview:-1\" \/>\n<link rel=\"canonical\" href=\"https:\/\/mueble4you.com\/fr\/productos\/silla-myra-pu-negro\/\" \/>\n<meta property=\"og:locale\" content=\"fr_FR\" \/>\n<meta property=\"og:type\" content=\"article\" \/>\n<meta property=\"og:title\" content=\"CHAISE MYRA PU NOIRE. | mueble4you\" \/>\n<meta property=\"og:description\" content=\"PIEDS TUBULAIRES EN ACIER CHROM\u00c9. STRUCTURE DU SI\u00c8GE ET DU DOSSIER EN CONTREPLAQU\u00c9. REMPLISSAGE EN MOUSSE ET REV\u00caTEMENT EN PU.\" \/>\n<meta property=\"og:url\" content=\"https:\/\/mueble4you.com\/fr\/productos\/silla-myra-pu-negro\/\" \/>\n<meta property=\"og:site_name\" content=\"mueble4you\" \/>\n<meta property=\"article:modified_time\" content=\"2024-10-21T10:30:29+00:00\" \/>\n<meta property=\"og:image\" content=\"https:\/\/mueble4you.com\/wp-content\/uploads\/2024\/10\/139451.jpg\" \/>\n\t<meta property=\"og:image:width\" content=\"725\" \/>\n\t<meta property=\"og:image:height\" content=\"1080\" \/>\n\t<meta property=\"og:image:type\" content=\"image\/jpeg\" \/>\n<meta name=\"twitter:card\" content=\"summary_large_image\" \/>\n<script type=\"application\/ld+json\" class=\"yoast-schema-graph\">{\"@context\":\"https:\\\/\\\/schema.org\",\"@graph\":[{\"@type\":\"WebPage\",\"@id\":\"https:\\\/\\\/mueble4you.com\\\/fr\\\/productos\\\/silla-myra-pu-negro\\\/\",\"url\":\"https:\\\/\\\/mueble4you.com\\\/fr\\\/productos\\\/silla-myra-pu-negro\\\/\",\"name\":\"CHAISE MYRA PU NOIRE. | mueble4you\",\"isPartOf\":{\"@id\":\"https:\\\/\\\/mueble4you.com\\\/#website\"},\"primaryImageOfPage\":{\"@id\":\"https:\\\/\\\/mueble4you.com\\\/fr\\\/productos\\\/silla-myra-pu-negro\\\/#primaryimage\"},\"image\":{\"@id\":\"https:\\\/\\\/mueble4you.com\\\/fr\\\/productos\\\/silla-myra-pu-negro\\\/#primaryimage\"},\"thumbnailUrl\":\"https:\\\/\\\/mueble4you.com\\\/wp-content\\\/uploads\\\/2024\\\/10\\\/139451.jpg\",\"datePublished\":\"2024-10-16T12:57:21+00:00\",\"dateModified\":\"2024-10-21T10:30:29+00:00\",\"breadcrumb\":{\"@id\":\"https:\\\/\\\/mueble4you.com\\\/fr\\\/productos\\\/silla-myra-pu-negro\\\/#breadcrumb\"},\"inLanguage\":\"fr-FR\",\"potentialAction\":[{\"@type\":\"ReadAction\",\"target\":[\"https:\\\/\\\/mueble4you.com\\\/fr\\\/productos\\\/silla-myra-pu-negro\\\/\"]}]},{\"@type\":\"ImageObject\",\"inLanguage\":\"fr-FR\",\"@id\":\"https:\\\/\\\/mueble4you.com\\\/fr\\\/productos\\\/silla-myra-pu-negro\\\/#primaryimage\",\"url\":\"https:\\\/\\\/mueble4you.com\\\/wp-content\\\/uploads\\\/2024\\\/10\\\/139451.jpg\",\"contentUrl\":\"https:\\\/\\\/mueble4you.com\\\/wp-content\\\/uploads\\\/2024\\\/10\\\/139451.jpg\",\"width\":725,\"height\":1080},{\"@type\":\"BreadcrumbList\",\"@id\":\"https:\\\/\\\/mueble4you.com\\\/fr\\\/productos\\\/silla-myra-pu-negro\\\/#breadcrumb\",\"itemListElement\":[{\"@type\":\"ListItem\",\"position\":1,\"name\":\"Portada\",\"item\":\"https:\\\/\\\/mueble4you.com\\\/fr\\\/\"},{\"@type\":\"ListItem\",\"position\":2,\"name\":\"Productos\",\"item\":\"https:\\\/\\\/mueble4you.com\\\/productos\\\/\"},{\"@type\":\"ListItem\",\"position\":3,\"name\":\"CHAISE MYRA PU NOIRE.\"}]},{\"@type\":\"WebSite\",\"@id\":\"https:\\\/\\\/mueble4you.com\\\/#website\",\"url\":\"https:\\\/\\\/mueble4you.com\\\/\",\"name\":\"mueble4you\",\"description\":\"Meubles \u00e0 Tenerife\",\"potentialAction\":[{\"@type\":\"SearchAction\",\"target\":{\"@type\":\"EntryPoint\",\"urlTemplate\":\"https:\\\/\\\/mueble4you.com\\\/?s={search_term_string}\"},\"query-input\":{\"@type\":\"PropertyValueSpecification\",\"valueRequired\":true,\"valueName\":\"search_term_string\"}}],\"inLanguage\":\"fr-FR\"}]}<\/script>\n<!-- \/ Yoast SEO plugin. -->","yoast_head_json":{"title":"CHAISE MYRA PU NOIRE. | mueble4you","robots":{"index":"index","follow":"follow","max-snippet":"max-snippet:-1","max-image-preview":"max-image-preview:large","max-video-preview":"max-video-preview:-1"},"canonical":"https:\/\/mueble4you.com\/fr\/productos\/silla-myra-pu-negro\/","og_locale":"fr_FR","og_type":"article","og_title":"CHAISE MYRA PU NOIRE. | mueble4you","og_description":"PIEDS TUBULAIRES EN ACIER CHROM\u00c9. STRUCTURE DU SI\u00c8GE ET DU DOSSIER EN CONTREPLAQU\u00c9. REMPLISSAGE EN MOUSSE ET REV\u00caTEMENT EN PU.","og_url":"https:\/\/mueble4you.com\/fr\/productos\/silla-myra-pu-negro\/","og_site_name":"mueble4you","article_modified_time":"2024-10-21T10:30:29+00:00","og_image":[{"width":725,"height":1080,"url":"https:\/\/mueble4you.com\/wp-content\/uploads\/2024\/10\/139451.jpg","type":"image\/jpeg"}],"twitter_card":"summary_large_image","schema":{"@context":"https:\/\/schema.org","@graph":[{"@type":"WebPage","@id":"https:\/\/mueble4you.com\/fr\/productos\/silla-myra-pu-negro\/","url":"https:\/\/mueble4you.com\/fr\/productos\/silla-myra-pu-negro\/","name":"CHAISE MYRA PU NOIRE. | mueble4you","isPartOf":{"@id":"https:\/\/mueble4you.com\/#website"},"primaryImageOfPage":{"@id":"https:\/\/mueble4you.com\/fr\/productos\/silla-myra-pu-negro\/#primaryimage"},"image":{"@id":"https:\/\/mueble4you.com\/fr\/productos\/silla-myra-pu-negro\/#primaryimage"},"thumbnailUrl":"https:\/\/mueble4you.com\/wp-content\/uploads\/2024\/10\/139451.jpg","datePublished":"2024-10-16T12:57:21+00:00","dateModified":"2024-10-21T10:30:29+00:00","breadcrumb":{"@id":"https:\/\/mueble4you.com\/fr\/productos\/silla-myra-pu-negro\/#breadcrumb"},"inLanguage":"fr-FR","potentialAction":[{"@type":"ReadAction","target":["https:\/\/mueble4you.com\/fr\/productos\/silla-myra-pu-negro\/"]}]},{"@type":"ImageObject","inLanguage":"fr-FR","@id":"https:\/\/mueble4you.com\/fr\/productos\/silla-myra-pu-negro\/#primaryimage","url":"https:\/\/mueble4you.com\/wp-content\/uploads\/2024\/10\/139451.jpg","contentUrl":"https:\/\/mueble4you.com\/wp-content\/uploads\/2024\/10\/139451.jpg","width":725,"height":1080},{"@type":"BreadcrumbList","@id":"https:\/\/mueble4you.com\/fr\/productos\/silla-myra-pu-negro\/#breadcrumb","itemListElement":[{"@type":"ListItem","position":1,"name":"Portada","item":"https:\/\/mueble4you.com\/fr\/"},{"@type":"ListItem","position":2,"name":"Productos","item":"https:\/\/mueble4you.com\/productos\/"},{"@type":"ListItem","position":3,"name":"CHAISE MYRA PU NOIRE."}]},{"@type":"WebSite","@id":"https:\/\/mueble4you.com\/#website","url":"https:\/\/mueble4you.com\/","name":"mueble4you","description":"Meubles \u00e0 Tenerife","potentialAction":[{"@type":"SearchAction","target":{"@type":"EntryPoint","urlTemplate":"https:\/\/mueble4you.com\/?s={search_term_string}"},"query-input":{"@type":"PropertyValueSpecification","valueRequired":true,"valueName":"search_term_string"}}],"inLanguage":"fr-FR"}]}},"_links":{"self":[{"href":"https:\/\/mueble4you.com\/fr\/wp-json\/wp\/v2\/product\/78212","targetHints":{"allow":["GET"]}}],"collection":[{"href":"https:\/\/mueble4you.com\/fr\/wp-json\/wp\/v2\/product"}],"about":[{"href":"https:\/\/mueble4you.com\/fr\/wp-json\/wp\/v2\/types\/product"}],"wp:featuredmedia":[{"embeddable":true,"href":"https:\/\/mueble4you.com\/fr\/wp-json\/wp\/v2\/media\/78203"}],"wp:attachment":[{"href":"https:\/\/mueble4you.com\/fr\/wp-json\/wp\/v2\/media?parent=78212"}],"wp:term":[{"taxonomy":"product_brand","embeddable":true,"href":"https:\/\/mueble4you.com\/fr\/wp-json\/wp\/v2\/product_brand?post=78212"},{"taxonomy":"product_cat","embeddable":true,"href":"https:\/\/mueble4you.com\/fr\/wp-json\/wp\/v2\/product_cat?post=78212"},{"taxonomy":"product_tag","embeddable":true,"href":"https:\/\/mueble4you.com\/fr\/wp-json\/wp\/v2\/product_tag?post=78212"}],"curies":[{"name":"wp","href":"https:\/\/api.w.org\/{rel}","templated":true}]}}