{"id":78124,"date":"2024-10-15T14:25:36","date_gmt":"2024-10-15T14:25:36","guid":{"rendered":"https:\/\/mueble4you.com\/productos\/mueble-tv-diamond-3-puertas-2-cajones-visagras-y-cajones-de-freno\/"},"modified":"2024-10-21T10:53:32","modified_gmt":"2024-10-21T10:53:32","slug":"mueble-tv-diamond-3-puertas-2-cajones-visagras-y-cajones-de-freno","status":"publish","type":"product","link":"https:\/\/mueble4you.com\/fr\/productos\/mueble-tv-diamond-3-puertas-2-cajones-visagras-y-cajones-de-freno\/","title":{"rendered":"MEUBLE TV DIAMANT 3 PORTES + 2 TIROIRS, CHARNI\u00c8RES ET TIROIRS DE FREIN."},"content":{"rendered":"<ul>\n<li>Mesures : longueur : 222,0 CM ; haut : 50,5 cm ; profondeur : 40,0 CM.<\/li>\n<li>Mat\u00e9riel: MDF, M\u00c9TAL.<\/li>\n<li>Couleur : VERT, GRAPHITE.<\/li>\n<li>Informations compl\u00e9mentaires : MESURE DE LA PORTE : 39,5 x 59,8 cm MESURE DU TIROIR : 37 cm de LONGUEUR, 15 cm de HAUTEUR, 35 cm de LARGEUR HAUTEUR du socle : 10 cm.<\/li>\n<\/ul>\n","protected":false},"excerpt":{"rendered":"<p>Mesures : longueur : 222,0 CM ; haut : 50,5 cm ; profondeur : 40,0 CM. Mat\u00e9riel: MDF, M\u00c9TAL. Couleur : VERT, GRAPHITE. Informations compl\u00e9mentaires : MESURE DE LA PORTE : 39,5 x 59,8 cm MESURE DU TIROIR : 37 cm de LONGUEUR, 15 cm de HAUTEUR, 35 cm de LARGEUR HAUTEUR du socle : [&#8230;]\n","protected":false},"featured_media":78120,"template":"","meta":[],"product_brand":[],"product_cat":[204,509],"product_tag":[],"class_list":{"0":"post-78124","1":"product","2":"type-product","3":"status-publish","4":"has-post-thumbnail","6":"product_cat-salon","7":"product_cat-meuble-tv","9":"first","10":"instock","11":"shipping-taxable","12":"product-type-simple"},"yoast_head":"<!-- This site is optimized with the Yoast SEO plugin v27.3 - https:\/\/yoast.com\/product\/yoast-seo-wordpress\/ -->\n<title>MEUBLE TV DIAMANT 3 PORTES + 2 TIROIRS, CHARNI\u00c8RES ET TIROIRS DE FREIN. | mueble4you<\/title>\n<meta name=\"robots\" content=\"index, follow, max-snippet:-1, max-image-preview:large, max-video-preview:-1\" \/>\n<link rel=\"canonical\" href=\"https:\/\/mueble4you.com\/fr\/productos\/mueble-tv-diamond-3-puertas-2-cajones-visagras-y-cajones-de-freno\/\" \/>\n<meta property=\"og:locale\" content=\"fr_FR\" \/>\n<meta property=\"og:type\" content=\"article\" \/>\n<meta property=\"og:title\" content=\"MEUBLE TV DIAMANT 3 PORTES + 2 TIROIRS, CHARNI\u00c8RES ET TIROIRS DE FREIN. | mueble4you\" \/>\n<meta property=\"og:description\" content=\"Mesures : longueur : 222,0 CM ; haut : 50,5 cm ; profondeur : 40,0 CM. Mat\u00e9riel: MDF, M\u00c9TAL. Couleur : VERT, GRAPHITE. Informations compl\u00e9mentaires : MESURE DE LA PORTE : 39,5 x 59,8 cm MESURE DU TIROIR : 37 cm de LONGUEUR, 15 cm de HAUTEUR, 35 cm de LARGEUR HAUTEUR du socle : [...]\" \/>\n<meta property=\"og:url\" content=\"https:\/\/mueble4you.com\/fr\/productos\/mueble-tv-diamond-3-puertas-2-cajones-visagras-y-cajones-de-freno\/\" \/>\n<meta property=\"og:site_name\" content=\"mueble4you\" \/>\n<meta property=\"article:modified_time\" content=\"2024-10-21T10:53:32+00:00\" \/>\n<meta property=\"og:image\" content=\"https:\/\/mueble4you.com\/wp-content\/uploads\/2024\/10\/90091.jpeg\" \/>\n\t<meta property=\"og:image:width\" content=\"1024\" \/>\n\t<meta property=\"og:image:height\" content=\"593\" \/>\n\t<meta property=\"og:image:type\" content=\"image\/jpeg\" \/>\n<meta name=\"twitter:card\" content=\"summary_large_image\" \/>\n<script type=\"application\/ld+json\" class=\"yoast-schema-graph\">{\"@context\":\"https:\\\/\\\/schema.org\",\"@graph\":[{\"@type\":\"WebPage\",\"@id\":\"https:\\\/\\\/mueble4you.com\\\/fr\\\/productos\\\/mueble-tv-diamond-3-puertas-2-cajones-visagras-y-cajones-de-freno\\\/\",\"url\":\"https:\\\/\\\/mueble4you.com\\\/fr\\\/productos\\\/mueble-tv-diamond-3-puertas-2-cajones-visagras-y-cajones-de-freno\\\/\",\"name\":\"MEUBLE TV DIAMANT 3 PORTES + 2 TIROIRS, CHARNI\u00c8RES ET TIROIRS DE FREIN. | mueble4you\",\"isPartOf\":{\"@id\":\"https:\\\/\\\/mueble4you.com\\\/#website\"},\"primaryImageOfPage\":{\"@id\":\"https:\\\/\\\/mueble4you.com\\\/fr\\\/productos\\\/mueble-tv-diamond-3-puertas-2-cajones-visagras-y-cajones-de-freno\\\/#primaryimage\"},\"image\":{\"@id\":\"https:\\\/\\\/mueble4you.com\\\/fr\\\/productos\\\/mueble-tv-diamond-3-puertas-2-cajones-visagras-y-cajones-de-freno\\\/#primaryimage\"},\"thumbnailUrl\":\"https:\\\/\\\/mueble4you.com\\\/wp-content\\\/uploads\\\/2024\\\/10\\\/90091.jpeg\",\"datePublished\":\"2024-10-15T14:25:36+00:00\",\"dateModified\":\"2024-10-21T10:53:32+00:00\",\"breadcrumb\":{\"@id\":\"https:\\\/\\\/mueble4you.com\\\/fr\\\/productos\\\/mueble-tv-diamond-3-puertas-2-cajones-visagras-y-cajones-de-freno\\\/#breadcrumb\"},\"inLanguage\":\"fr-FR\",\"potentialAction\":[{\"@type\":\"ReadAction\",\"target\":[\"https:\\\/\\\/mueble4you.com\\\/fr\\\/productos\\\/mueble-tv-diamond-3-puertas-2-cajones-visagras-y-cajones-de-freno\\\/\"]}]},{\"@type\":\"ImageObject\",\"inLanguage\":\"fr-FR\",\"@id\":\"https:\\\/\\\/mueble4you.com\\\/fr\\\/productos\\\/mueble-tv-diamond-3-puertas-2-cajones-visagras-y-cajones-de-freno\\\/#primaryimage\",\"url\":\"https:\\\/\\\/mueble4you.com\\\/wp-content\\\/uploads\\\/2024\\\/10\\\/90091.jpeg\",\"contentUrl\":\"https:\\\/\\\/mueble4you.com\\\/wp-content\\\/uploads\\\/2024\\\/10\\\/90091.jpeg\",\"width\":1024,\"height\":593},{\"@type\":\"BreadcrumbList\",\"@id\":\"https:\\\/\\\/mueble4you.com\\\/fr\\\/productos\\\/mueble-tv-diamond-3-puertas-2-cajones-visagras-y-cajones-de-freno\\\/#breadcrumb\",\"itemListElement\":[{\"@type\":\"ListItem\",\"position\":1,\"name\":\"Portada\",\"item\":\"https:\\\/\\\/mueble4you.com\\\/fr\\\/\"},{\"@type\":\"ListItem\",\"position\":2,\"name\":\"Productos\",\"item\":\"https:\\\/\\\/mueble4you.com\\\/productos\\\/\"},{\"@type\":\"ListItem\",\"position\":3,\"name\":\"MEUBLE TV DIAMANT 3 PORTES + 2 TIROIRS, CHARNI\u00c8RES ET TIROIRS DE FREIN.\"}]},{\"@type\":\"WebSite\",\"@id\":\"https:\\\/\\\/mueble4you.com\\\/#website\",\"url\":\"https:\\\/\\\/mueble4you.com\\\/\",\"name\":\"mueble4you\",\"description\":\"Meubles \u00e0 Tenerife\",\"potentialAction\":[{\"@type\":\"SearchAction\",\"target\":{\"@type\":\"EntryPoint\",\"urlTemplate\":\"https:\\\/\\\/mueble4you.com\\\/?s={search_term_string}\"},\"query-input\":{\"@type\":\"PropertyValueSpecification\",\"valueRequired\":true,\"valueName\":\"search_term_string\"}}],\"inLanguage\":\"fr-FR\"}]}<\/script>\n<!-- \/ Yoast SEO plugin. -->","yoast_head_json":{"title":"MEUBLE TV DIAMANT 3 PORTES + 2 TIROIRS, CHARNI\u00c8RES ET TIROIRS DE FREIN. | mueble4you","robots":{"index":"index","follow":"follow","max-snippet":"max-snippet:-1","max-image-preview":"max-image-preview:large","max-video-preview":"max-video-preview:-1"},"canonical":"https:\/\/mueble4you.com\/fr\/productos\/mueble-tv-diamond-3-puertas-2-cajones-visagras-y-cajones-de-freno\/","og_locale":"fr_FR","og_type":"article","og_title":"MEUBLE TV DIAMANT 3 PORTES + 2 TIROIRS, CHARNI\u00c8RES ET TIROIRS DE FREIN. | mueble4you","og_description":"Mesures : longueur : 222,0 CM ; haut : 50,5 cm ; profondeur : 40,0 CM. Mat\u00e9riel: MDF, M\u00c9TAL. Couleur : VERT, GRAPHITE. Informations compl\u00e9mentaires : MESURE DE LA PORTE : 39,5 x 59,8 cm MESURE DU TIROIR : 37 cm de LONGUEUR, 15 cm de HAUTEUR, 35 cm de LARGEUR HAUTEUR du socle : [...]","og_url":"https:\/\/mueble4you.com\/fr\/productos\/mueble-tv-diamond-3-puertas-2-cajones-visagras-y-cajones-de-freno\/","og_site_name":"mueble4you","article_modified_time":"2024-10-21T10:53:32+00:00","og_image":[{"width":1024,"height":593,"url":"https:\/\/mueble4you.com\/wp-content\/uploads\/2024\/10\/90091.jpeg","type":"image\/jpeg"}],"twitter_card":"summary_large_image","schema":{"@context":"https:\/\/schema.org","@graph":[{"@type":"WebPage","@id":"https:\/\/mueble4you.com\/fr\/productos\/mueble-tv-diamond-3-puertas-2-cajones-visagras-y-cajones-de-freno\/","url":"https:\/\/mueble4you.com\/fr\/productos\/mueble-tv-diamond-3-puertas-2-cajones-visagras-y-cajones-de-freno\/","name":"MEUBLE TV DIAMANT 3 PORTES + 2 TIROIRS, CHARNI\u00c8RES ET TIROIRS DE FREIN. | mueble4you","isPartOf":{"@id":"https:\/\/mueble4you.com\/#website"},"primaryImageOfPage":{"@id":"https:\/\/mueble4you.com\/fr\/productos\/mueble-tv-diamond-3-puertas-2-cajones-visagras-y-cajones-de-freno\/#primaryimage"},"image":{"@id":"https:\/\/mueble4you.com\/fr\/productos\/mueble-tv-diamond-3-puertas-2-cajones-visagras-y-cajones-de-freno\/#primaryimage"},"thumbnailUrl":"https:\/\/mueble4you.com\/wp-content\/uploads\/2024\/10\/90091.jpeg","datePublished":"2024-10-15T14:25:36+00:00","dateModified":"2024-10-21T10:53:32+00:00","breadcrumb":{"@id":"https:\/\/mueble4you.com\/fr\/productos\/mueble-tv-diamond-3-puertas-2-cajones-visagras-y-cajones-de-freno\/#breadcrumb"},"inLanguage":"fr-FR","potentialAction":[{"@type":"ReadAction","target":["https:\/\/mueble4you.com\/fr\/productos\/mueble-tv-diamond-3-puertas-2-cajones-visagras-y-cajones-de-freno\/"]}]},{"@type":"ImageObject","inLanguage":"fr-FR","@id":"https:\/\/mueble4you.com\/fr\/productos\/mueble-tv-diamond-3-puertas-2-cajones-visagras-y-cajones-de-freno\/#primaryimage","url":"https:\/\/mueble4you.com\/wp-content\/uploads\/2024\/10\/90091.jpeg","contentUrl":"https:\/\/mueble4you.com\/wp-content\/uploads\/2024\/10\/90091.jpeg","width":1024,"height":593},{"@type":"BreadcrumbList","@id":"https:\/\/mueble4you.com\/fr\/productos\/mueble-tv-diamond-3-puertas-2-cajones-visagras-y-cajones-de-freno\/#breadcrumb","itemListElement":[{"@type":"ListItem","position":1,"name":"Portada","item":"https:\/\/mueble4you.com\/fr\/"},{"@type":"ListItem","position":2,"name":"Productos","item":"https:\/\/mueble4you.com\/productos\/"},{"@type":"ListItem","position":3,"name":"MEUBLE TV DIAMANT 3 PORTES + 2 TIROIRS, CHARNI\u00c8RES ET TIROIRS DE FREIN."}]},{"@type":"WebSite","@id":"https:\/\/mueble4you.com\/#website","url":"https:\/\/mueble4you.com\/","name":"mueble4you","description":"Meubles \u00e0 Tenerife","potentialAction":[{"@type":"SearchAction","target":{"@type":"EntryPoint","urlTemplate":"https:\/\/mueble4you.com\/?s={search_term_string}"},"query-input":{"@type":"PropertyValueSpecification","valueRequired":true,"valueName":"search_term_string"}}],"inLanguage":"fr-FR"}]}},"_links":{"self":[{"href":"https:\/\/mueble4you.com\/fr\/wp-json\/wp\/v2\/product\/78124","targetHints":{"allow":["GET"]}}],"collection":[{"href":"https:\/\/mueble4you.com\/fr\/wp-json\/wp\/v2\/product"}],"about":[{"href":"https:\/\/mueble4you.com\/fr\/wp-json\/wp\/v2\/types\/product"}],"wp:featuredmedia":[{"embeddable":true,"href":"https:\/\/mueble4you.com\/fr\/wp-json\/wp\/v2\/media\/78120"}],"wp:attachment":[{"href":"https:\/\/mueble4you.com\/fr\/wp-json\/wp\/v2\/media?parent=78124"}],"wp:term":[{"taxonomy":"product_brand","embeddable":true,"href":"https:\/\/mueble4you.com\/fr\/wp-json\/wp\/v2\/product_brand?post=78124"},{"taxonomy":"product_cat","embeddable":true,"href":"https:\/\/mueble4you.com\/fr\/wp-json\/wp\/v2\/product_cat?post=78124"},{"taxonomy":"product_tag","embeddable":true,"href":"https:\/\/mueble4you.com\/fr\/wp-json\/wp\/v2\/product_tag?post=78124"}],"curies":[{"name":"wp","href":"https:\/\/api.w.org\/{rel}","templated":true}]}}