{"id":76858,"date":"2024-10-03T14:41:18","date_gmt":"2024-10-03T14:41:18","guid":{"rendered":"https:\/\/mueble4you.com\/productos\/ajedrez-staunton\/"},"modified":"2024-10-03T14:50:32","modified_gmt":"2024-10-03T14:50:32","slug":"ajedrez-staunton","status":"publish","type":"product","link":"https:\/\/mueble4you.com\/fr\/productos\/ajedrez-staunton\/","title":{"rendered":"\u00c9CHECS STAUNTON."},"content":{"rendered":"<ul>\n<li>Pi\u00e8ces d&rsquo;\u00e9checs en laiton massif plaqu\u00e9 or\/argent et bois d\u00e9cor\u00e9, finies \u00e0 la main, CERTIFICAT MADE IN ITALY.<\/li>\n<li>KING : ht. cm 12,7 &#8211; diam. cm 4,5.<\/li>\n<li>TABLE D&rsquo;\u00c9CHECS EN BOIS DE TILIA FINITION NOIRE DOR\u00c9E AVEC PLATEAU EN MARBRE ET DOUBLE TIROIR.<\/li>\n<li>Table d&rsquo;\u00e9checs en bois pr\u00e9cieux de bruy\u00e8re, incrust\u00e9e \u00e0 la main, MADE IN ITALYcm 60&#215;60 &#8211; ht cm 70 &#8211; casella cm 6,2.<\/li>\n<\/ul>\n","protected":false},"excerpt":{"rendered":"<p>Pi\u00e8ces d&rsquo;\u00e9checs en laiton massif plaqu\u00e9 or\/argent et bois d\u00e9cor\u00e9, finies \u00e0 la main, CERTIFICAT MADE IN ITALY. KING : ht. cm 12,7 &#8211; diam. cm 4,5. TABLE D&rsquo;\u00c9CHECS EN BOIS DE TILIA FINITION NOIRE DOR\u00c9E AVEC PLATEAU EN MARBRE ET DOUBLE TIROIR. Table d&rsquo;\u00e9checs en bois pr\u00e9cieux de bruy\u00e8re, incrust\u00e9e \u00e0 la main, MADE [&#8230;]\n","protected":false},"featured_media":76844,"template":"","meta":[],"product_brand":[],"product_cat":[173,590],"product_tag":[],"class_list":{"0":"post-76858","1":"product","2":"type-product","3":"status-publish","4":"has-post-thumbnail","6":"product_cat-decoration-fr","7":"product_cat-echecs","9":"first","10":"instock","11":"shipping-taxable","12":"product-type-simple"},"yoast_head":"<!-- This site is optimized with the Yoast SEO plugin v27.2 - https:\/\/yoast.com\/product\/yoast-seo-wordpress\/ -->\n<title>\u00c9CHECS STAUNTON. | mueble4you<\/title>\n<meta name=\"robots\" content=\"index, follow, max-snippet:-1, max-image-preview:large, max-video-preview:-1\" \/>\n<link rel=\"canonical\" href=\"https:\/\/mueble4you.com\/fr\/productos\/ajedrez-staunton\/\" \/>\n<meta property=\"og:locale\" content=\"fr_FR\" \/>\n<meta property=\"og:type\" content=\"article\" \/>\n<meta property=\"og:title\" content=\"\u00c9CHECS STAUNTON. | mueble4you\" \/>\n<meta property=\"og:description\" content=\"Pi\u00e8ces d&rsquo;\u00e9checs en laiton massif plaqu\u00e9 or\/argent et bois d\u00e9cor\u00e9, finies \u00e0 la main, CERTIFICAT MADE IN ITALY. KING : ht. cm 12,7 &#8211; diam. cm 4,5. TABLE D&rsquo;\u00c9CHECS EN BOIS DE TILIA FINITION NOIRE DOR\u00c9E AVEC PLATEAU EN MARBRE ET DOUBLE TIROIR. Table d&rsquo;\u00e9checs en bois pr\u00e9cieux de bruy\u00e8re, incrust\u00e9e \u00e0 la main, MADE [...]\" \/>\n<meta property=\"og:url\" content=\"https:\/\/mueble4you.com\/fr\/productos\/ajedrez-staunton\/\" \/>\n<meta property=\"og:site_name\" content=\"mueble4you\" \/>\n<meta property=\"article:modified_time\" content=\"2024-10-03T14:50:32+00:00\" \/>\n<meta property=\"og:image\" content=\"https:\/\/mueble4you.com\/wp-content\/uploads\/2024\/10\/157.jpg\" \/>\n\t<meta property=\"og:image:width\" content=\"1200\" \/>\n\t<meta property=\"og:image:height\" content=\"1186\" \/>\n\t<meta property=\"og:image:type\" content=\"image\/jpeg\" \/>\n<meta name=\"twitter:card\" content=\"summary_large_image\" \/>\n<script type=\"application\/ld+json\" class=\"yoast-schema-graph\">{\"@context\":\"https:\/\/schema.org\",\"@graph\":[{\"@type\":\"WebPage\",\"@id\":\"https:\/\/mueble4you.com\/fr\/productos\/ajedrez-staunton\/\",\"url\":\"https:\/\/mueble4you.com\/fr\/productos\/ajedrez-staunton\/\",\"name\":\"\u00c9CHECS STAUNTON. | mueble4you\",\"isPartOf\":{\"@id\":\"https:\/\/mueble4you.com\/#website\"},\"primaryImageOfPage\":{\"@id\":\"https:\/\/mueble4you.com\/fr\/productos\/ajedrez-staunton\/#primaryimage\"},\"image\":{\"@id\":\"https:\/\/mueble4you.com\/fr\/productos\/ajedrez-staunton\/#primaryimage\"},\"thumbnailUrl\":\"https:\/\/mueble4you.com\/wp-content\/uploads\/2024\/10\/157.jpg\",\"datePublished\":\"2024-10-03T14:41:18+00:00\",\"dateModified\":\"2024-10-03T14:50:32+00:00\",\"breadcrumb\":{\"@id\":\"https:\/\/mueble4you.com\/fr\/productos\/ajedrez-staunton\/#breadcrumb\"},\"inLanguage\":\"fr-FR\",\"potentialAction\":[{\"@type\":\"ReadAction\",\"target\":[\"https:\/\/mueble4you.com\/fr\/productos\/ajedrez-staunton\/\"]}]},{\"@type\":\"ImageObject\",\"inLanguage\":\"fr-FR\",\"@id\":\"https:\/\/mueble4you.com\/fr\/productos\/ajedrez-staunton\/#primaryimage\",\"url\":\"https:\/\/mueble4you.com\/wp-content\/uploads\/2024\/10\/157.jpg\",\"contentUrl\":\"https:\/\/mueble4you.com\/wp-content\/uploads\/2024\/10\/157.jpg\",\"width\":1200,\"height\":1186},{\"@type\":\"BreadcrumbList\",\"@id\":\"https:\/\/mueble4you.com\/fr\/productos\/ajedrez-staunton\/#breadcrumb\",\"itemListElement\":[{\"@type\":\"ListItem\",\"position\":1,\"name\":\"Portada\",\"item\":\"https:\/\/mueble4you.com\/fr\/\"},{\"@type\":\"ListItem\",\"position\":2,\"name\":\"Productos\",\"item\":\"https:\/\/mueble4you.com\/productos\/\"},{\"@type\":\"ListItem\",\"position\":3,\"name\":\"\u00c9CHECS STAUNTON.\"}]},{\"@type\":\"WebSite\",\"@id\":\"https:\/\/mueble4you.com\/#website\",\"url\":\"https:\/\/mueble4you.com\/\",\"name\":\"mueble4you\",\"description\":\"Meubles \u00e0 Tenerife\",\"potentialAction\":[{\"@type\":\"SearchAction\",\"target\":{\"@type\":\"EntryPoint\",\"urlTemplate\":\"https:\/\/mueble4you.com\/?s={search_term_string}\"},\"query-input\":{\"@type\":\"PropertyValueSpecification\",\"valueRequired\":true,\"valueName\":\"search_term_string\"}}],\"inLanguage\":\"fr-FR\"}]}<\/script>\n<!-- \/ Yoast SEO plugin. -->","yoast_head_json":{"title":"\u00c9CHECS STAUNTON. | mueble4you","robots":{"index":"index","follow":"follow","max-snippet":"max-snippet:-1","max-image-preview":"max-image-preview:large","max-video-preview":"max-video-preview:-1"},"canonical":"https:\/\/mueble4you.com\/fr\/productos\/ajedrez-staunton\/","og_locale":"fr_FR","og_type":"article","og_title":"\u00c9CHECS STAUNTON. | mueble4you","og_description":"Pi\u00e8ces d&rsquo;\u00e9checs en laiton massif plaqu\u00e9 or\/argent et bois d\u00e9cor\u00e9, finies \u00e0 la main, CERTIFICAT MADE IN ITALY. KING : ht. cm 12,7 &#8211; diam. cm 4,5. TABLE D&rsquo;\u00c9CHECS EN BOIS DE TILIA FINITION NOIRE DOR\u00c9E AVEC PLATEAU EN MARBRE ET DOUBLE TIROIR. Table d&rsquo;\u00e9checs en bois pr\u00e9cieux de bruy\u00e8re, incrust\u00e9e \u00e0 la main, MADE [...]","og_url":"https:\/\/mueble4you.com\/fr\/productos\/ajedrez-staunton\/","og_site_name":"mueble4you","article_modified_time":"2024-10-03T14:50:32+00:00","og_image":[{"width":1200,"height":1186,"url":"https:\/\/mueble4you.com\/wp-content\/uploads\/2024\/10\/157.jpg","type":"image\/jpeg"}],"twitter_card":"summary_large_image","schema":{"@context":"https:\/\/schema.org","@graph":[{"@type":"WebPage","@id":"https:\/\/mueble4you.com\/fr\/productos\/ajedrez-staunton\/","url":"https:\/\/mueble4you.com\/fr\/productos\/ajedrez-staunton\/","name":"\u00c9CHECS STAUNTON. | mueble4you","isPartOf":{"@id":"https:\/\/mueble4you.com\/#website"},"primaryImageOfPage":{"@id":"https:\/\/mueble4you.com\/fr\/productos\/ajedrez-staunton\/#primaryimage"},"image":{"@id":"https:\/\/mueble4you.com\/fr\/productos\/ajedrez-staunton\/#primaryimage"},"thumbnailUrl":"https:\/\/mueble4you.com\/wp-content\/uploads\/2024\/10\/157.jpg","datePublished":"2024-10-03T14:41:18+00:00","dateModified":"2024-10-03T14:50:32+00:00","breadcrumb":{"@id":"https:\/\/mueble4you.com\/fr\/productos\/ajedrez-staunton\/#breadcrumb"},"inLanguage":"fr-FR","potentialAction":[{"@type":"ReadAction","target":["https:\/\/mueble4you.com\/fr\/productos\/ajedrez-staunton\/"]}]},{"@type":"ImageObject","inLanguage":"fr-FR","@id":"https:\/\/mueble4you.com\/fr\/productos\/ajedrez-staunton\/#primaryimage","url":"https:\/\/mueble4you.com\/wp-content\/uploads\/2024\/10\/157.jpg","contentUrl":"https:\/\/mueble4you.com\/wp-content\/uploads\/2024\/10\/157.jpg","width":1200,"height":1186},{"@type":"BreadcrumbList","@id":"https:\/\/mueble4you.com\/fr\/productos\/ajedrez-staunton\/#breadcrumb","itemListElement":[{"@type":"ListItem","position":1,"name":"Portada","item":"https:\/\/mueble4you.com\/fr\/"},{"@type":"ListItem","position":2,"name":"Productos","item":"https:\/\/mueble4you.com\/productos\/"},{"@type":"ListItem","position":3,"name":"\u00c9CHECS STAUNTON."}]},{"@type":"WebSite","@id":"https:\/\/mueble4you.com\/#website","url":"https:\/\/mueble4you.com\/","name":"mueble4you","description":"Meubles \u00e0 Tenerife","potentialAction":[{"@type":"SearchAction","target":{"@type":"EntryPoint","urlTemplate":"https:\/\/mueble4you.com\/?s={search_term_string}"},"query-input":{"@type":"PropertyValueSpecification","valueRequired":true,"valueName":"search_term_string"}}],"inLanguage":"fr-FR"}]}},"_links":{"self":[{"href":"https:\/\/mueble4you.com\/fr\/wp-json\/wp\/v2\/product\/76858","targetHints":{"allow":["GET"]}}],"collection":[{"href":"https:\/\/mueble4you.com\/fr\/wp-json\/wp\/v2\/product"}],"about":[{"href":"https:\/\/mueble4you.com\/fr\/wp-json\/wp\/v2\/types\/product"}],"wp:featuredmedia":[{"embeddable":true,"href":"https:\/\/mueble4you.com\/fr\/wp-json\/wp\/v2\/media\/76844"}],"wp:attachment":[{"href":"https:\/\/mueble4you.com\/fr\/wp-json\/wp\/v2\/media?parent=76858"}],"wp:term":[{"taxonomy":"product_brand","embeddable":true,"href":"https:\/\/mueble4you.com\/fr\/wp-json\/wp\/v2\/product_brand?post=76858"},{"taxonomy":"product_cat","embeddable":true,"href":"https:\/\/mueble4you.com\/fr\/wp-json\/wp\/v2\/product_cat?post=76858"},{"taxonomy":"product_tag","embeddable":true,"href":"https:\/\/mueble4you.com\/fr\/wp-json\/wp\/v2\/product_tag?post=76858"}],"curies":[{"name":"wp","href":"https:\/\/api.w.org\/{rel}","templated":true}]}}