{"id":76837,"date":"2024-10-03T12:05:37","date_gmt":"2024-10-03T12:05:37","guid":{"rendered":"https:\/\/mueble4you.com\/productos\/ajedrez-moncada\/"},"modified":"2024-10-03T14:13:38","modified_gmt":"2024-10-03T14:13:38","slug":"ajedrez-moncada","status":"publish","type":"product","link":"https:\/\/mueble4you.com\/fr\/productos\/ajedrez-moncada\/","title":{"rendered":"\u00c9CHECS MONCADA."},"content":{"rendered":"<ul>\n<li>Pi\u00e8ces d&rsquo;\u00e9checs en m\u00e9tal peintes \u00e0 la main + \u00e9chiquier en bois de bruy\u00e8re, incrust\u00e9.<\/li>\n<li>Pi\u00e8ces d&rsquo;\u00e9checs en m\u00e9tal massif, finies et peintes \u00e0 la main, CERTIFI\u00c9ES FABRIQU\u00c9ES EN ITALIE.<\/li>\n<li>ROI : ht. cm 9,3 &#8211; diam. cm 3,1.<\/li>\n<li>\u00c9CHIQUIER EN BOIS DE CHEVEUX GRIS \u00c9RABLE FINITION BRILLANTE.<br \/>\ncm 51 x 51 &#8211; carr\u00e9 cm 5.<\/li>\n<\/ul>\n","protected":false},"excerpt":{"rendered":"<p>Pi\u00e8ces d&rsquo;\u00e9checs en m\u00e9tal peintes \u00e0 la main + \u00e9chiquier en bois de bruy\u00e8re, incrust\u00e9. Pi\u00e8ces d&rsquo;\u00e9checs en m\u00e9tal massif, finies et peintes \u00e0 la main, CERTIFI\u00c9ES FABRIQU\u00c9ES EN ITALIE. ROI : ht. cm 9,3 &#8211; diam. cm 3,1. \u00c9CHIQUIER EN BOIS DE CHEVEUX GRIS \u00c9RABLE FINITION BRILLANTE. cm 51 x 51 &#8211; carr\u00e9 cm [&#8230;]\n","protected":false},"featured_media":76828,"template":"","meta":[],"product_brand":[],"product_cat":[173,590],"product_tag":[],"class_list":{"0":"post-76837","1":"product","2":"type-product","3":"status-publish","4":"has-post-thumbnail","6":"product_cat-decoration-fr","7":"product_cat-echecs","9":"first","10":"instock","11":"shipping-taxable","12":"product-type-simple"},"yoast_head":"<!-- This site is optimized with the Yoast SEO plugin v27.2 - https:\/\/yoast.com\/product\/yoast-seo-wordpress\/ -->\n<title>\u00c9CHECS MONCADA. | mueble4you<\/title>\n<meta name=\"robots\" content=\"index, follow, max-snippet:-1, max-image-preview:large, max-video-preview:-1\" \/>\n<link rel=\"canonical\" href=\"https:\/\/mueble4you.com\/fr\/productos\/ajedrez-moncada\/\" \/>\n<meta property=\"og:locale\" content=\"fr_FR\" \/>\n<meta property=\"og:type\" content=\"article\" \/>\n<meta property=\"og:title\" content=\"\u00c9CHECS MONCADA. | mueble4you\" \/>\n<meta property=\"og:description\" content=\"Pi\u00e8ces d&rsquo;\u00e9checs en m\u00e9tal peintes \u00e0 la main + \u00e9chiquier en bois de bruy\u00e8re, incrust\u00e9. Pi\u00e8ces d&rsquo;\u00e9checs en m\u00e9tal massif, finies et peintes \u00e0 la main, CERTIFI\u00c9ES FABRIQU\u00c9ES EN ITALIE. ROI : ht. cm 9,3 &#8211; diam. cm 3,1. \u00c9CHIQUIER EN BOIS DE CHEVEUX GRIS \u00c9RABLE FINITION BRILLANTE. cm 51 x 51 &#8211; carr\u00e9 cm [...]\" \/>\n<meta property=\"og:url\" content=\"https:\/\/mueble4you.com\/fr\/productos\/ajedrez-moncada\/\" \/>\n<meta property=\"og:site_name\" content=\"mueble4you\" \/>\n<meta property=\"article:modified_time\" content=\"2024-10-03T14:13:38+00:00\" \/>\n<meta property=\"og:image\" content=\"https:\/\/mueble4you.com\/wp-content\/uploads\/2024\/10\/19-18515R.jpg\" \/>\n\t<meta property=\"og:image:width\" content=\"800\" \/>\n\t<meta property=\"og:image:height\" content=\"595\" \/>\n\t<meta property=\"og:image:type\" content=\"image\/jpeg\" \/>\n<meta name=\"twitter:card\" content=\"summary_large_image\" \/>\n<script type=\"application\/ld+json\" class=\"yoast-schema-graph\">{\"@context\":\"https:\/\/schema.org\",\"@graph\":[{\"@type\":\"WebPage\",\"@id\":\"https:\/\/mueble4you.com\/fr\/productos\/ajedrez-moncada\/\",\"url\":\"https:\/\/mueble4you.com\/fr\/productos\/ajedrez-moncada\/\",\"name\":\"\u00c9CHECS MONCADA. | mueble4you\",\"isPartOf\":{\"@id\":\"https:\/\/mueble4you.com\/#website\"},\"primaryImageOfPage\":{\"@id\":\"https:\/\/mueble4you.com\/fr\/productos\/ajedrez-moncada\/#primaryimage\"},\"image\":{\"@id\":\"https:\/\/mueble4you.com\/fr\/productos\/ajedrez-moncada\/#primaryimage\"},\"thumbnailUrl\":\"https:\/\/mueble4you.com\/wp-content\/uploads\/2024\/10\/19-18515R.jpg\",\"datePublished\":\"2024-10-03T12:05:37+00:00\",\"dateModified\":\"2024-10-03T14:13:38+00:00\",\"breadcrumb\":{\"@id\":\"https:\/\/mueble4you.com\/fr\/productos\/ajedrez-moncada\/#breadcrumb\"},\"inLanguage\":\"fr-FR\",\"potentialAction\":[{\"@type\":\"ReadAction\",\"target\":[\"https:\/\/mueble4you.com\/fr\/productos\/ajedrez-moncada\/\"]}]},{\"@type\":\"ImageObject\",\"inLanguage\":\"fr-FR\",\"@id\":\"https:\/\/mueble4you.com\/fr\/productos\/ajedrez-moncada\/#primaryimage\",\"url\":\"https:\/\/mueble4you.com\/wp-content\/uploads\/2024\/10\/19-18515R.jpg\",\"contentUrl\":\"https:\/\/mueble4you.com\/wp-content\/uploads\/2024\/10\/19-18515R.jpg\",\"width\":800,\"height\":595},{\"@type\":\"BreadcrumbList\",\"@id\":\"https:\/\/mueble4you.com\/fr\/productos\/ajedrez-moncada\/#breadcrumb\",\"itemListElement\":[{\"@type\":\"ListItem\",\"position\":1,\"name\":\"Portada\",\"item\":\"https:\/\/mueble4you.com\/fr\/\"},{\"@type\":\"ListItem\",\"position\":2,\"name\":\"Productos\",\"item\":\"https:\/\/mueble4you.com\/productos\/\"},{\"@type\":\"ListItem\",\"position\":3,\"name\":\"\u00c9CHECS MONCADA.\"}]},{\"@type\":\"WebSite\",\"@id\":\"https:\/\/mueble4you.com\/#website\",\"url\":\"https:\/\/mueble4you.com\/\",\"name\":\"mueble4you\",\"description\":\"Meubles \u00e0 Tenerife\",\"potentialAction\":[{\"@type\":\"SearchAction\",\"target\":{\"@type\":\"EntryPoint\",\"urlTemplate\":\"https:\/\/mueble4you.com\/?s={search_term_string}\"},\"query-input\":{\"@type\":\"PropertyValueSpecification\",\"valueRequired\":true,\"valueName\":\"search_term_string\"}}],\"inLanguage\":\"fr-FR\"}]}<\/script>\n<!-- \/ Yoast SEO plugin. -->","yoast_head_json":{"title":"\u00c9CHECS MONCADA. | mueble4you","robots":{"index":"index","follow":"follow","max-snippet":"max-snippet:-1","max-image-preview":"max-image-preview:large","max-video-preview":"max-video-preview:-1"},"canonical":"https:\/\/mueble4you.com\/fr\/productos\/ajedrez-moncada\/","og_locale":"fr_FR","og_type":"article","og_title":"\u00c9CHECS MONCADA. | mueble4you","og_description":"Pi\u00e8ces d&rsquo;\u00e9checs en m\u00e9tal peintes \u00e0 la main + \u00e9chiquier en bois de bruy\u00e8re, incrust\u00e9. Pi\u00e8ces d&rsquo;\u00e9checs en m\u00e9tal massif, finies et peintes \u00e0 la main, CERTIFI\u00c9ES FABRIQU\u00c9ES EN ITALIE. ROI : ht. cm 9,3 &#8211; diam. cm 3,1. \u00c9CHIQUIER EN BOIS DE CHEVEUX GRIS \u00c9RABLE FINITION BRILLANTE. cm 51 x 51 &#8211; carr\u00e9 cm [...]","og_url":"https:\/\/mueble4you.com\/fr\/productos\/ajedrez-moncada\/","og_site_name":"mueble4you","article_modified_time":"2024-10-03T14:13:38+00:00","og_image":[{"width":800,"height":595,"url":"https:\/\/mueble4you.com\/wp-content\/uploads\/2024\/10\/19-18515R.jpg","type":"image\/jpeg"}],"twitter_card":"summary_large_image","schema":{"@context":"https:\/\/schema.org","@graph":[{"@type":"WebPage","@id":"https:\/\/mueble4you.com\/fr\/productos\/ajedrez-moncada\/","url":"https:\/\/mueble4you.com\/fr\/productos\/ajedrez-moncada\/","name":"\u00c9CHECS MONCADA. | mueble4you","isPartOf":{"@id":"https:\/\/mueble4you.com\/#website"},"primaryImageOfPage":{"@id":"https:\/\/mueble4you.com\/fr\/productos\/ajedrez-moncada\/#primaryimage"},"image":{"@id":"https:\/\/mueble4you.com\/fr\/productos\/ajedrez-moncada\/#primaryimage"},"thumbnailUrl":"https:\/\/mueble4you.com\/wp-content\/uploads\/2024\/10\/19-18515R.jpg","datePublished":"2024-10-03T12:05:37+00:00","dateModified":"2024-10-03T14:13:38+00:00","breadcrumb":{"@id":"https:\/\/mueble4you.com\/fr\/productos\/ajedrez-moncada\/#breadcrumb"},"inLanguage":"fr-FR","potentialAction":[{"@type":"ReadAction","target":["https:\/\/mueble4you.com\/fr\/productos\/ajedrez-moncada\/"]}]},{"@type":"ImageObject","inLanguage":"fr-FR","@id":"https:\/\/mueble4you.com\/fr\/productos\/ajedrez-moncada\/#primaryimage","url":"https:\/\/mueble4you.com\/wp-content\/uploads\/2024\/10\/19-18515R.jpg","contentUrl":"https:\/\/mueble4you.com\/wp-content\/uploads\/2024\/10\/19-18515R.jpg","width":800,"height":595},{"@type":"BreadcrumbList","@id":"https:\/\/mueble4you.com\/fr\/productos\/ajedrez-moncada\/#breadcrumb","itemListElement":[{"@type":"ListItem","position":1,"name":"Portada","item":"https:\/\/mueble4you.com\/fr\/"},{"@type":"ListItem","position":2,"name":"Productos","item":"https:\/\/mueble4you.com\/productos\/"},{"@type":"ListItem","position":3,"name":"\u00c9CHECS MONCADA."}]},{"@type":"WebSite","@id":"https:\/\/mueble4you.com\/#website","url":"https:\/\/mueble4you.com\/","name":"mueble4you","description":"Meubles \u00e0 Tenerife","potentialAction":[{"@type":"SearchAction","target":{"@type":"EntryPoint","urlTemplate":"https:\/\/mueble4you.com\/?s={search_term_string}"},"query-input":{"@type":"PropertyValueSpecification","valueRequired":true,"valueName":"search_term_string"}}],"inLanguage":"fr-FR"}]}},"_links":{"self":[{"href":"https:\/\/mueble4you.com\/fr\/wp-json\/wp\/v2\/product\/76837","targetHints":{"allow":["GET"]}}],"collection":[{"href":"https:\/\/mueble4you.com\/fr\/wp-json\/wp\/v2\/product"}],"about":[{"href":"https:\/\/mueble4you.com\/fr\/wp-json\/wp\/v2\/types\/product"}],"wp:featuredmedia":[{"embeddable":true,"href":"https:\/\/mueble4you.com\/fr\/wp-json\/wp\/v2\/media\/76828"}],"wp:attachment":[{"href":"https:\/\/mueble4you.com\/fr\/wp-json\/wp\/v2\/media?parent=76837"}],"wp:term":[{"taxonomy":"product_brand","embeddable":true,"href":"https:\/\/mueble4you.com\/fr\/wp-json\/wp\/v2\/product_brand?post=76837"},{"taxonomy":"product_cat","embeddable":true,"href":"https:\/\/mueble4you.com\/fr\/wp-json\/wp\/v2\/product_cat?post=76837"},{"taxonomy":"product_tag","embeddable":true,"href":"https:\/\/mueble4you.com\/fr\/wp-json\/wp\/v2\/product_tag?post=76837"}],"curies":[{"name":"wp","href":"https:\/\/api.w.org\/{rel}","templated":true}]}}