{"id":76787,"date":"2024-10-02T12:29:29","date_gmt":"2024-10-02T12:29:29","guid":{"rendered":"https:\/\/mueble4you.com\/productos\/ajedrez-vikingos-guerreros-nordicos\/"},"modified":"2024-10-02T12:35:16","modified_gmt":"2024-10-02T12:35:16","slug":"ajedrez-vikingos-guerreros-nordicos","status":"publish","type":"product","link":"https:\/\/mueble4you.com\/fr\/productos\/ajedrez-vikingos-guerreros-nordicos\/","title":{"rendered":"ENSEMBLE VIKINGS GUERRIERS NORDIQUES DE SCANDINAVIE DES VIII-IX SI\u00c8CLES"},"content":{"rendered":"<ul>\n<li id=\"tw-target-text\" class=\"tw-data-text tw-text-large tw-ta\" dir=\"ltr\" data-placeholder=\"Traducci\u00f3n\" data-ved=\"2ahUKEwjjg6HIyO-IAxXJdqQEHe8dEF4Q3ewLegQIBxAU\" aria-label=\"Texto traducido: ENSEMBLE VIKINGS GUERRIERS NORDIQUES DE SCANDINAVIE DES VIII-IX SI\u00c8CLES\nArticle\u00a0:\u00a0K817CS\nJeu d'\u00e9checs unique, fabriqu\u00e9 en bronze selon la technique de la cire perdue, fini avec de l'or v\u00e9ritable 24 carats. Chaque pi\u00e8ce est sign\u00e9e par le sculpteur. L'\u00e9chiquier est fabriqu\u00e9 en onix et en bronze avec un cadre en bronze et en or v\u00e9ritable. Les Vikings \u00e9taient un ancien peuple de Norv\u00e8ge et de Su\u00e8de, d'habiles navigateurs et pirates ; sur leurs navires, ils parvinrent \u00e0 parcourir d'\u00e9normes distances, atteignant m\u00eame l'Am\u00e9rique. De nombreuses l\u00e9gendes ont \u00e9t\u00e9 cr\u00e9\u00e9es \u00e0 leur sujet, mais ils semblent en r\u00e9alit\u00e9 avoir \u00e9t\u00e9 les anc\u00eatres directs des Normands. Parmi ces personnes, la brillante personnalit\u00e9 de Guillaume, appel\u00e9 &quot;Le Conqu\u00e9rant&quot;, assuma la direction en 1034, comme duc de Normandie et, en 1066, d\u00e9barquant en Angleterre, il battit Harold III \u00e0 la bataille d'Hastings ; Il fut ainsi couronn\u00e9 roi d'Angleterre \u00e0 Westminster, imposant la f\u00e9odalit\u00e9 normande, la dynastie normande et le contr\u00f4le royal de l'\u00c9glise locale.\nROI : ht cm 10 - \u00c9CHIQUIER : cm 54x54x11 - cm 5,6.\"><span class=\"Y2IQFc\" lang=\"fr\">Jeu d&rsquo;\u00e9checs unique, fabriqu\u00e9 en bronze selon la technique de la cire perdue, fini avec de l&rsquo;or v\u00e9ritable 24 carats. <\/span><\/li>\n<li class=\"tw-data-text tw-text-large tw-ta\" dir=\"ltr\" data-placeholder=\"Traducci\u00f3n\" data-ved=\"2ahUKEwjjg6HIyO-IAxXJdqQEHe8dEF4Q3ewLegQIBxAU\" aria-label=\"Texto traducido: ENSEMBLE VIKINGS GUERRIERS NORDIQUES DE SCANDINAVIE DES VIII-IX SI\u00c8CLES\nArticle\u00a0:\u00a0K817CS\nJeu d'\u00e9checs unique, fabriqu\u00e9 en bronze selon la technique de la cire perdue, fini avec de l'or v\u00e9ritable 24 carats. Chaque pi\u00e8ce est sign\u00e9e par le sculpteur. L'\u00e9chiquier est fabriqu\u00e9 en onix et en bronze avec un cadre en bronze et en or v\u00e9ritable. Les Vikings \u00e9taient un ancien peuple de Norv\u00e8ge et de Su\u00e8de, d'habiles navigateurs et pirates ; sur leurs navires, ils parvinrent \u00e0 parcourir d'\u00e9normes distances, atteignant m\u00eame l'Am\u00e9rique. De nombreuses l\u00e9gendes ont \u00e9t\u00e9 cr\u00e9\u00e9es \u00e0 leur sujet, mais ils semblent en r\u00e9alit\u00e9 avoir \u00e9t\u00e9 les anc\u00eatres directs des Normands. Parmi ces personnes, la brillante personnalit\u00e9 de Guillaume, appel\u00e9 &quot;Le Conqu\u00e9rant&quot;, assuma la direction en 1034, comme duc de Normandie et, en 1066, d\u00e9barquant en Angleterre, il battit Harold III \u00e0 la bataille d'Hastings ; Il fut ainsi couronn\u00e9 roi d'Angleterre \u00e0 Westminster, imposant la f\u00e9odalit\u00e9 normande, la dynastie normande et le contr\u00f4le royal de l'\u00c9glise locale.\nROI : ht cm 10 - \u00c9CHIQUIER : cm 54x54x11 - cm 5,6.\"><span class=\"Y2IQFc\" lang=\"fr\">Chaque pi\u00e8ce est sign\u00e9e par le sculpteur. L&rsquo;\u00e9chiquier est fabriqu\u00e9 en onix et en bronze avec un cadre en bronze et en or v\u00e9ritable. <\/span><\/li>\n<li class=\"tw-data-text tw-text-large tw-ta\" dir=\"ltr\" data-placeholder=\"Traducci\u00f3n\" data-ved=\"2ahUKEwjjg6HIyO-IAxXJdqQEHe8dEF4Q3ewLegQIBxAU\" aria-label=\"Texto traducido: ENSEMBLE VIKINGS GUERRIERS NORDIQUES DE SCANDINAVIE DES VIII-IX SI\u00c8CLES\nArticle\u00a0:\u00a0K817CS\nJeu d'\u00e9checs unique, fabriqu\u00e9 en bronze selon la technique de la cire perdue, fini avec de l'or v\u00e9ritable 24 carats. Chaque pi\u00e8ce est sign\u00e9e par le sculpteur. L'\u00e9chiquier est fabriqu\u00e9 en onix et en bronze avec un cadre en bronze et en or v\u00e9ritable. Les Vikings \u00e9taient un ancien peuple de Norv\u00e8ge et de Su\u00e8de, d'habiles navigateurs et pirates ; sur leurs navires, ils parvinrent \u00e0 parcourir d'\u00e9normes distances, atteignant m\u00eame l'Am\u00e9rique. De nombreuses l\u00e9gendes ont \u00e9t\u00e9 cr\u00e9\u00e9es \u00e0 leur sujet, mais ils semblent en r\u00e9alit\u00e9 avoir \u00e9t\u00e9 les anc\u00eatres directs des Normands. Parmi ces personnes, la brillante personnalit\u00e9 de Guillaume, appel\u00e9 &quot;Le Conqu\u00e9rant&quot;, assuma la direction en 1034, comme duc de Normandie et, en 1066, d\u00e9barquant en Angleterre, il battit Harold III \u00e0 la bataille d'Hastings ; Il fut ainsi couronn\u00e9 roi d'Angleterre \u00e0 Westminster, imposant la f\u00e9odalit\u00e9 normande, la dynastie normande et le contr\u00f4le royal de l'\u00c9glise locale.\nROI : ht cm 10 - \u00c9CHIQUIER : cm 54x54x11 - cm 5,6.\"><span class=\"Y2IQFc\" lang=\"fr\">Les Vikings \u00e9taient un ancien peuple de Norv\u00e8ge et de Su\u00e8de, d&rsquo;habiles navigateurs et pirates ; sur leurs navires, ils parvinrent \u00e0 parcourir d&rsquo;\u00e9normes distances, atteignant m\u00eame l&rsquo;Am\u00e9rique. <\/span><\/li>\n<li class=\"tw-data-text tw-text-large tw-ta\" dir=\"ltr\" data-placeholder=\"Traducci\u00f3n\" data-ved=\"2ahUKEwjjg6HIyO-IAxXJdqQEHe8dEF4Q3ewLegQIBxAU\" aria-label=\"Texto traducido: ENSEMBLE VIKINGS GUERRIERS NORDIQUES DE SCANDINAVIE DES VIII-IX SI\u00c8CLES\nArticle\u00a0:\u00a0K817CS\nJeu d'\u00e9checs unique, fabriqu\u00e9 en bronze selon la technique de la cire perdue, fini avec de l'or v\u00e9ritable 24 carats. Chaque pi\u00e8ce est sign\u00e9e par le sculpteur. L'\u00e9chiquier est fabriqu\u00e9 en onix et en bronze avec un cadre en bronze et en or v\u00e9ritable. Les Vikings \u00e9taient un ancien peuple de Norv\u00e8ge et de Su\u00e8de, d'habiles navigateurs et pirates ; sur leurs navires, ils parvinrent \u00e0 parcourir d'\u00e9normes distances, atteignant m\u00eame l'Am\u00e9rique. De nombreuses l\u00e9gendes ont \u00e9t\u00e9 cr\u00e9\u00e9es \u00e0 leur sujet, mais ils semblent en r\u00e9alit\u00e9 avoir \u00e9t\u00e9 les anc\u00eatres directs des Normands. Parmi ces personnes, la brillante personnalit\u00e9 de Guillaume, appel\u00e9 &quot;Le Conqu\u00e9rant&quot;, assuma la direction en 1034, comme duc de Normandie et, en 1066, d\u00e9barquant en Angleterre, il battit Harold III \u00e0 la bataille d'Hastings ; Il fut ainsi couronn\u00e9 roi d'Angleterre \u00e0 Westminster, imposant la f\u00e9odalit\u00e9 normande, la dynastie normande et le contr\u00f4le royal de l'\u00c9glise locale.\nROI : ht cm 10 - \u00c9CHIQUIER : cm 54x54x11 - cm 5,6.\"><span class=\"Y2IQFc\" lang=\"fr\">De nombreuses l\u00e9gendes ont \u00e9t\u00e9 cr\u00e9\u00e9es \u00e0 leur sujet, mais ils semblent en r\u00e9alit\u00e9 avoir \u00e9t\u00e9 les anc\u00eatres directs des Normands. <\/span><\/li>\n<li class=\"tw-data-text tw-text-large tw-ta\" dir=\"ltr\" data-placeholder=\"Traducci\u00f3n\" data-ved=\"2ahUKEwjjg6HIyO-IAxXJdqQEHe8dEF4Q3ewLegQIBxAU\" aria-label=\"Texto traducido: ENSEMBLE VIKINGS GUERRIERS NORDIQUES DE SCANDINAVIE DES VIII-IX SI\u00c8CLES\nArticle\u00a0:\u00a0K817CS\nJeu d'\u00e9checs unique, fabriqu\u00e9 en bronze selon la technique de la cire perdue, fini avec de l'or v\u00e9ritable 24 carats. Chaque pi\u00e8ce est sign\u00e9e par le sculpteur. L'\u00e9chiquier est fabriqu\u00e9 en onix et en bronze avec un cadre en bronze et en or v\u00e9ritable. Les Vikings \u00e9taient un ancien peuple de Norv\u00e8ge et de Su\u00e8de, d'habiles navigateurs et pirates ; sur leurs navires, ils parvinrent \u00e0 parcourir d'\u00e9normes distances, atteignant m\u00eame l'Am\u00e9rique. De nombreuses l\u00e9gendes ont \u00e9t\u00e9 cr\u00e9\u00e9es \u00e0 leur sujet, mais ils semblent en r\u00e9alit\u00e9 avoir \u00e9t\u00e9 les anc\u00eatres directs des Normands. Parmi ces personnes, la brillante personnalit\u00e9 de Guillaume, appel\u00e9 &quot;Le Conqu\u00e9rant&quot;, assuma la direction en 1034, comme duc de Normandie et, en 1066, d\u00e9barquant en Angleterre, il battit Harold III \u00e0 la bataille d'Hastings ; Il fut ainsi couronn\u00e9 roi d'Angleterre \u00e0 Westminster, imposant la f\u00e9odalit\u00e9 normande, la dynastie normande et le contr\u00f4le royal de l'\u00c9glise locale.\nROI : ht cm 10 - \u00c9CHIQUIER : cm 54x54x11 - cm 5,6.\"><span class=\"Y2IQFc\" lang=\"fr\">Parmi ces personnes, la brillante personnalit\u00e9 de Guillaume, appel\u00e9 \u00ab\u00a0Le Conqu\u00e9rant\u00a0\u00bb, assuma la direction en 1034, comme duc de Normandie et, en 1066, d\u00e9barquant en Angleterre, il battit Harold III \u00e0 la bataille d&rsquo;Hastings ; Il fut ainsi couronn\u00e9 roi d&rsquo;Angleterre \u00e0 Westminster, imposant la f\u00e9odalit\u00e9 normande, la dynastie normande et le contr\u00f4le royal de l&rsquo;\u00c9glise locale.<\/span><\/li>\n<li class=\"tw-data-text tw-text-large tw-ta\" dir=\"ltr\" data-placeholder=\"Traducci\u00f3n\" data-ved=\"2ahUKEwjjg6HIyO-IAxXJdqQEHe8dEF4Q3ewLegQIBxAU\" aria-label=\"Texto traducido: ENSEMBLE VIKINGS GUERRIERS NORDIQUES DE SCANDINAVIE DES VIII-IX SI\u00c8CLES\nArticle\u00a0:\u00a0K817CS\nJeu d'\u00e9checs unique, fabriqu\u00e9 en bronze selon la technique de la cire perdue, fini avec de l'or v\u00e9ritable 24 carats. Chaque pi\u00e8ce est sign\u00e9e par le sculpteur. L'\u00e9chiquier est fabriqu\u00e9 en onix et en bronze avec un cadre en bronze et en or v\u00e9ritable. Les Vikings \u00e9taient un ancien peuple de Norv\u00e8ge et de Su\u00e8de, d'habiles navigateurs et pirates ; sur leurs navires, ils parvinrent \u00e0 parcourir d'\u00e9normes distances, atteignant m\u00eame l'Am\u00e9rique. De nombreuses l\u00e9gendes ont \u00e9t\u00e9 cr\u00e9\u00e9es \u00e0 leur sujet, mais ils semblent en r\u00e9alit\u00e9 avoir \u00e9t\u00e9 les anc\u00eatres directs des Normands. Parmi ces personnes, la brillante personnalit\u00e9 de Guillaume, appel\u00e9 &quot;Le Conqu\u00e9rant&quot;, assuma la direction en 1034, comme duc de Normandie et, en 1066, d\u00e9barquant en Angleterre, il battit Harold III \u00e0 la bataille d'Hastings ; Il fut ainsi couronn\u00e9 roi d'Angleterre \u00e0 Westminster, imposant la f\u00e9odalit\u00e9 normande, la dynastie normande et le contr\u00f4le royal de l'\u00c9glise locale.\nROI : ht cm 10 - \u00c9CHIQUIER : cm 54x54x11 - cm 5,6.\"><span class=\"Y2IQFc\" lang=\"fr\">ROI : ht cm 10 &#8211; \u00c9CHIQUIER : cm 54x54x11 &#8211; cm 5,6.<\/span><\/li>\n<\/ul>\n","protected":false},"excerpt":{"rendered":"<p>Jeu d&rsquo;\u00e9checs unique, fabriqu\u00e9 en bronze selon la technique de la cire perdue, fini avec de l&rsquo;or v\u00e9ritable 24 carats. Chaque pi\u00e8ce est sign\u00e9e par le sculpteur. L&rsquo;\u00e9chiquier est fabriqu\u00e9 en onix et en bronze avec un cadre en bronze et en or v\u00e9ritable. Les Vikings \u00e9taient un ancien peuple de Norv\u00e8ge et de Su\u00e8de, [&#8230;]\n","protected":false},"featured_media":76778,"template":"","meta":[],"product_brand":[],"product_cat":[173,590],"product_tag":[],"class_list":{"0":"post-76787","1":"product","2":"type-product","3":"status-publish","4":"has-post-thumbnail","6":"product_cat-decoration-fr","7":"product_cat-echecs","9":"first","10":"instock","11":"shipping-taxable","12":"product-type-simple"},"yoast_head":"<!-- This site is optimized with the Yoast SEO plugin v27.2 - https:\/\/yoast.com\/product\/yoast-seo-wordpress\/ -->\n<title>ENSEMBLE VIKINGS GUERRIERS NORDIQUES DE SCANDINAVIE DES VIII-IX SI\u00c8CLES | mueble4you<\/title>\n<meta name=\"robots\" content=\"index, follow, max-snippet:-1, max-image-preview:large, max-video-preview:-1\" \/>\n<link rel=\"canonical\" href=\"https:\/\/mueble4you.com\/fr\/productos\/ajedrez-vikingos-guerreros-nordicos\/\" \/>\n<meta property=\"og:locale\" content=\"fr_FR\" \/>\n<meta property=\"og:type\" content=\"article\" \/>\n<meta property=\"og:title\" content=\"ENSEMBLE VIKINGS GUERRIERS NORDIQUES DE SCANDINAVIE DES VIII-IX SI\u00c8CLES | mueble4you\" \/>\n<meta property=\"og:description\" content=\"Jeu d&rsquo;\u00e9checs unique, fabriqu\u00e9 en bronze selon la technique de la cire perdue, fini avec de l&rsquo;or v\u00e9ritable 24 carats. Chaque pi\u00e8ce est sign\u00e9e par le sculpteur. L&rsquo;\u00e9chiquier est fabriqu\u00e9 en onix et en bronze avec un cadre en bronze et en or v\u00e9ritable. Les Vikings \u00e9taient un ancien peuple de Norv\u00e8ge et de Su\u00e8de, [...]\" \/>\n<meta property=\"og:url\" content=\"https:\/\/mueble4you.com\/fr\/productos\/ajedrez-vikingos-guerreros-nordicos\/\" \/>\n<meta property=\"og:site_name\" content=\"mueble4you\" \/>\n<meta property=\"article:modified_time\" content=\"2024-10-02T12:35:16+00:00\" \/>\n<meta property=\"og:image\" content=\"https:\/\/mueble4you.com\/wp-content\/uploads\/2024\/10\/K817CM.jpg\" \/>\n\t<meta property=\"og:image:width\" content=\"1200\" \/>\n\t<meta property=\"og:image:height\" content=\"893\" \/>\n\t<meta property=\"og:image:type\" content=\"image\/jpeg\" \/>\n<meta name=\"twitter:card\" content=\"summary_large_image\" \/>\n<meta name=\"twitter:label1\" content=\"Dur\u00e9e de lecture estim\u00e9e\" \/>\n\t<meta name=\"twitter:data1\" content=\"1 minute\" \/>\n<script type=\"application\/ld+json\" class=\"yoast-schema-graph\">{\"@context\":\"https:\/\/schema.org\",\"@graph\":[{\"@type\":\"WebPage\",\"@id\":\"https:\/\/mueble4you.com\/fr\/productos\/ajedrez-vikingos-guerreros-nordicos\/\",\"url\":\"https:\/\/mueble4you.com\/fr\/productos\/ajedrez-vikingos-guerreros-nordicos\/\",\"name\":\"ENSEMBLE VIKINGS GUERRIERS NORDIQUES DE SCANDINAVIE DES VIII-IX SI\u00c8CLES | mueble4you\",\"isPartOf\":{\"@id\":\"https:\/\/mueble4you.com\/#website\"},\"primaryImageOfPage\":{\"@id\":\"https:\/\/mueble4you.com\/fr\/productos\/ajedrez-vikingos-guerreros-nordicos\/#primaryimage\"},\"image\":{\"@id\":\"https:\/\/mueble4you.com\/fr\/productos\/ajedrez-vikingos-guerreros-nordicos\/#primaryimage\"},\"thumbnailUrl\":\"https:\/\/mueble4you.com\/wp-content\/uploads\/2024\/10\/K817CM.jpg\",\"datePublished\":\"2024-10-02T12:29:29+00:00\",\"dateModified\":\"2024-10-02T12:35:16+00:00\",\"breadcrumb\":{\"@id\":\"https:\/\/mueble4you.com\/fr\/productos\/ajedrez-vikingos-guerreros-nordicos\/#breadcrumb\"},\"inLanguage\":\"fr-FR\",\"potentialAction\":[{\"@type\":\"ReadAction\",\"target\":[\"https:\/\/mueble4you.com\/fr\/productos\/ajedrez-vikingos-guerreros-nordicos\/\"]}]},{\"@type\":\"ImageObject\",\"inLanguage\":\"fr-FR\",\"@id\":\"https:\/\/mueble4you.com\/fr\/productos\/ajedrez-vikingos-guerreros-nordicos\/#primaryimage\",\"url\":\"https:\/\/mueble4you.com\/wp-content\/uploads\/2024\/10\/K817CM.jpg\",\"contentUrl\":\"https:\/\/mueble4you.com\/wp-content\/uploads\/2024\/10\/K817CM.jpg\",\"width\":1200,\"height\":893},{\"@type\":\"BreadcrumbList\",\"@id\":\"https:\/\/mueble4you.com\/fr\/productos\/ajedrez-vikingos-guerreros-nordicos\/#breadcrumb\",\"itemListElement\":[{\"@type\":\"ListItem\",\"position\":1,\"name\":\"Portada\",\"item\":\"https:\/\/mueble4you.com\/fr\/\"},{\"@type\":\"ListItem\",\"position\":2,\"name\":\"Productos\",\"item\":\"https:\/\/mueble4you.com\/productos\/\"},{\"@type\":\"ListItem\",\"position\":3,\"name\":\"ENSEMBLE VIKINGS GUERRIERS NORDIQUES DE SCANDINAVIE DES VIII-IX SI\u00c8CLES\"}]},{\"@type\":\"WebSite\",\"@id\":\"https:\/\/mueble4you.com\/#website\",\"url\":\"https:\/\/mueble4you.com\/\",\"name\":\"mueble4you\",\"description\":\"Meubles \u00e0 Tenerife\",\"potentialAction\":[{\"@type\":\"SearchAction\",\"target\":{\"@type\":\"EntryPoint\",\"urlTemplate\":\"https:\/\/mueble4you.com\/?s={search_term_string}\"},\"query-input\":{\"@type\":\"PropertyValueSpecification\",\"valueRequired\":true,\"valueName\":\"search_term_string\"}}],\"inLanguage\":\"fr-FR\"}]}<\/script>\n<!-- \/ Yoast SEO plugin. -->","yoast_head_json":{"title":"ENSEMBLE VIKINGS GUERRIERS NORDIQUES DE SCANDINAVIE DES VIII-IX SI\u00c8CLES | mueble4you","robots":{"index":"index","follow":"follow","max-snippet":"max-snippet:-1","max-image-preview":"max-image-preview:large","max-video-preview":"max-video-preview:-1"},"canonical":"https:\/\/mueble4you.com\/fr\/productos\/ajedrez-vikingos-guerreros-nordicos\/","og_locale":"fr_FR","og_type":"article","og_title":"ENSEMBLE VIKINGS GUERRIERS NORDIQUES DE SCANDINAVIE DES VIII-IX SI\u00c8CLES | mueble4you","og_description":"Jeu d&rsquo;\u00e9checs unique, fabriqu\u00e9 en bronze selon la technique de la cire perdue, fini avec de l&rsquo;or v\u00e9ritable 24 carats. Chaque pi\u00e8ce est sign\u00e9e par le sculpteur. L&rsquo;\u00e9chiquier est fabriqu\u00e9 en onix et en bronze avec un cadre en bronze et en or v\u00e9ritable. Les Vikings \u00e9taient un ancien peuple de Norv\u00e8ge et de Su\u00e8de, [...]","og_url":"https:\/\/mueble4you.com\/fr\/productos\/ajedrez-vikingos-guerreros-nordicos\/","og_site_name":"mueble4you","article_modified_time":"2024-10-02T12:35:16+00:00","og_image":[{"width":1200,"height":893,"url":"https:\/\/mueble4you.com\/wp-content\/uploads\/2024\/10\/K817CM.jpg","type":"image\/jpeg"}],"twitter_card":"summary_large_image","twitter_misc":{"Dur\u00e9e de lecture estim\u00e9e":"1 minute"},"schema":{"@context":"https:\/\/schema.org","@graph":[{"@type":"WebPage","@id":"https:\/\/mueble4you.com\/fr\/productos\/ajedrez-vikingos-guerreros-nordicos\/","url":"https:\/\/mueble4you.com\/fr\/productos\/ajedrez-vikingos-guerreros-nordicos\/","name":"ENSEMBLE VIKINGS GUERRIERS NORDIQUES DE SCANDINAVIE DES VIII-IX SI\u00c8CLES | mueble4you","isPartOf":{"@id":"https:\/\/mueble4you.com\/#website"},"primaryImageOfPage":{"@id":"https:\/\/mueble4you.com\/fr\/productos\/ajedrez-vikingos-guerreros-nordicos\/#primaryimage"},"image":{"@id":"https:\/\/mueble4you.com\/fr\/productos\/ajedrez-vikingos-guerreros-nordicos\/#primaryimage"},"thumbnailUrl":"https:\/\/mueble4you.com\/wp-content\/uploads\/2024\/10\/K817CM.jpg","datePublished":"2024-10-02T12:29:29+00:00","dateModified":"2024-10-02T12:35:16+00:00","breadcrumb":{"@id":"https:\/\/mueble4you.com\/fr\/productos\/ajedrez-vikingos-guerreros-nordicos\/#breadcrumb"},"inLanguage":"fr-FR","potentialAction":[{"@type":"ReadAction","target":["https:\/\/mueble4you.com\/fr\/productos\/ajedrez-vikingos-guerreros-nordicos\/"]}]},{"@type":"ImageObject","inLanguage":"fr-FR","@id":"https:\/\/mueble4you.com\/fr\/productos\/ajedrez-vikingos-guerreros-nordicos\/#primaryimage","url":"https:\/\/mueble4you.com\/wp-content\/uploads\/2024\/10\/K817CM.jpg","contentUrl":"https:\/\/mueble4you.com\/wp-content\/uploads\/2024\/10\/K817CM.jpg","width":1200,"height":893},{"@type":"BreadcrumbList","@id":"https:\/\/mueble4you.com\/fr\/productos\/ajedrez-vikingos-guerreros-nordicos\/#breadcrumb","itemListElement":[{"@type":"ListItem","position":1,"name":"Portada","item":"https:\/\/mueble4you.com\/fr\/"},{"@type":"ListItem","position":2,"name":"Productos","item":"https:\/\/mueble4you.com\/productos\/"},{"@type":"ListItem","position":3,"name":"ENSEMBLE VIKINGS GUERRIERS NORDIQUES DE SCANDINAVIE DES VIII-IX SI\u00c8CLES"}]},{"@type":"WebSite","@id":"https:\/\/mueble4you.com\/#website","url":"https:\/\/mueble4you.com\/","name":"mueble4you","description":"Meubles \u00e0 Tenerife","potentialAction":[{"@type":"SearchAction","target":{"@type":"EntryPoint","urlTemplate":"https:\/\/mueble4you.com\/?s={search_term_string}"},"query-input":{"@type":"PropertyValueSpecification","valueRequired":true,"valueName":"search_term_string"}}],"inLanguage":"fr-FR"}]}},"_links":{"self":[{"href":"https:\/\/mueble4you.com\/fr\/wp-json\/wp\/v2\/product\/76787","targetHints":{"allow":["GET"]}}],"collection":[{"href":"https:\/\/mueble4you.com\/fr\/wp-json\/wp\/v2\/product"}],"about":[{"href":"https:\/\/mueble4you.com\/fr\/wp-json\/wp\/v2\/types\/product"}],"wp:featuredmedia":[{"embeddable":true,"href":"https:\/\/mueble4you.com\/fr\/wp-json\/wp\/v2\/media\/76778"}],"wp:attachment":[{"href":"https:\/\/mueble4you.com\/fr\/wp-json\/wp\/v2\/media?parent=76787"}],"wp:term":[{"taxonomy":"product_brand","embeddable":true,"href":"https:\/\/mueble4you.com\/fr\/wp-json\/wp\/v2\/product_brand?post=76787"},{"taxonomy":"product_cat","embeddable":true,"href":"https:\/\/mueble4you.com\/fr\/wp-json\/wp\/v2\/product_cat?post=76787"},{"taxonomy":"product_tag","embeddable":true,"href":"https:\/\/mueble4you.com\/fr\/wp-json\/wp\/v2\/product_tag?post=76787"}],"curies":[{"name":"wp","href":"https:\/\/api.w.org\/{rel}","templated":true}]}}