{"id":76692,"date":"2024-10-01T14:34:10","date_gmt":"2024-10-01T14:34:10","guid":{"rendered":"https:\/\/mueble4you.com\/productos\/ajedrez-mitologia-griega-vs-mitologia-romana\/"},"modified":"2024-10-01T14:40:45","modified_gmt":"2024-10-01T14:40:45","slug":"ajedrez-mitologia-griega-vs-mitologia-romana","status":"publish","type":"product","link":"https:\/\/mueble4you.com\/fr\/productos\/ajedrez-mitologia-griega-vs-mitologia-romana\/","title":{"rendered":"\u00c9CHECS DE MYTHOLOGIE GRECQUE VS MYTHOLOGIE ROMAINE"},"content":{"rendered":"<ul>\n<li>MYTHOLOGIE GRECQUE VS MYTHOLOGIE ROMAINE : Pi\u00e8ces d&rsquo;\u00e9checs en r\u00e9sine peintes \u00e0 la main + \u00c9chiquier en r\u00e9sine massif.<\/li>\n<li>\u00c9CHIQUIER EN R\u00c9SINE DE STYLE MYTHOLOGIE GRECQUE.<\/li>\n<li>\u00c9chiquier en r\u00e9sine<br \/>\ncm 43 x 43 &#8211; carr\u00e9 cm 4,3<\/li>\n<\/ul>\n","protected":false},"excerpt":{"rendered":"<p>MYTHOLOGIE GRECQUE VS MYTHOLOGIE ROMAINE : Pi\u00e8ces d&rsquo;\u00e9checs en r\u00e9sine peintes \u00e0 la main + \u00c9chiquier en r\u00e9sine massif. \u00c9CHIQUIER EN R\u00c9SINE DE STYLE MYTHOLOGIE GRECQUE. \u00c9chiquier en r\u00e9sine cm 43 x 43 &#8211; carr\u00e9 cm 4,3<\/p>\n","protected":false},"featured_media":76683,"template":"","meta":[],"product_brand":[],"product_cat":[389,173],"product_tag":[],"class_list":{"0":"post-76692","1":"product","2":"type-product","3":"status-publish","4":"has-post-thumbnail","6":"product_cat-autres","7":"product_cat-decoration-fr","9":"first","10":"instock","11":"shipping-taxable","12":"product-type-simple"},"yoast_head":"<!-- This site is optimized with the Yoast SEO plugin v27.3 - https:\/\/yoast.com\/product\/yoast-seo-wordpress\/ -->\n<title>\u00c9CHECS DE MYTHOLOGIE GRECQUE VS MYTHOLOGIE ROMAINE | mueble4you<\/title>\n<meta name=\"robots\" content=\"index, follow, max-snippet:-1, max-image-preview:large, max-video-preview:-1\" \/>\n<link rel=\"canonical\" href=\"https:\/\/mueble4you.com\/fr\/productos\/ajedrez-mitologia-griega-vs-mitologia-romana\/\" \/>\n<meta property=\"og:locale\" content=\"fr_FR\" \/>\n<meta property=\"og:type\" content=\"article\" \/>\n<meta property=\"og:title\" content=\"\u00c9CHECS DE MYTHOLOGIE GRECQUE VS MYTHOLOGIE ROMAINE | mueble4you\" \/>\n<meta property=\"og:description\" content=\"MYTHOLOGIE GRECQUE VS MYTHOLOGIE ROMAINE : Pi\u00e8ces d&rsquo;\u00e9checs en r\u00e9sine peintes \u00e0 la main + \u00c9chiquier en r\u00e9sine massif. \u00c9CHIQUIER EN R\u00c9SINE DE STYLE MYTHOLOGIE GRECQUE. \u00c9chiquier en r\u00e9sine cm 43 x 43 &#8211; carr\u00e9 cm 4,3\" \/>\n<meta property=\"og:url\" content=\"https:\/\/mueble4you.com\/fr\/productos\/ajedrez-mitologia-griega-vs-mitologia-romana\/\" \/>\n<meta property=\"og:site_name\" content=\"mueble4you\" \/>\n<meta property=\"article:modified_time\" content=\"2024-10-01T14:40:45+00:00\" \/>\n<meta property=\"og:image\" content=\"https:\/\/mueble4you.com\/wp-content\/uploads\/2024\/10\/77764B77745.jpg\" \/>\n\t<meta property=\"og:image:width\" content=\"800\" \/>\n\t<meta property=\"og:image:height\" content=\"550\" \/>\n\t<meta property=\"og:image:type\" content=\"image\/jpeg\" \/>\n<meta name=\"twitter:card\" content=\"summary_large_image\" \/>\n<script type=\"application\/ld+json\" class=\"yoast-schema-graph\">{\"@context\":\"https:\\\/\\\/schema.org\",\"@graph\":[{\"@type\":\"WebPage\",\"@id\":\"https:\\\/\\\/mueble4you.com\\\/fr\\\/productos\\\/ajedrez-mitologia-griega-vs-mitologia-romana\\\/\",\"url\":\"https:\\\/\\\/mueble4you.com\\\/fr\\\/productos\\\/ajedrez-mitologia-griega-vs-mitologia-romana\\\/\",\"name\":\"\u00c9CHECS DE MYTHOLOGIE GRECQUE VS MYTHOLOGIE ROMAINE | mueble4you\",\"isPartOf\":{\"@id\":\"https:\\\/\\\/mueble4you.com\\\/#website\"},\"primaryImageOfPage\":{\"@id\":\"https:\\\/\\\/mueble4you.com\\\/fr\\\/productos\\\/ajedrez-mitologia-griega-vs-mitologia-romana\\\/#primaryimage\"},\"image\":{\"@id\":\"https:\\\/\\\/mueble4you.com\\\/fr\\\/productos\\\/ajedrez-mitologia-griega-vs-mitologia-romana\\\/#primaryimage\"},\"thumbnailUrl\":\"https:\\\/\\\/mueble4you.com\\\/wp-content\\\/uploads\\\/2024\\\/10\\\/77764B77745.jpg\",\"datePublished\":\"2024-10-01T14:34:10+00:00\",\"dateModified\":\"2024-10-01T14:40:45+00:00\",\"breadcrumb\":{\"@id\":\"https:\\\/\\\/mueble4you.com\\\/fr\\\/productos\\\/ajedrez-mitologia-griega-vs-mitologia-romana\\\/#breadcrumb\"},\"inLanguage\":\"fr-FR\",\"potentialAction\":[{\"@type\":\"ReadAction\",\"target\":[\"https:\\\/\\\/mueble4you.com\\\/fr\\\/productos\\\/ajedrez-mitologia-griega-vs-mitologia-romana\\\/\"]}]},{\"@type\":\"ImageObject\",\"inLanguage\":\"fr-FR\",\"@id\":\"https:\\\/\\\/mueble4you.com\\\/fr\\\/productos\\\/ajedrez-mitologia-griega-vs-mitologia-romana\\\/#primaryimage\",\"url\":\"https:\\\/\\\/mueble4you.com\\\/wp-content\\\/uploads\\\/2024\\\/10\\\/77764B77745.jpg\",\"contentUrl\":\"https:\\\/\\\/mueble4you.com\\\/wp-content\\\/uploads\\\/2024\\\/10\\\/77764B77745.jpg\",\"width\":800,\"height\":550},{\"@type\":\"BreadcrumbList\",\"@id\":\"https:\\\/\\\/mueble4you.com\\\/fr\\\/productos\\\/ajedrez-mitologia-griega-vs-mitologia-romana\\\/#breadcrumb\",\"itemListElement\":[{\"@type\":\"ListItem\",\"position\":1,\"name\":\"Portada\",\"item\":\"https:\\\/\\\/mueble4you.com\\\/fr\\\/\"},{\"@type\":\"ListItem\",\"position\":2,\"name\":\"Productos\",\"item\":\"https:\\\/\\\/mueble4you.com\\\/productos\\\/\"},{\"@type\":\"ListItem\",\"position\":3,\"name\":\"\u00c9CHECS DE MYTHOLOGIE GRECQUE VS MYTHOLOGIE ROMAINE\"}]},{\"@type\":\"WebSite\",\"@id\":\"https:\\\/\\\/mueble4you.com\\\/#website\",\"url\":\"https:\\\/\\\/mueble4you.com\\\/\",\"name\":\"mueble4you\",\"description\":\"Meubles \u00e0 Tenerife\",\"potentialAction\":[{\"@type\":\"SearchAction\",\"target\":{\"@type\":\"EntryPoint\",\"urlTemplate\":\"https:\\\/\\\/mueble4you.com\\\/?s={search_term_string}\"},\"query-input\":{\"@type\":\"PropertyValueSpecification\",\"valueRequired\":true,\"valueName\":\"search_term_string\"}}],\"inLanguage\":\"fr-FR\"}]}<\/script>\n<!-- \/ Yoast SEO plugin. -->","yoast_head_json":{"title":"\u00c9CHECS DE MYTHOLOGIE GRECQUE VS MYTHOLOGIE ROMAINE | mueble4you","robots":{"index":"index","follow":"follow","max-snippet":"max-snippet:-1","max-image-preview":"max-image-preview:large","max-video-preview":"max-video-preview:-1"},"canonical":"https:\/\/mueble4you.com\/fr\/productos\/ajedrez-mitologia-griega-vs-mitologia-romana\/","og_locale":"fr_FR","og_type":"article","og_title":"\u00c9CHECS DE MYTHOLOGIE GRECQUE VS MYTHOLOGIE ROMAINE | mueble4you","og_description":"MYTHOLOGIE GRECQUE VS MYTHOLOGIE ROMAINE : Pi\u00e8ces d&rsquo;\u00e9checs en r\u00e9sine peintes \u00e0 la main + \u00c9chiquier en r\u00e9sine massif. \u00c9CHIQUIER EN R\u00c9SINE DE STYLE MYTHOLOGIE GRECQUE. \u00c9chiquier en r\u00e9sine cm 43 x 43 &#8211; carr\u00e9 cm 4,3","og_url":"https:\/\/mueble4you.com\/fr\/productos\/ajedrez-mitologia-griega-vs-mitologia-romana\/","og_site_name":"mueble4you","article_modified_time":"2024-10-01T14:40:45+00:00","og_image":[{"width":800,"height":550,"url":"https:\/\/mueble4you.com\/wp-content\/uploads\/2024\/10\/77764B77745.jpg","type":"image\/jpeg"}],"twitter_card":"summary_large_image","schema":{"@context":"https:\/\/schema.org","@graph":[{"@type":"WebPage","@id":"https:\/\/mueble4you.com\/fr\/productos\/ajedrez-mitologia-griega-vs-mitologia-romana\/","url":"https:\/\/mueble4you.com\/fr\/productos\/ajedrez-mitologia-griega-vs-mitologia-romana\/","name":"\u00c9CHECS DE MYTHOLOGIE GRECQUE VS MYTHOLOGIE ROMAINE | mueble4you","isPartOf":{"@id":"https:\/\/mueble4you.com\/#website"},"primaryImageOfPage":{"@id":"https:\/\/mueble4you.com\/fr\/productos\/ajedrez-mitologia-griega-vs-mitologia-romana\/#primaryimage"},"image":{"@id":"https:\/\/mueble4you.com\/fr\/productos\/ajedrez-mitologia-griega-vs-mitologia-romana\/#primaryimage"},"thumbnailUrl":"https:\/\/mueble4you.com\/wp-content\/uploads\/2024\/10\/77764B77745.jpg","datePublished":"2024-10-01T14:34:10+00:00","dateModified":"2024-10-01T14:40:45+00:00","breadcrumb":{"@id":"https:\/\/mueble4you.com\/fr\/productos\/ajedrez-mitologia-griega-vs-mitologia-romana\/#breadcrumb"},"inLanguage":"fr-FR","potentialAction":[{"@type":"ReadAction","target":["https:\/\/mueble4you.com\/fr\/productos\/ajedrez-mitologia-griega-vs-mitologia-romana\/"]}]},{"@type":"ImageObject","inLanguage":"fr-FR","@id":"https:\/\/mueble4you.com\/fr\/productos\/ajedrez-mitologia-griega-vs-mitologia-romana\/#primaryimage","url":"https:\/\/mueble4you.com\/wp-content\/uploads\/2024\/10\/77764B77745.jpg","contentUrl":"https:\/\/mueble4you.com\/wp-content\/uploads\/2024\/10\/77764B77745.jpg","width":800,"height":550},{"@type":"BreadcrumbList","@id":"https:\/\/mueble4you.com\/fr\/productos\/ajedrez-mitologia-griega-vs-mitologia-romana\/#breadcrumb","itemListElement":[{"@type":"ListItem","position":1,"name":"Portada","item":"https:\/\/mueble4you.com\/fr\/"},{"@type":"ListItem","position":2,"name":"Productos","item":"https:\/\/mueble4you.com\/productos\/"},{"@type":"ListItem","position":3,"name":"\u00c9CHECS DE MYTHOLOGIE GRECQUE VS MYTHOLOGIE ROMAINE"}]},{"@type":"WebSite","@id":"https:\/\/mueble4you.com\/#website","url":"https:\/\/mueble4you.com\/","name":"mueble4you","description":"Meubles \u00e0 Tenerife","potentialAction":[{"@type":"SearchAction","target":{"@type":"EntryPoint","urlTemplate":"https:\/\/mueble4you.com\/?s={search_term_string}"},"query-input":{"@type":"PropertyValueSpecification","valueRequired":true,"valueName":"search_term_string"}}],"inLanguage":"fr-FR"}]}},"_links":{"self":[{"href":"https:\/\/mueble4you.com\/fr\/wp-json\/wp\/v2\/product\/76692","targetHints":{"allow":["GET"]}}],"collection":[{"href":"https:\/\/mueble4you.com\/fr\/wp-json\/wp\/v2\/product"}],"about":[{"href":"https:\/\/mueble4you.com\/fr\/wp-json\/wp\/v2\/types\/product"}],"wp:featuredmedia":[{"embeddable":true,"href":"https:\/\/mueble4you.com\/fr\/wp-json\/wp\/v2\/media\/76683"}],"wp:attachment":[{"href":"https:\/\/mueble4you.com\/fr\/wp-json\/wp\/v2\/media?parent=76692"}],"wp:term":[{"taxonomy":"product_brand","embeddable":true,"href":"https:\/\/mueble4you.com\/fr\/wp-json\/wp\/v2\/product_brand?post=76692"},{"taxonomy":"product_cat","embeddable":true,"href":"https:\/\/mueble4you.com\/fr\/wp-json\/wp\/v2\/product_cat?post=76692"},{"taxonomy":"product_tag","embeddable":true,"href":"https:\/\/mueble4you.com\/fr\/wp-json\/wp\/v2\/product_tag?post=76692"}],"curies":[{"name":"wp","href":"https:\/\/api.w.org\/{rel}","templated":true}]}}