{"id":76655,"date":"2024-10-01T12:08:54","date_gmt":"2024-10-01T12:08:54","guid":{"rendered":"https:\/\/mueble4you.com\/productos\/juego-de-ajedrez-de-marmol-blanco-y-negro\/"},"modified":"2024-10-01T12:21:05","modified_gmt":"2024-10-01T12:21:05","slug":"juego-de-ajedrez-de-marmol-blanco-y-negro","status":"publish","type":"product","link":"https:\/\/mueble4you.com\/fr\/productos\/juego-de-ajedrez-de-marmol-blanco-y-negro\/","title":{"rendered":"JEU D&rsquo;\u00c9CHECS EN MARBRE BLANC ET NOIR."},"content":{"rendered":"<ul>\n<li id=\"tw-target-text\" class=\"tw-data-text tw-text-large tw-ta\" dir=\"ltr\" data-placeholder=\"Traducci\u00f3n\" data-ved=\"2ahUKEwiSzai8j-2IAxXyhv0HHfHfHLUQ3ewLegQICRAU\" aria-label=\"Texto traducido: JEU D'\u00c9CHECS EN MARBRE BLANC ET NOIR.\nJeu d'\u00e9checs en marbre blanc et noir, enti\u00e8rement sculpt\u00e9 \u00e0 la main (sac d'\u00e9checs inclus)\n\u00c9CHECS: 30x30x1,5cm KING SIZE: ht. 7,5cm\"><span class=\"Y2IQFc\" lang=\"fr\">Jeu d&rsquo;\u00e9checs en marbre blanc et noir, enti\u00e8rement sculpt\u00e9 \u00e0 la main (sac d&rsquo;\u00e9checs inclus).<\/span><\/li>\n<li class=\"tw-data-text tw-text-large tw-ta\" dir=\"ltr\" data-placeholder=\"Traducci\u00f3n\" data-ved=\"2ahUKEwiSzai8j-2IAxXyhv0HHfHfHLUQ3ewLegQICRAU\" aria-label=\"Texto traducido: JEU D'\u00c9CHECS EN MARBRE BLANC ET NOIR.\nJeu d'\u00e9checs en marbre blanc et noir, enti\u00e8rement sculpt\u00e9 \u00e0 la main (sac d'\u00e9checs inclus)\n\u00c9CHECS: 30x30x1,5cm KING SIZE: ht. 7,5cm\"><span class=\"Y2IQFc\" lang=\"fr\">\u00c9CHECS: 30x30x1,5cm.<\/span><\/li>\n<li class=\"tw-data-text tw-text-large tw-ta\" dir=\"ltr\" data-placeholder=\"Traducci\u00f3n\" data-ved=\"2ahUKEwiSzai8j-2IAxXyhv0HHfHfHLUQ3ewLegQICRAU\" aria-label=\"Texto traducido: JEU D'\u00c9CHECS EN MARBRE BLANC ET NOIR.\nJeu d'\u00e9checs en marbre blanc et noir, enti\u00e8rement sculpt\u00e9 \u00e0 la main (sac d'\u00e9checs inclus)\n\u00c9CHECS: 30x30x1,5cm KING SIZE: ht. 7,5cm\"><span class=\"Y2IQFc\" lang=\"fr\">KING SIZE: ht. 7,5cm.<\/span><\/li>\n<\/ul>\n","protected":false},"excerpt":{"rendered":"<p>Jeu d&rsquo;\u00e9checs en marbre blanc et noir, enti\u00e8rement sculpt\u00e9 \u00e0 la main (sac d&rsquo;\u00e9checs inclus). \u00c9CHECS: 30x30x1,5cm. KING SIZE: ht. 7,5cm.<\/p>\n","protected":false},"featured_media":76646,"template":"","meta":[],"product_brand":[],"product_cat":[389,173,590],"product_tag":[],"class_list":{"0":"post-76655","1":"product","2":"type-product","3":"status-publish","4":"has-post-thumbnail","6":"product_cat-autres","7":"product_cat-decoration-fr","8":"product_cat-echecs","10":"first","11":"instock","12":"shipping-taxable","13":"product-type-simple"},"yoast_head":"<!-- This site is optimized with the Yoast SEO plugin v27.2 - https:\/\/yoast.com\/product\/yoast-seo-wordpress\/ -->\n<title>JEU D&#039;\u00c9CHECS EN MARBRE BLANC ET NOIR. | mueble4you<\/title>\n<meta name=\"robots\" content=\"index, follow, max-snippet:-1, max-image-preview:large, max-video-preview:-1\" \/>\n<link rel=\"canonical\" href=\"https:\/\/mueble4you.com\/fr\/productos\/juego-de-ajedrez-de-marmol-blanco-y-negro\/\" \/>\n<meta property=\"og:locale\" content=\"fr_FR\" \/>\n<meta property=\"og:type\" content=\"article\" \/>\n<meta property=\"og:title\" content=\"JEU D&#039;\u00c9CHECS EN MARBRE BLANC ET NOIR. | mueble4you\" \/>\n<meta property=\"og:description\" content=\"Jeu d&rsquo;\u00e9checs en marbre blanc et noir, enti\u00e8rement sculpt\u00e9 \u00e0 la main (sac d&rsquo;\u00e9checs inclus). \u00c9CHECS: 30x30x1,5cm. KING SIZE: ht. 7,5cm.\" \/>\n<meta property=\"og:url\" content=\"https:\/\/mueble4you.com\/fr\/productos\/juego-de-ajedrez-de-marmol-blanco-y-negro\/\" \/>\n<meta property=\"og:site_name\" content=\"mueble4you\" \/>\n<meta property=\"article:modified_time\" content=\"2024-10-01T12:21:05+00:00\" \/>\n<meta property=\"og:image\" content=\"https:\/\/mueble4you.com\/wp-content\/uploads\/2024\/10\/1028.jpg\" \/>\n\t<meta property=\"og:image:width\" content=\"1200\" \/>\n\t<meta property=\"og:image:height\" content=\"888\" \/>\n\t<meta property=\"og:image:type\" content=\"image\/jpeg\" \/>\n<meta name=\"twitter:card\" content=\"summary_large_image\" \/>\n<script type=\"application\/ld+json\" class=\"yoast-schema-graph\">{\"@context\":\"https:\/\/schema.org\",\"@graph\":[{\"@type\":\"WebPage\",\"@id\":\"https:\/\/mueble4you.com\/fr\/productos\/juego-de-ajedrez-de-marmol-blanco-y-negro\/\",\"url\":\"https:\/\/mueble4you.com\/fr\/productos\/juego-de-ajedrez-de-marmol-blanco-y-negro\/\",\"name\":\"JEU D'\u00c9CHECS EN MARBRE BLANC ET NOIR. | mueble4you\",\"isPartOf\":{\"@id\":\"https:\/\/mueble4you.com\/#website\"},\"primaryImageOfPage\":{\"@id\":\"https:\/\/mueble4you.com\/fr\/productos\/juego-de-ajedrez-de-marmol-blanco-y-negro\/#primaryimage\"},\"image\":{\"@id\":\"https:\/\/mueble4you.com\/fr\/productos\/juego-de-ajedrez-de-marmol-blanco-y-negro\/#primaryimage\"},\"thumbnailUrl\":\"https:\/\/mueble4you.com\/wp-content\/uploads\/2024\/10\/1028.jpg\",\"datePublished\":\"2024-10-01T12:08:54+00:00\",\"dateModified\":\"2024-10-01T12:21:05+00:00\",\"breadcrumb\":{\"@id\":\"https:\/\/mueble4you.com\/fr\/productos\/juego-de-ajedrez-de-marmol-blanco-y-negro\/#breadcrumb\"},\"inLanguage\":\"fr-FR\",\"potentialAction\":[{\"@type\":\"ReadAction\",\"target\":[\"https:\/\/mueble4you.com\/fr\/productos\/juego-de-ajedrez-de-marmol-blanco-y-negro\/\"]}]},{\"@type\":\"ImageObject\",\"inLanguage\":\"fr-FR\",\"@id\":\"https:\/\/mueble4you.com\/fr\/productos\/juego-de-ajedrez-de-marmol-blanco-y-negro\/#primaryimage\",\"url\":\"https:\/\/mueble4you.com\/wp-content\/uploads\/2024\/10\/1028.jpg\",\"contentUrl\":\"https:\/\/mueble4you.com\/wp-content\/uploads\/2024\/10\/1028.jpg\",\"width\":1200,\"height\":888},{\"@type\":\"BreadcrumbList\",\"@id\":\"https:\/\/mueble4you.com\/fr\/productos\/juego-de-ajedrez-de-marmol-blanco-y-negro\/#breadcrumb\",\"itemListElement\":[{\"@type\":\"ListItem\",\"position\":1,\"name\":\"Portada\",\"item\":\"https:\/\/mueble4you.com\/fr\/\"},{\"@type\":\"ListItem\",\"position\":2,\"name\":\"Productos\",\"item\":\"https:\/\/mueble4you.com\/productos\/\"},{\"@type\":\"ListItem\",\"position\":3,\"name\":\"JEU D&rsquo;\u00c9CHECS EN MARBRE BLANC ET NOIR.\"}]},{\"@type\":\"WebSite\",\"@id\":\"https:\/\/mueble4you.com\/#website\",\"url\":\"https:\/\/mueble4you.com\/\",\"name\":\"mueble4you\",\"description\":\"Meubles \u00e0 Tenerife\",\"potentialAction\":[{\"@type\":\"SearchAction\",\"target\":{\"@type\":\"EntryPoint\",\"urlTemplate\":\"https:\/\/mueble4you.com\/?s={search_term_string}\"},\"query-input\":{\"@type\":\"PropertyValueSpecification\",\"valueRequired\":true,\"valueName\":\"search_term_string\"}}],\"inLanguage\":\"fr-FR\"}]}<\/script>\n<!-- \/ Yoast SEO plugin. -->","yoast_head_json":{"title":"JEU D'\u00c9CHECS EN MARBRE BLANC ET NOIR. | mueble4you","robots":{"index":"index","follow":"follow","max-snippet":"max-snippet:-1","max-image-preview":"max-image-preview:large","max-video-preview":"max-video-preview:-1"},"canonical":"https:\/\/mueble4you.com\/fr\/productos\/juego-de-ajedrez-de-marmol-blanco-y-negro\/","og_locale":"fr_FR","og_type":"article","og_title":"JEU D'\u00c9CHECS EN MARBRE BLANC ET NOIR. | mueble4you","og_description":"Jeu d&rsquo;\u00e9checs en marbre blanc et noir, enti\u00e8rement sculpt\u00e9 \u00e0 la main (sac d&rsquo;\u00e9checs inclus). \u00c9CHECS: 30x30x1,5cm. KING SIZE: ht. 7,5cm.","og_url":"https:\/\/mueble4you.com\/fr\/productos\/juego-de-ajedrez-de-marmol-blanco-y-negro\/","og_site_name":"mueble4you","article_modified_time":"2024-10-01T12:21:05+00:00","og_image":[{"width":1200,"height":888,"url":"https:\/\/mueble4you.com\/wp-content\/uploads\/2024\/10\/1028.jpg","type":"image\/jpeg"}],"twitter_card":"summary_large_image","schema":{"@context":"https:\/\/schema.org","@graph":[{"@type":"WebPage","@id":"https:\/\/mueble4you.com\/fr\/productos\/juego-de-ajedrez-de-marmol-blanco-y-negro\/","url":"https:\/\/mueble4you.com\/fr\/productos\/juego-de-ajedrez-de-marmol-blanco-y-negro\/","name":"JEU D'\u00c9CHECS EN MARBRE BLANC ET NOIR. | mueble4you","isPartOf":{"@id":"https:\/\/mueble4you.com\/#website"},"primaryImageOfPage":{"@id":"https:\/\/mueble4you.com\/fr\/productos\/juego-de-ajedrez-de-marmol-blanco-y-negro\/#primaryimage"},"image":{"@id":"https:\/\/mueble4you.com\/fr\/productos\/juego-de-ajedrez-de-marmol-blanco-y-negro\/#primaryimage"},"thumbnailUrl":"https:\/\/mueble4you.com\/wp-content\/uploads\/2024\/10\/1028.jpg","datePublished":"2024-10-01T12:08:54+00:00","dateModified":"2024-10-01T12:21:05+00:00","breadcrumb":{"@id":"https:\/\/mueble4you.com\/fr\/productos\/juego-de-ajedrez-de-marmol-blanco-y-negro\/#breadcrumb"},"inLanguage":"fr-FR","potentialAction":[{"@type":"ReadAction","target":["https:\/\/mueble4you.com\/fr\/productos\/juego-de-ajedrez-de-marmol-blanco-y-negro\/"]}]},{"@type":"ImageObject","inLanguage":"fr-FR","@id":"https:\/\/mueble4you.com\/fr\/productos\/juego-de-ajedrez-de-marmol-blanco-y-negro\/#primaryimage","url":"https:\/\/mueble4you.com\/wp-content\/uploads\/2024\/10\/1028.jpg","contentUrl":"https:\/\/mueble4you.com\/wp-content\/uploads\/2024\/10\/1028.jpg","width":1200,"height":888},{"@type":"BreadcrumbList","@id":"https:\/\/mueble4you.com\/fr\/productos\/juego-de-ajedrez-de-marmol-blanco-y-negro\/#breadcrumb","itemListElement":[{"@type":"ListItem","position":1,"name":"Portada","item":"https:\/\/mueble4you.com\/fr\/"},{"@type":"ListItem","position":2,"name":"Productos","item":"https:\/\/mueble4you.com\/productos\/"},{"@type":"ListItem","position":3,"name":"JEU D&rsquo;\u00c9CHECS EN MARBRE BLANC ET NOIR."}]},{"@type":"WebSite","@id":"https:\/\/mueble4you.com\/#website","url":"https:\/\/mueble4you.com\/","name":"mueble4you","description":"Meubles \u00e0 Tenerife","potentialAction":[{"@type":"SearchAction","target":{"@type":"EntryPoint","urlTemplate":"https:\/\/mueble4you.com\/?s={search_term_string}"},"query-input":{"@type":"PropertyValueSpecification","valueRequired":true,"valueName":"search_term_string"}}],"inLanguage":"fr-FR"}]}},"_links":{"self":[{"href":"https:\/\/mueble4you.com\/fr\/wp-json\/wp\/v2\/product\/76655","targetHints":{"allow":["GET"]}}],"collection":[{"href":"https:\/\/mueble4you.com\/fr\/wp-json\/wp\/v2\/product"}],"about":[{"href":"https:\/\/mueble4you.com\/fr\/wp-json\/wp\/v2\/types\/product"}],"wp:featuredmedia":[{"embeddable":true,"href":"https:\/\/mueble4you.com\/fr\/wp-json\/wp\/v2\/media\/76646"}],"wp:attachment":[{"href":"https:\/\/mueble4you.com\/fr\/wp-json\/wp\/v2\/media?parent=76655"}],"wp:term":[{"taxonomy":"product_brand","embeddable":true,"href":"https:\/\/mueble4you.com\/fr\/wp-json\/wp\/v2\/product_brand?post=76655"},{"taxonomy":"product_cat","embeddable":true,"href":"https:\/\/mueble4you.com\/fr\/wp-json\/wp\/v2\/product_cat?post=76655"},{"taxonomy":"product_tag","embeddable":true,"href":"https:\/\/mueble4you.com\/fr\/wp-json\/wp\/v2\/product_tag?post=76655"}],"curies":[{"name":"wp","href":"https:\/\/api.w.org\/{rel}","templated":true}]}}