{"id":76640,"date":"2024-09-27T15:18:50","date_gmt":"2024-09-27T15:18:50","guid":{"rendered":"https:\/\/mueble4you.com\/productos\/consola-madera-blanca-148cm\/"},"modified":"2024-10-21T13:50:29","modified_gmt":"2024-10-21T13:50:29","slug":"consola-madera-blanca-148cm","status":"publish","type":"product","link":"https:\/\/mueble4you.com\/fr\/productos\/consola-madera-blanca-148cm\/","title":{"rendered":"CONSOLE EN BOIS BLANC 148CM."},"content":{"rendered":"<ul>\n<li>Console en bois de manguier massif avec 3 portes, pieds tourn\u00e9s et portes sculpt\u00e9es \u00e0 la main, elle dispose \u00e9galement d&rsquo;un plateau inf\u00e9rieur pour y placer des objets d\u00e9coratifs.<\/li>\n<\/ul>\n<div><\/div>\n<div>\u25cf Hauteur : 103 cm.<\/div>\n<div><\/div>\n<div>\u25cf Longueur : 148 cm.<\/div>\n<div><\/div>\n<div>\u25cf Largeur : 44 cm.<\/div>\n<div><\/div>\n<div>\u25cf Mat\u00e9riau : Bois de manguier.<\/div>\n<div><\/div>\n<div>\u25cf Couleur : Blanc vieilli.<\/div>\n","protected":false},"excerpt":{"rendered":"<p>Console en bois de manguier massif avec 3 portes, pieds tourn\u00e9s et portes sculpt\u00e9es \u00e0 la main, elle dispose \u00e9galement d&rsquo;un plateau inf\u00e9rieur pour y placer des objets d\u00e9coratifs. \u25cf Hauteur : 103 cm. \u25cf Longueur : 148 cm. \u25cf Largeur : 44 cm. \u25cf Mat\u00e9riau : Bois de manguier. \u25cf Couleur : Blanc vieilli.<\/p>\n","protected":false},"featured_media":76611,"template":"","meta":[],"product_brand":[],"product_cat":[360,204],"product_tag":[],"class_list":{"0":"post-76640","1":"product","2":"type-product","3":"status-publish","4":"has-post-thumbnail","6":"product_cat-console","7":"product_cat-salon","9":"first","10":"instock","11":"shipping-taxable","12":"product-type-simple"},"yoast_head":"<!-- This site is optimized with the Yoast SEO plugin v27.3 - https:\/\/yoast.com\/product\/yoast-seo-wordpress\/ -->\n<title>CONSOLE EN BOIS BLANC 148CM. | mueble4you<\/title>\n<meta name=\"robots\" content=\"index, follow, max-snippet:-1, max-image-preview:large, max-video-preview:-1\" \/>\n<link rel=\"canonical\" href=\"https:\/\/mueble4you.com\/fr\/productos\/consola-madera-blanca-148cm\/\" \/>\n<meta property=\"og:locale\" content=\"fr_FR\" \/>\n<meta property=\"og:type\" content=\"article\" \/>\n<meta property=\"og:title\" content=\"CONSOLE EN BOIS BLANC 148CM. | mueble4you\" \/>\n<meta property=\"og:description\" content=\"Console en bois de manguier massif avec 3 portes, pieds tourn\u00e9s et portes sculpt\u00e9es \u00e0 la main, elle dispose \u00e9galement d&rsquo;un plateau inf\u00e9rieur pour y placer des objets d\u00e9coratifs. \u25cf Hauteur : 103 cm. \u25cf Longueur : 148 cm. \u25cf Largeur : 44 cm. \u25cf Mat\u00e9riau : Bois de manguier. \u25cf Couleur : Blanc vieilli.\" \/>\n<meta property=\"og:url\" content=\"https:\/\/mueble4you.com\/fr\/productos\/consola-madera-blanca-148cm\/\" \/>\n<meta property=\"og:site_name\" content=\"mueble4you\" \/>\n<meta property=\"article:modified_time\" content=\"2024-10-21T13:50:29+00:00\" \/>\n<meta property=\"og:image\" content=\"https:\/\/mueble4you.com\/wp-content\/uploads\/2024\/09\/1483_1-Copy.jpg\" \/>\n\t<meta property=\"og:image:width\" content=\"1024\" \/>\n\t<meta property=\"og:image:height\" content=\"683\" \/>\n\t<meta property=\"og:image:type\" content=\"image\/jpeg\" \/>\n<meta name=\"twitter:card\" content=\"summary_large_image\" \/>\n<script type=\"application\/ld+json\" class=\"yoast-schema-graph\">{\"@context\":\"https:\\\/\\\/schema.org\",\"@graph\":[{\"@type\":\"WebPage\",\"@id\":\"https:\\\/\\\/mueble4you.com\\\/fr\\\/productos\\\/consola-madera-blanca-148cm\\\/\",\"url\":\"https:\\\/\\\/mueble4you.com\\\/fr\\\/productos\\\/consola-madera-blanca-148cm\\\/\",\"name\":\"CONSOLE EN BOIS BLANC 148CM. | mueble4you\",\"isPartOf\":{\"@id\":\"https:\\\/\\\/mueble4you.com\\\/#website\"},\"primaryImageOfPage\":{\"@id\":\"https:\\\/\\\/mueble4you.com\\\/fr\\\/productos\\\/consola-madera-blanca-148cm\\\/#primaryimage\"},\"image\":{\"@id\":\"https:\\\/\\\/mueble4you.com\\\/fr\\\/productos\\\/consola-madera-blanca-148cm\\\/#primaryimage\"},\"thumbnailUrl\":\"https:\\\/\\\/mueble4you.com\\\/wp-content\\\/uploads\\\/2024\\\/09\\\/1483_1-Copy.jpg\",\"datePublished\":\"2024-09-27T15:18:50+00:00\",\"dateModified\":\"2024-10-21T13:50:29+00:00\",\"breadcrumb\":{\"@id\":\"https:\\\/\\\/mueble4you.com\\\/fr\\\/productos\\\/consola-madera-blanca-148cm\\\/#breadcrumb\"},\"inLanguage\":\"fr-FR\",\"potentialAction\":[{\"@type\":\"ReadAction\",\"target\":[\"https:\\\/\\\/mueble4you.com\\\/fr\\\/productos\\\/consola-madera-blanca-148cm\\\/\"]}]},{\"@type\":\"ImageObject\",\"inLanguage\":\"fr-FR\",\"@id\":\"https:\\\/\\\/mueble4you.com\\\/fr\\\/productos\\\/consola-madera-blanca-148cm\\\/#primaryimage\",\"url\":\"https:\\\/\\\/mueble4you.com\\\/wp-content\\\/uploads\\\/2024\\\/09\\\/1483_1-Copy.jpg\",\"contentUrl\":\"https:\\\/\\\/mueble4you.com\\\/wp-content\\\/uploads\\\/2024\\\/09\\\/1483_1-Copy.jpg\",\"width\":1024,\"height\":683},{\"@type\":\"BreadcrumbList\",\"@id\":\"https:\\\/\\\/mueble4you.com\\\/fr\\\/productos\\\/consola-madera-blanca-148cm\\\/#breadcrumb\",\"itemListElement\":[{\"@type\":\"ListItem\",\"position\":1,\"name\":\"Portada\",\"item\":\"https:\\\/\\\/mueble4you.com\\\/fr\\\/\"},{\"@type\":\"ListItem\",\"position\":2,\"name\":\"Productos\",\"item\":\"https:\\\/\\\/mueble4you.com\\\/productos\\\/\"},{\"@type\":\"ListItem\",\"position\":3,\"name\":\"CONSOLE EN BOIS BLANC 148CM.\"}]},{\"@type\":\"WebSite\",\"@id\":\"https:\\\/\\\/mueble4you.com\\\/#website\",\"url\":\"https:\\\/\\\/mueble4you.com\\\/\",\"name\":\"mueble4you\",\"description\":\"Meubles \u00e0 Tenerife\",\"potentialAction\":[{\"@type\":\"SearchAction\",\"target\":{\"@type\":\"EntryPoint\",\"urlTemplate\":\"https:\\\/\\\/mueble4you.com\\\/?s={search_term_string}\"},\"query-input\":{\"@type\":\"PropertyValueSpecification\",\"valueRequired\":true,\"valueName\":\"search_term_string\"}}],\"inLanguage\":\"fr-FR\"}]}<\/script>\n<!-- \/ Yoast SEO plugin. -->","yoast_head_json":{"title":"CONSOLE EN BOIS BLANC 148CM. | mueble4you","robots":{"index":"index","follow":"follow","max-snippet":"max-snippet:-1","max-image-preview":"max-image-preview:large","max-video-preview":"max-video-preview:-1"},"canonical":"https:\/\/mueble4you.com\/fr\/productos\/consola-madera-blanca-148cm\/","og_locale":"fr_FR","og_type":"article","og_title":"CONSOLE EN BOIS BLANC 148CM. | mueble4you","og_description":"Console en bois de manguier massif avec 3 portes, pieds tourn\u00e9s et portes sculpt\u00e9es \u00e0 la main, elle dispose \u00e9galement d&rsquo;un plateau inf\u00e9rieur pour y placer des objets d\u00e9coratifs. \u25cf Hauteur : 103 cm. \u25cf Longueur : 148 cm. \u25cf Largeur : 44 cm. \u25cf Mat\u00e9riau : Bois de manguier. \u25cf Couleur : Blanc vieilli.","og_url":"https:\/\/mueble4you.com\/fr\/productos\/consola-madera-blanca-148cm\/","og_site_name":"mueble4you","article_modified_time":"2024-10-21T13:50:29+00:00","og_image":[{"width":1024,"height":683,"url":"https:\/\/mueble4you.com\/wp-content\/uploads\/2024\/09\/1483_1-Copy.jpg","type":"image\/jpeg"}],"twitter_card":"summary_large_image","schema":{"@context":"https:\/\/schema.org","@graph":[{"@type":"WebPage","@id":"https:\/\/mueble4you.com\/fr\/productos\/consola-madera-blanca-148cm\/","url":"https:\/\/mueble4you.com\/fr\/productos\/consola-madera-blanca-148cm\/","name":"CONSOLE EN BOIS BLANC 148CM. | mueble4you","isPartOf":{"@id":"https:\/\/mueble4you.com\/#website"},"primaryImageOfPage":{"@id":"https:\/\/mueble4you.com\/fr\/productos\/consola-madera-blanca-148cm\/#primaryimage"},"image":{"@id":"https:\/\/mueble4you.com\/fr\/productos\/consola-madera-blanca-148cm\/#primaryimage"},"thumbnailUrl":"https:\/\/mueble4you.com\/wp-content\/uploads\/2024\/09\/1483_1-Copy.jpg","datePublished":"2024-09-27T15:18:50+00:00","dateModified":"2024-10-21T13:50:29+00:00","breadcrumb":{"@id":"https:\/\/mueble4you.com\/fr\/productos\/consola-madera-blanca-148cm\/#breadcrumb"},"inLanguage":"fr-FR","potentialAction":[{"@type":"ReadAction","target":["https:\/\/mueble4you.com\/fr\/productos\/consola-madera-blanca-148cm\/"]}]},{"@type":"ImageObject","inLanguage":"fr-FR","@id":"https:\/\/mueble4you.com\/fr\/productos\/consola-madera-blanca-148cm\/#primaryimage","url":"https:\/\/mueble4you.com\/wp-content\/uploads\/2024\/09\/1483_1-Copy.jpg","contentUrl":"https:\/\/mueble4you.com\/wp-content\/uploads\/2024\/09\/1483_1-Copy.jpg","width":1024,"height":683},{"@type":"BreadcrumbList","@id":"https:\/\/mueble4you.com\/fr\/productos\/consola-madera-blanca-148cm\/#breadcrumb","itemListElement":[{"@type":"ListItem","position":1,"name":"Portada","item":"https:\/\/mueble4you.com\/fr\/"},{"@type":"ListItem","position":2,"name":"Productos","item":"https:\/\/mueble4you.com\/productos\/"},{"@type":"ListItem","position":3,"name":"CONSOLE EN BOIS BLANC 148CM."}]},{"@type":"WebSite","@id":"https:\/\/mueble4you.com\/#website","url":"https:\/\/mueble4you.com\/","name":"mueble4you","description":"Meubles \u00e0 Tenerife","potentialAction":[{"@type":"SearchAction","target":{"@type":"EntryPoint","urlTemplate":"https:\/\/mueble4you.com\/?s={search_term_string}"},"query-input":{"@type":"PropertyValueSpecification","valueRequired":true,"valueName":"search_term_string"}}],"inLanguage":"fr-FR"}]}},"_links":{"self":[{"href":"https:\/\/mueble4you.com\/fr\/wp-json\/wp\/v2\/product\/76640","targetHints":{"allow":["GET"]}}],"collection":[{"href":"https:\/\/mueble4you.com\/fr\/wp-json\/wp\/v2\/product"}],"about":[{"href":"https:\/\/mueble4you.com\/fr\/wp-json\/wp\/v2\/types\/product"}],"wp:featuredmedia":[{"embeddable":true,"href":"https:\/\/mueble4you.com\/fr\/wp-json\/wp\/v2\/media\/76611"}],"wp:attachment":[{"href":"https:\/\/mueble4you.com\/fr\/wp-json\/wp\/v2\/media?parent=76640"}],"wp:term":[{"taxonomy":"product_brand","embeddable":true,"href":"https:\/\/mueble4you.com\/fr\/wp-json\/wp\/v2\/product_brand?post=76640"},{"taxonomy":"product_cat","embeddable":true,"href":"https:\/\/mueble4you.com\/fr\/wp-json\/wp\/v2\/product_cat?post=76640"},{"taxonomy":"product_tag","embeddable":true,"href":"https:\/\/mueble4you.com\/fr\/wp-json\/wp\/v2\/product_tag?post=76640"}],"curies":[{"name":"wp","href":"https:\/\/api.w.org\/{rel}","templated":true}]}}