{"id":76555,"date":"2024-09-27T14:32:56","date_gmt":"2024-09-27T14:32:56","guid":{"rendered":"https:\/\/mueble4you.com\/productos\/mueble-tv-madera-170cm\/"},"modified":"2024-10-21T14:09:48","modified_gmt":"2024-10-21T14:09:48","slug":"mueble-tv-madera-170cm","status":"publish","type":"product","link":"https:\/\/mueble4you.com\/fr\/productos\/mueble-tv-madera-170cm\/","title":{"rendered":"MEUBLE TV EN BOIS 170CM."},"content":{"rendered":"<div>Ce meuble de t\u00e9l\u00e9vision de couleur naturelle est fabriqu\u00e9 en bois d&rsquo;acacia, mettant en valeur la beaut\u00e9 du bois dans son \u00e9tat le plus authentique. Avec ses 4 portes, elle offre un \u00e9quilibre parfait entre style et fonctionnalit\u00e9, devenant un \u00e9l\u00e9ment central de tout salon. Les quatre portes de l&rsquo;armoire sont con\u00e7ues pour offrir un grand espace de rangement, vous permettant de ranger facilement des appareils \u00e9lectroniques, des accessoires de divertissement et d&rsquo;autres articles essentiels, en gardant tout bien rang\u00e9 et hors de vue.<\/div>\n<div><\/div>\n<div>\u25cf Hauteur : 50 cm.<\/div>\n<div><\/div>\n<div>\u25cf Longueur : 170 cm.<\/div>\n<div><\/div>\n<div>\u25cf Largeur : 40 cm.<\/div>\n<div><\/div>\n<div>\u25cf Mat\u00e9riau : Bois d&rsquo;acacia. \u25cf Couleur : Naturel.<\/div>\n<div><\/div>\n","protected":false},"excerpt":{"rendered":"<p>Ce meuble de t\u00e9l\u00e9vision de couleur naturelle est fabriqu\u00e9 en bois d&rsquo;acacia, mettant en valeur la beaut\u00e9 du bois dans son \u00e9tat le plus authentique. Avec ses 4 portes, elle offre un \u00e9quilibre parfait entre style et fonctionnalit\u00e9, devenant un \u00e9l\u00e9ment central de tout salon. Les quatre portes de l&rsquo;armoire sont con\u00e7ues pour offrir un [&#8230;]\n","protected":false},"featured_media":76536,"template":"","meta":[],"product_brand":[],"product_cat":[204,509],"product_tag":[],"class_list":{"0":"post-76555","1":"product","2":"type-product","3":"status-publish","4":"has-post-thumbnail","6":"product_cat-salon","7":"product_cat-meuble-tv","9":"first","10":"instock","11":"shipping-taxable","12":"product-type-simple"},"yoast_head":"<!-- This site is optimized with the Yoast SEO plugin v27.2 - https:\/\/yoast.com\/product\/yoast-seo-wordpress\/ -->\n<title>MEUBLE TV EN BOIS 170CM. | mueble4you<\/title>\n<meta name=\"robots\" content=\"index, follow, max-snippet:-1, max-image-preview:large, max-video-preview:-1\" \/>\n<link rel=\"canonical\" href=\"https:\/\/mueble4you.com\/fr\/productos\/mueble-tv-madera-170cm\/\" \/>\n<meta property=\"og:locale\" content=\"fr_FR\" \/>\n<meta property=\"og:type\" content=\"article\" \/>\n<meta property=\"og:title\" content=\"MEUBLE TV EN BOIS 170CM. | mueble4you\" \/>\n<meta property=\"og:description\" content=\"Ce meuble de t\u00e9l\u00e9vision de couleur naturelle est fabriqu\u00e9 en bois d&rsquo;acacia, mettant en valeur la beaut\u00e9 du bois dans son \u00e9tat le plus authentique. Avec ses 4 portes, elle offre un \u00e9quilibre parfait entre style et fonctionnalit\u00e9, devenant un \u00e9l\u00e9ment central de tout salon. Les quatre portes de l&rsquo;armoire sont con\u00e7ues pour offrir un [...]\" \/>\n<meta property=\"og:url\" content=\"https:\/\/mueble4you.com\/fr\/productos\/mueble-tv-madera-170cm\/\" \/>\n<meta property=\"og:site_name\" content=\"mueble4you\" \/>\n<meta property=\"article:modified_time\" content=\"2024-10-21T14:09:48+00:00\" \/>\n<meta property=\"og:image\" content=\"https:\/\/mueble4you.com\/wp-content\/uploads\/2024\/09\/1854_1-Copy.jpg\" \/>\n\t<meta property=\"og:image:width\" content=\"965\" \/>\n\t<meta property=\"og:image:height\" content=\"768\" \/>\n\t<meta property=\"og:image:type\" content=\"image\/jpeg\" \/>\n<meta name=\"twitter:card\" content=\"summary_large_image\" \/>\n<script type=\"application\/ld+json\" class=\"yoast-schema-graph\">{\"@context\":\"https:\/\/schema.org\",\"@graph\":[{\"@type\":\"WebPage\",\"@id\":\"https:\/\/mueble4you.com\/fr\/productos\/mueble-tv-madera-170cm\/\",\"url\":\"https:\/\/mueble4you.com\/fr\/productos\/mueble-tv-madera-170cm\/\",\"name\":\"MEUBLE TV EN BOIS 170CM. | mueble4you\",\"isPartOf\":{\"@id\":\"https:\/\/mueble4you.com\/#website\"},\"primaryImageOfPage\":{\"@id\":\"https:\/\/mueble4you.com\/fr\/productos\/mueble-tv-madera-170cm\/#primaryimage\"},\"image\":{\"@id\":\"https:\/\/mueble4you.com\/fr\/productos\/mueble-tv-madera-170cm\/#primaryimage\"},\"thumbnailUrl\":\"https:\/\/mueble4you.com\/wp-content\/uploads\/2024\/09\/1854_1-Copy.jpg\",\"datePublished\":\"2024-09-27T14:32:56+00:00\",\"dateModified\":\"2024-10-21T14:09:48+00:00\",\"breadcrumb\":{\"@id\":\"https:\/\/mueble4you.com\/fr\/productos\/mueble-tv-madera-170cm\/#breadcrumb\"},\"inLanguage\":\"fr-FR\",\"potentialAction\":[{\"@type\":\"ReadAction\",\"target\":[\"https:\/\/mueble4you.com\/fr\/productos\/mueble-tv-madera-170cm\/\"]}]},{\"@type\":\"ImageObject\",\"inLanguage\":\"fr-FR\",\"@id\":\"https:\/\/mueble4you.com\/fr\/productos\/mueble-tv-madera-170cm\/#primaryimage\",\"url\":\"https:\/\/mueble4you.com\/wp-content\/uploads\/2024\/09\/1854_1-Copy.jpg\",\"contentUrl\":\"https:\/\/mueble4you.com\/wp-content\/uploads\/2024\/09\/1854_1-Copy.jpg\",\"width\":965,\"height\":768},{\"@type\":\"BreadcrumbList\",\"@id\":\"https:\/\/mueble4you.com\/fr\/productos\/mueble-tv-madera-170cm\/#breadcrumb\",\"itemListElement\":[{\"@type\":\"ListItem\",\"position\":1,\"name\":\"Portada\",\"item\":\"https:\/\/mueble4you.com\/fr\/\"},{\"@type\":\"ListItem\",\"position\":2,\"name\":\"Productos\",\"item\":\"https:\/\/mueble4you.com\/productos\/\"},{\"@type\":\"ListItem\",\"position\":3,\"name\":\"MEUBLE TV EN BOIS 170CM.\"}]},{\"@type\":\"WebSite\",\"@id\":\"https:\/\/mueble4you.com\/#website\",\"url\":\"https:\/\/mueble4you.com\/\",\"name\":\"mueble4you\",\"description\":\"Meubles \u00e0 Tenerife\",\"potentialAction\":[{\"@type\":\"SearchAction\",\"target\":{\"@type\":\"EntryPoint\",\"urlTemplate\":\"https:\/\/mueble4you.com\/?s={search_term_string}\"},\"query-input\":{\"@type\":\"PropertyValueSpecification\",\"valueRequired\":true,\"valueName\":\"search_term_string\"}}],\"inLanguage\":\"fr-FR\"}]}<\/script>\n<!-- \/ Yoast SEO plugin. -->","yoast_head_json":{"title":"MEUBLE TV EN BOIS 170CM. | mueble4you","robots":{"index":"index","follow":"follow","max-snippet":"max-snippet:-1","max-image-preview":"max-image-preview:large","max-video-preview":"max-video-preview:-1"},"canonical":"https:\/\/mueble4you.com\/fr\/productos\/mueble-tv-madera-170cm\/","og_locale":"fr_FR","og_type":"article","og_title":"MEUBLE TV EN BOIS 170CM. | mueble4you","og_description":"Ce meuble de t\u00e9l\u00e9vision de couleur naturelle est fabriqu\u00e9 en bois d&rsquo;acacia, mettant en valeur la beaut\u00e9 du bois dans son \u00e9tat le plus authentique. Avec ses 4 portes, elle offre un \u00e9quilibre parfait entre style et fonctionnalit\u00e9, devenant un \u00e9l\u00e9ment central de tout salon. Les quatre portes de l&rsquo;armoire sont con\u00e7ues pour offrir un [...]","og_url":"https:\/\/mueble4you.com\/fr\/productos\/mueble-tv-madera-170cm\/","og_site_name":"mueble4you","article_modified_time":"2024-10-21T14:09:48+00:00","og_image":[{"width":965,"height":768,"url":"https:\/\/mueble4you.com\/wp-content\/uploads\/2024\/09\/1854_1-Copy.jpg","type":"image\/jpeg"}],"twitter_card":"summary_large_image","schema":{"@context":"https:\/\/schema.org","@graph":[{"@type":"WebPage","@id":"https:\/\/mueble4you.com\/fr\/productos\/mueble-tv-madera-170cm\/","url":"https:\/\/mueble4you.com\/fr\/productos\/mueble-tv-madera-170cm\/","name":"MEUBLE TV EN BOIS 170CM. | mueble4you","isPartOf":{"@id":"https:\/\/mueble4you.com\/#website"},"primaryImageOfPage":{"@id":"https:\/\/mueble4you.com\/fr\/productos\/mueble-tv-madera-170cm\/#primaryimage"},"image":{"@id":"https:\/\/mueble4you.com\/fr\/productos\/mueble-tv-madera-170cm\/#primaryimage"},"thumbnailUrl":"https:\/\/mueble4you.com\/wp-content\/uploads\/2024\/09\/1854_1-Copy.jpg","datePublished":"2024-09-27T14:32:56+00:00","dateModified":"2024-10-21T14:09:48+00:00","breadcrumb":{"@id":"https:\/\/mueble4you.com\/fr\/productos\/mueble-tv-madera-170cm\/#breadcrumb"},"inLanguage":"fr-FR","potentialAction":[{"@type":"ReadAction","target":["https:\/\/mueble4you.com\/fr\/productos\/mueble-tv-madera-170cm\/"]}]},{"@type":"ImageObject","inLanguage":"fr-FR","@id":"https:\/\/mueble4you.com\/fr\/productos\/mueble-tv-madera-170cm\/#primaryimage","url":"https:\/\/mueble4you.com\/wp-content\/uploads\/2024\/09\/1854_1-Copy.jpg","contentUrl":"https:\/\/mueble4you.com\/wp-content\/uploads\/2024\/09\/1854_1-Copy.jpg","width":965,"height":768},{"@type":"BreadcrumbList","@id":"https:\/\/mueble4you.com\/fr\/productos\/mueble-tv-madera-170cm\/#breadcrumb","itemListElement":[{"@type":"ListItem","position":1,"name":"Portada","item":"https:\/\/mueble4you.com\/fr\/"},{"@type":"ListItem","position":2,"name":"Productos","item":"https:\/\/mueble4you.com\/productos\/"},{"@type":"ListItem","position":3,"name":"MEUBLE TV EN BOIS 170CM."}]},{"@type":"WebSite","@id":"https:\/\/mueble4you.com\/#website","url":"https:\/\/mueble4you.com\/","name":"mueble4you","description":"Meubles \u00e0 Tenerife","potentialAction":[{"@type":"SearchAction","target":{"@type":"EntryPoint","urlTemplate":"https:\/\/mueble4you.com\/?s={search_term_string}"},"query-input":{"@type":"PropertyValueSpecification","valueRequired":true,"valueName":"search_term_string"}}],"inLanguage":"fr-FR"}]}},"_links":{"self":[{"href":"https:\/\/mueble4you.com\/fr\/wp-json\/wp\/v2\/product\/76555","targetHints":{"allow":["GET"]}}],"collection":[{"href":"https:\/\/mueble4you.com\/fr\/wp-json\/wp\/v2\/product"}],"about":[{"href":"https:\/\/mueble4you.com\/fr\/wp-json\/wp\/v2\/types\/product"}],"wp:featuredmedia":[{"embeddable":true,"href":"https:\/\/mueble4you.com\/fr\/wp-json\/wp\/v2\/media\/76536"}],"wp:attachment":[{"href":"https:\/\/mueble4you.com\/fr\/wp-json\/wp\/v2\/media?parent=76555"}],"wp:term":[{"taxonomy":"product_brand","embeddable":true,"href":"https:\/\/mueble4you.com\/fr\/wp-json\/wp\/v2\/product_brand?post=76555"},{"taxonomy":"product_cat","embeddable":true,"href":"https:\/\/mueble4you.com\/fr\/wp-json\/wp\/v2\/product_cat?post=76555"},{"taxonomy":"product_tag","embeddable":true,"href":"https:\/\/mueble4you.com\/fr\/wp-json\/wp\/v2\/product_tag?post=76555"}],"curies":[{"name":"wp","href":"https:\/\/api.w.org\/{rel}","templated":true}]}}