{"id":76433,"date":"2024-09-27T13:56:37","date_gmt":"2024-09-27T13:56:37","guid":{"rendered":"https:\/\/mueble4you.com\/productos\/mesa-de-comedor-tapa-blanco-roto-200cmx100\/"},"modified":"2024-09-27T13:56:37","modified_gmt":"2024-09-27T13:56:37","slug":"mesa-de-comedor-tapa-blanco-roto-200cmx100","status":"publish","type":"product","link":"https:\/\/mueble4you.com\/fr\/productos\/mesa-de-comedor-tapa-blanco-roto-200cmx100\/","title":{"rendered":"MESA DE COMEDOR TAPA BLANCO ROTO 200CMX100"},"content":{"rendered":"<p>Mesa rectangular de comedor fabricada en madera de mango con una tapa tallada a mano que a\u00f1ade un toque de distinci\u00f3n y elegancia. Cada detalle de la talla refleja el cuidado y la artesan\u00eda que se ha dedicado a esta pieza \u00fanica.<br \/>\nPara proteger y resaltar la belleza de la talla, esta mesa cuenta con un cristal de 8mm transparente que se coloca sobre la tapa, proporcionando una superficie lisa y f\u00e1cil de limpiar.<\/p>\n<p>\u25cf Alto: 76cm.<\/p>\n<p>\u25cf Largo: 200cm.<\/p>\n<p>\u25cf Ancho: 100cm.<\/p>\n<p>\u25cf Material: Madera de mango y metal.<\/p>\n<p>\u25cf Color: Gris y negro.<\/p>\n","protected":false},"excerpt":{"rendered":"<p>Mesa rectangular de comedor fabricada en madera de mango con una tapa tallada a mano que a\u00f1ade un toque de distinci\u00f3n y elegancia. Cada detalle de la talla refleja el cuidado y la artesan\u00eda que se ha dedicado a esta pieza \u00fanica. Para proteger y resaltar la belleza de la talla, esta mesa cuenta con [&#8230;]\n","protected":false},"featured_media":76414,"template":"","meta":[],"product_brand":[],"product_cat":[199,348],"product_tag":[],"class_list":{"0":"post-76433","1":"product","2":"type-product","3":"status-publish","4":"has-post-thumbnail","6":"product_cat-eaters","7":"product_cat-tables","9":"first","10":"instock","11":"shipping-taxable","12":"product-type-simple"},"yoast_head":"<!-- This site is optimized with the Yoast SEO plugin v27.3 - https:\/\/yoast.com\/product\/yoast-seo-wordpress\/ -->\n<title>MESA DE COMEDOR TAPA BLANCO ROTO 200CMX100 | mueble4you<\/title>\n<meta name=\"robots\" content=\"index, follow, max-snippet:-1, max-image-preview:large, max-video-preview:-1\" \/>\n<link rel=\"canonical\" href=\"https:\/\/mueble4you.com\/fr\/productos\/mesa-de-comedor-tapa-blanco-roto-200cmx100\/\" \/>\n<meta property=\"og:locale\" content=\"fr_FR\" \/>\n<meta property=\"og:type\" content=\"article\" \/>\n<meta property=\"og:title\" content=\"MESA DE COMEDOR TAPA BLANCO ROTO 200CMX100 | mueble4you\" \/>\n<meta property=\"og:description\" content=\"Mesa rectangular de comedor fabricada en madera de mango con una tapa tallada a mano que a\u00f1ade un toque de distinci\u00f3n y elegancia. Cada detalle de la talla refleja el cuidado y la artesan\u00eda que se ha dedicado a esta pieza \u00fanica. Para proteger y resaltar la belleza de la talla, esta mesa cuenta con [...]\" \/>\n<meta property=\"og:url\" content=\"https:\/\/mueble4you.com\/fr\/productos\/mesa-de-comedor-tapa-blanco-roto-200cmx100\/\" \/>\n<meta property=\"og:site_name\" content=\"mueble4you\" \/>\n<meta property=\"og:image\" content=\"https:\/\/mueble4you.com\/wp-content\/uploads\/2024\/09\/1775_1-Copy.jpg\" \/>\n\t<meta property=\"og:image:width\" content=\"765\" \/>\n\t<meta property=\"og:image:height\" content=\"768\" \/>\n\t<meta property=\"og:image:type\" content=\"image\/jpeg\" \/>\n<meta name=\"twitter:card\" content=\"summary_large_image\" \/>\n<script type=\"application\/ld+json\" class=\"yoast-schema-graph\">{\"@context\":\"https:\\\/\\\/schema.org\",\"@graph\":[{\"@type\":\"WebPage\",\"@id\":\"https:\\\/\\\/mueble4you.com\\\/fr\\\/productos\\\/mesa-de-comedor-tapa-blanco-roto-200cmx100\\\/\",\"url\":\"https:\\\/\\\/mueble4you.com\\\/fr\\\/productos\\\/mesa-de-comedor-tapa-blanco-roto-200cmx100\\\/\",\"name\":\"MESA DE COMEDOR TAPA BLANCO ROTO 200CMX100 | mueble4you\",\"isPartOf\":{\"@id\":\"https:\\\/\\\/mueble4you.com\\\/#website\"},\"primaryImageOfPage\":{\"@id\":\"https:\\\/\\\/mueble4you.com\\\/fr\\\/productos\\\/mesa-de-comedor-tapa-blanco-roto-200cmx100\\\/#primaryimage\"},\"image\":{\"@id\":\"https:\\\/\\\/mueble4you.com\\\/fr\\\/productos\\\/mesa-de-comedor-tapa-blanco-roto-200cmx100\\\/#primaryimage\"},\"thumbnailUrl\":\"https:\\\/\\\/mueble4you.com\\\/wp-content\\\/uploads\\\/2024\\\/09\\\/1775_1-Copy.jpg\",\"datePublished\":\"2024-09-27T13:56:37+00:00\",\"breadcrumb\":{\"@id\":\"https:\\\/\\\/mueble4you.com\\\/fr\\\/productos\\\/mesa-de-comedor-tapa-blanco-roto-200cmx100\\\/#breadcrumb\"},\"inLanguage\":\"fr-FR\",\"potentialAction\":[{\"@type\":\"ReadAction\",\"target\":[\"https:\\\/\\\/mueble4you.com\\\/fr\\\/productos\\\/mesa-de-comedor-tapa-blanco-roto-200cmx100\\\/\"]}]},{\"@type\":\"ImageObject\",\"inLanguage\":\"fr-FR\",\"@id\":\"https:\\\/\\\/mueble4you.com\\\/fr\\\/productos\\\/mesa-de-comedor-tapa-blanco-roto-200cmx100\\\/#primaryimage\",\"url\":\"https:\\\/\\\/mueble4you.com\\\/wp-content\\\/uploads\\\/2024\\\/09\\\/1775_1-Copy.jpg\",\"contentUrl\":\"https:\\\/\\\/mueble4you.com\\\/wp-content\\\/uploads\\\/2024\\\/09\\\/1775_1-Copy.jpg\",\"width\":765,\"height\":768},{\"@type\":\"BreadcrumbList\",\"@id\":\"https:\\\/\\\/mueble4you.com\\\/fr\\\/productos\\\/mesa-de-comedor-tapa-blanco-roto-200cmx100\\\/#breadcrumb\",\"itemListElement\":[{\"@type\":\"ListItem\",\"position\":1,\"name\":\"Portada\",\"item\":\"https:\\\/\\\/mueble4you.com\\\/fr\\\/\"},{\"@type\":\"ListItem\",\"position\":2,\"name\":\"Productos\",\"item\":\"https:\\\/\\\/mueble4you.com\\\/productos\\\/\"},{\"@type\":\"ListItem\",\"position\":3,\"name\":\"MESA DE COMEDOR TAPA BLANCO ROTO 200CMX100\"}]},{\"@type\":\"WebSite\",\"@id\":\"https:\\\/\\\/mueble4you.com\\\/#website\",\"url\":\"https:\\\/\\\/mueble4you.com\\\/\",\"name\":\"mueble4you\",\"description\":\"Meubles \u00e0 Tenerife\",\"potentialAction\":[{\"@type\":\"SearchAction\",\"target\":{\"@type\":\"EntryPoint\",\"urlTemplate\":\"https:\\\/\\\/mueble4you.com\\\/?s={search_term_string}\"},\"query-input\":{\"@type\":\"PropertyValueSpecification\",\"valueRequired\":true,\"valueName\":\"search_term_string\"}}],\"inLanguage\":\"fr-FR\"}]}<\/script>\n<!-- \/ Yoast SEO plugin. -->","yoast_head_json":{"title":"MESA DE COMEDOR TAPA BLANCO ROTO 200CMX100 | mueble4you","robots":{"index":"index","follow":"follow","max-snippet":"max-snippet:-1","max-image-preview":"max-image-preview:large","max-video-preview":"max-video-preview:-1"},"canonical":"https:\/\/mueble4you.com\/fr\/productos\/mesa-de-comedor-tapa-blanco-roto-200cmx100\/","og_locale":"fr_FR","og_type":"article","og_title":"MESA DE COMEDOR TAPA BLANCO ROTO 200CMX100 | mueble4you","og_description":"Mesa rectangular de comedor fabricada en madera de mango con una tapa tallada a mano que a\u00f1ade un toque de distinci\u00f3n y elegancia. Cada detalle de la talla refleja el cuidado y la artesan\u00eda que se ha dedicado a esta pieza \u00fanica. Para proteger y resaltar la belleza de la talla, esta mesa cuenta con [...]","og_url":"https:\/\/mueble4you.com\/fr\/productos\/mesa-de-comedor-tapa-blanco-roto-200cmx100\/","og_site_name":"mueble4you","og_image":[{"width":765,"height":768,"url":"https:\/\/mueble4you.com\/wp-content\/uploads\/2024\/09\/1775_1-Copy.jpg","type":"image\/jpeg"}],"twitter_card":"summary_large_image","schema":{"@context":"https:\/\/schema.org","@graph":[{"@type":"WebPage","@id":"https:\/\/mueble4you.com\/fr\/productos\/mesa-de-comedor-tapa-blanco-roto-200cmx100\/","url":"https:\/\/mueble4you.com\/fr\/productos\/mesa-de-comedor-tapa-blanco-roto-200cmx100\/","name":"MESA DE COMEDOR TAPA BLANCO ROTO 200CMX100 | mueble4you","isPartOf":{"@id":"https:\/\/mueble4you.com\/#website"},"primaryImageOfPage":{"@id":"https:\/\/mueble4you.com\/fr\/productos\/mesa-de-comedor-tapa-blanco-roto-200cmx100\/#primaryimage"},"image":{"@id":"https:\/\/mueble4you.com\/fr\/productos\/mesa-de-comedor-tapa-blanco-roto-200cmx100\/#primaryimage"},"thumbnailUrl":"https:\/\/mueble4you.com\/wp-content\/uploads\/2024\/09\/1775_1-Copy.jpg","datePublished":"2024-09-27T13:56:37+00:00","breadcrumb":{"@id":"https:\/\/mueble4you.com\/fr\/productos\/mesa-de-comedor-tapa-blanco-roto-200cmx100\/#breadcrumb"},"inLanguage":"fr-FR","potentialAction":[{"@type":"ReadAction","target":["https:\/\/mueble4you.com\/fr\/productos\/mesa-de-comedor-tapa-blanco-roto-200cmx100\/"]}]},{"@type":"ImageObject","inLanguage":"fr-FR","@id":"https:\/\/mueble4you.com\/fr\/productos\/mesa-de-comedor-tapa-blanco-roto-200cmx100\/#primaryimage","url":"https:\/\/mueble4you.com\/wp-content\/uploads\/2024\/09\/1775_1-Copy.jpg","contentUrl":"https:\/\/mueble4you.com\/wp-content\/uploads\/2024\/09\/1775_1-Copy.jpg","width":765,"height":768},{"@type":"BreadcrumbList","@id":"https:\/\/mueble4you.com\/fr\/productos\/mesa-de-comedor-tapa-blanco-roto-200cmx100\/#breadcrumb","itemListElement":[{"@type":"ListItem","position":1,"name":"Portada","item":"https:\/\/mueble4you.com\/fr\/"},{"@type":"ListItem","position":2,"name":"Productos","item":"https:\/\/mueble4you.com\/productos\/"},{"@type":"ListItem","position":3,"name":"MESA DE COMEDOR TAPA BLANCO ROTO 200CMX100"}]},{"@type":"WebSite","@id":"https:\/\/mueble4you.com\/#website","url":"https:\/\/mueble4you.com\/","name":"mueble4you","description":"Meubles \u00e0 Tenerife","potentialAction":[{"@type":"SearchAction","target":{"@type":"EntryPoint","urlTemplate":"https:\/\/mueble4you.com\/?s={search_term_string}"},"query-input":{"@type":"PropertyValueSpecification","valueRequired":true,"valueName":"search_term_string"}}],"inLanguage":"fr-FR"}]}},"_links":{"self":[{"href":"https:\/\/mueble4you.com\/fr\/wp-json\/wp\/v2\/product\/76433","targetHints":{"allow":["GET"]}}],"collection":[{"href":"https:\/\/mueble4you.com\/fr\/wp-json\/wp\/v2\/product"}],"about":[{"href":"https:\/\/mueble4you.com\/fr\/wp-json\/wp\/v2\/types\/product"}],"wp:featuredmedia":[{"embeddable":true,"href":"https:\/\/mueble4you.com\/fr\/wp-json\/wp\/v2\/media\/76414"}],"wp:attachment":[{"href":"https:\/\/mueble4you.com\/fr\/wp-json\/wp\/v2\/media?parent=76433"}],"wp:term":[{"taxonomy":"product_brand","embeddable":true,"href":"https:\/\/mueble4you.com\/fr\/wp-json\/wp\/v2\/product_brand?post=76433"},{"taxonomy":"product_cat","embeddable":true,"href":"https:\/\/mueble4you.com\/fr\/wp-json\/wp\/v2\/product_cat?post=76433"},{"taxonomy":"product_tag","embeddable":true,"href":"https:\/\/mueble4you.com\/fr\/wp-json\/wp\/v2\/product_tag?post=76433"}],"curies":[{"name":"wp","href":"https:\/\/api.w.org\/{rel}","templated":true}]}}