{"id":76098,"date":"2024-09-26T15:23:14","date_gmt":"2024-09-26T15:23:14","guid":{"rendered":"https:\/\/mueble4you.com\/productos\/mesa-de-centro-42x65x63cm\/"},"modified":"2024-10-16T14:23:43","modified_gmt":"2024-10-16T14:23:43","slug":"mesa-de-centro-42x65x63cm","status":"publish","type":"product","link":"https:\/\/mueble4you.com\/fr\/productos\/mesa-de-centro-42x65x63cm\/","title":{"rendered":"MESA DE CENTRO 42x65x63cm."},"content":{"rendered":"<p>Esta mesa de centro combina materiales naturales. La base est\u00e1 elaborada en metal, proporcionando estabilidad y un soporte robusto para la mesa.<br \/>\nLa tapa de la mesa es una secci\u00f3n aut\u00e9ntica del tronco de acacia, lo que le confiere una belleza \u00fanica y una textura natural. Cada secci\u00f3n de tronco de acacia es distinta, mostrando las vetas, nudos y caracter\u00edsticas propias de la madera, lo que convierte a cada mesa en una pieza \u00fanica en s\u00ed misma. La medida de la tapa puede variar ligeramente, lo que a\u00f1ade un encanto adicional y personalizado a cada mesa.<\/p>\n<p>\u25cf Alto: 42cm.<\/p>\n<p>\u25cf Largo: 65cm.<\/p>\n<p>\u25cf Ancho: 63cm.<\/p>\n<p>\u25cf Material: Madera de mango y metal.<\/p>\n<p>\u25cf Color: Natural y negro.<\/p>\n<p>\u25cf Peso: 42 kg.<\/p>\n","protected":false},"excerpt":{"rendered":"<p>Esta mesa de centro combina materiales naturales. La base est\u00e1 elaborada en metal, proporcionando estabilidad y un soporte robusto para la mesa. La tapa de la mesa es una secci\u00f3n aut\u00e9ntica del tronco de acacia, lo que le confiere una belleza \u00fanica y una textura natural. Cada secci\u00f3n de tronco de acacia es distinta, mostrando [&#8230;]\n","protected":false},"featured_media":76084,"template":"","meta":[],"product_brand":[],"product_cat":[204,356,459],"product_tag":[],"class_list":{"0":"post-76098","1":"product","2":"type-product","3":"status-publish","4":"has-post-thumbnail","6":"product_cat-salon","7":"product_cat-table-basse","8":"product_cat-table-dangle-ou-dappoint","10":"first","11":"instock","12":"shipping-taxable","13":"product-type-simple"},"yoast_head":"<!-- This site is optimized with the Yoast SEO plugin v27.2 - https:\/\/yoast.com\/product\/yoast-seo-wordpress\/ -->\n<title>MESA DE CENTRO 42x65x63cm. | mueble4you<\/title>\n<meta name=\"robots\" content=\"index, follow, max-snippet:-1, max-image-preview:large, max-video-preview:-1\" \/>\n<link rel=\"canonical\" href=\"https:\/\/mueble4you.com\/fr\/productos\/mesa-de-centro-42x65x63cm\/\" \/>\n<meta property=\"og:locale\" content=\"fr_FR\" \/>\n<meta property=\"og:type\" content=\"article\" \/>\n<meta property=\"og:title\" content=\"MESA DE CENTRO 42x65x63cm. | mueble4you\" \/>\n<meta property=\"og:description\" content=\"Esta mesa de centro combina materiales naturales. La base est\u00e1 elaborada en metal, proporcionando estabilidad y un soporte robusto para la mesa. La tapa de la mesa es una secci\u00f3n aut\u00e9ntica del tronco de acacia, lo que le confiere una belleza \u00fanica y una textura natural. Cada secci\u00f3n de tronco de acacia es distinta, mostrando [...]\" \/>\n<meta property=\"og:url\" content=\"https:\/\/mueble4you.com\/fr\/productos\/mesa-de-centro-42x65x63cm\/\" \/>\n<meta property=\"og:site_name\" content=\"mueble4you\" \/>\n<meta property=\"article:modified_time\" content=\"2024-10-16T14:23:43+00:00\" \/>\n<meta property=\"og:image\" content=\"https:\/\/mueble4you.com\/wp-content\/uploads\/2024\/09\/1843_2-Copy.jpg\" \/>\n\t<meta property=\"og:image:width\" content=\"864\" \/>\n\t<meta property=\"og:image:height\" content=\"768\" \/>\n\t<meta property=\"og:image:type\" content=\"image\/jpeg\" \/>\n<meta name=\"twitter:card\" content=\"summary_large_image\" \/>\n<meta name=\"twitter:label1\" content=\"Dur\u00e9e de lecture estim\u00e9e\" \/>\n\t<meta name=\"twitter:data1\" content=\"1 minute\" \/>\n<script type=\"application\/ld+json\" class=\"yoast-schema-graph\">{\"@context\":\"https:\/\/schema.org\",\"@graph\":[{\"@type\":\"WebPage\",\"@id\":\"https:\/\/mueble4you.com\/fr\/productos\/mesa-de-centro-42x65x63cm\/\",\"url\":\"https:\/\/mueble4you.com\/fr\/productos\/mesa-de-centro-42x65x63cm\/\",\"name\":\"MESA DE CENTRO 42x65x63cm. | mueble4you\",\"isPartOf\":{\"@id\":\"https:\/\/mueble4you.com\/#website\"},\"primaryImageOfPage\":{\"@id\":\"https:\/\/mueble4you.com\/fr\/productos\/mesa-de-centro-42x65x63cm\/#primaryimage\"},\"image\":{\"@id\":\"https:\/\/mueble4you.com\/fr\/productos\/mesa-de-centro-42x65x63cm\/#primaryimage\"},\"thumbnailUrl\":\"https:\/\/mueble4you.com\/wp-content\/uploads\/2024\/09\/1843_2-Copy.jpg\",\"datePublished\":\"2024-09-26T15:23:14+00:00\",\"dateModified\":\"2024-10-16T14:23:43+00:00\",\"breadcrumb\":{\"@id\":\"https:\/\/mueble4you.com\/fr\/productos\/mesa-de-centro-42x65x63cm\/#breadcrumb\"},\"inLanguage\":\"fr-FR\",\"potentialAction\":[{\"@type\":\"ReadAction\",\"target\":[\"https:\/\/mueble4you.com\/fr\/productos\/mesa-de-centro-42x65x63cm\/\"]}]},{\"@type\":\"ImageObject\",\"inLanguage\":\"fr-FR\",\"@id\":\"https:\/\/mueble4you.com\/fr\/productos\/mesa-de-centro-42x65x63cm\/#primaryimage\",\"url\":\"https:\/\/mueble4you.com\/wp-content\/uploads\/2024\/09\/1843_2-Copy.jpg\",\"contentUrl\":\"https:\/\/mueble4you.com\/wp-content\/uploads\/2024\/09\/1843_2-Copy.jpg\",\"width\":864,\"height\":768},{\"@type\":\"BreadcrumbList\",\"@id\":\"https:\/\/mueble4you.com\/fr\/productos\/mesa-de-centro-42x65x63cm\/#breadcrumb\",\"itemListElement\":[{\"@type\":\"ListItem\",\"position\":1,\"name\":\"Portada\",\"item\":\"https:\/\/mueble4you.com\/fr\/\"},{\"@type\":\"ListItem\",\"position\":2,\"name\":\"Productos\",\"item\":\"https:\/\/mueble4you.com\/productos\/\"},{\"@type\":\"ListItem\",\"position\":3,\"name\":\"MESA DE CENTRO 42x65x63cm.\"}]},{\"@type\":\"WebSite\",\"@id\":\"https:\/\/mueble4you.com\/#website\",\"url\":\"https:\/\/mueble4you.com\/\",\"name\":\"mueble4you\",\"description\":\"Meubles \u00e0 Tenerife\",\"potentialAction\":[{\"@type\":\"SearchAction\",\"target\":{\"@type\":\"EntryPoint\",\"urlTemplate\":\"https:\/\/mueble4you.com\/?s={search_term_string}\"},\"query-input\":{\"@type\":\"PropertyValueSpecification\",\"valueRequired\":true,\"valueName\":\"search_term_string\"}}],\"inLanguage\":\"fr-FR\"}]}<\/script>\n<!-- \/ Yoast SEO plugin. -->","yoast_head_json":{"title":"MESA DE CENTRO 42x65x63cm. | mueble4you","robots":{"index":"index","follow":"follow","max-snippet":"max-snippet:-1","max-image-preview":"max-image-preview:large","max-video-preview":"max-video-preview:-1"},"canonical":"https:\/\/mueble4you.com\/fr\/productos\/mesa-de-centro-42x65x63cm\/","og_locale":"fr_FR","og_type":"article","og_title":"MESA DE CENTRO 42x65x63cm. | mueble4you","og_description":"Esta mesa de centro combina materiales naturales. La base est\u00e1 elaborada en metal, proporcionando estabilidad y un soporte robusto para la mesa. La tapa de la mesa es una secci\u00f3n aut\u00e9ntica del tronco de acacia, lo que le confiere una belleza \u00fanica y una textura natural. Cada secci\u00f3n de tronco de acacia es distinta, mostrando [...]","og_url":"https:\/\/mueble4you.com\/fr\/productos\/mesa-de-centro-42x65x63cm\/","og_site_name":"mueble4you","article_modified_time":"2024-10-16T14:23:43+00:00","og_image":[{"width":864,"height":768,"url":"https:\/\/mueble4you.com\/wp-content\/uploads\/2024\/09\/1843_2-Copy.jpg","type":"image\/jpeg"}],"twitter_card":"summary_large_image","twitter_misc":{"Dur\u00e9e de lecture estim\u00e9e":"1 minute"},"schema":{"@context":"https:\/\/schema.org","@graph":[{"@type":"WebPage","@id":"https:\/\/mueble4you.com\/fr\/productos\/mesa-de-centro-42x65x63cm\/","url":"https:\/\/mueble4you.com\/fr\/productos\/mesa-de-centro-42x65x63cm\/","name":"MESA DE CENTRO 42x65x63cm. | mueble4you","isPartOf":{"@id":"https:\/\/mueble4you.com\/#website"},"primaryImageOfPage":{"@id":"https:\/\/mueble4you.com\/fr\/productos\/mesa-de-centro-42x65x63cm\/#primaryimage"},"image":{"@id":"https:\/\/mueble4you.com\/fr\/productos\/mesa-de-centro-42x65x63cm\/#primaryimage"},"thumbnailUrl":"https:\/\/mueble4you.com\/wp-content\/uploads\/2024\/09\/1843_2-Copy.jpg","datePublished":"2024-09-26T15:23:14+00:00","dateModified":"2024-10-16T14:23:43+00:00","breadcrumb":{"@id":"https:\/\/mueble4you.com\/fr\/productos\/mesa-de-centro-42x65x63cm\/#breadcrumb"},"inLanguage":"fr-FR","potentialAction":[{"@type":"ReadAction","target":["https:\/\/mueble4you.com\/fr\/productos\/mesa-de-centro-42x65x63cm\/"]}]},{"@type":"ImageObject","inLanguage":"fr-FR","@id":"https:\/\/mueble4you.com\/fr\/productos\/mesa-de-centro-42x65x63cm\/#primaryimage","url":"https:\/\/mueble4you.com\/wp-content\/uploads\/2024\/09\/1843_2-Copy.jpg","contentUrl":"https:\/\/mueble4you.com\/wp-content\/uploads\/2024\/09\/1843_2-Copy.jpg","width":864,"height":768},{"@type":"BreadcrumbList","@id":"https:\/\/mueble4you.com\/fr\/productos\/mesa-de-centro-42x65x63cm\/#breadcrumb","itemListElement":[{"@type":"ListItem","position":1,"name":"Portada","item":"https:\/\/mueble4you.com\/fr\/"},{"@type":"ListItem","position":2,"name":"Productos","item":"https:\/\/mueble4you.com\/productos\/"},{"@type":"ListItem","position":3,"name":"MESA DE CENTRO 42x65x63cm."}]},{"@type":"WebSite","@id":"https:\/\/mueble4you.com\/#website","url":"https:\/\/mueble4you.com\/","name":"mueble4you","description":"Meubles \u00e0 Tenerife","potentialAction":[{"@type":"SearchAction","target":{"@type":"EntryPoint","urlTemplate":"https:\/\/mueble4you.com\/?s={search_term_string}"},"query-input":{"@type":"PropertyValueSpecification","valueRequired":true,"valueName":"search_term_string"}}],"inLanguage":"fr-FR"}]}},"_links":{"self":[{"href":"https:\/\/mueble4you.com\/fr\/wp-json\/wp\/v2\/product\/76098","targetHints":{"allow":["GET"]}}],"collection":[{"href":"https:\/\/mueble4you.com\/fr\/wp-json\/wp\/v2\/product"}],"about":[{"href":"https:\/\/mueble4you.com\/fr\/wp-json\/wp\/v2\/types\/product"}],"wp:featuredmedia":[{"embeddable":true,"href":"https:\/\/mueble4you.com\/fr\/wp-json\/wp\/v2\/media\/76084"}],"wp:attachment":[{"href":"https:\/\/mueble4you.com\/fr\/wp-json\/wp\/v2\/media?parent=76098"}],"wp:term":[{"taxonomy":"product_brand","embeddable":true,"href":"https:\/\/mueble4you.com\/fr\/wp-json\/wp\/v2\/product_brand?post=76098"},{"taxonomy":"product_cat","embeddable":true,"href":"https:\/\/mueble4you.com\/fr\/wp-json\/wp\/v2\/product_cat?post=76098"},{"taxonomy":"product_tag","embeddable":true,"href":"https:\/\/mueble4you.com\/fr\/wp-json\/wp\/v2\/product_tag?post=76098"}],"curies":[{"name":"wp","href":"https:\/\/api.w.org\/{rel}","templated":true}]}}