{"id":75464,"date":"2024-08-09T12:18:13","date_gmt":"2024-08-09T12:18:13","guid":{"rendered":"https:\/\/mueble4you.com\/productos\/comoda-brixton\/"},"modified":"2024-08-12T09:51:28","modified_gmt":"2024-08-12T09:51:28","slug":"comoda-brixton","status":"publish","type":"product","link":"https:\/\/mueble4you.com\/fr\/productos\/comoda-brixton\/","title":{"rendered":"COMMODE BRIXTON."},"content":{"rendered":"<ul>\n<li id=\"tw-target-text\" class=\"tw-data-text tw-text-large tw-ta\" dir=\"ltr\" data-placeholder=\"Traducci\u00f3n\" aria-label=\"Texto traducido\" data-ved=\"2ahUKEwiOl82Bk--HAxUT1QIHHYWlJAoQ3ewLegQIEhAU\"><span class=\"Y2IQFc\" lang=\"fr\">Infusez votre espace avec l&rsquo;\u00e9l\u00e9gance de la commode Brixton.<\/span><\/li>\n<li class=\"tw-data-text tw-text-large tw-ta\" dir=\"ltr\" data-placeholder=\"Traducci\u00f3n\" aria-label=\"Texto traducido\" data-ved=\"2ahUKEwiOl82Bk--HAxUT1QIHHYWlJAoQ3ewLegQIEhAU\"><span class=\"Y2IQFc\" lang=\"fr\"> Fabriqu\u00e9e en bois d&rsquo;orme, cette commode de 137x53x80 cm est une d\u00e9claration de style et de sophistication. <\/span><\/li>\n<li class=\"tw-data-text tw-text-large tw-ta\" dir=\"ltr\" data-placeholder=\"Traducci\u00f3n\" aria-label=\"Texto traducido\" data-ved=\"2ahUKEwiOl82Bk--HAxUT1QIHHYWlJAoQ3ewLegQIEhAU\"><span class=\"Y2IQFc\" lang=\"fr\">Sa finition naturelle r\u00e9v\u00e8le la beaut\u00e9 intrins\u00e8que du bois. <\/span><\/li>\n<li class=\"tw-data-text tw-text-large tw-ta\" dir=\"ltr\" data-placeholder=\"Traducci\u00f3n\" aria-label=\"Texto traducido\" data-ved=\"2ahUKEwiOl82Bk--HAxUT1QIHHYWlJAoQ3ewLegQIEhAU\"><span class=\"Y2IQFc\" lang=\"fr\">Brixton est id\u00e9al pour ceux qui cherchent \u00e0 allier tradition avec une touche de modernit\u00e9. <\/span><\/li>\n<li class=\"tw-data-text tw-text-large tw-ta\" dir=\"ltr\" data-placeholder=\"Traducci\u00f3n\" aria-label=\"Texto traducido\" data-ved=\"2ahUKEwiOl82Bk--HAxUT1QIHHYWlJAoQ3ewLegQIEhAU\"><span class=\"Y2IQFc\" lang=\"fr\">Laissez-vous s\u00e9duire par l&rsquo;\u00e9l\u00e9gante commode en bois Brixton.<\/span><\/li>\n<li class=\"tw-data-text tw-text-large tw-ta\" dir=\"ltr\" data-placeholder=\"Traducci\u00f3n\" aria-label=\"Texto traducido\" data-ved=\"2ahUKEwiOl82Bk--HAxUT1QIHHYWlJAoQ3ewLegQIEhAU\"><span class=\"Y2IQFc\" lang=\"fr\">Largeur : 137 cm, Profondeur : 53 cm, Hauteur : 80 cm<\/span><\/li>\n<\/ul>\n","protected":false},"excerpt":{"rendered":"<p>Infusez votre espace avec l&rsquo;\u00e9l\u00e9gance de la commode Brixton. Fabriqu\u00e9e en bois d&rsquo;orme, cette commode de 137x53x80 cm est une d\u00e9claration de style et de sophistication. Sa finition naturelle r\u00e9v\u00e8le la beaut\u00e9 intrins\u00e8que du bois. Brixton est id\u00e9al pour ceux qui cherchent \u00e0 allier tradition avec une touche de modernit\u00e9. Laissez-vous s\u00e9duire par l&rsquo;\u00e9l\u00e9gante commode [&#8230;]\n","protected":false},"featured_media":75450,"template":"","meta":[],"product_brand":[],"product_cat":[201,570],"product_tag":[],"class_list":{"0":"post-75464","1":"product","2":"type-product","3":"status-publish","4":"has-post-thumbnail","6":"product_cat-dortoirs","7":"product_cat-commode","9":"first","10":"instock","11":"shipping-taxable","12":"product-type-simple"},"yoast_head":"<!-- This site is optimized with the Yoast SEO plugin v27.2 - https:\/\/yoast.com\/product\/yoast-seo-wordpress\/ -->\n<title>COMMODE BRIXTON. | mueble4you<\/title>\n<meta name=\"robots\" content=\"index, follow, max-snippet:-1, max-image-preview:large, max-video-preview:-1\" \/>\n<link rel=\"canonical\" href=\"https:\/\/mueble4you.com\/fr\/productos\/comoda-brixton\/\" \/>\n<meta property=\"og:locale\" content=\"fr_FR\" \/>\n<meta property=\"og:type\" content=\"article\" \/>\n<meta property=\"og:title\" content=\"COMMODE BRIXTON. | mueble4you\" \/>\n<meta property=\"og:description\" content=\"Infusez votre espace avec l&rsquo;\u00e9l\u00e9gance de la commode Brixton. Fabriqu\u00e9e en bois d&rsquo;orme, cette commode de 137x53x80 cm est une d\u00e9claration de style et de sophistication. Sa finition naturelle r\u00e9v\u00e8le la beaut\u00e9 intrins\u00e8que du bois. Brixton est id\u00e9al pour ceux qui cherchent \u00e0 allier tradition avec une touche de modernit\u00e9. Laissez-vous s\u00e9duire par l&rsquo;\u00e9l\u00e9gante commode [...]\" \/>\n<meta property=\"og:url\" content=\"https:\/\/mueble4you.com\/fr\/productos\/comoda-brixton\/\" \/>\n<meta property=\"og:site_name\" content=\"mueble4you\" \/>\n<meta property=\"article:modified_time\" content=\"2024-08-12T09:51:28+00:00\" \/>\n<meta property=\"og:image\" content=\"https:\/\/mueble4you.com\/wp-content\/uploads\/2024\/08\/33139.jpg\" \/>\n\t<meta property=\"og:image:width\" content=\"1920\" \/>\n\t<meta property=\"og:image:height\" content=\"1920\" \/>\n\t<meta property=\"og:image:type\" content=\"image\/jpeg\" \/>\n<meta name=\"twitter:card\" content=\"summary_large_image\" \/>\n<script type=\"application\/ld+json\" class=\"yoast-schema-graph\">{\"@context\":\"https:\/\/schema.org\",\"@graph\":[{\"@type\":\"WebPage\",\"@id\":\"https:\/\/mueble4you.com\/fr\/productos\/comoda-brixton\/\",\"url\":\"https:\/\/mueble4you.com\/fr\/productos\/comoda-brixton\/\",\"name\":\"COMMODE BRIXTON. | mueble4you\",\"isPartOf\":{\"@id\":\"https:\/\/mueble4you.com\/#website\"},\"primaryImageOfPage\":{\"@id\":\"https:\/\/mueble4you.com\/fr\/productos\/comoda-brixton\/#primaryimage\"},\"image\":{\"@id\":\"https:\/\/mueble4you.com\/fr\/productos\/comoda-brixton\/#primaryimage\"},\"thumbnailUrl\":\"https:\/\/mueble4you.com\/wp-content\/uploads\/2024\/08\/33139.jpg\",\"datePublished\":\"2024-08-09T12:18:13+00:00\",\"dateModified\":\"2024-08-12T09:51:28+00:00\",\"breadcrumb\":{\"@id\":\"https:\/\/mueble4you.com\/fr\/productos\/comoda-brixton\/#breadcrumb\"},\"inLanguage\":\"fr-FR\",\"potentialAction\":[{\"@type\":\"ReadAction\",\"target\":[\"https:\/\/mueble4you.com\/fr\/productos\/comoda-brixton\/\"]}]},{\"@type\":\"ImageObject\",\"inLanguage\":\"fr-FR\",\"@id\":\"https:\/\/mueble4you.com\/fr\/productos\/comoda-brixton\/#primaryimage\",\"url\":\"https:\/\/mueble4you.com\/wp-content\/uploads\/2024\/08\/33139.jpg\",\"contentUrl\":\"https:\/\/mueble4you.com\/wp-content\/uploads\/2024\/08\/33139.jpg\",\"width\":1920,\"height\":1920},{\"@type\":\"BreadcrumbList\",\"@id\":\"https:\/\/mueble4you.com\/fr\/productos\/comoda-brixton\/#breadcrumb\",\"itemListElement\":[{\"@type\":\"ListItem\",\"position\":1,\"name\":\"Portada\",\"item\":\"https:\/\/mueble4you.com\/fr\/\"},{\"@type\":\"ListItem\",\"position\":2,\"name\":\"Productos\",\"item\":\"https:\/\/mueble4you.com\/productos\/\"},{\"@type\":\"ListItem\",\"position\":3,\"name\":\"COMMODE BRIXTON.\"}]},{\"@type\":\"WebSite\",\"@id\":\"https:\/\/mueble4you.com\/#website\",\"url\":\"https:\/\/mueble4you.com\/\",\"name\":\"mueble4you\",\"description\":\"Meubles \u00e0 Tenerife\",\"potentialAction\":[{\"@type\":\"SearchAction\",\"target\":{\"@type\":\"EntryPoint\",\"urlTemplate\":\"https:\/\/mueble4you.com\/?s={search_term_string}\"},\"query-input\":{\"@type\":\"PropertyValueSpecification\",\"valueRequired\":true,\"valueName\":\"search_term_string\"}}],\"inLanguage\":\"fr-FR\"}]}<\/script>\n<!-- \/ Yoast SEO plugin. -->","yoast_head_json":{"title":"COMMODE BRIXTON. | mueble4you","robots":{"index":"index","follow":"follow","max-snippet":"max-snippet:-1","max-image-preview":"max-image-preview:large","max-video-preview":"max-video-preview:-1"},"canonical":"https:\/\/mueble4you.com\/fr\/productos\/comoda-brixton\/","og_locale":"fr_FR","og_type":"article","og_title":"COMMODE BRIXTON. | mueble4you","og_description":"Infusez votre espace avec l&rsquo;\u00e9l\u00e9gance de la commode Brixton. Fabriqu\u00e9e en bois d&rsquo;orme, cette commode de 137x53x80 cm est une d\u00e9claration de style et de sophistication. Sa finition naturelle r\u00e9v\u00e8le la beaut\u00e9 intrins\u00e8que du bois. Brixton est id\u00e9al pour ceux qui cherchent \u00e0 allier tradition avec une touche de modernit\u00e9. Laissez-vous s\u00e9duire par l&rsquo;\u00e9l\u00e9gante commode [...]","og_url":"https:\/\/mueble4you.com\/fr\/productos\/comoda-brixton\/","og_site_name":"mueble4you","article_modified_time":"2024-08-12T09:51:28+00:00","og_image":[{"width":1920,"height":1920,"url":"https:\/\/mueble4you.com\/wp-content\/uploads\/2024\/08\/33139.jpg","type":"image\/jpeg"}],"twitter_card":"summary_large_image","schema":{"@context":"https:\/\/schema.org","@graph":[{"@type":"WebPage","@id":"https:\/\/mueble4you.com\/fr\/productos\/comoda-brixton\/","url":"https:\/\/mueble4you.com\/fr\/productos\/comoda-brixton\/","name":"COMMODE BRIXTON. | mueble4you","isPartOf":{"@id":"https:\/\/mueble4you.com\/#website"},"primaryImageOfPage":{"@id":"https:\/\/mueble4you.com\/fr\/productos\/comoda-brixton\/#primaryimage"},"image":{"@id":"https:\/\/mueble4you.com\/fr\/productos\/comoda-brixton\/#primaryimage"},"thumbnailUrl":"https:\/\/mueble4you.com\/wp-content\/uploads\/2024\/08\/33139.jpg","datePublished":"2024-08-09T12:18:13+00:00","dateModified":"2024-08-12T09:51:28+00:00","breadcrumb":{"@id":"https:\/\/mueble4you.com\/fr\/productos\/comoda-brixton\/#breadcrumb"},"inLanguage":"fr-FR","potentialAction":[{"@type":"ReadAction","target":["https:\/\/mueble4you.com\/fr\/productos\/comoda-brixton\/"]}]},{"@type":"ImageObject","inLanguage":"fr-FR","@id":"https:\/\/mueble4you.com\/fr\/productos\/comoda-brixton\/#primaryimage","url":"https:\/\/mueble4you.com\/wp-content\/uploads\/2024\/08\/33139.jpg","contentUrl":"https:\/\/mueble4you.com\/wp-content\/uploads\/2024\/08\/33139.jpg","width":1920,"height":1920},{"@type":"BreadcrumbList","@id":"https:\/\/mueble4you.com\/fr\/productos\/comoda-brixton\/#breadcrumb","itemListElement":[{"@type":"ListItem","position":1,"name":"Portada","item":"https:\/\/mueble4you.com\/fr\/"},{"@type":"ListItem","position":2,"name":"Productos","item":"https:\/\/mueble4you.com\/productos\/"},{"@type":"ListItem","position":3,"name":"COMMODE BRIXTON."}]},{"@type":"WebSite","@id":"https:\/\/mueble4you.com\/#website","url":"https:\/\/mueble4you.com\/","name":"mueble4you","description":"Meubles \u00e0 Tenerife","potentialAction":[{"@type":"SearchAction","target":{"@type":"EntryPoint","urlTemplate":"https:\/\/mueble4you.com\/?s={search_term_string}"},"query-input":{"@type":"PropertyValueSpecification","valueRequired":true,"valueName":"search_term_string"}}],"inLanguage":"fr-FR"}]}},"_links":{"self":[{"href":"https:\/\/mueble4you.com\/fr\/wp-json\/wp\/v2\/product\/75464","targetHints":{"allow":["GET"]}}],"collection":[{"href":"https:\/\/mueble4you.com\/fr\/wp-json\/wp\/v2\/product"}],"about":[{"href":"https:\/\/mueble4you.com\/fr\/wp-json\/wp\/v2\/types\/product"}],"wp:featuredmedia":[{"embeddable":true,"href":"https:\/\/mueble4you.com\/fr\/wp-json\/wp\/v2\/media\/75450"}],"wp:attachment":[{"href":"https:\/\/mueble4you.com\/fr\/wp-json\/wp\/v2\/media?parent=75464"}],"wp:term":[{"taxonomy":"product_brand","embeddable":true,"href":"https:\/\/mueble4you.com\/fr\/wp-json\/wp\/v2\/product_brand?post=75464"},{"taxonomy":"product_cat","embeddable":true,"href":"https:\/\/mueble4you.com\/fr\/wp-json\/wp\/v2\/product_cat?post=75464"},{"taxonomy":"product_tag","embeddable":true,"href":"https:\/\/mueble4you.com\/fr\/wp-json\/wp\/v2\/product_tag?post=75464"}],"curies":[{"name":"wp","href":"https:\/\/api.w.org\/{rel}","templated":true}]}}