{"id":75443,"date":"2024-08-09T12:12:44","date_gmt":"2024-08-09T12:12:44","guid":{"rendered":"https:\/\/mueble4you.com\/productos\/mesita-de-noche-weyer-2\/"},"modified":"2024-08-12T10:36:12","modified_gmt":"2024-08-12T10:36:12","slug":"mesita-de-noche-weyer-2","status":"publish","type":"product","link":"https:\/\/mueble4you.com\/fr\/productos\/mesita-de-noche-weyer-2\/","title":{"rendered":"TABLE DE NUIT WEYER."},"content":{"rendered":"<ul>\n<li id=\"tw-target-text\" class=\"tw-data-text tw-text-large tw-ta\" dir=\"ltr\" data-placeholder=\"Traducci\u00f3n\" aria-label=\"Texto traducido\" data-ved=\"2ahUKEwiOl82Bk--HAxUT1QIHHYWlJAoQ3ewLegQIEhAU\"><span class=\"Y2IQFc\" lang=\"fr\">La table basse Weyer est le reflet d&rsquo;un savoir-faire de qualit\u00e9 et d&rsquo;un design simple. <\/span><\/li>\n<li class=\"tw-data-text tw-text-large tw-ta\" dir=\"ltr\" data-placeholder=\"Traducci\u00f3n\" aria-label=\"Texto traducido\" data-ved=\"2ahUKEwiOl82Bk--HAxUT1QIHHYWlJAoQ3ewLegQIEhAU\"><span class=\"Y2IQFc\" lang=\"fr\">Fabriqu\u00e9 en bois de manguier au ton naturel et soutenu par du fer, ses 50x40x68cm sont id\u00e9aux pour n&rsquo;importe quel espace. <\/span><\/li>\n<li class=\"tw-data-text tw-text-large tw-ta\" dir=\"ltr\" data-placeholder=\"Traducci\u00f3n\" aria-label=\"Texto traducido\" data-ved=\"2ahUKEwiOl82Bk--HAxUT1QIHHYWlJAoQ3ewLegQIEhAU\"><span class=\"Y2IQFc\" lang=\"fr\">La pr\u00e9sence d&rsquo;une table de chevet avec tiroirs procure une atmosph\u00e8re de calme et de simplicit\u00e9, tout en satisfaisant tous vos besoins de rangement.<\/span><\/li>\n<li class=\"tw-data-text tw-text-large tw-ta\" dir=\"ltr\" data-placeholder=\"Traducci\u00f3n\" aria-label=\"Texto traducido\" data-ved=\"2ahUKEwiOl82Bk--HAxUT1QIHHYWlJAoQ3ewLegQIEhAU\"><span class=\"Y2IQFc\" lang=\"fr\">Largeur : 50 cm, Profondeur : 40 cm, Hauteur : 68 cm<\/span><\/li>\n<\/ul>\n","protected":false},"excerpt":{"rendered":"<p>La table basse Weyer est le reflet d&rsquo;un savoir-faire de qualit\u00e9 et d&rsquo;un design simple. Fabriqu\u00e9 en bois de manguier au ton naturel et soutenu par du fer, ses 50x40x68cm sont id\u00e9aux pour n&rsquo;importe quel espace. La pr\u00e9sence d&rsquo;une table de chevet avec tiroirs procure une atmosph\u00e8re de calme et de simplicit\u00e9, tout en satisfaisant [&#8230;]\n","protected":false},"featured_media":75429,"template":"","meta":[],"product_brand":[],"product_cat":[201,565],"product_tag":[],"class_list":{"0":"post-75443","1":"product","2":"type-product","3":"status-publish","4":"has-post-thumbnail","6":"product_cat-dortoirs","7":"product_cat-tables-de-nuit","9":"first","10":"instock","11":"shipping-taxable","12":"product-type-simple"},"yoast_head":"<!-- This site is optimized with the Yoast SEO plugin v27.2 - https:\/\/yoast.com\/product\/yoast-seo-wordpress\/ -->\n<title>TABLE DE NUIT WEYER. | mueble4you<\/title>\n<meta name=\"robots\" content=\"index, follow, max-snippet:-1, max-image-preview:large, max-video-preview:-1\" \/>\n<link rel=\"canonical\" href=\"https:\/\/mueble4you.com\/fr\/productos\/mesita-de-noche-weyer-2\/\" \/>\n<meta property=\"og:locale\" content=\"fr_FR\" \/>\n<meta property=\"og:type\" content=\"article\" \/>\n<meta property=\"og:title\" content=\"TABLE DE NUIT WEYER. | mueble4you\" \/>\n<meta property=\"og:description\" content=\"La table basse Weyer est le reflet d&rsquo;un savoir-faire de qualit\u00e9 et d&rsquo;un design simple. Fabriqu\u00e9 en bois de manguier au ton naturel et soutenu par du fer, ses 50x40x68cm sont id\u00e9aux pour n&rsquo;importe quel espace. La pr\u00e9sence d&rsquo;une table de chevet avec tiroirs procure une atmosph\u00e8re de calme et de simplicit\u00e9, tout en satisfaisant [...]\" \/>\n<meta property=\"og:url\" content=\"https:\/\/mueble4you.com\/fr\/productos\/mesita-de-noche-weyer-2\/\" \/>\n<meta property=\"og:site_name\" content=\"mueble4you\" \/>\n<meta property=\"article:modified_time\" content=\"2024-08-12T10:36:12+00:00\" \/>\n<meta property=\"og:image\" content=\"https:\/\/mueble4you.com\/wp-content\/uploads\/2024\/08\/32804.jpg\" \/>\n\t<meta property=\"og:image:width\" content=\"1920\" \/>\n\t<meta property=\"og:image:height\" content=\"1920\" \/>\n\t<meta property=\"og:image:type\" content=\"image\/jpeg\" \/>\n<meta name=\"twitter:card\" content=\"summary_large_image\" \/>\n<script type=\"application\/ld+json\" class=\"yoast-schema-graph\">{\"@context\":\"https:\/\/schema.org\",\"@graph\":[{\"@type\":\"WebPage\",\"@id\":\"https:\/\/mueble4you.com\/fr\/productos\/mesita-de-noche-weyer-2\/\",\"url\":\"https:\/\/mueble4you.com\/fr\/productos\/mesita-de-noche-weyer-2\/\",\"name\":\"TABLE DE NUIT WEYER. | mueble4you\",\"isPartOf\":{\"@id\":\"https:\/\/mueble4you.com\/#website\"},\"primaryImageOfPage\":{\"@id\":\"https:\/\/mueble4you.com\/fr\/productos\/mesita-de-noche-weyer-2\/#primaryimage\"},\"image\":{\"@id\":\"https:\/\/mueble4you.com\/fr\/productos\/mesita-de-noche-weyer-2\/#primaryimage\"},\"thumbnailUrl\":\"https:\/\/mueble4you.com\/wp-content\/uploads\/2024\/08\/32804.jpg\",\"datePublished\":\"2024-08-09T12:12:44+00:00\",\"dateModified\":\"2024-08-12T10:36:12+00:00\",\"breadcrumb\":{\"@id\":\"https:\/\/mueble4you.com\/fr\/productos\/mesita-de-noche-weyer-2\/#breadcrumb\"},\"inLanguage\":\"fr-FR\",\"potentialAction\":[{\"@type\":\"ReadAction\",\"target\":[\"https:\/\/mueble4you.com\/fr\/productos\/mesita-de-noche-weyer-2\/\"]}]},{\"@type\":\"ImageObject\",\"inLanguage\":\"fr-FR\",\"@id\":\"https:\/\/mueble4you.com\/fr\/productos\/mesita-de-noche-weyer-2\/#primaryimage\",\"url\":\"https:\/\/mueble4you.com\/wp-content\/uploads\/2024\/08\/32804.jpg\",\"contentUrl\":\"https:\/\/mueble4you.com\/wp-content\/uploads\/2024\/08\/32804.jpg\",\"width\":1920,\"height\":1920},{\"@type\":\"BreadcrumbList\",\"@id\":\"https:\/\/mueble4you.com\/fr\/productos\/mesita-de-noche-weyer-2\/#breadcrumb\",\"itemListElement\":[{\"@type\":\"ListItem\",\"position\":1,\"name\":\"Portada\",\"item\":\"https:\/\/mueble4you.com\/fr\/\"},{\"@type\":\"ListItem\",\"position\":2,\"name\":\"Productos\",\"item\":\"https:\/\/mueble4you.com\/productos\/\"},{\"@type\":\"ListItem\",\"position\":3,\"name\":\"TABLE DE NUIT WEYER.\"}]},{\"@type\":\"WebSite\",\"@id\":\"https:\/\/mueble4you.com\/#website\",\"url\":\"https:\/\/mueble4you.com\/\",\"name\":\"mueble4you\",\"description\":\"Meubles \u00e0 Tenerife\",\"potentialAction\":[{\"@type\":\"SearchAction\",\"target\":{\"@type\":\"EntryPoint\",\"urlTemplate\":\"https:\/\/mueble4you.com\/?s={search_term_string}\"},\"query-input\":{\"@type\":\"PropertyValueSpecification\",\"valueRequired\":true,\"valueName\":\"search_term_string\"}}],\"inLanguage\":\"fr-FR\"}]}<\/script>\n<!-- \/ Yoast SEO plugin. -->","yoast_head_json":{"title":"TABLE DE NUIT WEYER. | mueble4you","robots":{"index":"index","follow":"follow","max-snippet":"max-snippet:-1","max-image-preview":"max-image-preview:large","max-video-preview":"max-video-preview:-1"},"canonical":"https:\/\/mueble4you.com\/fr\/productos\/mesita-de-noche-weyer-2\/","og_locale":"fr_FR","og_type":"article","og_title":"TABLE DE NUIT WEYER. | mueble4you","og_description":"La table basse Weyer est le reflet d&rsquo;un savoir-faire de qualit\u00e9 et d&rsquo;un design simple. Fabriqu\u00e9 en bois de manguier au ton naturel et soutenu par du fer, ses 50x40x68cm sont id\u00e9aux pour n&rsquo;importe quel espace. La pr\u00e9sence d&rsquo;une table de chevet avec tiroirs procure une atmosph\u00e8re de calme et de simplicit\u00e9, tout en satisfaisant [...]","og_url":"https:\/\/mueble4you.com\/fr\/productos\/mesita-de-noche-weyer-2\/","og_site_name":"mueble4you","article_modified_time":"2024-08-12T10:36:12+00:00","og_image":[{"width":1920,"height":1920,"url":"https:\/\/mueble4you.com\/wp-content\/uploads\/2024\/08\/32804.jpg","type":"image\/jpeg"}],"twitter_card":"summary_large_image","schema":{"@context":"https:\/\/schema.org","@graph":[{"@type":"WebPage","@id":"https:\/\/mueble4you.com\/fr\/productos\/mesita-de-noche-weyer-2\/","url":"https:\/\/mueble4you.com\/fr\/productos\/mesita-de-noche-weyer-2\/","name":"TABLE DE NUIT WEYER. | mueble4you","isPartOf":{"@id":"https:\/\/mueble4you.com\/#website"},"primaryImageOfPage":{"@id":"https:\/\/mueble4you.com\/fr\/productos\/mesita-de-noche-weyer-2\/#primaryimage"},"image":{"@id":"https:\/\/mueble4you.com\/fr\/productos\/mesita-de-noche-weyer-2\/#primaryimage"},"thumbnailUrl":"https:\/\/mueble4you.com\/wp-content\/uploads\/2024\/08\/32804.jpg","datePublished":"2024-08-09T12:12:44+00:00","dateModified":"2024-08-12T10:36:12+00:00","breadcrumb":{"@id":"https:\/\/mueble4you.com\/fr\/productos\/mesita-de-noche-weyer-2\/#breadcrumb"},"inLanguage":"fr-FR","potentialAction":[{"@type":"ReadAction","target":["https:\/\/mueble4you.com\/fr\/productos\/mesita-de-noche-weyer-2\/"]}]},{"@type":"ImageObject","inLanguage":"fr-FR","@id":"https:\/\/mueble4you.com\/fr\/productos\/mesita-de-noche-weyer-2\/#primaryimage","url":"https:\/\/mueble4you.com\/wp-content\/uploads\/2024\/08\/32804.jpg","contentUrl":"https:\/\/mueble4you.com\/wp-content\/uploads\/2024\/08\/32804.jpg","width":1920,"height":1920},{"@type":"BreadcrumbList","@id":"https:\/\/mueble4you.com\/fr\/productos\/mesita-de-noche-weyer-2\/#breadcrumb","itemListElement":[{"@type":"ListItem","position":1,"name":"Portada","item":"https:\/\/mueble4you.com\/fr\/"},{"@type":"ListItem","position":2,"name":"Productos","item":"https:\/\/mueble4you.com\/productos\/"},{"@type":"ListItem","position":3,"name":"TABLE DE NUIT WEYER."}]},{"@type":"WebSite","@id":"https:\/\/mueble4you.com\/#website","url":"https:\/\/mueble4you.com\/","name":"mueble4you","description":"Meubles \u00e0 Tenerife","potentialAction":[{"@type":"SearchAction","target":{"@type":"EntryPoint","urlTemplate":"https:\/\/mueble4you.com\/?s={search_term_string}"},"query-input":{"@type":"PropertyValueSpecification","valueRequired":true,"valueName":"search_term_string"}}],"inLanguage":"fr-FR"}]}},"_links":{"self":[{"href":"https:\/\/mueble4you.com\/fr\/wp-json\/wp\/v2\/product\/75443","targetHints":{"allow":["GET"]}}],"collection":[{"href":"https:\/\/mueble4you.com\/fr\/wp-json\/wp\/v2\/product"}],"about":[{"href":"https:\/\/mueble4you.com\/fr\/wp-json\/wp\/v2\/types\/product"}],"wp:featuredmedia":[{"embeddable":true,"href":"https:\/\/mueble4you.com\/fr\/wp-json\/wp\/v2\/media\/75429"}],"wp:attachment":[{"href":"https:\/\/mueble4you.com\/fr\/wp-json\/wp\/v2\/media?parent=75443"}],"wp:term":[{"taxonomy":"product_brand","embeddable":true,"href":"https:\/\/mueble4you.com\/fr\/wp-json\/wp\/v2\/product_brand?post=75443"},{"taxonomy":"product_cat","embeddable":true,"href":"https:\/\/mueble4you.com\/fr\/wp-json\/wp\/v2\/product_cat?post=75443"},{"taxonomy":"product_tag","embeddable":true,"href":"https:\/\/mueble4you.com\/fr\/wp-json\/wp\/v2\/product_tag?post=75443"}],"curies":[{"name":"wp","href":"https:\/\/api.w.org\/{rel}","templated":true}]}}