{"id":73903,"date":"2024-07-02T15:28:33","date_gmt":"2024-07-02T15:28:33","guid":{"rendered":"https:\/\/mueble4you.com\/productos\/aparador-2-2\/"},"modified":"2024-07-03T15:38:01","modified_gmt":"2024-07-03T15:38:01","slug":"aparador-2-2","status":"publish","type":"product","link":"https:\/\/mueble4you.com\/fr\/productos\/aparador-2-2\/","title":{"rendered":"Buffet en bois fleuri."},"content":{"rendered":"<div>Buffet en mangue.<\/div>\n<div><\/div>\n<div>Ce buffet \u00e0 quatre portes allie le bois de manguier et le m\u00e9tal, offrant un grand espace de rangement pour la vaisselle et autres objets. Les pieds en m\u00e9tal ajoutent de la stabilit\u00e9 et une touche contemporaine, id\u00e9ales pour tout espace de salle \u00e0 manger ou de divertissement.<\/div>\n<div><\/div>\n<div>\u25cf Hauteur : 74 cm.<\/div>\n<div><\/div>\n<div>\u25cf Longueur : 177 cm.<\/div>\n<div><\/div>\n<div>\u25cf Largeur : 40 cm.<\/div>\n<div><\/div>\n<div>\u25cf Mati\u00e8re : Bois de manguier et m\u00e9tal.<\/div>\n<div><\/div>\n<div>\u25cf Couleur : Naturel et noir.<\/div>\n","protected":false},"excerpt":{"rendered":"<p>Buffet en mangue. Ce buffet \u00e0 quatre portes allie le bois de manguier et le m\u00e9tal, offrant un grand espace de rangement pour la vaisselle et autres objets. Les pieds en m\u00e9tal ajoutent de la stabilit\u00e9 et une touche contemporaine, id\u00e9ales pour tout espace de salle \u00e0 manger ou de divertissement. \u25cf Hauteur : 74 [&#8230;]\n","protected":false},"featured_media":73884,"template":"","meta":[],"product_brand":[],"product_cat":[499,204],"product_tag":[],"class_list":{"0":"post-73903","1":"product","2":"type-product","3":"status-publish","4":"has-post-thumbnail","6":"product_cat-buffets","7":"product_cat-salon","9":"first","10":"instock","11":"shipping-taxable","12":"product-type-simple"},"yoast_head":"<!-- This site is optimized with the Yoast SEO plugin v27.2 - https:\/\/yoast.com\/product\/yoast-seo-wordpress\/ -->\n<title>Buffet en bois fleuri. | mueble4you<\/title>\n<meta name=\"robots\" content=\"index, follow, max-snippet:-1, max-image-preview:large, max-video-preview:-1\" \/>\n<link rel=\"canonical\" href=\"https:\/\/mueble4you.com\/fr\/productos\/aparador-2-2\/\" \/>\n<meta property=\"og:locale\" content=\"fr_FR\" \/>\n<meta property=\"og:type\" content=\"article\" \/>\n<meta property=\"og:title\" content=\"Buffet en bois fleuri. | mueble4you\" \/>\n<meta property=\"og:description\" content=\"Buffet en mangue. Ce buffet \u00e0 quatre portes allie le bois de manguier et le m\u00e9tal, offrant un grand espace de rangement pour la vaisselle et autres objets. Les pieds en m\u00e9tal ajoutent de la stabilit\u00e9 et une touche contemporaine, id\u00e9ales pour tout espace de salle \u00e0 manger ou de divertissement. \u25cf Hauteur : 74 [...]\" \/>\n<meta property=\"og:url\" content=\"https:\/\/mueble4you.com\/fr\/productos\/aparador-2-2\/\" \/>\n<meta property=\"og:site_name\" content=\"mueble4you\" \/>\n<meta property=\"article:modified_time\" content=\"2024-07-03T15:38:01+00:00\" \/>\n<meta property=\"og:image\" content=\"https:\/\/mueble4you.com\/wp-content\/uploads\/2024\/07\/1738_1-Copy.jpg\" \/>\n\t<meta property=\"og:image:width\" content=\"718\" \/>\n\t<meta property=\"og:image:height\" content=\"768\" \/>\n\t<meta property=\"og:image:type\" content=\"image\/jpeg\" \/>\n<meta name=\"twitter:card\" content=\"summary_large_image\" \/>\n<script type=\"application\/ld+json\" class=\"yoast-schema-graph\">{\"@context\":\"https:\/\/schema.org\",\"@graph\":[{\"@type\":\"WebPage\",\"@id\":\"https:\/\/mueble4you.com\/fr\/productos\/aparador-2-2\/\",\"url\":\"https:\/\/mueble4you.com\/fr\/productos\/aparador-2-2\/\",\"name\":\"Buffet en bois fleuri. | mueble4you\",\"isPartOf\":{\"@id\":\"https:\/\/mueble4you.com\/#website\"},\"primaryImageOfPage\":{\"@id\":\"https:\/\/mueble4you.com\/fr\/productos\/aparador-2-2\/#primaryimage\"},\"image\":{\"@id\":\"https:\/\/mueble4you.com\/fr\/productos\/aparador-2-2\/#primaryimage\"},\"thumbnailUrl\":\"https:\/\/mueble4you.com\/wp-content\/uploads\/2024\/07\/1738_1-Copy.jpg\",\"datePublished\":\"2024-07-02T15:28:33+00:00\",\"dateModified\":\"2024-07-03T15:38:01+00:00\",\"breadcrumb\":{\"@id\":\"https:\/\/mueble4you.com\/fr\/productos\/aparador-2-2\/#breadcrumb\"},\"inLanguage\":\"fr-FR\",\"potentialAction\":[{\"@type\":\"ReadAction\",\"target\":[\"https:\/\/mueble4you.com\/fr\/productos\/aparador-2-2\/\"]}]},{\"@type\":\"ImageObject\",\"inLanguage\":\"fr-FR\",\"@id\":\"https:\/\/mueble4you.com\/fr\/productos\/aparador-2-2\/#primaryimage\",\"url\":\"https:\/\/mueble4you.com\/wp-content\/uploads\/2024\/07\/1738_1-Copy.jpg\",\"contentUrl\":\"https:\/\/mueble4you.com\/wp-content\/uploads\/2024\/07\/1738_1-Copy.jpg\",\"width\":718,\"height\":768},{\"@type\":\"BreadcrumbList\",\"@id\":\"https:\/\/mueble4you.com\/fr\/productos\/aparador-2-2\/#breadcrumb\",\"itemListElement\":[{\"@type\":\"ListItem\",\"position\":1,\"name\":\"Portada\",\"item\":\"https:\/\/mueble4you.com\/fr\/\"},{\"@type\":\"ListItem\",\"position\":2,\"name\":\"Productos\",\"item\":\"https:\/\/mueble4you.com\/productos\/\"},{\"@type\":\"ListItem\",\"position\":3,\"name\":\"Buffet en bois fleuri.\"}]},{\"@type\":\"WebSite\",\"@id\":\"https:\/\/mueble4you.com\/#website\",\"url\":\"https:\/\/mueble4you.com\/\",\"name\":\"mueble4you\",\"description\":\"Meubles \u00e0 Tenerife\",\"potentialAction\":[{\"@type\":\"SearchAction\",\"target\":{\"@type\":\"EntryPoint\",\"urlTemplate\":\"https:\/\/mueble4you.com\/?s={search_term_string}\"},\"query-input\":{\"@type\":\"PropertyValueSpecification\",\"valueRequired\":true,\"valueName\":\"search_term_string\"}}],\"inLanguage\":\"fr-FR\"}]}<\/script>\n<!-- \/ Yoast SEO plugin. -->","yoast_head_json":{"title":"Buffet en bois fleuri. | mueble4you","robots":{"index":"index","follow":"follow","max-snippet":"max-snippet:-1","max-image-preview":"max-image-preview:large","max-video-preview":"max-video-preview:-1"},"canonical":"https:\/\/mueble4you.com\/fr\/productos\/aparador-2-2\/","og_locale":"fr_FR","og_type":"article","og_title":"Buffet en bois fleuri. | mueble4you","og_description":"Buffet en mangue. Ce buffet \u00e0 quatre portes allie le bois de manguier et le m\u00e9tal, offrant un grand espace de rangement pour la vaisselle et autres objets. Les pieds en m\u00e9tal ajoutent de la stabilit\u00e9 et une touche contemporaine, id\u00e9ales pour tout espace de salle \u00e0 manger ou de divertissement. \u25cf Hauteur : 74 [...]","og_url":"https:\/\/mueble4you.com\/fr\/productos\/aparador-2-2\/","og_site_name":"mueble4you","article_modified_time":"2024-07-03T15:38:01+00:00","og_image":[{"width":718,"height":768,"url":"https:\/\/mueble4you.com\/wp-content\/uploads\/2024\/07\/1738_1-Copy.jpg","type":"image\/jpeg"}],"twitter_card":"summary_large_image","schema":{"@context":"https:\/\/schema.org","@graph":[{"@type":"WebPage","@id":"https:\/\/mueble4you.com\/fr\/productos\/aparador-2-2\/","url":"https:\/\/mueble4you.com\/fr\/productos\/aparador-2-2\/","name":"Buffet en bois fleuri. | mueble4you","isPartOf":{"@id":"https:\/\/mueble4you.com\/#website"},"primaryImageOfPage":{"@id":"https:\/\/mueble4you.com\/fr\/productos\/aparador-2-2\/#primaryimage"},"image":{"@id":"https:\/\/mueble4you.com\/fr\/productos\/aparador-2-2\/#primaryimage"},"thumbnailUrl":"https:\/\/mueble4you.com\/wp-content\/uploads\/2024\/07\/1738_1-Copy.jpg","datePublished":"2024-07-02T15:28:33+00:00","dateModified":"2024-07-03T15:38:01+00:00","breadcrumb":{"@id":"https:\/\/mueble4you.com\/fr\/productos\/aparador-2-2\/#breadcrumb"},"inLanguage":"fr-FR","potentialAction":[{"@type":"ReadAction","target":["https:\/\/mueble4you.com\/fr\/productos\/aparador-2-2\/"]}]},{"@type":"ImageObject","inLanguage":"fr-FR","@id":"https:\/\/mueble4you.com\/fr\/productos\/aparador-2-2\/#primaryimage","url":"https:\/\/mueble4you.com\/wp-content\/uploads\/2024\/07\/1738_1-Copy.jpg","contentUrl":"https:\/\/mueble4you.com\/wp-content\/uploads\/2024\/07\/1738_1-Copy.jpg","width":718,"height":768},{"@type":"BreadcrumbList","@id":"https:\/\/mueble4you.com\/fr\/productos\/aparador-2-2\/#breadcrumb","itemListElement":[{"@type":"ListItem","position":1,"name":"Portada","item":"https:\/\/mueble4you.com\/fr\/"},{"@type":"ListItem","position":2,"name":"Productos","item":"https:\/\/mueble4you.com\/productos\/"},{"@type":"ListItem","position":3,"name":"Buffet en bois fleuri."}]},{"@type":"WebSite","@id":"https:\/\/mueble4you.com\/#website","url":"https:\/\/mueble4you.com\/","name":"mueble4you","description":"Meubles \u00e0 Tenerife","potentialAction":[{"@type":"SearchAction","target":{"@type":"EntryPoint","urlTemplate":"https:\/\/mueble4you.com\/?s={search_term_string}"},"query-input":{"@type":"PropertyValueSpecification","valueRequired":true,"valueName":"search_term_string"}}],"inLanguage":"fr-FR"}]}},"_links":{"self":[{"href":"https:\/\/mueble4you.com\/fr\/wp-json\/wp\/v2\/product\/73903","targetHints":{"allow":["GET"]}}],"collection":[{"href":"https:\/\/mueble4you.com\/fr\/wp-json\/wp\/v2\/product"}],"about":[{"href":"https:\/\/mueble4you.com\/fr\/wp-json\/wp\/v2\/types\/product"}],"wp:featuredmedia":[{"embeddable":true,"href":"https:\/\/mueble4you.com\/fr\/wp-json\/wp\/v2\/media\/73884"}],"wp:attachment":[{"href":"https:\/\/mueble4you.com\/fr\/wp-json\/wp\/v2\/media?parent=73903"}],"wp:term":[{"taxonomy":"product_brand","embeddable":true,"href":"https:\/\/mueble4you.com\/fr\/wp-json\/wp\/v2\/product_brand?post=73903"},{"taxonomy":"product_cat","embeddable":true,"href":"https:\/\/mueble4you.com\/fr\/wp-json\/wp\/v2\/product_cat?post=73903"},{"taxonomy":"product_tag","embeddable":true,"href":"https:\/\/mueble4you.com\/fr\/wp-json\/wp\/v2\/product_tag?post=73903"}],"curies":[{"name":"wp","href":"https:\/\/api.w.org\/{rel}","templated":true}]}}