{"id":73717,"date":"2024-06-24T10:09:10","date_gmt":"2024-06-24T10:09:10","guid":{"rendered":"https:\/\/mueble4you.com\/productos\/taburete-bar-c-coj-hesperia-slate\/"},"modified":"2024-06-25T10:30:31","modified_gmt":"2024-06-25T10:30:31","slug":"taburete-bar-c-coj-hesperia-slate","status":"publish","type":"product","link":"https:\/\/mueble4you.com\/fr\/productos\/taburete-bar-c-coj-hesperia-slate\/","title":{"rendered":"TABOURET DE BAR HESPERIA ARDOISE C-COJ."},"content":{"rendered":"<ul>\n<li>Assise avec structure en aluminium thermolaqu\u00e9 (polyester).<\/li>\n<li>Treillis en corde d&rsquo;ol\u00e9fine (100 % polypropyl\u00e8ne).<\/li>\n<li>Coussin d&rsquo;assise amovible en tissu ol\u00e9fine hydrofuge et r\u00e9sistant au soleil (100 % polypropyl\u00e8ne).<\/li>\n<li>Pieds en teck &#8211; svlk (bois issu de for\u00eats durables).<\/li>\n<li>Vis en acier galvanis\u00e9.<\/li>\n<\/ul>\n","protected":false},"excerpt":{"rendered":"<p>Assise avec structure en aluminium thermolaqu\u00e9 (polyester). Treillis en corde d&rsquo;ol\u00e9fine (100 % polypropyl\u00e8ne). Coussin d&rsquo;assise amovible en tissu ol\u00e9fine hydrofuge et r\u00e9sistant au soleil (100 % polypropyl\u00e8ne). Pieds en teck &#8211; svlk (bois issu de for\u00eats durables). Vis en acier galvanis\u00e9.<\/p>\n","protected":false},"featured_media":73698,"template":"","meta":[],"product_brand":[],"product_cat":[308,304,199,484],"product_tag":[],"class_list":{"0":"post-73717","1":"product","2":"type-product","3":"status-publish","4":"has-post-thumbnail","6":"product_cat-ensemble-de-tables-et-de-chaises","7":"product_cat-jardin-et-exterieur","8":"product_cat-eaters","9":"product_cat-tabouret","11":"first","12":"instock","13":"shipping-taxable","14":"product-type-simple"},"yoast_head":"<!-- This site is optimized with the Yoast SEO plugin v27.3 - https:\/\/yoast.com\/product\/yoast-seo-wordpress\/ -->\n<title>TABOURET DE BAR HESPERIA ARDOISE C-COJ. | mueble4you<\/title>\n<meta name=\"robots\" content=\"index, follow, max-snippet:-1, max-image-preview:large, max-video-preview:-1\" \/>\n<link rel=\"canonical\" href=\"https:\/\/mueble4you.com\/fr\/productos\/taburete-bar-c-coj-hesperia-slate\/\" \/>\n<meta property=\"og:locale\" content=\"fr_FR\" \/>\n<meta property=\"og:type\" content=\"article\" \/>\n<meta property=\"og:title\" content=\"TABOURET DE BAR HESPERIA ARDOISE C-COJ. | mueble4you\" \/>\n<meta property=\"og:description\" content=\"Assise avec structure en aluminium thermolaqu\u00e9 (polyester). Treillis en corde d&rsquo;ol\u00e9fine (100 % polypropyl\u00e8ne). Coussin d&rsquo;assise amovible en tissu ol\u00e9fine hydrofuge et r\u00e9sistant au soleil (100 % polypropyl\u00e8ne). Pieds en teck &#8211; svlk (bois issu de for\u00eats durables). Vis en acier galvanis\u00e9.\" \/>\n<meta property=\"og:url\" content=\"https:\/\/mueble4you.com\/fr\/productos\/taburete-bar-c-coj-hesperia-slate\/\" \/>\n<meta property=\"og:site_name\" content=\"mueble4you\" \/>\n<meta property=\"article:modified_time\" content=\"2024-06-25T10:30:31+00:00\" \/>\n<meta property=\"og:image\" content=\"https:\/\/mueble4you.com\/wp-content\/uploads\/2024\/06\/184600.jpg\" \/>\n\t<meta property=\"og:image:width\" content=\"1204\" \/>\n\t<meta property=\"og:image:height\" content=\"1080\" \/>\n\t<meta property=\"og:image:type\" content=\"image\/jpeg\" \/>\n<meta name=\"twitter:card\" content=\"summary_large_image\" \/>\n<script type=\"application\/ld+json\" class=\"yoast-schema-graph\">{\"@context\":\"https:\\\/\\\/schema.org\",\"@graph\":[{\"@type\":\"WebPage\",\"@id\":\"https:\\\/\\\/mueble4you.com\\\/fr\\\/productos\\\/taburete-bar-c-coj-hesperia-slate\\\/\",\"url\":\"https:\\\/\\\/mueble4you.com\\\/fr\\\/productos\\\/taburete-bar-c-coj-hesperia-slate\\\/\",\"name\":\"TABOURET DE BAR HESPERIA ARDOISE C-COJ. | mueble4you\",\"isPartOf\":{\"@id\":\"https:\\\/\\\/mueble4you.com\\\/#website\"},\"primaryImageOfPage\":{\"@id\":\"https:\\\/\\\/mueble4you.com\\\/fr\\\/productos\\\/taburete-bar-c-coj-hesperia-slate\\\/#primaryimage\"},\"image\":{\"@id\":\"https:\\\/\\\/mueble4you.com\\\/fr\\\/productos\\\/taburete-bar-c-coj-hesperia-slate\\\/#primaryimage\"},\"thumbnailUrl\":\"https:\\\/\\\/mueble4you.com\\\/wp-content\\\/uploads\\\/2024\\\/06\\\/184600.jpg\",\"datePublished\":\"2024-06-24T10:09:10+00:00\",\"dateModified\":\"2024-06-25T10:30:31+00:00\",\"breadcrumb\":{\"@id\":\"https:\\\/\\\/mueble4you.com\\\/fr\\\/productos\\\/taburete-bar-c-coj-hesperia-slate\\\/#breadcrumb\"},\"inLanguage\":\"fr-FR\",\"potentialAction\":[{\"@type\":\"ReadAction\",\"target\":[\"https:\\\/\\\/mueble4you.com\\\/fr\\\/productos\\\/taburete-bar-c-coj-hesperia-slate\\\/\"]}]},{\"@type\":\"ImageObject\",\"inLanguage\":\"fr-FR\",\"@id\":\"https:\\\/\\\/mueble4you.com\\\/fr\\\/productos\\\/taburete-bar-c-coj-hesperia-slate\\\/#primaryimage\",\"url\":\"https:\\\/\\\/mueble4you.com\\\/wp-content\\\/uploads\\\/2024\\\/06\\\/184600.jpg\",\"contentUrl\":\"https:\\\/\\\/mueble4you.com\\\/wp-content\\\/uploads\\\/2024\\\/06\\\/184600.jpg\",\"width\":1204,\"height\":1080},{\"@type\":\"BreadcrumbList\",\"@id\":\"https:\\\/\\\/mueble4you.com\\\/fr\\\/productos\\\/taburete-bar-c-coj-hesperia-slate\\\/#breadcrumb\",\"itemListElement\":[{\"@type\":\"ListItem\",\"position\":1,\"name\":\"Portada\",\"item\":\"https:\\\/\\\/mueble4you.com\\\/fr\\\/\"},{\"@type\":\"ListItem\",\"position\":2,\"name\":\"Productos\",\"item\":\"https:\\\/\\\/mueble4you.com\\\/productos\\\/\"},{\"@type\":\"ListItem\",\"position\":3,\"name\":\"TABOURET DE BAR HESPERIA ARDOISE C-COJ.\"}]},{\"@type\":\"WebSite\",\"@id\":\"https:\\\/\\\/mueble4you.com\\\/#website\",\"url\":\"https:\\\/\\\/mueble4you.com\\\/\",\"name\":\"mueble4you\",\"description\":\"Meubles \u00e0 Tenerife\",\"potentialAction\":[{\"@type\":\"SearchAction\",\"target\":{\"@type\":\"EntryPoint\",\"urlTemplate\":\"https:\\\/\\\/mueble4you.com\\\/?s={search_term_string}\"},\"query-input\":{\"@type\":\"PropertyValueSpecification\",\"valueRequired\":true,\"valueName\":\"search_term_string\"}}],\"inLanguage\":\"fr-FR\"}]}<\/script>\n<!-- \/ Yoast SEO plugin. -->","yoast_head_json":{"title":"TABOURET DE BAR HESPERIA ARDOISE C-COJ. | mueble4you","robots":{"index":"index","follow":"follow","max-snippet":"max-snippet:-1","max-image-preview":"max-image-preview:large","max-video-preview":"max-video-preview:-1"},"canonical":"https:\/\/mueble4you.com\/fr\/productos\/taburete-bar-c-coj-hesperia-slate\/","og_locale":"fr_FR","og_type":"article","og_title":"TABOURET DE BAR HESPERIA ARDOISE C-COJ. | mueble4you","og_description":"Assise avec structure en aluminium thermolaqu\u00e9 (polyester). Treillis en corde d&rsquo;ol\u00e9fine (100 % polypropyl\u00e8ne). Coussin d&rsquo;assise amovible en tissu ol\u00e9fine hydrofuge et r\u00e9sistant au soleil (100 % polypropyl\u00e8ne). Pieds en teck &#8211; svlk (bois issu de for\u00eats durables). Vis en acier galvanis\u00e9.","og_url":"https:\/\/mueble4you.com\/fr\/productos\/taburete-bar-c-coj-hesperia-slate\/","og_site_name":"mueble4you","article_modified_time":"2024-06-25T10:30:31+00:00","og_image":[{"width":1204,"height":1080,"url":"https:\/\/mueble4you.com\/wp-content\/uploads\/2024\/06\/184600.jpg","type":"image\/jpeg"}],"twitter_card":"summary_large_image","schema":{"@context":"https:\/\/schema.org","@graph":[{"@type":"WebPage","@id":"https:\/\/mueble4you.com\/fr\/productos\/taburete-bar-c-coj-hesperia-slate\/","url":"https:\/\/mueble4you.com\/fr\/productos\/taburete-bar-c-coj-hesperia-slate\/","name":"TABOURET DE BAR HESPERIA ARDOISE C-COJ. | mueble4you","isPartOf":{"@id":"https:\/\/mueble4you.com\/#website"},"primaryImageOfPage":{"@id":"https:\/\/mueble4you.com\/fr\/productos\/taburete-bar-c-coj-hesperia-slate\/#primaryimage"},"image":{"@id":"https:\/\/mueble4you.com\/fr\/productos\/taburete-bar-c-coj-hesperia-slate\/#primaryimage"},"thumbnailUrl":"https:\/\/mueble4you.com\/wp-content\/uploads\/2024\/06\/184600.jpg","datePublished":"2024-06-24T10:09:10+00:00","dateModified":"2024-06-25T10:30:31+00:00","breadcrumb":{"@id":"https:\/\/mueble4you.com\/fr\/productos\/taburete-bar-c-coj-hesperia-slate\/#breadcrumb"},"inLanguage":"fr-FR","potentialAction":[{"@type":"ReadAction","target":["https:\/\/mueble4you.com\/fr\/productos\/taburete-bar-c-coj-hesperia-slate\/"]}]},{"@type":"ImageObject","inLanguage":"fr-FR","@id":"https:\/\/mueble4you.com\/fr\/productos\/taburete-bar-c-coj-hesperia-slate\/#primaryimage","url":"https:\/\/mueble4you.com\/wp-content\/uploads\/2024\/06\/184600.jpg","contentUrl":"https:\/\/mueble4you.com\/wp-content\/uploads\/2024\/06\/184600.jpg","width":1204,"height":1080},{"@type":"BreadcrumbList","@id":"https:\/\/mueble4you.com\/fr\/productos\/taburete-bar-c-coj-hesperia-slate\/#breadcrumb","itemListElement":[{"@type":"ListItem","position":1,"name":"Portada","item":"https:\/\/mueble4you.com\/fr\/"},{"@type":"ListItem","position":2,"name":"Productos","item":"https:\/\/mueble4you.com\/productos\/"},{"@type":"ListItem","position":3,"name":"TABOURET DE BAR HESPERIA ARDOISE C-COJ."}]},{"@type":"WebSite","@id":"https:\/\/mueble4you.com\/#website","url":"https:\/\/mueble4you.com\/","name":"mueble4you","description":"Meubles \u00e0 Tenerife","potentialAction":[{"@type":"SearchAction","target":{"@type":"EntryPoint","urlTemplate":"https:\/\/mueble4you.com\/?s={search_term_string}"},"query-input":{"@type":"PropertyValueSpecification","valueRequired":true,"valueName":"search_term_string"}}],"inLanguage":"fr-FR"}]}},"_links":{"self":[{"href":"https:\/\/mueble4you.com\/fr\/wp-json\/wp\/v2\/product\/73717","targetHints":{"allow":["GET"]}}],"collection":[{"href":"https:\/\/mueble4you.com\/fr\/wp-json\/wp\/v2\/product"}],"about":[{"href":"https:\/\/mueble4you.com\/fr\/wp-json\/wp\/v2\/types\/product"}],"wp:featuredmedia":[{"embeddable":true,"href":"https:\/\/mueble4you.com\/fr\/wp-json\/wp\/v2\/media\/73698"}],"wp:attachment":[{"href":"https:\/\/mueble4you.com\/fr\/wp-json\/wp\/v2\/media?parent=73717"}],"wp:term":[{"taxonomy":"product_brand","embeddable":true,"href":"https:\/\/mueble4you.com\/fr\/wp-json\/wp\/v2\/product_brand?post=73717"},{"taxonomy":"product_cat","embeddable":true,"href":"https:\/\/mueble4you.com\/fr\/wp-json\/wp\/v2\/product_cat?post=73717"},{"taxonomy":"product_tag","embeddable":true,"href":"https:\/\/mueble4you.com\/fr\/wp-json\/wp\/v2\/product_tag?post=73717"}],"curies":[{"name":"wp","href":"https:\/\/api.w.org\/{rel}","templated":true}]}}