{"id":73431,"date":"2024-06-20T12:26:34","date_gmt":"2024-06-20T12:26:34","guid":{"rendered":"https:\/\/mueble4you.com\/productos\/tumbona-raul-c-vison-c-ruedas\/"},"modified":"2024-06-26T14:20:04","modified_gmt":"2024-06-26T14:20:04","slug":"tumbona-raul-c-vison-c-ruedas","status":"publish","type":"product","link":"https:\/\/mueble4you.com\/fr\/productos\/tumbona-raul-c-vison-c-ruedas\/","title":{"rendered":"CHAISE RAUL AVEC VISON AVEC ROUES."},"content":{"rendered":"<ul>\n<li>Structure en acier (trait\u00e9e pour un usage ext\u00e9rieur par phosphatation) avec rev\u00eatement en poudre (polyester).<\/li>\n<li>Assise et dossier en textil\u00e8ne 2&#215;1.<\/li>\n<li>Inclinable sur 4 positions.<\/li>\n<li>Roues en plastique.<\/li>\n<li>Vis en acier galvanis\u00e9.<\/li>\n<\/ul>\n<div><\/div>\n<ul>\n<li>Mesures:<\/li>\n<\/ul>\n<div>Largeur : 63-68 cm<\/div>\n<div>Profondeur : 195 cm<\/div>\n<div>Hauteur : 34 &#8211; 101 cm<\/div>\n","protected":false},"excerpt":{"rendered":"<p>Structure en acier (trait\u00e9e pour un usage ext\u00e9rieur par phosphatation) avec rev\u00eatement en poudre (polyester). Assise et dossier en textil\u00e8ne 2&#215;1. Inclinable sur 4 positions. Roues en plastique. Vis en acier galvanis\u00e9. Mesures: Largeur : 63-68 cm Profondeur : 195 cm Hauteur : 34 &#8211; 101 cm<\/p>\n","protected":false},"featured_media":73412,"template":"","meta":[],"product_brand":[],"product_cat":[304,324],"product_tag":[],"class_list":{"0":"post-73431","1":"product","2":"type-product","3":"status-publish","4":"has-post-thumbnail","6":"product_cat-jardin-et-exterieur","7":"product_cat-transat","9":"first","10":"instock","11":"shipping-taxable","12":"product-type-simple"},"yoast_head":"<!-- This site is optimized with the Yoast SEO plugin v27.3 - https:\/\/yoast.com\/product\/yoast-seo-wordpress\/ -->\n<title>CHAISE RAUL AVEC VISON AVEC ROUES. | mueble4you<\/title>\n<meta name=\"robots\" content=\"index, follow, max-snippet:-1, max-image-preview:large, max-video-preview:-1\" \/>\n<link rel=\"canonical\" href=\"https:\/\/mueble4you.com\/fr\/productos\/tumbona-raul-c-vison-c-ruedas\/\" \/>\n<meta property=\"og:locale\" content=\"fr_FR\" \/>\n<meta property=\"og:type\" content=\"article\" \/>\n<meta property=\"og:title\" content=\"CHAISE RAUL AVEC VISON AVEC ROUES. | mueble4you\" \/>\n<meta property=\"og:description\" content=\"Structure en acier (trait\u00e9e pour un usage ext\u00e9rieur par phosphatation) avec rev\u00eatement en poudre (polyester). Assise et dossier en textil\u00e8ne 2&#215;1. Inclinable sur 4 positions. Roues en plastique. Vis en acier galvanis\u00e9. Mesures: Largeur : 63-68 cm Profondeur : 195 cm Hauteur : 34 &#8211; 101 cm\" \/>\n<meta property=\"og:url\" content=\"https:\/\/mueble4you.com\/fr\/productos\/tumbona-raul-c-vison-c-ruedas\/\" \/>\n<meta property=\"og:site_name\" content=\"mueble4you\" \/>\n<meta property=\"article:modified_time\" content=\"2024-06-26T14:20:04+00:00\" \/>\n<meta property=\"og:image\" content=\"https:\/\/mueble4you.com\/wp-content\/uploads\/2024\/06\/559518.jpg\" \/>\n\t<meta property=\"og:image:width\" content=\"1150\" \/>\n\t<meta property=\"og:image:height\" content=\"911\" \/>\n\t<meta property=\"og:image:type\" content=\"image\/jpeg\" \/>\n<meta name=\"twitter:card\" content=\"summary_large_image\" \/>\n<script type=\"application\/ld+json\" class=\"yoast-schema-graph\">{\"@context\":\"https:\\\/\\\/schema.org\",\"@graph\":[{\"@type\":\"WebPage\",\"@id\":\"https:\\\/\\\/mueble4you.com\\\/fr\\\/productos\\\/tumbona-raul-c-vison-c-ruedas\\\/\",\"url\":\"https:\\\/\\\/mueble4you.com\\\/fr\\\/productos\\\/tumbona-raul-c-vison-c-ruedas\\\/\",\"name\":\"CHAISE RAUL AVEC VISON AVEC ROUES. | mueble4you\",\"isPartOf\":{\"@id\":\"https:\\\/\\\/mueble4you.com\\\/#website\"},\"primaryImageOfPage\":{\"@id\":\"https:\\\/\\\/mueble4you.com\\\/fr\\\/productos\\\/tumbona-raul-c-vison-c-ruedas\\\/#primaryimage\"},\"image\":{\"@id\":\"https:\\\/\\\/mueble4you.com\\\/fr\\\/productos\\\/tumbona-raul-c-vison-c-ruedas\\\/#primaryimage\"},\"thumbnailUrl\":\"https:\\\/\\\/mueble4you.com\\\/wp-content\\\/uploads\\\/2024\\\/06\\\/559518.jpg\",\"datePublished\":\"2024-06-20T12:26:34+00:00\",\"dateModified\":\"2024-06-26T14:20:04+00:00\",\"breadcrumb\":{\"@id\":\"https:\\\/\\\/mueble4you.com\\\/fr\\\/productos\\\/tumbona-raul-c-vison-c-ruedas\\\/#breadcrumb\"},\"inLanguage\":\"fr-FR\",\"potentialAction\":[{\"@type\":\"ReadAction\",\"target\":[\"https:\\\/\\\/mueble4you.com\\\/fr\\\/productos\\\/tumbona-raul-c-vison-c-ruedas\\\/\"]}]},{\"@type\":\"ImageObject\",\"inLanguage\":\"fr-FR\",\"@id\":\"https:\\\/\\\/mueble4you.com\\\/fr\\\/productos\\\/tumbona-raul-c-vison-c-ruedas\\\/#primaryimage\",\"url\":\"https:\\\/\\\/mueble4you.com\\\/wp-content\\\/uploads\\\/2024\\\/06\\\/559518.jpg\",\"contentUrl\":\"https:\\\/\\\/mueble4you.com\\\/wp-content\\\/uploads\\\/2024\\\/06\\\/559518.jpg\",\"width\":1150,\"height\":911},{\"@type\":\"BreadcrumbList\",\"@id\":\"https:\\\/\\\/mueble4you.com\\\/fr\\\/productos\\\/tumbona-raul-c-vison-c-ruedas\\\/#breadcrumb\",\"itemListElement\":[{\"@type\":\"ListItem\",\"position\":1,\"name\":\"Portada\",\"item\":\"https:\\\/\\\/mueble4you.com\\\/fr\\\/\"},{\"@type\":\"ListItem\",\"position\":2,\"name\":\"Productos\",\"item\":\"https:\\\/\\\/mueble4you.com\\\/productos\\\/\"},{\"@type\":\"ListItem\",\"position\":3,\"name\":\"CHAISE RAUL AVEC VISON AVEC ROUES.\"}]},{\"@type\":\"WebSite\",\"@id\":\"https:\\\/\\\/mueble4you.com\\\/#website\",\"url\":\"https:\\\/\\\/mueble4you.com\\\/\",\"name\":\"mueble4you\",\"description\":\"Meubles \u00e0 Tenerife\",\"potentialAction\":[{\"@type\":\"SearchAction\",\"target\":{\"@type\":\"EntryPoint\",\"urlTemplate\":\"https:\\\/\\\/mueble4you.com\\\/?s={search_term_string}\"},\"query-input\":{\"@type\":\"PropertyValueSpecification\",\"valueRequired\":true,\"valueName\":\"search_term_string\"}}],\"inLanguage\":\"fr-FR\"}]}<\/script>\n<!-- \/ Yoast SEO plugin. -->","yoast_head_json":{"title":"CHAISE RAUL AVEC VISON AVEC ROUES. | mueble4you","robots":{"index":"index","follow":"follow","max-snippet":"max-snippet:-1","max-image-preview":"max-image-preview:large","max-video-preview":"max-video-preview:-1"},"canonical":"https:\/\/mueble4you.com\/fr\/productos\/tumbona-raul-c-vison-c-ruedas\/","og_locale":"fr_FR","og_type":"article","og_title":"CHAISE RAUL AVEC VISON AVEC ROUES. | mueble4you","og_description":"Structure en acier (trait\u00e9e pour un usage ext\u00e9rieur par phosphatation) avec rev\u00eatement en poudre (polyester). Assise et dossier en textil\u00e8ne 2&#215;1. Inclinable sur 4 positions. Roues en plastique. Vis en acier galvanis\u00e9. Mesures: Largeur : 63-68 cm Profondeur : 195 cm Hauteur : 34 &#8211; 101 cm","og_url":"https:\/\/mueble4you.com\/fr\/productos\/tumbona-raul-c-vison-c-ruedas\/","og_site_name":"mueble4you","article_modified_time":"2024-06-26T14:20:04+00:00","og_image":[{"width":1150,"height":911,"url":"https:\/\/mueble4you.com\/wp-content\/uploads\/2024\/06\/559518.jpg","type":"image\/jpeg"}],"twitter_card":"summary_large_image","schema":{"@context":"https:\/\/schema.org","@graph":[{"@type":"WebPage","@id":"https:\/\/mueble4you.com\/fr\/productos\/tumbona-raul-c-vison-c-ruedas\/","url":"https:\/\/mueble4you.com\/fr\/productos\/tumbona-raul-c-vison-c-ruedas\/","name":"CHAISE RAUL AVEC VISON AVEC ROUES. | mueble4you","isPartOf":{"@id":"https:\/\/mueble4you.com\/#website"},"primaryImageOfPage":{"@id":"https:\/\/mueble4you.com\/fr\/productos\/tumbona-raul-c-vison-c-ruedas\/#primaryimage"},"image":{"@id":"https:\/\/mueble4you.com\/fr\/productos\/tumbona-raul-c-vison-c-ruedas\/#primaryimage"},"thumbnailUrl":"https:\/\/mueble4you.com\/wp-content\/uploads\/2024\/06\/559518.jpg","datePublished":"2024-06-20T12:26:34+00:00","dateModified":"2024-06-26T14:20:04+00:00","breadcrumb":{"@id":"https:\/\/mueble4you.com\/fr\/productos\/tumbona-raul-c-vison-c-ruedas\/#breadcrumb"},"inLanguage":"fr-FR","potentialAction":[{"@type":"ReadAction","target":["https:\/\/mueble4you.com\/fr\/productos\/tumbona-raul-c-vison-c-ruedas\/"]}]},{"@type":"ImageObject","inLanguage":"fr-FR","@id":"https:\/\/mueble4you.com\/fr\/productos\/tumbona-raul-c-vison-c-ruedas\/#primaryimage","url":"https:\/\/mueble4you.com\/wp-content\/uploads\/2024\/06\/559518.jpg","contentUrl":"https:\/\/mueble4you.com\/wp-content\/uploads\/2024\/06\/559518.jpg","width":1150,"height":911},{"@type":"BreadcrumbList","@id":"https:\/\/mueble4you.com\/fr\/productos\/tumbona-raul-c-vison-c-ruedas\/#breadcrumb","itemListElement":[{"@type":"ListItem","position":1,"name":"Portada","item":"https:\/\/mueble4you.com\/fr\/"},{"@type":"ListItem","position":2,"name":"Productos","item":"https:\/\/mueble4you.com\/productos\/"},{"@type":"ListItem","position":3,"name":"CHAISE RAUL AVEC VISON AVEC ROUES."}]},{"@type":"WebSite","@id":"https:\/\/mueble4you.com\/#website","url":"https:\/\/mueble4you.com\/","name":"mueble4you","description":"Meubles \u00e0 Tenerife","potentialAction":[{"@type":"SearchAction","target":{"@type":"EntryPoint","urlTemplate":"https:\/\/mueble4you.com\/?s={search_term_string}"},"query-input":{"@type":"PropertyValueSpecification","valueRequired":true,"valueName":"search_term_string"}}],"inLanguage":"fr-FR"}]}},"_links":{"self":[{"href":"https:\/\/mueble4you.com\/fr\/wp-json\/wp\/v2\/product\/73431","targetHints":{"allow":["GET"]}}],"collection":[{"href":"https:\/\/mueble4you.com\/fr\/wp-json\/wp\/v2\/product"}],"about":[{"href":"https:\/\/mueble4you.com\/fr\/wp-json\/wp\/v2\/types\/product"}],"wp:featuredmedia":[{"embeddable":true,"href":"https:\/\/mueble4you.com\/fr\/wp-json\/wp\/v2\/media\/73412"}],"wp:attachment":[{"href":"https:\/\/mueble4you.com\/fr\/wp-json\/wp\/v2\/media?parent=73431"}],"wp:term":[{"taxonomy":"product_brand","embeddable":true,"href":"https:\/\/mueble4you.com\/fr\/wp-json\/wp\/v2\/product_brand?post=73431"},{"taxonomy":"product_cat","embeddable":true,"href":"https:\/\/mueble4you.com\/fr\/wp-json\/wp\/v2\/product_cat?post=73431"},{"taxonomy":"product_tag","embeddable":true,"href":"https:\/\/mueble4you.com\/fr\/wp-json\/wp\/v2\/product_tag?post=73431"}],"curies":[{"name":"wp","href":"https:\/\/api.w.org\/{rel}","templated":true}]}}