{"id":72530,"date":"2024-06-05T16:40:47","date_gmt":"2024-06-05T16:40:47","guid":{"rendered":"https:\/\/mueble4you.com\/productos\/mueble-tv-160\/"},"modified":"2024-06-05T16:40:47","modified_gmt":"2024-06-05T16:40:47","slug":"mueble-tv-160","status":"publish","type":"product","link":"https:\/\/mueble4you.com\/fr\/productos\/mueble-tv-160\/","title":{"rendered":"MUEBLE TV 160"},"content":{"rendered":"<ul>\n<li>Mueble de TV de madera de acacia con 4 puertas.<br \/>\nEste impresionante mueble de televisi\u00f3n est\u00e1 fabricado en madera de acacia, una elecci\u00f3n que no solo garantiza su durabilidad, sino que tambi\u00e9n aporta una est\u00e9tica incomparable. La madera de acacia, con sus tonalidades c\u00e1lidas y sus vetas naturales, agrega un toque de calidez y sofisticaci\u00f3n a cualquier sala de estar.<br \/>\nLo que hace que este mueble sea a\u00fan m\u00e1s especial son sus cuatro puertas, dise\u00f1adas con tiradores tallados a mano a partir de troncos de acacia. Cada tirador es \u00fanico en forma y textura, lo que a\u00f1ade un encanto natural y aut\u00e9ntico al mueble, adem\u00e1s de una conexi\u00f3n con la naturaleza.<br \/>\nCon su dise\u00f1o atemporal y detalles cuidadosamente elaborados, este mueble de televisi\u00f3n va m\u00e1s all\u00e1 de ser simplemente un soporte para tu pantalla; es una declaraci\u00f3n de estilo y una expresi\u00f3n de aprecio por la belleza natural, perfecto para aquellos que buscan fusionar funcionalidad y est\u00e9tica en su hogar.<\/li>\n<\/ul>\n<p>\u25cf Alto: 55cm.<\/p>\n<p>\u25cf Largo: 160cm.<\/p>\n<p>\u25cf Ancho: 40cm.<\/p>\n<p>\u25cf Material: Madera de acacia.<\/p>\n<p>\u25cf Color: Natural y negro.<\/p>\n<p>\u25cf Peso: 42 kg.<\/p>\n<p>\u25cf Medida caja: 56x167x46cm.<\/p>\n","protected":false},"excerpt":{"rendered":"<p>Mueble de TV de madera de acacia con 4 puertas. Este impresionante mueble de televisi\u00f3n est\u00e1 fabricado en madera de acacia, una elecci\u00f3n que no solo garantiza su durabilidad, sino que tambi\u00e9n aporta una est\u00e9tica incomparable. La madera de acacia, con sus tonalidades c\u00e1lidas y sus vetas naturales, agrega un toque de calidez y sofisticaci\u00f3n [&#8230;]\n","protected":false},"featured_media":72501,"template":"","meta":[],"product_brand":[],"product_cat":[204,509],"product_tag":[],"class_list":{"0":"post-72530","1":"product","2":"type-product","3":"status-publish","4":"has-post-thumbnail","6":"product_cat-salon","7":"product_cat-meuble-tv","9":"first","10":"instock","11":"shipping-taxable","12":"product-type-simple"},"yoast_head":"<!-- This site is optimized with the Yoast SEO plugin v27.2 - https:\/\/yoast.com\/product\/yoast-seo-wordpress\/ -->\n<title>MUEBLE TV 160 | mueble4you<\/title>\n<meta name=\"robots\" content=\"index, follow, max-snippet:-1, max-image-preview:large, max-video-preview:-1\" \/>\n<link rel=\"canonical\" href=\"https:\/\/mueble4you.com\/fr\/productos\/mueble-tv-160\/\" \/>\n<meta property=\"og:locale\" content=\"fr_FR\" \/>\n<meta property=\"og:type\" content=\"article\" \/>\n<meta property=\"og:title\" content=\"MUEBLE TV 160 | mueble4you\" \/>\n<meta property=\"og:description\" content=\"Mueble de TV de madera de acacia con 4 puertas. Este impresionante mueble de televisi\u00f3n est\u00e1 fabricado en madera de acacia, una elecci\u00f3n que no solo garantiza su durabilidad, sino que tambi\u00e9n aporta una est\u00e9tica incomparable. La madera de acacia, con sus tonalidades c\u00e1lidas y sus vetas naturales, agrega un toque de calidez y sofisticaci\u00f3n [...]\" \/>\n<meta property=\"og:url\" content=\"https:\/\/mueble4you.com\/fr\/productos\/mueble-tv-160\/\" \/>\n<meta property=\"og:site_name\" content=\"mueble4you\" \/>\n<meta property=\"og:image\" content=\"https:\/\/mueble4you.com\/wp-content\/uploads\/2024\/06\/1742_1-Copy.jpg\" \/>\n\t<meta property=\"og:image:width\" content=\"1024\" \/>\n\t<meta property=\"og:image:height\" content=\"709\" \/>\n\t<meta property=\"og:image:type\" content=\"image\/jpeg\" \/>\n<meta name=\"twitter:card\" content=\"summary_large_image\" \/>\n<meta name=\"twitter:label1\" content=\"Dur\u00e9e de lecture estim\u00e9e\" \/>\n\t<meta name=\"twitter:data1\" content=\"1 minute\" \/>\n<script type=\"application\/ld+json\" class=\"yoast-schema-graph\">{\"@context\":\"https:\/\/schema.org\",\"@graph\":[{\"@type\":\"WebPage\",\"@id\":\"https:\/\/mueble4you.com\/fr\/productos\/mueble-tv-160\/\",\"url\":\"https:\/\/mueble4you.com\/fr\/productos\/mueble-tv-160\/\",\"name\":\"MUEBLE TV 160 | mueble4you\",\"isPartOf\":{\"@id\":\"https:\/\/mueble4you.com\/#website\"},\"primaryImageOfPage\":{\"@id\":\"https:\/\/mueble4you.com\/fr\/productos\/mueble-tv-160\/#primaryimage\"},\"image\":{\"@id\":\"https:\/\/mueble4you.com\/fr\/productos\/mueble-tv-160\/#primaryimage\"},\"thumbnailUrl\":\"https:\/\/mueble4you.com\/wp-content\/uploads\/2024\/06\/1742_1-Copy.jpg\",\"datePublished\":\"2024-06-05T16:40:47+00:00\",\"breadcrumb\":{\"@id\":\"https:\/\/mueble4you.com\/fr\/productos\/mueble-tv-160\/#breadcrumb\"},\"inLanguage\":\"fr-FR\",\"potentialAction\":[{\"@type\":\"ReadAction\",\"target\":[\"https:\/\/mueble4you.com\/fr\/productos\/mueble-tv-160\/\"]}]},{\"@type\":\"ImageObject\",\"inLanguage\":\"fr-FR\",\"@id\":\"https:\/\/mueble4you.com\/fr\/productos\/mueble-tv-160\/#primaryimage\",\"url\":\"https:\/\/mueble4you.com\/wp-content\/uploads\/2024\/06\/1742_1-Copy.jpg\",\"contentUrl\":\"https:\/\/mueble4you.com\/wp-content\/uploads\/2024\/06\/1742_1-Copy.jpg\",\"width\":1024,\"height\":709},{\"@type\":\"BreadcrumbList\",\"@id\":\"https:\/\/mueble4you.com\/fr\/productos\/mueble-tv-160\/#breadcrumb\",\"itemListElement\":[{\"@type\":\"ListItem\",\"position\":1,\"name\":\"Portada\",\"item\":\"https:\/\/mueble4you.com\/fr\/\"},{\"@type\":\"ListItem\",\"position\":2,\"name\":\"Productos\",\"item\":\"https:\/\/mueble4you.com\/productos\/\"},{\"@type\":\"ListItem\",\"position\":3,\"name\":\"MUEBLE TV 160\"}]},{\"@type\":\"WebSite\",\"@id\":\"https:\/\/mueble4you.com\/#website\",\"url\":\"https:\/\/mueble4you.com\/\",\"name\":\"mueble4you\",\"description\":\"Meubles \u00e0 Tenerife\",\"potentialAction\":[{\"@type\":\"SearchAction\",\"target\":{\"@type\":\"EntryPoint\",\"urlTemplate\":\"https:\/\/mueble4you.com\/?s={search_term_string}\"},\"query-input\":{\"@type\":\"PropertyValueSpecification\",\"valueRequired\":true,\"valueName\":\"search_term_string\"}}],\"inLanguage\":\"fr-FR\"}]}<\/script>\n<!-- \/ Yoast SEO plugin. -->","yoast_head_json":{"title":"MUEBLE TV 160 | mueble4you","robots":{"index":"index","follow":"follow","max-snippet":"max-snippet:-1","max-image-preview":"max-image-preview:large","max-video-preview":"max-video-preview:-1"},"canonical":"https:\/\/mueble4you.com\/fr\/productos\/mueble-tv-160\/","og_locale":"fr_FR","og_type":"article","og_title":"MUEBLE TV 160 | mueble4you","og_description":"Mueble de TV de madera de acacia con 4 puertas. Este impresionante mueble de televisi\u00f3n est\u00e1 fabricado en madera de acacia, una elecci\u00f3n que no solo garantiza su durabilidad, sino que tambi\u00e9n aporta una est\u00e9tica incomparable. La madera de acacia, con sus tonalidades c\u00e1lidas y sus vetas naturales, agrega un toque de calidez y sofisticaci\u00f3n [...]","og_url":"https:\/\/mueble4you.com\/fr\/productos\/mueble-tv-160\/","og_site_name":"mueble4you","og_image":[{"width":1024,"height":709,"url":"https:\/\/mueble4you.com\/wp-content\/uploads\/2024\/06\/1742_1-Copy.jpg","type":"image\/jpeg"}],"twitter_card":"summary_large_image","twitter_misc":{"Dur\u00e9e de lecture estim\u00e9e":"1 minute"},"schema":{"@context":"https:\/\/schema.org","@graph":[{"@type":"WebPage","@id":"https:\/\/mueble4you.com\/fr\/productos\/mueble-tv-160\/","url":"https:\/\/mueble4you.com\/fr\/productos\/mueble-tv-160\/","name":"MUEBLE TV 160 | mueble4you","isPartOf":{"@id":"https:\/\/mueble4you.com\/#website"},"primaryImageOfPage":{"@id":"https:\/\/mueble4you.com\/fr\/productos\/mueble-tv-160\/#primaryimage"},"image":{"@id":"https:\/\/mueble4you.com\/fr\/productos\/mueble-tv-160\/#primaryimage"},"thumbnailUrl":"https:\/\/mueble4you.com\/wp-content\/uploads\/2024\/06\/1742_1-Copy.jpg","datePublished":"2024-06-05T16:40:47+00:00","breadcrumb":{"@id":"https:\/\/mueble4you.com\/fr\/productos\/mueble-tv-160\/#breadcrumb"},"inLanguage":"fr-FR","potentialAction":[{"@type":"ReadAction","target":["https:\/\/mueble4you.com\/fr\/productos\/mueble-tv-160\/"]}]},{"@type":"ImageObject","inLanguage":"fr-FR","@id":"https:\/\/mueble4you.com\/fr\/productos\/mueble-tv-160\/#primaryimage","url":"https:\/\/mueble4you.com\/wp-content\/uploads\/2024\/06\/1742_1-Copy.jpg","contentUrl":"https:\/\/mueble4you.com\/wp-content\/uploads\/2024\/06\/1742_1-Copy.jpg","width":1024,"height":709},{"@type":"BreadcrumbList","@id":"https:\/\/mueble4you.com\/fr\/productos\/mueble-tv-160\/#breadcrumb","itemListElement":[{"@type":"ListItem","position":1,"name":"Portada","item":"https:\/\/mueble4you.com\/fr\/"},{"@type":"ListItem","position":2,"name":"Productos","item":"https:\/\/mueble4you.com\/productos\/"},{"@type":"ListItem","position":3,"name":"MUEBLE TV 160"}]},{"@type":"WebSite","@id":"https:\/\/mueble4you.com\/#website","url":"https:\/\/mueble4you.com\/","name":"mueble4you","description":"Meubles \u00e0 Tenerife","potentialAction":[{"@type":"SearchAction","target":{"@type":"EntryPoint","urlTemplate":"https:\/\/mueble4you.com\/?s={search_term_string}"},"query-input":{"@type":"PropertyValueSpecification","valueRequired":true,"valueName":"search_term_string"}}],"inLanguage":"fr-FR"}]}},"_links":{"self":[{"href":"https:\/\/mueble4you.com\/fr\/wp-json\/wp\/v2\/product\/72530","targetHints":{"allow":["GET"]}}],"collection":[{"href":"https:\/\/mueble4you.com\/fr\/wp-json\/wp\/v2\/product"}],"about":[{"href":"https:\/\/mueble4you.com\/fr\/wp-json\/wp\/v2\/types\/product"}],"wp:featuredmedia":[{"embeddable":true,"href":"https:\/\/mueble4you.com\/fr\/wp-json\/wp\/v2\/media\/72501"}],"wp:attachment":[{"href":"https:\/\/mueble4you.com\/fr\/wp-json\/wp\/v2\/media?parent=72530"}],"wp:term":[{"taxonomy":"product_brand","embeddable":true,"href":"https:\/\/mueble4you.com\/fr\/wp-json\/wp\/v2\/product_brand?post=72530"},{"taxonomy":"product_cat","embeddable":true,"href":"https:\/\/mueble4you.com\/fr\/wp-json\/wp\/v2\/product_cat?post=72530"},{"taxonomy":"product_tag","embeddable":true,"href":"https:\/\/mueble4you.com\/fr\/wp-json\/wp\/v2\/product_tag?post=72530"}],"curies":[{"name":"wp","href":"https:\/\/api.w.org\/{rel}","templated":true}]}}