{"id":71976,"date":"2024-04-22T14:43:12","date_gmt":"2024-04-22T14:43:12","guid":{"rendered":"https:\/\/mueble4you.com\/productos\/sofa-carlton\/"},"modified":"2024-04-23T14:26:09","modified_gmt":"2024-04-23T14:26:09","slug":"sofa-carlton","status":"publish","type":"product","link":"https:\/\/mueble4you.com\/fr\/productos\/sofa-carlton\/","title":{"rendered":"CANAP\u00c9 CARLTON."},"content":{"rendered":"<ul>\n<li>Ce canap\u00e9 est une repr\u00e9sentation du confort traditionnel et de l&rsquo;\u00e9l\u00e9gance intemporelle.<\/li>\n<li>Il mesure 267 cm de long et 87 cm de profondeur et sa conception \u00e0 quatre places offre un espace g\u00e9n\u00e9reux pour se reposer.<\/li>\n<li>La combinaison du bois de pin et de ch\u00eane dans sa construction t\u00e9moigne d&rsquo;un engagement envers la qualit\u00e9 et la solidit\u00e9.<\/li>\n<li>Bien que la couleur ne soit pas pr\u00e9cis\u00e9e, le design et la texture de ce canap\u00e9 sugg\u00e8rent une pr\u00e9sence distinctive qui enrichira tout d\u00e9cor de salon.<\/li>\n<li>C&rsquo;est une pi\u00e8ce ma\u00eetresse incontournable pour ceux qui appr\u00e9cient le confort et un design classique et sophistiqu\u00e9.<\/li>\n<li>Largeur : 267 cm, Profondeur : 87 cm, Hauteur : 77 cm.<\/li>\n<\/ul>\n","protected":false},"excerpt":{"rendered":"<p>Ce canap\u00e9 est une repr\u00e9sentation du confort traditionnel et de l&rsquo;\u00e9l\u00e9gance intemporelle. Il mesure 267 cm de long et 87 cm de profondeur et sa conception \u00e0 quatre places offre un espace g\u00e9n\u00e9reux pour se reposer. La combinaison du bois de pin et de ch\u00eane dans sa construction t\u00e9moigne d&rsquo;un engagement envers la qualit\u00e9 et [&#8230;]\n","protected":false},"featured_media":71957,"template":"","meta":[],"product_brand":[],"product_cat":[205,204],"product_tag":[],"class_list":{"0":"post-71976","1":"product","2":"type-product","3":"status-publish","4":"has-post-thumbnail","6":"product_cat-canapes","7":"product_cat-salon","9":"first","10":"instock","11":"shipping-taxable","12":"product-type-simple"},"yoast_head":"<!-- This site is optimized with the Yoast SEO plugin v27.2 - https:\/\/yoast.com\/product\/yoast-seo-wordpress\/ -->\n<title>CANAP\u00c9 CARLTON. | mueble4you<\/title>\n<meta name=\"robots\" content=\"index, follow, max-snippet:-1, max-image-preview:large, max-video-preview:-1\" \/>\n<link rel=\"canonical\" href=\"https:\/\/mueble4you.com\/fr\/productos\/sofa-carlton\/\" \/>\n<meta property=\"og:locale\" content=\"fr_FR\" \/>\n<meta property=\"og:type\" content=\"article\" \/>\n<meta property=\"og:title\" content=\"CANAP\u00c9 CARLTON. | mueble4you\" \/>\n<meta property=\"og:description\" content=\"Ce canap\u00e9 est une repr\u00e9sentation du confort traditionnel et de l&rsquo;\u00e9l\u00e9gance intemporelle. Il mesure 267 cm de long et 87 cm de profondeur et sa conception \u00e0 quatre places offre un espace g\u00e9n\u00e9reux pour se reposer. La combinaison du bois de pin et de ch\u00eane dans sa construction t\u00e9moigne d&rsquo;un engagement envers la qualit\u00e9 et [...]\" \/>\n<meta property=\"og:url\" content=\"https:\/\/mueble4you.com\/fr\/productos\/sofa-carlton\/\" \/>\n<meta property=\"og:site_name\" content=\"mueble4you\" \/>\n<meta property=\"article:modified_time\" content=\"2024-04-23T14:26:09+00:00\" \/>\n<meta property=\"og:image\" content=\"https:\/\/mueble4you.com\/wp-content\/uploads\/2024\/04\/33950.jpg\" \/>\n\t<meta property=\"og:image:width\" content=\"1920\" \/>\n\t<meta property=\"og:image:height\" content=\"1920\" \/>\n\t<meta property=\"og:image:type\" content=\"image\/jpeg\" \/>\n<meta name=\"twitter:card\" content=\"summary_large_image\" \/>\n<meta name=\"twitter:label1\" content=\"Dur\u00e9e de lecture estim\u00e9e\" \/>\n\t<meta name=\"twitter:data1\" content=\"1 minute\" \/>\n<script type=\"application\/ld+json\" class=\"yoast-schema-graph\">{\"@context\":\"https:\/\/schema.org\",\"@graph\":[{\"@type\":\"WebPage\",\"@id\":\"https:\/\/mueble4you.com\/fr\/productos\/sofa-carlton\/\",\"url\":\"https:\/\/mueble4you.com\/fr\/productos\/sofa-carlton\/\",\"name\":\"CANAP\u00c9 CARLTON. | mueble4you\",\"isPartOf\":{\"@id\":\"https:\/\/mueble4you.com\/#website\"},\"primaryImageOfPage\":{\"@id\":\"https:\/\/mueble4you.com\/fr\/productos\/sofa-carlton\/#primaryimage\"},\"image\":{\"@id\":\"https:\/\/mueble4you.com\/fr\/productos\/sofa-carlton\/#primaryimage\"},\"thumbnailUrl\":\"https:\/\/mueble4you.com\/wp-content\/uploads\/2024\/04\/33950.jpg\",\"datePublished\":\"2024-04-22T14:43:12+00:00\",\"dateModified\":\"2024-04-23T14:26:09+00:00\",\"breadcrumb\":{\"@id\":\"https:\/\/mueble4you.com\/fr\/productos\/sofa-carlton\/#breadcrumb\"},\"inLanguage\":\"fr-FR\",\"potentialAction\":[{\"@type\":\"ReadAction\",\"target\":[\"https:\/\/mueble4you.com\/fr\/productos\/sofa-carlton\/\"]}]},{\"@type\":\"ImageObject\",\"inLanguage\":\"fr-FR\",\"@id\":\"https:\/\/mueble4you.com\/fr\/productos\/sofa-carlton\/#primaryimage\",\"url\":\"https:\/\/mueble4you.com\/wp-content\/uploads\/2024\/04\/33950.jpg\",\"contentUrl\":\"https:\/\/mueble4you.com\/wp-content\/uploads\/2024\/04\/33950.jpg\",\"width\":1920,\"height\":1920},{\"@type\":\"BreadcrumbList\",\"@id\":\"https:\/\/mueble4you.com\/fr\/productos\/sofa-carlton\/#breadcrumb\",\"itemListElement\":[{\"@type\":\"ListItem\",\"position\":1,\"name\":\"Portada\",\"item\":\"https:\/\/mueble4you.com\/fr\/\"},{\"@type\":\"ListItem\",\"position\":2,\"name\":\"Productos\",\"item\":\"https:\/\/mueble4you.com\/productos\/\"},{\"@type\":\"ListItem\",\"position\":3,\"name\":\"CANAP\u00c9 CARLTON.\"}]},{\"@type\":\"WebSite\",\"@id\":\"https:\/\/mueble4you.com\/#website\",\"url\":\"https:\/\/mueble4you.com\/\",\"name\":\"mueble4you\",\"description\":\"Meubles \u00e0 Tenerife\",\"potentialAction\":[{\"@type\":\"SearchAction\",\"target\":{\"@type\":\"EntryPoint\",\"urlTemplate\":\"https:\/\/mueble4you.com\/?s={search_term_string}\"},\"query-input\":{\"@type\":\"PropertyValueSpecification\",\"valueRequired\":true,\"valueName\":\"search_term_string\"}}],\"inLanguage\":\"fr-FR\"}]}<\/script>\n<!-- \/ Yoast SEO plugin. -->","yoast_head_json":{"title":"CANAP\u00c9 CARLTON. | mueble4you","robots":{"index":"index","follow":"follow","max-snippet":"max-snippet:-1","max-image-preview":"max-image-preview:large","max-video-preview":"max-video-preview:-1"},"canonical":"https:\/\/mueble4you.com\/fr\/productos\/sofa-carlton\/","og_locale":"fr_FR","og_type":"article","og_title":"CANAP\u00c9 CARLTON. | mueble4you","og_description":"Ce canap\u00e9 est une repr\u00e9sentation du confort traditionnel et de l&rsquo;\u00e9l\u00e9gance intemporelle. Il mesure 267 cm de long et 87 cm de profondeur et sa conception \u00e0 quatre places offre un espace g\u00e9n\u00e9reux pour se reposer. La combinaison du bois de pin et de ch\u00eane dans sa construction t\u00e9moigne d&rsquo;un engagement envers la qualit\u00e9 et [...]","og_url":"https:\/\/mueble4you.com\/fr\/productos\/sofa-carlton\/","og_site_name":"mueble4you","article_modified_time":"2024-04-23T14:26:09+00:00","og_image":[{"width":1920,"height":1920,"url":"https:\/\/mueble4you.com\/wp-content\/uploads\/2024\/04\/33950.jpg","type":"image\/jpeg"}],"twitter_card":"summary_large_image","twitter_misc":{"Dur\u00e9e de lecture estim\u00e9e":"1 minute"},"schema":{"@context":"https:\/\/schema.org","@graph":[{"@type":"WebPage","@id":"https:\/\/mueble4you.com\/fr\/productos\/sofa-carlton\/","url":"https:\/\/mueble4you.com\/fr\/productos\/sofa-carlton\/","name":"CANAP\u00c9 CARLTON. | mueble4you","isPartOf":{"@id":"https:\/\/mueble4you.com\/#website"},"primaryImageOfPage":{"@id":"https:\/\/mueble4you.com\/fr\/productos\/sofa-carlton\/#primaryimage"},"image":{"@id":"https:\/\/mueble4you.com\/fr\/productos\/sofa-carlton\/#primaryimage"},"thumbnailUrl":"https:\/\/mueble4you.com\/wp-content\/uploads\/2024\/04\/33950.jpg","datePublished":"2024-04-22T14:43:12+00:00","dateModified":"2024-04-23T14:26:09+00:00","breadcrumb":{"@id":"https:\/\/mueble4you.com\/fr\/productos\/sofa-carlton\/#breadcrumb"},"inLanguage":"fr-FR","potentialAction":[{"@type":"ReadAction","target":["https:\/\/mueble4you.com\/fr\/productos\/sofa-carlton\/"]}]},{"@type":"ImageObject","inLanguage":"fr-FR","@id":"https:\/\/mueble4you.com\/fr\/productos\/sofa-carlton\/#primaryimage","url":"https:\/\/mueble4you.com\/wp-content\/uploads\/2024\/04\/33950.jpg","contentUrl":"https:\/\/mueble4you.com\/wp-content\/uploads\/2024\/04\/33950.jpg","width":1920,"height":1920},{"@type":"BreadcrumbList","@id":"https:\/\/mueble4you.com\/fr\/productos\/sofa-carlton\/#breadcrumb","itemListElement":[{"@type":"ListItem","position":1,"name":"Portada","item":"https:\/\/mueble4you.com\/fr\/"},{"@type":"ListItem","position":2,"name":"Productos","item":"https:\/\/mueble4you.com\/productos\/"},{"@type":"ListItem","position":3,"name":"CANAP\u00c9 CARLTON."}]},{"@type":"WebSite","@id":"https:\/\/mueble4you.com\/#website","url":"https:\/\/mueble4you.com\/","name":"mueble4you","description":"Meubles \u00e0 Tenerife","potentialAction":[{"@type":"SearchAction","target":{"@type":"EntryPoint","urlTemplate":"https:\/\/mueble4you.com\/?s={search_term_string}"},"query-input":{"@type":"PropertyValueSpecification","valueRequired":true,"valueName":"search_term_string"}}],"inLanguage":"fr-FR"}]}},"_links":{"self":[{"href":"https:\/\/mueble4you.com\/fr\/wp-json\/wp\/v2\/product\/71976","targetHints":{"allow":["GET"]}}],"collection":[{"href":"https:\/\/mueble4you.com\/fr\/wp-json\/wp\/v2\/product"}],"about":[{"href":"https:\/\/mueble4you.com\/fr\/wp-json\/wp\/v2\/types\/product"}],"wp:featuredmedia":[{"embeddable":true,"href":"https:\/\/mueble4you.com\/fr\/wp-json\/wp\/v2\/media\/71957"}],"wp:attachment":[{"href":"https:\/\/mueble4you.com\/fr\/wp-json\/wp\/v2\/media?parent=71976"}],"wp:term":[{"taxonomy":"product_brand","embeddable":true,"href":"https:\/\/mueble4you.com\/fr\/wp-json\/wp\/v2\/product_brand?post=71976"},{"taxonomy":"product_cat","embeddable":true,"href":"https:\/\/mueble4you.com\/fr\/wp-json\/wp\/v2\/product_cat?post=71976"},{"taxonomy":"product_tag","embeddable":true,"href":"https:\/\/mueble4you.com\/fr\/wp-json\/wp\/v2\/product_tag?post=71976"}],"curies":[{"name":"wp","href":"https:\/\/api.w.org\/{rel}","templated":true}]}}