{"id":71830,"date":"2024-04-22T12:10:34","date_gmt":"2024-04-22T12:10:34","guid":{"rendered":"https:\/\/mueble4you.com\/productos\/mesa-comedor-backlyn\/"},"modified":"2024-04-23T15:59:58","modified_gmt":"2024-04-23T15:59:58","slug":"mesa-comedor-backlyn","status":"publish","type":"product","link":"https:\/\/mueble4you.com\/fr\/productos\/mesa-comedor-backlyn\/","title":{"rendered":"TABLE \u00c0 MANGER BACKLYN."},"content":{"rendered":"<ul>\n<li>La table \u00e0 manger Backlyn red\u00e9finit le luxe spacieux avec ses dimensions de 270x110x76cm.<\/li>\n<li>Fabriqu\u00e9e en bois de pin aux tons naturels, cette grande table \u00e0 manger rectangulaire moderne convient aux longs repas et aux r\u00e9unions de famille sans perdre son aura de modernit\u00e9 et d&rsquo;\u00e9l\u00e9gance.<\/li>\n<li>Sa grande taille accueille chacun confortablement, promettant des moments inoubliables.<\/li>\n<li>Largeur : 270 cm, Profondeur : 110 cm, Hauteur : 76 cm.<\/li>\n<\/ul>\n","protected":false},"excerpt":{"rendered":"<p>La table \u00e0 manger Backlyn red\u00e9finit le luxe spacieux avec ses dimensions de 270x110x76cm. Fabriqu\u00e9e en bois de pin aux tons naturels, cette grande table \u00e0 manger rectangulaire moderne convient aux longs repas et aux r\u00e9unions de famille sans perdre son aura de modernit\u00e9 et d&rsquo;\u00e9l\u00e9gance. Sa grande taille accueille chacun confortablement, promettant des moments [&#8230;]\n","protected":false},"featured_media":71816,"template":"","meta":[],"product_brand":[],"product_cat":[199,348],"product_tag":[],"class_list":{"0":"post-71830","1":"product","2":"type-product","3":"status-publish","4":"has-post-thumbnail","6":"product_cat-eaters","7":"product_cat-tables","9":"first","10":"instock","11":"shipping-taxable","12":"product-type-simple"},"yoast_head":"<!-- This site is optimized with the Yoast SEO plugin v27.3 - https:\/\/yoast.com\/product\/yoast-seo-wordpress\/ -->\n<title>TABLE \u00c0 MANGER BACKLYN. | mueble4you<\/title>\n<meta name=\"robots\" content=\"index, follow, max-snippet:-1, max-image-preview:large, max-video-preview:-1\" \/>\n<link rel=\"canonical\" href=\"https:\/\/mueble4you.com\/fr\/productos\/mesa-comedor-backlyn\/\" \/>\n<meta property=\"og:locale\" content=\"fr_FR\" \/>\n<meta property=\"og:type\" content=\"article\" \/>\n<meta property=\"og:title\" content=\"TABLE \u00c0 MANGER BACKLYN. | mueble4you\" \/>\n<meta property=\"og:description\" content=\"La table \u00e0 manger Backlyn red\u00e9finit le luxe spacieux avec ses dimensions de 270x110x76cm. Fabriqu\u00e9e en bois de pin aux tons naturels, cette grande table \u00e0 manger rectangulaire moderne convient aux longs repas et aux r\u00e9unions de famille sans perdre son aura de modernit\u00e9 et d&rsquo;\u00e9l\u00e9gance. Sa grande taille accueille chacun confortablement, promettant des moments [...]\" \/>\n<meta property=\"og:url\" content=\"https:\/\/mueble4you.com\/fr\/productos\/mesa-comedor-backlyn\/\" \/>\n<meta property=\"og:site_name\" content=\"mueble4you\" \/>\n<meta property=\"article:modified_time\" content=\"2024-04-23T15:59:58+00:00\" \/>\n<meta property=\"og:image\" content=\"https:\/\/mueble4you.com\/wp-content\/uploads\/2024\/04\/33398.jpg\" \/>\n\t<meta property=\"og:image:width\" content=\"1920\" \/>\n\t<meta property=\"og:image:height\" content=\"1920\" \/>\n\t<meta property=\"og:image:type\" content=\"image\/jpeg\" \/>\n<meta name=\"twitter:card\" content=\"summary_large_image\" \/>\n<script type=\"application\/ld+json\" class=\"yoast-schema-graph\">{\"@context\":\"https:\\\/\\\/schema.org\",\"@graph\":[{\"@type\":\"WebPage\",\"@id\":\"https:\\\/\\\/mueble4you.com\\\/fr\\\/productos\\\/mesa-comedor-backlyn\\\/\",\"url\":\"https:\\\/\\\/mueble4you.com\\\/fr\\\/productos\\\/mesa-comedor-backlyn\\\/\",\"name\":\"TABLE \u00c0 MANGER BACKLYN. | mueble4you\",\"isPartOf\":{\"@id\":\"https:\\\/\\\/mueble4you.com\\\/#website\"},\"primaryImageOfPage\":{\"@id\":\"https:\\\/\\\/mueble4you.com\\\/fr\\\/productos\\\/mesa-comedor-backlyn\\\/#primaryimage\"},\"image\":{\"@id\":\"https:\\\/\\\/mueble4you.com\\\/fr\\\/productos\\\/mesa-comedor-backlyn\\\/#primaryimage\"},\"thumbnailUrl\":\"https:\\\/\\\/mueble4you.com\\\/wp-content\\\/uploads\\\/2024\\\/04\\\/33398.jpg\",\"datePublished\":\"2024-04-22T12:10:34+00:00\",\"dateModified\":\"2024-04-23T15:59:58+00:00\",\"breadcrumb\":{\"@id\":\"https:\\\/\\\/mueble4you.com\\\/fr\\\/productos\\\/mesa-comedor-backlyn\\\/#breadcrumb\"},\"inLanguage\":\"fr-FR\",\"potentialAction\":[{\"@type\":\"ReadAction\",\"target\":[\"https:\\\/\\\/mueble4you.com\\\/fr\\\/productos\\\/mesa-comedor-backlyn\\\/\"]}]},{\"@type\":\"ImageObject\",\"inLanguage\":\"fr-FR\",\"@id\":\"https:\\\/\\\/mueble4you.com\\\/fr\\\/productos\\\/mesa-comedor-backlyn\\\/#primaryimage\",\"url\":\"https:\\\/\\\/mueble4you.com\\\/wp-content\\\/uploads\\\/2024\\\/04\\\/33398.jpg\",\"contentUrl\":\"https:\\\/\\\/mueble4you.com\\\/wp-content\\\/uploads\\\/2024\\\/04\\\/33398.jpg\",\"width\":1920,\"height\":1920},{\"@type\":\"BreadcrumbList\",\"@id\":\"https:\\\/\\\/mueble4you.com\\\/fr\\\/productos\\\/mesa-comedor-backlyn\\\/#breadcrumb\",\"itemListElement\":[{\"@type\":\"ListItem\",\"position\":1,\"name\":\"Portada\",\"item\":\"https:\\\/\\\/mueble4you.com\\\/fr\\\/\"},{\"@type\":\"ListItem\",\"position\":2,\"name\":\"Productos\",\"item\":\"https:\\\/\\\/mueble4you.com\\\/productos\\\/\"},{\"@type\":\"ListItem\",\"position\":3,\"name\":\"TABLE \u00c0 MANGER BACKLYN.\"}]},{\"@type\":\"WebSite\",\"@id\":\"https:\\\/\\\/mueble4you.com\\\/#website\",\"url\":\"https:\\\/\\\/mueble4you.com\\\/\",\"name\":\"mueble4you\",\"description\":\"Meubles \u00e0 Tenerife\",\"potentialAction\":[{\"@type\":\"SearchAction\",\"target\":{\"@type\":\"EntryPoint\",\"urlTemplate\":\"https:\\\/\\\/mueble4you.com\\\/?s={search_term_string}\"},\"query-input\":{\"@type\":\"PropertyValueSpecification\",\"valueRequired\":true,\"valueName\":\"search_term_string\"}}],\"inLanguage\":\"fr-FR\"}]}<\/script>\n<!-- \/ Yoast SEO plugin. -->","yoast_head_json":{"title":"TABLE \u00c0 MANGER BACKLYN. | mueble4you","robots":{"index":"index","follow":"follow","max-snippet":"max-snippet:-1","max-image-preview":"max-image-preview:large","max-video-preview":"max-video-preview:-1"},"canonical":"https:\/\/mueble4you.com\/fr\/productos\/mesa-comedor-backlyn\/","og_locale":"fr_FR","og_type":"article","og_title":"TABLE \u00c0 MANGER BACKLYN. | mueble4you","og_description":"La table \u00e0 manger Backlyn red\u00e9finit le luxe spacieux avec ses dimensions de 270x110x76cm. Fabriqu\u00e9e en bois de pin aux tons naturels, cette grande table \u00e0 manger rectangulaire moderne convient aux longs repas et aux r\u00e9unions de famille sans perdre son aura de modernit\u00e9 et d&rsquo;\u00e9l\u00e9gance. Sa grande taille accueille chacun confortablement, promettant des moments [...]","og_url":"https:\/\/mueble4you.com\/fr\/productos\/mesa-comedor-backlyn\/","og_site_name":"mueble4you","article_modified_time":"2024-04-23T15:59:58+00:00","og_image":[{"width":1920,"height":1920,"url":"https:\/\/mueble4you.com\/wp-content\/uploads\/2024\/04\/33398.jpg","type":"image\/jpeg"}],"twitter_card":"summary_large_image","schema":{"@context":"https:\/\/schema.org","@graph":[{"@type":"WebPage","@id":"https:\/\/mueble4you.com\/fr\/productos\/mesa-comedor-backlyn\/","url":"https:\/\/mueble4you.com\/fr\/productos\/mesa-comedor-backlyn\/","name":"TABLE \u00c0 MANGER BACKLYN. | mueble4you","isPartOf":{"@id":"https:\/\/mueble4you.com\/#website"},"primaryImageOfPage":{"@id":"https:\/\/mueble4you.com\/fr\/productos\/mesa-comedor-backlyn\/#primaryimage"},"image":{"@id":"https:\/\/mueble4you.com\/fr\/productos\/mesa-comedor-backlyn\/#primaryimage"},"thumbnailUrl":"https:\/\/mueble4you.com\/wp-content\/uploads\/2024\/04\/33398.jpg","datePublished":"2024-04-22T12:10:34+00:00","dateModified":"2024-04-23T15:59:58+00:00","breadcrumb":{"@id":"https:\/\/mueble4you.com\/fr\/productos\/mesa-comedor-backlyn\/#breadcrumb"},"inLanguage":"fr-FR","potentialAction":[{"@type":"ReadAction","target":["https:\/\/mueble4you.com\/fr\/productos\/mesa-comedor-backlyn\/"]}]},{"@type":"ImageObject","inLanguage":"fr-FR","@id":"https:\/\/mueble4you.com\/fr\/productos\/mesa-comedor-backlyn\/#primaryimage","url":"https:\/\/mueble4you.com\/wp-content\/uploads\/2024\/04\/33398.jpg","contentUrl":"https:\/\/mueble4you.com\/wp-content\/uploads\/2024\/04\/33398.jpg","width":1920,"height":1920},{"@type":"BreadcrumbList","@id":"https:\/\/mueble4you.com\/fr\/productos\/mesa-comedor-backlyn\/#breadcrumb","itemListElement":[{"@type":"ListItem","position":1,"name":"Portada","item":"https:\/\/mueble4you.com\/fr\/"},{"@type":"ListItem","position":2,"name":"Productos","item":"https:\/\/mueble4you.com\/productos\/"},{"@type":"ListItem","position":3,"name":"TABLE \u00c0 MANGER BACKLYN."}]},{"@type":"WebSite","@id":"https:\/\/mueble4you.com\/#website","url":"https:\/\/mueble4you.com\/","name":"mueble4you","description":"Meubles \u00e0 Tenerife","potentialAction":[{"@type":"SearchAction","target":{"@type":"EntryPoint","urlTemplate":"https:\/\/mueble4you.com\/?s={search_term_string}"},"query-input":{"@type":"PropertyValueSpecification","valueRequired":true,"valueName":"search_term_string"}}],"inLanguage":"fr-FR"}]}},"_links":{"self":[{"href":"https:\/\/mueble4you.com\/fr\/wp-json\/wp\/v2\/product\/71830","targetHints":{"allow":["GET"]}}],"collection":[{"href":"https:\/\/mueble4you.com\/fr\/wp-json\/wp\/v2\/product"}],"about":[{"href":"https:\/\/mueble4you.com\/fr\/wp-json\/wp\/v2\/types\/product"}],"wp:featuredmedia":[{"embeddable":true,"href":"https:\/\/mueble4you.com\/fr\/wp-json\/wp\/v2\/media\/71816"}],"wp:attachment":[{"href":"https:\/\/mueble4you.com\/fr\/wp-json\/wp\/v2\/media?parent=71830"}],"wp:term":[{"taxonomy":"product_brand","embeddable":true,"href":"https:\/\/mueble4you.com\/fr\/wp-json\/wp\/v2\/product_brand?post=71830"},{"taxonomy":"product_cat","embeddable":true,"href":"https:\/\/mueble4you.com\/fr\/wp-json\/wp\/v2\/product_cat?post=71830"},{"taxonomy":"product_tag","embeddable":true,"href":"https:\/\/mueble4you.com\/fr\/wp-json\/wp\/v2\/product_tag?post=71830"}],"curies":[{"name":"wp","href":"https:\/\/api.w.org\/{rel}","templated":true}]}}